{"id":9176,"date":"2023-06-12T16:03:07","date_gmt":"2023-06-12T19:03:07","guid":{"rendered":"https:\/\/sites.uel.br\/prograd\/?page_id=9176"},"modified":"2024-04-03T11:43:22","modified_gmt":"2024-04-03T14:43:22","slug":"catalogo-dos-cursos-de-graduacao-2015-psicologia","status":"publish","type":"page","link":"https:\/\/sites.uel.br\/prograd\/catalogo-dos-cursos-de-graduacao-2015-psicologia\/","title":{"rendered":"Cat\u00e1logo dos Cursos de Gradua\u00e7\u00e3o (2015)"},"content":{"rendered":"\n<hr class=\"wp-block-separator has-alpha-channel-opacity is-style-wide\"\/>\n\n\n\n<h2 class=\"wp-block-heading\">Psicologia<\/h2>\n\n\n\n<p>Informa\u00e7\u00f5es do Curso<br>(<a href=\"https:\/\/sites.uel.br\/prograd\/wp-content\/uploads\/catalogo_cursos\/2015\/informacoes_cursos\/psicologia.pdf\" target=\"_blank\" rel=\"noreferrer noopener\">Bacharelado e Forma\u00e7\u00e3o de Psic\u00f3logo<\/a>)<\/p>\n\n\n\n<p><a href=\"https:\/\/sites.uel.br\/prograd\/wp-content\/uploads\/catalogo_cursos\/2015\/organizacao_curricular\/psicologia.pdf\" target=\"_blank\" rel=\"noreferrer noopener\">Organiza\u00e7\u00e3o Curricular<\/a><\/p>\n\n\n\n<p>Ementas<br>(<a href=\"https:\/\/sites.uel.br\/prograd\/wp-content\/uploads\/catalogo_cursos\/2015\/ementas\/psicologia_processos_clinicos.pdf\" target=\"_blank\" rel=\"noreferrer noopener\">Processos Cl\u00ednicos<\/a>) (<a href=\"https:\/\/sites.uel.br\/prograd\/wp-content\/uploads\/catalogo_cursos\/2015\/ementas\/psicologia_processos_institucionais_educativos.pdf\" target=\"_blank\" rel=\"noreferrer noopener\">Processos Institucionais e Educativos<\/a>)<br>(<a href=\"https:\/\/sites.uel.br\/prograd\/wp-content\/uploads\/catalogo_cursos\/2015\/ementas\/psicologia_processos_prevencao_promocao_saude.pdf\" target=\"_blank\" rel=\"noreferrer noopener\">Processos de Preven\u00e7\u00e3o e Promo\u00e7\u00e3o em Sa\u00fade<\/a>)<\/p>\n\n\n\n<p><a href=\"https:\/\/sites.uel.br\/prograd\/wp-content\/uploads\/catalogo_cursos\/2015\/corpo_docente\/psicologia.pdf\" target=\"_blank\" rel=\"noreferrer noopener\">Corpo Docente<\/a><\/p>\n\n\n\n<p><a href=\"https:\/\/sites.uel.br\/prograd\/wp-content\/uploads\/catalogo_cursos\/2015\/estrutura_recursos\/ccb.pdf\" target=\"_blank\" rel=\"noreferrer noopener\">Estrutura\/Recursos<\/a><\/p>\n","protected":false},"excerpt":{"rendered":"<p>Psicologia Informa\u00e7\u00f5es do Curso(Bacharelado e Forma\u00e7\u00e3o de Psic\u00f3logo) Organiza\u00e7\u00e3o Curricular Ementas(Processos Cl\u00ednicos) (Processos Institucionais e Educativos)(Processos de Preven\u00e7\u00e3o e Promo\u00e7\u00e3o em Sa\u00fade) Corpo Docente Estrutura\/Recursos<\/p>\n","protected":false},"author":8,"featured_media":0,"parent":0,"menu_order":0,"comment_status":"closed","ping_status":"closed","template":"","meta":{"_acf_changed":false,"_themeisle_gutenberg_block_has_review":false,"footnotes":""},"class_list":["post-9176","page","type-page","status-publish","hentry"],"acf":[],"_links":{"self":[{"href":"https:\/\/sites.uel.br\/prograd\/wp-json\/wp\/v2\/pages\/9176","targetHints":{"allow":["GET"]}}],"collection":[{"href":"https:\/\/sites.uel.br\/prograd\/wp-json\/wp\/v2\/pages"}],"about":[{"href":"https:\/\/sites.uel.br\/prograd\/wp-json\/wp\/v2\/types\/page"}],"author":[{"embeddable":true,"href":"https:\/\/sites.uel.br\/prograd\/wp-json\/wp\/v2\/users\/8"}],"replies":[{"embeddable":true,"href":"https:\/\/sites.uel.br\/prograd\/wp-json\/wp\/v2\/comments?post=9176"}],"version-history":[{"count":5,"href":"https:\/\/sites.uel.br\/prograd\/wp-json\/wp\/v2\/pages\/9176\/revisions"}],"predecessor-version":[{"id":26168,"href":"https:\/\/sites.uel.br\/prograd\/wp-json\/wp\/v2\/pages\/9176\/revisions\/26168"}],"wp:attachment":[{"href":"https:\/\/sites.uel.br\/prograd\/wp-json\/wp\/v2\/media?parent=9176"}],"curies":[{"name":"wp","href":"https:\/\/api.w.org\/{rel}","templated":true}]}}