{"id":8623,"date":"2023-06-07T16:09:59","date_gmt":"2023-06-07T19:09:59","guid":{"rendered":"https:\/\/sites.uel.br\/prograd\/?page_id=8623"},"modified":"2024-04-04T10:41:16","modified_gmt":"2024-04-04T13:41:16","slug":"catalogo-dos-cursos-de-graduacao-2011-historia","status":"publish","type":"page","link":"https:\/\/sites.uel.br\/prograd\/catalogo-dos-cursos-de-graduacao-2011-historia\/","title":{"rendered":"Cat\u00e1logo dos Cursos de Gradua\u00e7\u00e3o (2011)"},"content":{"rendered":"\n<hr class=\"wp-block-separator has-alpha-channel-opacity is-style-wide\"\/>\n\n\n\n<h2 class=\"wp-block-heading\">Hist\u00f3ria<\/h2>\n\n\n\n<p><a href=\"https:\/\/sites.uel.br\/prograd\/wp-content\/uploads\/catalogo_cursos\/2011\/informacoes_cursos\/historia.pdf\" target=\"_blank\" rel=\"noreferrer noopener\">Informa\u00e7\u00f5es do Curso<\/a><\/p>\n\n\n\n<p>Organiza\u00e7\u00e3o Curricular (<a href=\"https:\/\/sites.uel.br\/prograd\/wp-content\/uploads\/catalogo_cursos\/2011\/organizacao_curricular\/historia_licenciatura_matutino.pdf\" target=\"_blank\" rel=\"noreferrer noopener\">Matutino<\/a>) (<a href=\"https:\/\/sites.uel.br\/prograd\/wp-content\/uploads\/catalogo_cursos\/2011\/organizacao_curricular\/historia_licenciatura_noturno.pdf\" target=\"_blank\" rel=\"noreferrer noopener\">Noturno<\/a>)<\/p>\n\n\n\n<p><a href=\"https:\/\/sites.uel.br\/prograd\/wp-content\/uploads\/catalogo_cursos\/2011\/ementas\/historia.pdf\" target=\"_blank\" rel=\"noreferrer noopener\">Ementas<\/a><\/p>\n\n\n\n<p><a href=\"https:\/\/sites.uel.br\/prograd\/wp-content\/uploads\/catalogo_cursos\/2011\/corpo_docente\/historia.pdf\" target=\"_blank\" rel=\"noreferrer noopener\">Corpo Docente<\/a><\/p>\n\n\n\n<p><a href=\"https:\/\/sites.uel.br\/prograd\/wp-content\/uploads\/catalogo_cursos\/2011\/estrutura_recursos\/cch.pdf\" target=\"_blank\" rel=\"noreferrer noopener\">Estrutura\/Recursos<\/a><\/p>\n","protected":false},"excerpt":{"rendered":"<p>Hist\u00f3ria Informa\u00e7\u00f5es do Curso Organiza\u00e7\u00e3o Curricular (Matutino) (Noturno) Ementas Corpo Docente Estrutura\/Recursos<\/p>\n","protected":false},"author":8,"featured_media":0,"parent":0,"menu_order":0,"comment_status":"closed","ping_status":"closed","template":"","meta":{"_acf_changed":false,"_themeisle_gutenberg_block_has_review":false,"footnotes":""},"class_list":["post-8623","page","type-page","status-publish","hentry"],"acf":[],"_links":{"self":[{"href":"https:\/\/sites.uel.br\/prograd\/wp-json\/wp\/v2\/pages\/8623","targetHints":{"allow":["GET"]}}],"collection":[{"href":"https:\/\/sites.uel.br\/prograd\/wp-json\/wp\/v2\/pages"}],"about":[{"href":"https:\/\/sites.uel.br\/prograd\/wp-json\/wp\/v2\/types\/page"}],"author":[{"embeddable":true,"href":"https:\/\/sites.uel.br\/prograd\/wp-json\/wp\/v2\/users\/8"}],"replies":[{"embeddable":true,"href":"https:\/\/sites.uel.br\/prograd\/wp-json\/wp\/v2\/comments?post=8623"}],"version-history":[{"count":5,"href":"https:\/\/sites.uel.br\/prograd\/wp-json\/wp\/v2\/pages\/8623\/revisions"}],"predecessor-version":[{"id":26427,"href":"https:\/\/sites.uel.br\/prograd\/wp-json\/wp\/v2\/pages\/8623\/revisions\/26427"}],"wp:attachment":[{"href":"https:\/\/sites.uel.br\/prograd\/wp-json\/wp\/v2\/media?parent=8623"}],"curies":[{"name":"wp","href":"https:\/\/api.w.org\/{rel}","templated":true}]}}