{"id":8002,"date":"2023-06-07T09:48:16","date_gmt":"2023-06-07T12:48:16","guid":{"rendered":"https:\/\/sites.uel.br\/prograd\/?page_id=8002"},"modified":"2024-04-04T14:12:11","modified_gmt":"2024-04-04T17:12:11","slug":"catalogo-dos-cursos-de-graduacao-2010-direito","status":"publish","type":"page","link":"https:\/\/sites.uel.br\/prograd\/catalogo-dos-cursos-de-graduacao-2010-direito\/","title":{"rendered":"Cat\u00e1logo dos Cursos de Gradua\u00e7\u00e3o (2010)"},"content":{"rendered":"\n<hr class=\"wp-block-separator has-alpha-channel-opacity is-style-wide\"\/>\n\n\n\n<h2 class=\"wp-block-heading\">Direito<\/h2>\n\n\n\n<p><a href=\"https:\/\/sites.uel.br\/prograd\/wp-content\/uploads\/catalogo_cursos\/2010\/informacoes_cursos\/direito.pdf\" target=\"_blank\" rel=\"noreferrer noopener\">Informa\u00e7\u00f5es do Curso<\/a><\/p>\n\n\n\n<p>Organiza\u00e7\u00e3o Curricular (<a href=\"https:\/\/sites.uel.br\/prograd\/wp-content\/uploads\/catalogo_cursos\/2010\/organizacao_curricular\/direito_matutino.pdf\" target=\"_blank\" rel=\"noreferrer noopener\">Matutino<\/a>) (<a href=\"https:\/\/sites.uel.br\/prograd\/wp-content\/uploads\/catalogo_cursos\/2010\/organizacao_curricular\/direito_noturno.pdf\" target=\"_blank\" rel=\"noreferrer noopener\">Noturno<\/a>)<\/p>\n\n\n\n<p><a href=\"https:\/\/sites.uel.br\/prograd\/wp-content\/uploads\/catalogo_cursos\/2010\/ementas\/direito.pdf\" target=\"_blank\" rel=\"noreferrer noopener\">Ementas<\/a><\/p>\n\n\n\n<p><a href=\"https:\/\/sites.uel.br\/prograd\/wp-content\/uploads\/catalogo_cursos\/2010\/corpo_docente\/direito.pdf\" target=\"_blank\" rel=\"noreferrer noopener\">Corpo Docente<\/a><\/p>\n\n\n\n<p><a href=\"https:\/\/sites.uel.br\/prograd\/wp-content\/uploads\/catalogo_cursos\/2010\/estrutura_recursos\/cesa.pdf\" target=\"_blank\" rel=\"noreferrer noopener\">Estrutura\/Recursos<\/a><\/p>\n","protected":false},"excerpt":{"rendered":"<p>Direito Informa\u00e7\u00f5es do Curso Organiza\u00e7\u00e3o Curricular (Matutino) (Noturno) Ementas Corpo Docente Estrutura\/Recursos<\/p>\n","protected":false},"author":8,"featured_media":0,"parent":0,"menu_order":0,"comment_status":"closed","ping_status":"closed","template":"","meta":{"_acf_changed":false,"_themeisle_gutenberg_block_has_review":false,"footnotes":""},"class_list":["post-8002","page","type-page","status-publish","hentry"],"acf":[],"_links":{"self":[{"href":"https:\/\/sites.uel.br\/prograd\/wp-json\/wp\/v2\/pages\/8002","targetHints":{"allow":["GET"]}}],"collection":[{"href":"https:\/\/sites.uel.br\/prograd\/wp-json\/wp\/v2\/pages"}],"about":[{"href":"https:\/\/sites.uel.br\/prograd\/wp-json\/wp\/v2\/types\/page"}],"author":[{"embeddable":true,"href":"https:\/\/sites.uel.br\/prograd\/wp-json\/wp\/v2\/users\/8"}],"replies":[{"embeddable":true,"href":"https:\/\/sites.uel.br\/prograd\/wp-json\/wp\/v2\/comments?post=8002"}],"version-history":[{"count":6,"href":"https:\/\/sites.uel.br\/prograd\/wp-json\/wp\/v2\/pages\/8002\/revisions"}],"predecessor-version":[{"id":26471,"href":"https:\/\/sites.uel.br\/prograd\/wp-json\/wp\/v2\/pages\/8002\/revisions\/26471"}],"wp:attachment":[{"href":"https:\/\/sites.uel.br\/prograd\/wp-json\/wp\/v2\/media?parent=8002"}],"curies":[{"name":"wp","href":"https:\/\/api.w.org\/{rel}","templated":true}]}}