{"id":7782,"date":"2023-06-07T09:14:25","date_gmt":"2023-06-07T12:14:25","guid":{"rendered":"https:\/\/sites.uel.br\/prograd\/?page_id=7782"},"modified":"2024-05-03T09:31:42","modified_gmt":"2024-05-03T12:31:42","slug":"catalogo-dos-cursos-de-graduacao-2013-ciencias-economicas","status":"publish","type":"page","link":"https:\/\/sites.uel.br\/prograd\/catalogo-dos-cursos-de-graduacao-2013-ciencias-economicas\/","title":{"rendered":"Cat\u00e1logo dos Cursos de Gradua\u00e7\u00e3o (2013)"},"content":{"rendered":"\n<hr class=\"wp-block-separator has-alpha-channel-opacity is-style-wide\"\/>\n\n\n\n<h2 class=\"wp-block-heading\">Ci\u00eancias Econ\u00f4micas<\/h2>\n\n\n\n<p><a href=\"https:\/\/sites.uel.br\/prograd\/wp-content\/uploads\/catalogo_cursos\/2013\/informacoes_cursos\/c_economicas.pdf\" target=\"_blank\" rel=\"noreferrer noopener\">Informa\u00e7\u00f5es do Curso<\/a><\/p>\n\n\n\n<p>Organiza\u00e7\u00e3o Curricular (<a href=\"https:\/\/sites.uel.br\/prograd\/wp-content\/uploads\/catalogo_cursos\/2013\/organizacao_curricular\/c_economicas_matutino.pdf\" target=\"_blank\" rel=\"noreferrer noopener\">Matutino<\/a>) (<a href=\"https:\/\/sites.uel.br\/prograd\/wp-content\/uploads\/catalogo_cursos\/2013\/organizacao_curricular\/c_economicas_noturno.pdf\" target=\"_blank\" rel=\"noreferrer noopener\">Noturno<\/a>)<\/p>\n\n\n\n<p><a href=\"https:\/\/sites.uel.br\/prograd\/wp-content\/uploads\/catalogo_cursos\/2013\/ementas\/c_economicas.pdf\" target=\"_blank\" rel=\"noreferrer noopener\">Ementas<\/a><\/p>\n\n\n\n<p><a href=\"https:\/\/sites.uel.br\/prograd\/wp-content\/uploads\/catalogo_cursos\/2013\/corpo_docente\/c_economicas.pdf\" target=\"_blank\" rel=\"noreferrer noopener\">Corpo Docente<\/a><\/p>\n\n\n\n<p><a href=\"https:\/\/sites.uel.br\/prograd\/wp-content\/uploads\/catalogo_cursos\/2013\/estrutura_recursos\/cesa.pdf\" target=\"_blank\" rel=\"noreferrer noopener\">Estrutura\/Recursos<\/a><\/p>\n","protected":false},"excerpt":{"rendered":"<p>Ci\u00eancias Econ\u00f4micas Informa\u00e7\u00f5es do Curso Organiza\u00e7\u00e3o Curricular (Matutino) (Noturno) Ementas Corpo Docente Estrutura\/Recursos<\/p>\n","protected":false},"author":8,"featured_media":0,"parent":0,"menu_order":0,"comment_status":"closed","ping_status":"closed","template":"","meta":{"_acf_changed":false,"_themeisle_gutenberg_block_has_review":false,"footnotes":""},"class_list":["post-7782","page","type-page","status-publish","hentry"],"acf":[],"_links":{"self":[{"href":"https:\/\/sites.uel.br\/prograd\/wp-json\/wp\/v2\/pages\/7782","targetHints":{"allow":["GET"]}}],"collection":[{"href":"https:\/\/sites.uel.br\/prograd\/wp-json\/wp\/v2\/pages"}],"about":[{"href":"https:\/\/sites.uel.br\/prograd\/wp-json\/wp\/v2\/types\/page"}],"author":[{"embeddable":true,"href":"https:\/\/sites.uel.br\/prograd\/wp-json\/wp\/v2\/users\/8"}],"replies":[{"embeddable":true,"href":"https:\/\/sites.uel.br\/prograd\/wp-json\/wp\/v2\/comments?post=7782"}],"version-history":[{"count":7,"href":"https:\/\/sites.uel.br\/prograd\/wp-json\/wp\/v2\/pages\/7782\/revisions"}],"predecessor-version":[{"id":28979,"href":"https:\/\/sites.uel.br\/prograd\/wp-json\/wp\/v2\/pages\/7782\/revisions\/28979"}],"wp:attachment":[{"href":"https:\/\/sites.uel.br\/prograd\/wp-json\/wp\/v2\/media?parent=7782"}],"curies":[{"name":"wp","href":"https:\/\/api.w.org\/{rel}","templated":true}]}}