{"id":7444,"date":"2023-06-06T15:27:26","date_gmt":"2023-06-06T18:27:26","guid":{"rendered":"https:\/\/sites.uel.br\/prograd\/?page_id=7444"},"modified":"2024-04-03T15:50:56","modified_gmt":"2024-04-03T18:50:56","slug":"catalogo-dos-cursos-de-graduacao-2012-artes-cenicas","status":"publish","type":"page","link":"https:\/\/sites.uel.br\/prograd\/catalogo-dos-cursos-de-graduacao-2012-artes-cenicas\/","title":{"rendered":"Cat\u00e1logo dos Cursos de Gradua\u00e7\u00e3o (2012)"},"content":{"rendered":"\n<hr class=\"wp-block-separator has-alpha-channel-opacity is-style-wide\"\/>\n\n\n\n<h2 class=\"wp-block-heading\">Artes C\u00eanicas<\/h2>\n\n\n\n<p><a href=\"https:\/\/sites.uel.br\/prograd\/wp-content\/uploads\/catalogo_cursos\/2012\/informacoes_cursos\/artes_cenicas.pdf\" target=\"_blank\" rel=\"noreferrer noopener\">Informa\u00e7\u00f5es do Curso<\/a><\/p>\n\n\n\n<p><a href=\"https:\/\/sites.uel.br\/prograd\/wp-content\/uploads\/catalogo_cursos\/2012\/organizacao_curricular\/artes_cenicas.pdf\" target=\"_blank\" rel=\"noreferrer noopener\">Organiza\u00e7\u00e3o Curricular<\/a><\/p>\n\n\n\n<p><a href=\"https:\/\/sites.uel.br\/prograd\/wp-content\/uploads\/catalogo_cursos\/2012\/ementas\/artes_cenicas.pdf\" target=\"_blank\" rel=\"noreferrer noopener\">Ementas<\/a><\/p>\n\n\n\n<p><a href=\"https:\/\/sites.uel.br\/prograd\/wp-content\/uploads\/catalogo_cursos\/2012\/corpo_docente\/artes_cenicas.pdf\" target=\"_blank\" rel=\"noreferrer noopener\">Corpo Docente<\/a><\/p>\n\n\n\n<p><a href=\"https:\/\/sites.uel.br\/prograd\/wp-content\/uploads\/catalogo_cursos\/2012\/estrutura_recursos\/ceca.pdf\" target=\"_blank\" rel=\"noreferrer noopener\">Estrutura\/Recursos<\/a><\/p>\n","protected":false},"excerpt":{"rendered":"<p>Artes C\u00eanicas Informa\u00e7\u00f5es do Curso Organiza\u00e7\u00e3o Curricular Ementas Corpo Docente Estrutura\/Recursos<\/p>\n","protected":false},"author":8,"featured_media":0,"parent":0,"menu_order":0,"comment_status":"closed","ping_status":"closed","template":"","meta":{"_acf_changed":false,"_themeisle_gutenberg_block_has_review":false,"footnotes":""},"class_list":["post-7444","page","type-page","status-publish","hentry"],"acf":[],"_links":{"self":[{"href":"https:\/\/sites.uel.br\/prograd\/wp-json\/wp\/v2\/pages\/7444","targetHints":{"allow":["GET"]}}],"collection":[{"href":"https:\/\/sites.uel.br\/prograd\/wp-json\/wp\/v2\/pages"}],"about":[{"href":"https:\/\/sites.uel.br\/prograd\/wp-json\/wp\/v2\/types\/page"}],"author":[{"embeddable":true,"href":"https:\/\/sites.uel.br\/prograd\/wp-json\/wp\/v2\/users\/8"}],"replies":[{"embeddable":true,"href":"https:\/\/sites.uel.br\/prograd\/wp-json\/wp\/v2\/comments?post=7444"}],"version-history":[{"count":5,"href":"https:\/\/sites.uel.br\/prograd\/wp-json\/wp\/v2\/pages\/7444\/revisions"}],"predecessor-version":[{"id":26328,"href":"https:\/\/sites.uel.br\/prograd\/wp-json\/wp\/v2\/pages\/7444\/revisions\/26328"}],"wp:attachment":[{"href":"https:\/\/sites.uel.br\/prograd\/wp-json\/wp\/v2\/media?parent=7444"}],"curies":[{"name":"wp","href":"https:\/\/api.w.org\/{rel}","templated":true}]}}