{"id":7413,"date":"2023-06-06T15:18:12","date_gmt":"2023-06-06T18:18:12","guid":{"rendered":"https:\/\/sites.uel.br\/prograd\/?page_id=7413"},"modified":"2024-05-03T14:29:34","modified_gmt":"2024-05-03T17:29:34","slug":"catalogo-dos-cursos-de-graduacao-2018-secretariado-executivo","status":"publish","type":"page","link":"https:\/\/sites.uel.br\/prograd\/catalogo-dos-cursos-de-graduacao-2018-secretariado-executivo\/","title":{"rendered":"Cat\u00e1logo dos Cursos de Gradua\u00e7\u00e3o (2018)"},"content":{"rendered":"\n<hr class=\"wp-block-separator has-alpha-channel-opacity is-style-wide\"\/>\n\n\n\n<h2 class=\"wp-block-heading\">Secretariado Executivo<\/h2>\n\n\n\n<p><strong>Cria\u00e7\u00e3o<\/strong><br>Resolu\u00e7\u00e3o n.\u00ba 2.385, de 11.08.93<\/p>\n\n\n\n<p><\/p>\n\n\n\n<p><strong>Implanta\u00e7\u00e3o do Curso na UEL<\/strong><br>28.02.94<\/p>\n\n\n\n<p><\/p>\n\n\n\n<p><strong>Reconhecimento<\/strong><br>Dispon\u00edvel em:\u00a0<a href=\"http:\/\/www.uel.br\/prograd\/reconhecimento\" target=\"_blank\" rel=\"noreferrer noopener\"><a href=\"https:\/\/sites.uel.br\/prograd\/decretos-renovacao-de-cursos\/\">sites.uel.br\/prograd\/decretos-renovacao-de-cursos<\/a><\/a><\/p>\n\n\n\n<p><\/p>\n\n\n\n<p><strong>Grau<\/strong><br>Secret\u00e1rio Executivo<\/p>\n\n\n\n<p><\/p>\n\n\n\n<p><strong>C\u00f3digo\/Turno<\/strong><br>67 &#8211; Noturno<\/p>\n\n\n\n<p><\/p>\n\n\n\n<p><strong>Perfil do Profissional<\/strong><br>O secret\u00e1rio executivo formado pela UEL dever\u00e1 ter o seguinte perfil: assessor executivo, atuando como agente executor e multiplicador de delibera\u00e7\u00f5es e processos decis\u00f3rios; gestor das fun\u00e7\u00f5es gerenciais; intra-empreendedor, buscando id\u00e9ias inovadoras para as organiza\u00e7\u00f5es; consultor, atendendo e resolvendo as demandas dos clientes internos e externos; agente de mudan\u00e7as, promovendo as altera\u00e7\u00f5es culturais, pol\u00edticas e sociais necess\u00e1rias nas organiza\u00e7\u00f5es e na reformula\u00e7\u00e3o e moderniza\u00e7\u00e3o do papel profissional do pr\u00f3prio secret\u00e1rio executivo.<\/p>\n\n\n\n<p><\/p>\n\n\n\n<p><strong>Objetivos do Curso<\/strong><br>Oferecer consistentes conceitos e conhecimentos humanos, cient\u00edficos e tecnol\u00f3gicos relacionados com o campo de atua\u00e7\u00e3o do secret\u00e1rio executivo, dando ao aluno compet\u00eancia para assessorar e capacidade para contribuir na gest\u00e3o eficaz de organiza\u00e7\u00f5es nacionais e internacionais; formar bachar\u00e9is com s\u00f3lida educa\u00e7\u00e3o geral e human\u00edstica, com capacidade para analisar, interpretar e implantar novos conceitos, alterando a realidade das organiza\u00e7\u00f5es p\u00fablicas e privadas; qualificar os alunos para o dom\u00ednio de v\u00e1rios ramos do saber, com \u00eanfase na atividade profissional, aprimorando sua capacidade de cr\u00edtica e reflex\u00e3o, de modo que possam assessorar a gest\u00e3o de processos e pessoas, com observ\u00e2ncia dos n\u00edveis graduais da tomada de decis\u00e3o; contribuir para a inser\u00e7\u00e3o do secret\u00e1rio executivo no mercado de trabalho, fazendo com que seja visto como importante agente na tarefa de introduzir reflex\u00e3o, conhecimento e mudan\u00e7as nas organiza\u00e7\u00f5es; conscientizar os alunos da import\u00e2ncia da participa\u00e7\u00e3o em \u00f3rg\u00e3os representativos da classe e favorecer a conscientiza\u00e7\u00e3o dos dirigentes das organiza\u00e7\u00f5es sobre a profiss\u00e3o e a import\u00e2ncia do papel do secret\u00e1rio executivo para a sociedade.<\/p>\n\n\n\n<p><\/p>\n\n\n\n<p><strong>Campos de Atua\u00e7\u00e3o<\/strong><br>\u00d3rg\u00e3os p\u00fablicos e privados, Secretarias e todos os \u00f3rg\u00e3os e administra\u00e7\u00f5es p\u00fablicas e privadas. Sociedades com ou sem fins lucrativos. Empresas em geral. A profiss\u00e3o \u00e9 regulamentada pela Lei n.\u00ba 7.377\/85 e 9.261\/95.<\/p>\n\n\n\n<p><\/p>\n\n\n\n<p><strong>Sistema<\/strong>&nbsp;<strong>Acad\u00eamico<\/strong><br>Seriado anual<\/p>\n\n\n\n<p><\/p>\n\n\n\n<p><strong>N.\u00ba<\/strong>&nbsp;<strong>de<\/strong>&nbsp;<strong>Estudantes por Turma<\/strong><br>40<\/p>\n\n\n\n<div style=\"height:30px\" aria-hidden=\"true\" class=\"wp-block-spacer\"><\/div>\n\n\n\n<h3 class=\"wp-block-heading\"><strong>Saiba Mais Sobre o Curso de Secretariado Executivo<\/strong><\/h3>\n\n\n\n<p><a href=\"https:\/\/sites.uel.br\/prograd\/wp-content\/uploads\/catalogo_cursos\/2018\/organizacao_curricular\/secretariado_executivo.pdf\" target=\"_blank\" rel=\"noreferrer noopener\">Organiza\u00e7\u00e3o Curricular<\/a><\/p>\n\n\n\n<p><a href=\"https:\/\/sites.uel.br\/prograd\/wp-content\/uploads\/catalogo_cursos\/2018\/ementas\/secretariado_executivo.pdf\" target=\"_blank\" rel=\"noreferrer noopener\">Ementas<\/a><\/p>\n\n\n\n<p><a href=\"https:\/\/sites.uel.br\/prograd\/wp-content\/uploads\/catalogo_cursos\/2018\/corpo_docente\/secretariado_executivo.pdf\" target=\"_blank\" rel=\"noreferrer noopener\">Corpo Docente<\/a><\/p>\n\n\n\n<p><a href=\"https:\/\/sites.uel.br\/prograd\/wp-content\/uploads\/catalogo_cursos\/2018\/estrutura_recursos\/cesa.pdf\" target=\"_blank\" rel=\"noreferrer noopener\">Estrutura\/Recursos<\/a><\/p>\n","protected":false},"excerpt":{"rendered":"<p>Secretariado Executivo Cria\u00e7\u00e3oResolu\u00e7\u00e3o n.\u00ba 2.385, de 11.08.93 Implanta\u00e7\u00e3o do Curso na UEL28.02.94 ReconhecimentoDispon\u00edvel em:\u00a0sites.uel.br\/prograd\/decretos-renovacao-de-cursos GrauSecret\u00e1rio Executivo C\u00f3digo\/Turno67 &#8211; Noturno Perfil do ProfissionalO secret\u00e1rio executivo formado pela UEL dever\u00e1 ter o seguinte perfil: assessor executivo, atuando como agente executor e multiplicador de delibera\u00e7\u00f5es e processos decis\u00f3rios; gestor das fun\u00e7\u00f5es gerenciais; intra-empreendedor, buscando id\u00e9ias inovadoras para as [&hellip;]<\/p>\n","protected":false},"author":8,"featured_media":0,"parent":0,"menu_order":0,"comment_status":"closed","ping_status":"closed","template":"","meta":{"_acf_changed":false,"_themeisle_gutenberg_block_has_review":false,"footnotes":""},"class_list":["post-7413","page","type-page","status-publish","hentry"],"acf":[],"_links":{"self":[{"href":"https:\/\/sites.uel.br\/prograd\/wp-json\/wp\/v2\/pages\/7413","targetHints":{"allow":["GET"]}}],"collection":[{"href":"https:\/\/sites.uel.br\/prograd\/wp-json\/wp\/v2\/pages"}],"about":[{"href":"https:\/\/sites.uel.br\/prograd\/wp-json\/wp\/v2\/types\/page"}],"author":[{"embeddable":true,"href":"https:\/\/sites.uel.br\/prograd\/wp-json\/wp\/v2\/users\/8"}],"replies":[{"embeddable":true,"href":"https:\/\/sites.uel.br\/prograd\/wp-json\/wp\/v2\/comments?post=7413"}],"version-history":[{"count":8,"href":"https:\/\/sites.uel.br\/prograd\/wp-json\/wp\/v2\/pages\/7413\/revisions"}],"predecessor-version":[{"id":29162,"href":"https:\/\/sites.uel.br\/prograd\/wp-json\/wp\/v2\/pages\/7413\/revisions\/29162"}],"wp:attachment":[{"href":"https:\/\/sites.uel.br\/prograd\/wp-json\/wp\/v2\/media?parent=7413"}],"curies":[{"name":"wp","href":"https:\/\/api.w.org\/{rel}","templated":true}]}}