{"id":7377,"date":"2023-06-06T15:13:06","date_gmt":"2023-06-06T18:13:06","guid":{"rendered":"https:\/\/sites.uel.br\/prograd\/?page_id=7377"},"modified":"2024-05-03T14:29:04","modified_gmt":"2024-05-03T17:29:04","slug":"catalogo-dos-cursos-de-graduacao-2018-psicologia","status":"publish","type":"page","link":"https:\/\/sites.uel.br\/prograd\/catalogo-dos-cursos-de-graduacao-2018-psicologia\/","title":{"rendered":"Cat\u00e1logo dos Cursos de Gradua\u00e7\u00e3o (2018)"},"content":{"rendered":"\n<hr class=\"wp-block-separator has-alpha-channel-opacity is-style-wide\"\/>\n\n\n\n<h2 class=\"wp-block-heading\">Psicologia<\/h2>\n\n\n\n<p><strong>Cria\u00e7\u00e3o<\/strong><br>Resolu\u00e7\u00e3o n.\u00ba 53, de 26.10.71<\/p>\n\n\n\n<p><\/p>\n\n\n\n<p><strong>Implanta\u00e7\u00e3o do Curso na UEL<\/strong><br>18.02.72<\/p>\n\n\n\n<p><\/p>\n\n\n\n<p><strong>Reconhecimento<\/strong><br>Dispon\u00edvel em:\u00a0<a href=\"http:\/\/www.uel.br\/prograd\/reconhecimento\" target=\"_blank\" rel=\"noreferrer noopener\"><a href=\"https:\/\/sites.uel.br\/prograd\/decretos-renovacao-de-cursos\/\">sites.uel.br\/prograd\/decretos-renovacao-de-cursos<\/a><\/a><\/p>\n\n\n\n<p><\/p>\n\n\n\n<p><strong>Grau<\/strong><br>Psic\u00f3logo<\/p>\n\n\n\n<p><\/p>\n\n\n\n<p><strong>C\u00f3digo\/Turno<\/strong><br>23 &#8211; Integral<\/p>\n\n\n\n<p><\/p>\n\n\n\n<p><strong>Perfil do Profissional<\/strong><br>O curso visa formar um profissional capacitado te\u00f3rica e tecnicamente com s\u00f3lida vis\u00e3o das linhas filos\u00f3ficas e ideol\u00f3gicas que sustentam os conhecimentos em Psicologia, em condi\u00e7\u00f5es de avaliar criticamente os novos conhecimentos que surgem na Psicologia e capaz de procurar e desenvolver informa\u00e7\u00f5es te\u00f3ricas e t\u00e9cnicas para uma atua\u00e7\u00e3o efetiva e respons\u00e1vel.<\/p>\n\n\n\n<p><\/p>\n\n\n\n<p><strong>Objetivo do Curso<\/strong><br>Formar profissionais em condi\u00e7\u00f5es de produzir, utilizar e transmitir conhecimentos em psicologia frente \u00e0s condi\u00e7\u00f5es espec\u00edficas da popula\u00e7\u00e3o envolvida. Diagnosticar, planejar, executar e avaliar criticamente, interven\u00e7\u00f5es no \u00e2mbito dos sistemas educacionais formais e informais; diagnosticar, planejar, executar e avaliar criticamente, procedimentos psicoterap\u00eauticos, preventivos e remediativos; diagnosticar, planejar, executar e avaliar criticamente, interven\u00e7\u00f5es no contexto das organiza\u00e7\u00f5es sociais e do trabalho; investigar e produzir conhecimentos relativos \u00e0s quest\u00f5es psicossociais no \u00e2mbito de trabalho interdisciplinar; realizar per\u00edcias e emitir pareceres sobre assuntos pertinentes \u00e0 Psicologia.<\/p>\n\n\n\n<p><\/p>\n\n\n\n<p><strong>Campos de Atua\u00e7\u00e3o<\/strong><br>Organiza\u00e7\u00f5es p\u00fablicas e privadas, consultorias, consult\u00f3rio particular, hospitais, escolas etc. A profiss\u00e3o de Psic\u00f3logo \u00e9 regulamentada pelos seguintes dispositivos legais: Lei n.\u00ba 4.119, de 27.08.62, Decreto n.\u00ba 53.464, de 21\/10\/64, Lei n.\u00ba 5.766, de 20.12.71e Decreto n.\u00ba 79.822, de 17.06.77.<\/p>\n\n\n\n<p><\/p>\n\n\n\n<p><strong>Sistema Acad\u00eamico<\/strong><br>Seriado anual<\/p>\n\n\n\n<p><\/p>\n\n\n\n<p><strong>N.\u00ba de Estudantes por Turma<\/strong><br>80<\/p>\n\n\n\n<p><strong>Dura\u00e7\u00e3o<\/strong><br>M\u00ednima: 5 anos M\u00e1xima: 10 anos<\/p>\n\n\n\n<div style=\"height:30px\" aria-hidden=\"true\" class=\"wp-block-spacer\"><\/div>\n\n\n\n<h3 class=\"wp-block-heading\"><strong>Saiba Mais Sobre o Curso de Psicologia<\/strong><\/h3>\n\n\n\n<p><a href=\"https:\/\/sites.uel.br\/prograd\/wp-content\/uploads\/catalogo_cursos\/2018\/organizacao_curricular\/psicologia.pdf\" target=\"_blank\" rel=\"noreferrer noopener\">Organiza\u00e7\u00e3o Curricular<\/a><\/p>\n\n\n\n<p><a href=\"https:\/\/sites.uel.br\/prograd\/wp-content\/uploads\/catalogo_cursos\/2018\/ementas\/psicologia.pdf\" target=\"_blank\" rel=\"noreferrer noopener\">Ementas<\/a><\/p>\n\n\n\n<p><a href=\"https:\/\/sites.uel.br\/prograd\/wp-content\/uploads\/catalogo_cursos\/2018\/corpo_docente\/psicologia.pdf\" target=\"_blank\" rel=\"noreferrer noopener\">Corpo Docente<\/a><\/p>\n\n\n\n<p><a href=\"https:\/\/sites.uel.br\/prograd\/wp-content\/uploads\/catalogo_cursos\/2018\/estrutura_recursos\/ccb.pdf\" target=\"_blank\" rel=\"noreferrer noopener\">Estrutura\/Recursos<\/a><\/p>\n","protected":false},"excerpt":{"rendered":"<p>Psicologia Cria\u00e7\u00e3oResolu\u00e7\u00e3o n.\u00ba 53, de 26.10.71 Implanta\u00e7\u00e3o do Curso na UEL18.02.72 ReconhecimentoDispon\u00edvel em:\u00a0sites.uel.br\/prograd\/decretos-renovacao-de-cursos GrauPsic\u00f3logo C\u00f3digo\/Turno23 &#8211; Integral Perfil do ProfissionalO curso visa formar um profissional capacitado te\u00f3rica e tecnicamente com s\u00f3lida vis\u00e3o das linhas filos\u00f3ficas e ideol\u00f3gicas que sustentam os conhecimentos em Psicologia, em condi\u00e7\u00f5es de avaliar criticamente os novos conhecimentos que surgem na Psicologia [&hellip;]<\/p>\n","protected":false},"author":8,"featured_media":0,"parent":0,"menu_order":0,"comment_status":"closed","ping_status":"closed","template":"","meta":{"_acf_changed":false,"_themeisle_gutenberg_block_has_review":false,"footnotes":""},"class_list":["post-7377","page","type-page","status-publish","hentry"],"acf":[],"_links":{"self":[{"href":"https:\/\/sites.uel.br\/prograd\/wp-json\/wp\/v2\/pages\/7377","targetHints":{"allow":["GET"]}}],"collection":[{"href":"https:\/\/sites.uel.br\/prograd\/wp-json\/wp\/v2\/pages"}],"about":[{"href":"https:\/\/sites.uel.br\/prograd\/wp-json\/wp\/v2\/types\/page"}],"author":[{"embeddable":true,"href":"https:\/\/sites.uel.br\/prograd\/wp-json\/wp\/v2\/users\/8"}],"replies":[{"embeddable":true,"href":"https:\/\/sites.uel.br\/prograd\/wp-json\/wp\/v2\/comments?post=7377"}],"version-history":[{"count":8,"href":"https:\/\/sites.uel.br\/prograd\/wp-json\/wp\/v2\/pages\/7377\/revisions"}],"predecessor-version":[{"id":29158,"href":"https:\/\/sites.uel.br\/prograd\/wp-json\/wp\/v2\/pages\/7377\/revisions\/29158"}],"wp:attachment":[{"href":"https:\/\/sites.uel.br\/prograd\/wp-json\/wp\/v2\/media?parent=7377"}],"curies":[{"name":"wp","href":"https:\/\/api.w.org\/{rel}","templated":true}]}}