{"id":7337,"date":"2023-06-06T11:34:43","date_gmt":"2023-06-06T14:34:43","guid":{"rendered":"https:\/\/sites.uel.br\/prograd\/?page_id=7337"},"modified":"2024-05-03T14:47:12","modified_gmt":"2024-05-03T17:47:12","slug":"catalogo-dos-cursos-de-graduacao-2019-odontologia","status":"publish","type":"page","link":"https:\/\/sites.uel.br\/prograd\/catalogo-dos-cursos-de-graduacao-2019-odontologia\/","title":{"rendered":"Cat\u00e1logo dos Cursos de Gradua\u00e7\u00e3o (2019)"},"content":{"rendered":"\n<hr class=\"wp-block-separator has-alpha-channel-opacity is-style-wide\"\/>\n\n\n\n<h2 class=\"wp-block-heading\">Odontologia<\/h2>\n\n\n\n<p><strong>Cria\u00e7\u00e3o<\/strong>&nbsp;<br>Decreto Estadual n.\u00ba 6.038, de 17.01.62<\/p>\n\n\n\n<p><\/p>\n\n\n\n<p><strong>Implanta\u00e7\u00e3o do Curso na UEL<\/strong>&nbsp;<br>01.05.62<\/p>\n\n\n\n<p><\/p>\n\n\n\n<p><strong>Reconhecimento<\/strong>&nbsp;<br>Decreto Estadual n\u00ba 2905, de 30\/11\/2015<\/p>\n\n\n\n<p><\/p>\n\n\n\n<p><strong>Ano de implanta\u00e7\u00e3o do curr\u00edculo em vigor<\/strong><br>2010<\/p>\n\n\n\n<p><\/p>\n\n\n\n<p><strong>Grau<\/strong>&nbsp;<br>Cirurgi\u00e3o Dentista<\/p>\n\n\n\n<p><\/p>\n\n\n\n<p><strong>C\u00f3digo\/Turno<\/strong>&nbsp;<br>12 &#8211; Integral<\/p>\n\n\n\n<p><\/p>\n\n\n\n<p><strong>Perfil do Profissional<\/strong><br>O perfil do concluinte deve ser o do cirurgi\u00e3o dentista, com forma\u00e7\u00e3o generalista, humanista, cr\u00edtica e reflexiva, para atuar em todos os n\u00edveis de aten\u00e7\u00e3o \u00e0 sa\u00fade, com base no rigor t\u00e9cnico e cient\u00edfico, capacitado ao exerc\u00edcio de atividades referentes \u00e0 sa\u00fade bucal da popula\u00e7\u00e3o, pautado em princ\u00edpios \u00e9ticos, legais e na compreens\u00e3o da realidade social, cultural e econ\u00f4mica do seu meio, dirigindo sua atua\u00e7\u00e3o para a transforma\u00e7\u00e3o da realidade em benef\u00edcio da sociedade.<\/p>\n\n\n\n<p><\/p>\n\n\n\n<p><strong>Objetivo do Curso<\/strong><br>O profissional de Odontologia dever\u00e1: atuar dentro do seu \u00e2mbito profissional, respeitando os aspectos \u00e9ticos e bio\u00e9ticos da profiss\u00e3o, em todos os n\u00edveis de aten\u00e7\u00e3o \u00e0 sa\u00fade, de forma individual ou coletiva, nas diversas realidades culturais, socioecon\u00f4micas e epidemiol\u00f3gicas do Pa\u00eds; ser capaz de decidir, considerando as evid\u00eancias cient\u00edficas, a melhor conduta a ser tomada no tratamento de seu paciente\/comunidade; comunicar-se adequadamente, de forma oral ou escrita, com colegas da profiss\u00e3o, profissionais de outras \u00e1reas da sa\u00fade, pacientes\/comunidade e pessoal auxiliar; estar apto a assumir posi\u00e7\u00e3o de lideran\u00e7a quando da atua\u00e7\u00e3o em equipe multiprofissional, levando em considera\u00e7\u00e3o todos os aspectos inerentes a este posto e o bem-estar tanto da equipe onde est\u00e1 inserido quanto da comunidade onde ir\u00e1 atuar; gerenciar e administrar a for\u00e7a de trabalho, os recursos f\u00edsicos, materiais e informa\u00e7\u00f5es quando na lideran\u00e7a de equipes de sa\u00fade e na gest\u00e3o de servi\u00e7os p\u00fablicos ou privados; reconhecer suas limita\u00e7\u00f5es, habilidades e potencialidades e dessa forma ser capaz de aprender continuamente.<\/p>\n\n\n\n<p><\/p>\n\n\n\n<p><strong>Campos de Atua\u00e7\u00e3o<\/strong><br>Profissional liberal que est\u00e1 apto a atuar tamb\u00e9m no servi\u00e7o p\u00fablico, na sa\u00fade privada, no ensino e pesquisa. Profiss\u00e3o regulamentada pela Lei n.\u00ba 5.081, de 24.08.66.<\/p>\n\n\n\n<p><\/p>\n\n\n\n<p><strong>Sistema<\/strong>&nbsp;<strong>Acad\u00eamico<\/strong>&nbsp;<br>Seriado Anual<\/p>\n\n\n\n<p><strong>N.\u00ba<\/strong>&nbsp;<strong>de<\/strong>&nbsp;<strong>Estudantes por Turma<\/strong>&nbsp;<br>60<\/p>\n\n\n\n<div style=\"height:30px\" aria-hidden=\"true\" class=\"wp-block-spacer\"><\/div>\n\n\n\n<h3 class=\"wp-block-heading\"><strong><strong>Saiba Mais Sobre o Curso de<\/strong> Odontologia<\/strong><\/h3>\n\n\n\n<p><a href=\"https:\/\/sites.uel.br\/prograd\/wp-content\/uploads\/catalogo_cursos\/2019\/organizacao_curricular\/odontologia.pdf\" target=\"_blank\" rel=\"noreferrer noopener\">Organiza\u00e7\u00e3o Curricular<\/a><\/p>\n\n\n\n<p><a href=\"https:\/\/sites.uel.br\/prograd\/wp-content\/uploads\/catalogo_cursos\/2019\/ementas\/odontologia.pdf\" target=\"_blank\" rel=\"noreferrer noopener\">Ementas<\/a><\/p>\n\n\n\n<p><a href=\"https:\/\/sites.uel.br\/prograd\/wp-content\/uploads\/catalogo_cursos\/2019\/corpo_docente\/odontologia.pdf\" target=\"_blank\" rel=\"noreferrer noopener\">Corpo Docente<\/a><\/p>\n\n\n\n<p><a href=\"https:\/\/sites.uel.br\/prograd\/wp-content\/uploads\/catalogo_cursos\/2019\/estrutura_recursos\/ccs.pdf\" target=\"_blank\" rel=\"noreferrer noopener\">Estrutura\/Recursos<\/a><\/p>\n","protected":false},"excerpt":{"rendered":"<p>Odontologia Cria\u00e7\u00e3o&nbsp;Decreto Estadual n.\u00ba 6.038, de 17.01.62 Implanta\u00e7\u00e3o do Curso na UEL&nbsp;01.05.62 Reconhecimento&nbsp;Decreto Estadual n\u00ba 2905, de 30\/11\/2015 Ano de implanta\u00e7\u00e3o do curr\u00edculo em vigor2010 Grau&nbsp;Cirurgi\u00e3o Dentista C\u00f3digo\/Turno&nbsp;12 &#8211; Integral Perfil do ProfissionalO perfil do concluinte deve ser o do cirurgi\u00e3o dentista, com forma\u00e7\u00e3o generalista, humanista, cr\u00edtica e reflexiva, para atuar em todos os n\u00edveis [&hellip;]<\/p>\n","protected":false},"author":8,"featured_media":0,"parent":0,"menu_order":0,"comment_status":"closed","ping_status":"closed","template":"","meta":{"_acf_changed":false,"_themeisle_gutenberg_block_has_review":false,"footnotes":""},"class_list":["post-7337","page","type-page","status-publish","hentry"],"acf":[],"_links":{"self":[{"href":"https:\/\/sites.uel.br\/prograd\/wp-json\/wp\/v2\/pages\/7337","targetHints":{"allow":["GET"]}}],"collection":[{"href":"https:\/\/sites.uel.br\/prograd\/wp-json\/wp\/v2\/pages"}],"about":[{"href":"https:\/\/sites.uel.br\/prograd\/wp-json\/wp\/v2\/types\/page"}],"author":[{"embeddable":true,"href":"https:\/\/sites.uel.br\/prograd\/wp-json\/wp\/v2\/users\/8"}],"replies":[{"embeddable":true,"href":"https:\/\/sites.uel.br\/prograd\/wp-json\/wp\/v2\/comments?post=7337"}],"version-history":[{"count":7,"href":"https:\/\/sites.uel.br\/prograd\/wp-json\/wp\/v2\/pages\/7337\/revisions"}],"predecessor-version":[{"id":29210,"href":"https:\/\/sites.uel.br\/prograd\/wp-json\/wp\/v2\/pages\/7337\/revisions\/29210"}],"wp:attachment":[{"href":"https:\/\/sites.uel.br\/prograd\/wp-json\/wp\/v2\/media?parent=7337"}],"curies":[{"name":"wp","href":"https:\/\/api.w.org\/{rel}","templated":true}]}}