{"id":7317,"date":"2023-06-06T11:29:49","date_gmt":"2023-06-06T14:29:49","guid":{"rendered":"https:\/\/sites.uel.br\/prograd\/?page_id=7317"},"modified":"2024-05-03T14:28:32","modified_gmt":"2024-05-03T17:28:32","slug":"catalogo-dos-cursos-de-graduacao-2018-medicina-veterinaria","status":"publish","type":"page","link":"https:\/\/sites.uel.br\/prograd\/catalogo-dos-cursos-de-graduacao-2018-medicina-veterinaria\/","title":{"rendered":"Cat\u00e1logo dos Cursos de Gradua\u00e7\u00e3o (2018)"},"content":{"rendered":"\n<hr class=\"wp-block-separator has-alpha-channel-opacity is-style-wide\"\/>\n\n\n\n<h2 class=\"wp-block-heading\">Medicina Veterin\u00e1ria<\/h2>\n\n\n\n<p><strong>Cria\u00e7\u00e3o<\/strong><br>Resolu\u00e7\u00e3o n.\u00ba 100, de 25.05.72<\/p>\n\n\n\n<p><\/p>\n\n\n\n<p><strong>Implanta\u00e7\u00e3o do Curso na UEL<\/strong><br>16.02.73<\/p>\n\n\n\n<p><\/p>\n\n\n\n<p><strong>Reconhecimento<\/strong><br>Dispon\u00edvel em:\u00a0<a href=\"http:\/\/www.uel.br\/prograd\/reconhecimento\" target=\"_blank\" rel=\"noreferrer noopener\"><a href=\"https:\/\/sites.uel.br\/prograd\/decretos-renovacao-de-cursos\/\">sites.uel.br\/prograd\/decretos-renovacao-de-cursos<\/a><\/a><\/p>\n\n\n\n<p><\/p>\n\n\n\n<p><strong>Grau<\/strong><br>M\u00e9dico Veterin\u00e1rio<\/p>\n\n\n\n<p><\/p>\n\n\n\n<p><strong>C\u00f3digo\/Turno<\/strong><br>26 &#8211; Integral<\/p>\n\n\n\n<p><\/p>\n\n\n\n<p><strong>Perfil do Profissional<\/strong><br>O m\u00e9dico veterin\u00e1rio \u00e9 um profissional com forma\u00e7\u00e3o generalista, humanista, cr\u00edtica e reflexiva, apto a compreender e traduzir as necessidades de indiv\u00edduos, grupos sociais e comunicadas em rela\u00e7\u00e3o \u00e0s atividades inerentes ao exerc\u00edcio profissional. Os campos espec\u00edficos de atua\u00e7\u00e3o s\u00e3o a sa\u00fade animal e cl\u00ednica veterin\u00e1ria; saneamento ambiental e medicina veterin\u00e1ria preventiva; sa\u00fade p\u00fablica, inspe\u00e7\u00e3o e tecnologia de produtos de origem animal; zootecnica, produ\u00e7\u00e3o e reprodu\u00e7\u00e3o animal; ecologia e prote\u00e7\u00e3o ao meio ambiente. O profissional deve ter capacidade de racioc\u00ednio l\u00f3gico, de observa\u00e7\u00e3o, de interpreta\u00e7\u00e3o e de an\u00e1lise de dados e informa\u00e7\u00f5es, bem como dos conhecimentos essenciais de Medicina Veterin\u00e1ria para identifica\u00e7\u00e3o e resolu\u00e7\u00e3o de problemas.<\/p>\n\n\n\n<p><\/p>\n\n\n\n<p><strong>Objetivos do Curso<\/strong><br>O objetivo geral do Curso \u00e9 dotar o profissional dos conhecimentos necess\u00e1rios para desenvolver a\u00e7\u00f5es nas \u00e1reas de Produ\u00e7\u00e3o Animal, Produ\u00e7\u00e3o de Alimentos, Sa\u00fade Animal e Prote\u00e7\u00e3o Ambiental, com compet\u00eancia e habilidade para dar aten\u00e7\u00e3o \u00e0 sa\u00fade, tomar decis\u00f5es, comunicar-se, liderar, administrar e gerenciar, buscar a educa\u00e7\u00e3o permanente. O m\u00e9dico veterin\u00e1rio deve ainda estar capacitado para: respeitar os princ\u00edpios \u00e9ticos inerentes ao exerc\u00edcio profissional; interpretar sinais cl\u00ednicos, exames laboratoriais e altera\u00e7\u00f5es morfo-funcionais; identificar e classificar os fatores etiol\u00f3gicos, compreender e elucidar a patogenia, bem como prevenir, controlar e erradicar as doen\u00e7as que acometem os animais; instituir diagn\u00f3stico, progn\u00f3stico, tratamento e medidas profil\u00e1ticas, individuais e populacionais; elaborar, executar e gerenciar projetos agropecu\u00e1rios, ambientais e afins \u00e0 profiss\u00e3o; desenvolver, programar, orientar e aplicar as modernas t\u00e9cnicas de cria\u00e7\u00e3o, manejo, nutri\u00e7\u00e3o, alimenta\u00e7\u00e3o, melhoramento gen\u00e9tico, produ\u00e7\u00e3o e reprodu\u00e7\u00e3o animal; planejar, executar, gerenciar e avaliar programas de sa\u00fade animal, sa\u00fade p\u00fablica e de tecnologia de produtos de origem animal; executar a inspe\u00e7\u00e3o sanit\u00e1ria e tecnol\u00f3gica de produtos de origem animal; planejar, elaborar, executar, gerenciar e participar de projetos nas \u00e1reas de biotecnologia de reprodu\u00e7\u00e3o e de produtos biol\u00f3gicos; planejar, organizar e gerenciar unidades agroindustriais; realizar per\u00edcias, elaborar e interpretar laudos t\u00e9cnicos em todos os campos de conhecimento da Medicina Veterin\u00e1ria; planejar, elaborar, executar, gerenciar e participar de projetos agropecu\u00e1rios e do agroneg\u00f3cio; relacionar-se com os diversos segmentos sociais e atuar em equipes multidisciplinares da defesa e vigil\u00e2ncia do ambiente e do bem-estar social; exercer a profiss\u00e3o de forma articulada ao contexto social, entendendo-a como uma forma de participa\u00e7\u00e3o e contribui\u00e7\u00e3o social; conhecer m\u00e9todos e t\u00e9cnicas de investiga\u00e7\u00e3o e elabora\u00e7\u00e3o de trabalhos acad\u00eamicos e cient\u00edficos; assimilar as constantes mudan\u00e7as conceituais e evolu\u00e7\u00e3o tecnol\u00f3gica apresentadas no contexto mundial e avaliar e responder com senso cr\u00edtico \u00e0s informa\u00e7\u00f5es oferecidas durante a gradua\u00e7\u00e3o e no exerc\u00edcio profissional.<\/p>\n\n\n\n<p><\/p>\n\n\n\n<p><strong>Campos de Atua\u00e7\u00e3o<\/strong><br>Pr\u00e1tica de cl\u00ednica em todas as modalidades; dire\u00e7\u00e3o de hospitais para animais, assist\u00eancia t\u00e9cnica e sanit\u00e1ria aos animais sob qualquer forma; planejamento e execu\u00e7\u00e3o da defesa sanit\u00e1ria animal; dire\u00e7\u00e3o t\u00e9cnica sanit\u00e1ria dos estabelecimentos industriais, comerciais recreativos, desportivos ou de prote\u00e7\u00e3o em que estejam, em exposi\u00e7\u00e3o, animais ou produtos de sua origem. Inspe\u00e7\u00e3o e fiscaliza\u00e7\u00e3o, do ponto de vista sanit\u00e1rio, higi\u00eanico e tecnol\u00f3gico dos matadouros, frigor\u00edficos, f\u00e1bricas de conservas de carne e de pescado, f\u00e1bricas de banha e gorduras em que se empregam produtos de origem animal, usinas e f\u00e1bricas de latic\u00ednios, entrepostos de carne, leite, peixe, ovos, mel, cera e demais derivados da ind\u00fastria pecu\u00e1ria. Dire\u00e7\u00e3o, controle e orienta\u00e7\u00e3o de servi\u00e7os de insemina\u00e7\u00e3o artificial. Ensino de Medicina Veterin\u00e1ria em estabelecimentos de ensino m\u00e9dio e superior. A profiss\u00e3o de M\u00e9dico Veterin\u00e1rio est\u00e1 regulamentada pela Lei n.\u00ba 5.517, de 23\/10\/68, e pelo Decreto n.\u00ba 64.704, de 17\/06\/69.<\/p>\n\n\n\n<p><\/p>\n\n\n\n<p><strong>Sistema<\/strong>&nbsp;<strong>Acad\u00eamico<\/strong><br>Seriado anual<\/p>\n\n\n\n<p><\/p>\n\n\n\n<p><strong>N.\u00ba<\/strong>&nbsp;<strong>de<\/strong>&nbsp;<strong>Estudantes por Turma<\/strong><br>80<\/p>\n\n\n\n<div style=\"height:30px\" aria-hidden=\"true\" class=\"wp-block-spacer\"><\/div>\n\n\n\n<h3 class=\"wp-block-heading\"><strong>Saiba Mais Sobre o Curso de Medicina Veterin\u00e1ria<\/strong><\/h3>\n\n\n\n<p><a href=\"https:\/\/sites.uel.br\/prograd\/wp-content\/uploads\/catalogo_cursos\/2018\/organizacao_curricular\/medicina_veterinaria.pdf\" target=\"_blank\" rel=\"noreferrer noopener\">Organiza\u00e7\u00e3o Curricular<\/a><\/p>\n\n\n\n<p><a href=\"https:\/\/sites.uel.br\/prograd\/wp-content\/uploads\/catalogo_cursos\/2018\/ementas\/medicina_veterinaria.pdf\" target=\"_blank\" rel=\"noreferrer noopener\">Ementas<\/a><\/p>\n\n\n\n<p><a href=\"https:\/\/sites.uel.br\/prograd\/wp-content\/uploads\/catalogo_cursos\/2018\/corpo_docente\/medicina_veterinaria.pdf\" target=\"_blank\" rel=\"noreferrer noopener\">Corpo Docente<\/a><\/p>\n\n\n\n<p><a href=\"https:\/\/sites.uel.br\/prograd\/wp-content\/uploads\/catalogo_cursos\/2018\/estrutura_recursos\/cca.pdf\" target=\"_blank\" rel=\"noreferrer noopener\">Estrutura\/Recursos<\/a><\/p>\n","protected":false},"excerpt":{"rendered":"<p>Medicina Veterin\u00e1ria Cria\u00e7\u00e3oResolu\u00e7\u00e3o n.\u00ba 100, de 25.05.72 Implanta\u00e7\u00e3o do Curso na UEL16.02.73 ReconhecimentoDispon\u00edvel em:\u00a0sites.uel.br\/prograd\/decretos-renovacao-de-cursos GrauM\u00e9dico Veterin\u00e1rio C\u00f3digo\/Turno26 &#8211; Integral Perfil do ProfissionalO m\u00e9dico veterin\u00e1rio \u00e9 um profissional com forma\u00e7\u00e3o generalista, humanista, cr\u00edtica e reflexiva, apto a compreender e traduzir as necessidades de indiv\u00edduos, grupos sociais e comunicadas em rela\u00e7\u00e3o \u00e0s atividades inerentes ao exerc\u00edcio profissional. [&hellip;]<\/p>\n","protected":false},"author":8,"featured_media":0,"parent":0,"menu_order":0,"comment_status":"closed","ping_status":"closed","template":"","meta":{"_acf_changed":false,"_themeisle_gutenberg_block_has_review":false,"footnotes":""},"class_list":["post-7317","page","type-page","status-publish","hentry"],"acf":[],"_links":{"self":[{"href":"https:\/\/sites.uel.br\/prograd\/wp-json\/wp\/v2\/pages\/7317","targetHints":{"allow":["GET"]}}],"collection":[{"href":"https:\/\/sites.uel.br\/prograd\/wp-json\/wp\/v2\/pages"}],"about":[{"href":"https:\/\/sites.uel.br\/prograd\/wp-json\/wp\/v2\/types\/page"}],"author":[{"embeddable":true,"href":"https:\/\/sites.uel.br\/prograd\/wp-json\/wp\/v2\/users\/8"}],"replies":[{"embeddable":true,"href":"https:\/\/sites.uel.br\/prograd\/wp-json\/wp\/v2\/comments?post=7317"}],"version-history":[{"count":8,"href":"https:\/\/sites.uel.br\/prograd\/wp-json\/wp\/v2\/pages\/7317\/revisions"}],"predecessor-version":[{"id":29153,"href":"https:\/\/sites.uel.br\/prograd\/wp-json\/wp\/v2\/pages\/7317\/revisions\/29153"}],"wp:attachment":[{"href":"https:\/\/sites.uel.br\/prograd\/wp-json\/wp\/v2\/media?parent=7317"}],"curies":[{"name":"wp","href":"https:\/\/api.w.org\/{rel}","templated":true}]}}