{"id":7290,"date":"2023-06-06T11:24:04","date_gmt":"2023-06-06T14:24:04","guid":{"rendered":"https:\/\/sites.uel.br\/prograd\/?page_id=7290"},"modified":"2024-05-03T14:28:00","modified_gmt":"2024-05-03T17:28:00","slug":"catalogo-dos-cursos-de-graduacao-2018-matematica-bacharelado","status":"publish","type":"page","link":"https:\/\/sites.uel.br\/prograd\/catalogo-dos-cursos-de-graduacao-2018-matematica-bacharelado\/","title":{"rendered":"Cat\u00e1logo dos Cursos de Gradua\u00e7\u00e3o (2018)"},"content":{"rendered":"\n<hr class=\"wp-block-separator has-alpha-channel-opacity is-style-wide\"\/>\n\n\n\n<h2 class=\"wp-block-heading\">Matem\u00e1tica \u2013 Bacharelado<\/h2>\n\n\n\n<p><strong>Matem\u00e1tica<\/strong><br><strong>Habilita\u00e7\u00e3o:<\/strong>&nbsp;<strong>Bacharelado<\/strong><\/p>\n\n\n\n<p><\/p>\n\n\n\n<p><strong>Cria\u00e7\u00e3o<\/strong><br>Decreto Estadual n.\u00ba 18.110, de 28.01.70<\/p>\n\n\n\n<p><\/p>\n\n\n\n<p><strong>Implanta\u00e7\u00e3o do Curso na UEL<\/strong><br>01.03.70<\/p>\n\n\n\n<p><\/p>\n\n\n\n<p><strong>Reconhecimento<\/strong><br>Dispon\u00edvel em:\u00a0<a href=\"http:\/\/www.uel.br\/prograd\/reconhecimento\" target=\"_blank\" rel=\"noreferrer noopener\"><a href=\"https:\/\/sites.uel.br\/prograd\/decretos-renovacao-de-cursos\/\">sites.uel.br\/prograd\/decretos-renovacao-de-cursos<\/a><\/a><\/p>\n\n\n\n<p><\/p>\n\n\n\n<p><strong>Grau<\/strong><br>Bacharel em Matem\u00e1tica<\/p>\n\n\n\n<p><\/p>\n\n\n\n<p><strong>C\u00f3digo\/Turno<\/strong><br>38 &#8211; Matutino<\/p>\n\n\n\n<p><\/p>\n\n\n\n<p><strong>Perfil do Profissional<\/strong><br>Os egressos do Curso de Matem\u00e1tica dever\u00e3o apresentar: forma\u00e7\u00e3o que o habilite a enfrentar os desafios das r\u00e1pidas transforma\u00e7\u00f5es da sociedade e das condi\u00e7\u00f5es do exerc\u00edcio profissional; preparo para a compreens\u00e3o e o trato da diversidade; capacidade de aprendizagem continuada e utiliza\u00e7\u00e3o de novas id\u00e9ias e tecnologias; h\u00e1bitos de colabora\u00e7\u00e3o e capacidade de trabalhar em equipe; capacidade criativa e curiosidade para buscar novos conhecimentos; vis\u00e3o da contribui\u00e7\u00e3o que a aprendizagem da Matem\u00e1tica pode oferecer \u00e0 forma\u00e7\u00e3o dos indiv\u00edduos para a constru\u00e7\u00e3o e o exerc\u00edcio de sua cidadania; capacidade de expressar-se com clareza, precis\u00e3o e objetividade, seja na linguagem corrente, seja na linguagem matem\u00e1tica; capacidade de compreens\u00e3o e utiliza\u00e7\u00e3o dos conhecimentos matem\u00e1ticos e de estabelecer rela\u00e7\u00f5es entre a Matem\u00e1tica e outras \u00e1reas do conhecimento; capacidade de analisar e interpretar dados, textos matem\u00e1ticos, elaborar modelos e resolver problemas, integrando os v\u00e1rios campos da Matem\u00e1tica e vis\u00e3o hist\u00f3rica e cr\u00edtica da Matem\u00e1tica, pelo conhecimento acerca do surgimento e evolu\u00e7\u00e3o dos conceitos e m\u00e9todos matem\u00e1ticos.<\/p>\n\n\n\n<p><\/p>\n\n\n\n<p><strong>Objetivos do Curso<\/strong><br>O Curso de Matem\u00e1tica deve preparar o profissional para sua inser\u00e7\u00e3o no mercado de trabalho, bem como para prosseguir seus estudos na p\u00f3s-gradua\u00e7\u00e3o, atrav\u00e9s do desenvolvimento da capacidade de: conhecer e compreender a vasta aplicabilidade da Matem\u00e1tica nas diversas \u00e1reas do conhecimento, inclusive na pr\u00f3pria Matem\u00e1tica, quando das interliga\u00e7\u00f5es dos conceitos; conhecer e compreender os aspectos hist\u00f3ricos da Matem\u00e1tica; compreender e estabelecer conceitos e argumenta\u00e7\u00f5es matem\u00e1ticas; avaliar criticamente textos matem\u00e1ticos, encontrar formas de express\u00e3o alternativas e desenvolver o pensamento criativo; opinar sobre o valor instrumental e formativo da Matem\u00e1tica; interpretar dados, elaborar modelos e resolver problemas, integrando os v\u00e1rios campos da Matem\u00e1tica.<\/p>\n\n\n\n<p><\/p>\n\n\n\n<p><strong>Campos de Atua\u00e7\u00e3o<\/strong><br>O campo de atua\u00e7\u00e3o principal do bacharel em Matem\u00e1tica se encontra nas universidades e centros de pesquisa, mas sua forma\u00e7\u00e3o tamb\u00e9m o habilita a atuar em \u00f3rg\u00e3os e empresas p\u00fablicas e privadas, ind\u00fastrias, bancos e em empresas de consultoria.<\/p>\n\n\n\n<p><\/p>\n\n\n\n<p><strong>Sistema<\/strong>&nbsp;<strong>Acad\u00eamico<\/strong><br>Cr\u00e9dito anual<\/p>\n\n\n\n<p><\/p>\n\n\n\n<p><strong>N.\u00ba<\/strong>&nbsp;<strong>de<\/strong>&nbsp;<strong>Estudantes por Turma<\/strong><br>30<\/p>\n\n\n\n<div style=\"height:30px\" aria-hidden=\"true\" class=\"wp-block-spacer\"><\/div>\n\n\n\n<h3 class=\"wp-block-heading\"><strong>Saiba Mais Sobre o Curso de Matem\u00e1tica \u2013 Bacharelado<\/strong><\/h3>\n\n\n\n<p><a href=\"https:\/\/sites.uel.br\/prograd\/wp-content\/uploads\/catalogo_cursos\/2018\/organizacao_curricular\/matematica_bacharelado_matutino.pdf\" target=\"_blank\" rel=\"noreferrer noopener\">Organiza\u00e7\u00e3o Curricular<\/a><\/p>\n\n\n\n<p><a href=\"https:\/\/sites.uel.br\/prograd\/wp-content\/uploads\/catalogo_cursos\/2018\/ementas\/matematica_bacharelado.pdf\" target=\"_blank\" rel=\"noreferrer noopener\">Ementas<\/a><\/p>\n\n\n\n<p><a href=\"https:\/\/sites.uel.br\/prograd\/wp-content\/uploads\/catalogo_cursos\/2018\/corpo_docente\/matematica.pdf\" target=\"_blank\" rel=\"noreferrer noopener\">Corpo Docente<\/a><\/p>\n\n\n\n<p><a href=\"https:\/\/sites.uel.br\/prograd\/wp-content\/uploads\/catalogo_cursos\/2018\/estrutura_recursos\/cce.pdf\" target=\"_blank\" rel=\"noreferrer noopener\">Estrutura\/Recursos<\/a><\/p>\n","protected":false},"excerpt":{"rendered":"<p>Matem\u00e1tica \u2013 Bacharelado Matem\u00e1ticaHabilita\u00e7\u00e3o:&nbsp;Bacharelado Cria\u00e7\u00e3oDecreto Estadual n.\u00ba 18.110, de 28.01.70 Implanta\u00e7\u00e3o do Curso na UEL01.03.70 ReconhecimentoDispon\u00edvel em:\u00a0sites.uel.br\/prograd\/decretos-renovacao-de-cursos GrauBacharel em Matem\u00e1tica C\u00f3digo\/Turno38 &#8211; Matutino Perfil do ProfissionalOs egressos do Curso de Matem\u00e1tica dever\u00e3o apresentar: forma\u00e7\u00e3o que o habilite a enfrentar os desafios das r\u00e1pidas transforma\u00e7\u00f5es da sociedade e das condi\u00e7\u00f5es do exerc\u00edcio profissional; preparo para a [&hellip;]<\/p>\n","protected":false},"author":8,"featured_media":0,"parent":0,"menu_order":0,"comment_status":"closed","ping_status":"closed","template":"","meta":{"_acf_changed":false,"_themeisle_gutenberg_block_has_review":false,"footnotes":""},"class_list":["post-7290","page","type-page","status-publish","hentry"],"acf":[],"_links":{"self":[{"href":"https:\/\/sites.uel.br\/prograd\/wp-json\/wp\/v2\/pages\/7290","targetHints":{"allow":["GET"]}}],"collection":[{"href":"https:\/\/sites.uel.br\/prograd\/wp-json\/wp\/v2\/pages"}],"about":[{"href":"https:\/\/sites.uel.br\/prograd\/wp-json\/wp\/v2\/types\/page"}],"author":[{"embeddable":true,"href":"https:\/\/sites.uel.br\/prograd\/wp-json\/wp\/v2\/users\/8"}],"replies":[{"embeddable":true,"href":"https:\/\/sites.uel.br\/prograd\/wp-json\/wp\/v2\/comments?post=7290"}],"version-history":[{"count":8,"href":"https:\/\/sites.uel.br\/prograd\/wp-json\/wp\/v2\/pages\/7290\/revisions"}],"predecessor-version":[{"id":29149,"href":"https:\/\/sites.uel.br\/prograd\/wp-json\/wp\/v2\/pages\/7290\/revisions\/29149"}],"wp:attachment":[{"href":"https:\/\/sites.uel.br\/prograd\/wp-json\/wp\/v2\/media?parent=7290"}],"curies":[{"name":"wp","href":"https:\/\/api.w.org\/{rel}","templated":true}]}}