{"id":7281,"date":"2023-06-06T11:22:53","date_gmt":"2023-06-06T14:22:53","guid":{"rendered":"https:\/\/sites.uel.br\/prograd\/?page_id=7281"},"modified":"2024-05-03T14:27:01","modified_gmt":"2024-05-03T17:27:01","slug":"catalogo-dos-cursos-de-graduacao-2018-letras-portugues","status":"publish","type":"page","link":"https:\/\/sites.uel.br\/prograd\/catalogo-dos-cursos-de-graduacao-2018-letras-portugues\/","title":{"rendered":"Cat\u00e1logo dos Cursos de Gradua\u00e7\u00e3o (2018)"},"content":{"rendered":"\n<hr class=\"wp-block-separator has-alpha-channel-opacity is-style-wide\"\/>\n\n\n\n<h2 class=\"wp-block-heading\">Letras Portugu\u00eas<\/h2>\n\n\n\n<p><strong>Cria\u00e7\u00e3o<\/strong><br>Resolu\u00e7\u00e3o n.\u00ba 100\/72, de 25.05.72<\/p>\n\n\n\n<p><\/p>\n\n\n\n<p><strong>Implanta\u00e7\u00e3o do Curso na UEL<\/strong><br>16.02.73<\/p>\n\n\n\n<p><\/p>\n\n\n\n<p><strong>Reconhecimento<\/strong><br>Dispon\u00edvel em:\u00a0<a href=\"http:\/\/www.uel.br\/prograd\/reconhecimento\" target=\"_blank\" rel=\"noreferrer noopener\"><a href=\"https:\/\/sites.uel.br\/prograd\/decretos-renovacao-de-cursos\/\">sites.uel.br\/prograd\/decretos-renovacao-de-cursos<\/a><\/a><\/p>\n\n\n\n<p><\/p>\n\n\n\n<p><strong>Grau<\/strong><br>Licenciado em Letras Portugu\u00eas<\/p>\n\n\n\n<p><\/p>\n\n\n\n<p><strong>C\u00f3digo\/Turno<\/strong><br>104 \u2013 Noturno; 105 &#8211; Vespertino<\/p>\n\n\n\n<p><\/p>\n\n\n\n<p><strong>Perfil do Profissional<\/strong><br>O profissional formado na Habilita\u00e7\u00e3o em L\u00edngua Portuguesa e Respectivas Literaturas dever\u00e1 ter habilidades investigativas diante de seu objeto de estudo e de pr\u00e1ticas educacionais, al\u00e9m de ser um profissional cr\u00edtico, comprometido com a \u00e9tica e que domine os recursos did\u00e1tico pedag\u00f3gicos e tecnol\u00f3gicos voltados para pr\u00e1ticas democr\u00e1ticas de educa\u00e7\u00e3o.<\/p>\n\n\n\n<p><\/p>\n\n\n\n<p><strong>Objetivos do Curso<\/strong><br>Formar professores para atuar nas \u00e1reas de L\u00edngua Portuguesa e Literaturas de L\u00edngua Portuguesa, no Ensino Fundamental e M\u00e9dio, capazes de aliar a forma\u00e7\u00e3o te\u00f3rica com a pr\u00e1tica profissional, de forma cr\u00edtica e reflexiva.<\/p>\n\n\n\n<p><\/p>\n\n\n\n<p><strong>Campos de Atua\u00e7\u00e3o<\/strong><br>\u00c1rea do magist\u00e9rio como professor de Portugu\u00eas e de Literaturas de L\u00edngua Portuguesa no ensino fundamental e m\u00e9dio; \u00e1rea de assessoria e consultoria a institui\u00e7\u00f5es promotoras de Lingu\u00edstica, Literatura e Artes; \u00e1rea de editoria de materiais lingu\u00edstico-liter\u00e1rios; \u00e1rea de elabora\u00e7\u00e3o de projetos de alfabetiza\u00e7\u00e3o e produ\u00e7\u00e3o de materiais did\u00e1ticos de l\u00edngua materna; \u00e1rea de pesquisa em estudos lingu\u00edsticos e liter\u00e1rios.<\/p>\n\n\n\n<p><\/p>\n\n\n\n<p><strong>Dura\u00e7\u00e3o<\/strong><br>M\u00ednima: 4 anos M\u00e1xima: 8 anos<\/p>\n\n\n\n<p><\/p>\n\n\n\n<p><strong>Sistema<\/strong>&nbsp;<strong>Acad\u00eamico<\/strong><br>Cr\u00e9dito Anual<\/p>\n\n\n\n<p><\/p>\n\n\n\n<p><strong>N.\u00ba<\/strong>&nbsp;<strong>de<\/strong>&nbsp;<strong>Estudantes por Turma<\/strong><br>Vespertino: 60 &#8211; Noturno: 60<\/p>\n\n\n\n<div style=\"height:30px\" aria-hidden=\"true\" class=\"wp-block-spacer\"><\/div>\n\n\n\n<h3 class=\"wp-block-heading\"><strong>Saiba Mais Sobre o Curso de Letras Portugu\u00eas<\/strong><\/h3>\n\n\n\n<p>Organiza\u00e7\u00e3o Curricular<br>(<a href=\"https:\/\/sites.uel.br\/prograd\/wp-content\/uploads\/catalogo_cursos\/2018\/organizacao_curricular\/letras_lingua_portuguesa_vespertino.pdf\" target=\"_blank\" rel=\"noreferrer noopener\">Vespertino<\/a>) (<a href=\"https:\/\/sites.uel.br\/prograd\/wp-content\/uploads\/catalogo_cursos\/2018\/organizacao_curricular\/letras_lingua_portuguesa_noturno.pdf\" target=\"_blank\" rel=\"noreferrer noopener\">Noturno<\/a>)<\/p>\n\n\n\n<p>Ementas<br>(<a href=\"https:\/\/sites.uel.br\/prograd\/wp-content\/uploads\/catalogo_cursos\/2018\/ementas\/letras_lingua_portuguesa_licenciatura_vespertino.pdf\" target=\"_blank\" rel=\"noreferrer noopener\">Vespertino<\/a>) (<a href=\"https:\/\/sites.uel.br\/prograd\/wp-content\/uploads\/catalogo_cursos\/2018\/ementas\/letras_lingua_portuguesa_licenciatura_noturno.pdf\" target=\"_blank\" rel=\"noreferrer noopener\">Noturno<\/a>)<\/p>\n\n\n\n<p><a href=\"https:\/\/sites.uel.br\/prograd\/wp-content\/uploads\/catalogo_cursos\/2018\/corpo_docente\/letras_lingua_portuguesa.pdf\" target=\"_blank\" rel=\"noreferrer noopener\">Corpo Docente<\/a><\/p>\n\n\n\n<p><a href=\"https:\/\/sites.uel.br\/prograd\/wp-content\/uploads\/catalogo_cursos\/2018\/estrutura_recursos\/clch.pdf\" target=\"_blank\" rel=\"noreferrer noopener\">Estrutura\/Recursos<\/a><\/p>\n","protected":false},"excerpt":{"rendered":"<p>Letras Portugu\u00eas Cria\u00e7\u00e3oResolu\u00e7\u00e3o n.\u00ba 100\/72, de 25.05.72 Implanta\u00e7\u00e3o do Curso na UEL16.02.73 ReconhecimentoDispon\u00edvel em:\u00a0sites.uel.br\/prograd\/decretos-renovacao-de-cursos GrauLicenciado em Letras Portugu\u00eas C\u00f3digo\/Turno104 \u2013 Noturno; 105 &#8211; Vespertino Perfil do ProfissionalO profissional formado na Habilita\u00e7\u00e3o em L\u00edngua Portuguesa e Respectivas Literaturas dever\u00e1 ter habilidades investigativas diante de seu objeto de estudo e de pr\u00e1ticas educacionais, al\u00e9m de ser um [&hellip;]<\/p>\n","protected":false},"author":8,"featured_media":0,"parent":0,"menu_order":0,"comment_status":"closed","ping_status":"closed","template":"","meta":{"_acf_changed":false,"_themeisle_gutenberg_block_has_review":false,"footnotes":""},"class_list":["post-7281","page","type-page","status-publish","hentry"],"acf":[],"_links":{"self":[{"href":"https:\/\/sites.uel.br\/prograd\/wp-json\/wp\/v2\/pages\/7281","targetHints":{"allow":["GET"]}}],"collection":[{"href":"https:\/\/sites.uel.br\/prograd\/wp-json\/wp\/v2\/pages"}],"about":[{"href":"https:\/\/sites.uel.br\/prograd\/wp-json\/wp\/v2\/types\/page"}],"author":[{"embeddable":true,"href":"https:\/\/sites.uel.br\/prograd\/wp-json\/wp\/v2\/users\/8"}],"replies":[{"embeddable":true,"href":"https:\/\/sites.uel.br\/prograd\/wp-json\/wp\/v2\/comments?post=7281"}],"version-history":[{"count":8,"href":"https:\/\/sites.uel.br\/prograd\/wp-json\/wp\/v2\/pages\/7281\/revisions"}],"predecessor-version":[{"id":29147,"href":"https:\/\/sites.uel.br\/prograd\/wp-json\/wp\/v2\/pages\/7281\/revisions\/29147"}],"wp:attachment":[{"href":"https:\/\/sites.uel.br\/prograd\/wp-json\/wp\/v2\/media?parent=7281"}],"curies":[{"name":"wp","href":"https:\/\/api.w.org\/{rel}","templated":true}]}}