{"id":7271,"date":"2023-06-06T11:21:40","date_gmt":"2023-06-06T14:21:40","guid":{"rendered":"https:\/\/sites.uel.br\/prograd\/?page_id=7271"},"modified":"2024-05-03T14:45:36","modified_gmt":"2024-05-03T17:45:36","slug":"catalogo-dos-cursos-de-graduacao-2019-letras-ingles","status":"publish","type":"page","link":"https:\/\/sites.uel.br\/prograd\/catalogo-dos-cursos-de-graduacao-2019-letras-ingles\/","title":{"rendered":"Cat\u00e1logo dos Cursos de Gradua\u00e7\u00e3o (2019)"},"content":{"rendered":"\n<hr class=\"wp-block-separator has-alpha-channel-opacity is-style-wide\"\/>\n\n\n\n<h2 class=\"wp-block-heading\">Letras Ingl\u00eas<\/h2>\n\n\n\n<p><strong>Cria\u00e7\u00e3o<\/strong>&nbsp;<br>Resolu\u00e7\u00e3o CEPE n\u00ba 362\/2005<\/p>\n\n\n\n<p><\/p>\n\n\n\n<p><strong>Implanta\u00e7\u00e3o do Curso na UEL<\/strong>&nbsp;<br>06.03.2006<\/p>\n\n\n\n<p><\/p>\n\n\n\n<p><strong>Reconhecimento<\/strong>&nbsp;<br>Decreto Estadual n\u00ba 6290, de 01\/03\/2017<\/p>\n\n\n\n<p><\/p>\n\n\n\n<p><strong>Ano de implanta\u00e7\u00e3o do curr\u00edculo em vigor<\/strong><br>2019<\/p>\n\n\n\n<p><\/p>\n\n\n\n<p><strong>Grau<\/strong>&nbsp;<br>Licenciado em Letras Ingl\u00eas<\/p>\n\n\n\n<p><\/p>\n\n\n\n<p><strong>C\u00f3digo\/Turno<\/strong>&nbsp;<br>106 &#8211; Noturno<\/p>\n\n\n\n<p><\/p>\n\n\n\n<p><strong>Perfil do Profissional<\/strong><br>O Curso de Gradua\u00e7\u00e3o em Letras, Modalidade: Licenciatura, Habilita\u00e7\u00e3o: Licenciatura em L\u00edngua Inglesa e Literaturas em L\u00edngua Inglesa busca formar profissionais interculturalmente competentes e eticamente respons\u00e1veis, capazes de lidar, de forma cr\u00edtica, com as linguagens, especialmente a verbal, nos contextos oral e escrito, e conscientes de sua inser\u00e7\u00e3o na sociedade e das rela\u00e7\u00f5es com o outro.<\/p>\n\n\n\n<p><\/p>\n\n\n\n<p><strong>Objetivo do Curso<\/strong><br>O Curso de Gradua\u00e7\u00e3o em Letras, Licenciatura, L\u00edngua Inglesa e Literaturas em L\u00edngua Inglesa tem por objetivo formar professores para atuar nas \u00e1reas de L\u00edngua Inglesa e Literaturas de L\u00edngua Inglesa, no Ensino Fundamental e M\u00e9dio, capazes de aliarem a forma\u00e7\u00e3o te\u00f3rica com a pr\u00e1tica profissional, de forma cr\u00edtica e reflexiva.<\/p>\n\n\n\n<p><\/p>\n\n\n\n<p><strong>Campos de Atua\u00e7\u00e3o<\/strong><br>Institui\u00e7\u00f5es de Ensino Fundamental e M\u00e9dio da rede p\u00fablica e privada; escolas de idiomas.<\/p>\n\n\n\n<p><\/p>\n\n\n\n<p><strong>Sistema<\/strong>&nbsp;<strong>Acad\u00eamico<\/strong>&nbsp;<br>Seriado Anual<\/p>\n\n\n\n<p><\/p>\n\n\n\n<p><strong>N.\u00ba<\/strong>&nbsp;<strong>de<\/strong>&nbsp;<strong>Estudantes por Turma<\/strong>&nbsp;<br>40<\/p>\n\n\n\n<div style=\"height:30px\" aria-hidden=\"true\" class=\"wp-block-spacer\"><\/div>\n\n\n\n<h3 class=\"wp-block-heading\"><strong>Saiba Mais Sobre o Curso de Letras Ingl\u00eas<\/strong><\/h3>\n\n\n\n<p><a href=\"https:\/\/sites.uel.br\/prograd\/wp-content\/uploads\/catalogo_cursos\/2019\/organizacao_curricular\/letras_lingua_inglesa_noturno.pdf\" target=\"_blank\" rel=\"noreferrer noopener\">Organiza\u00e7\u00e3o Curricular<\/a><\/p>\n\n\n\n<p><a href=\"https:\/\/sites.uel.br\/prograd\/wp-content\/uploads\/catalogo_cursos\/2019\/ementas\/letras_lingua_inglesa_noturno.pdf\" target=\"_blank\" rel=\"noreferrer noopener\">Ementas<\/a><\/p>\n\n\n\n<p><a href=\"https:\/\/sites.uel.br\/prograd\/wp-content\/uploads\/catalogo_cursos\/2019\/corpo_docente\/letras_lingua_inglesa.pdf\" target=\"_blank\" rel=\"noreferrer noopener\">Corpo Docente<\/a><\/p>\n\n\n\n<p><a href=\"https:\/\/sites.uel.br\/prograd\/wp-content\/uploads\/catalogo_cursos\/2019\/estrutura_recursos\/clch.pdf\" target=\"_blank\" rel=\"noreferrer noopener\">Estrutura\/Recursos<\/a><\/p>\n","protected":false},"excerpt":{"rendered":"<p>Letras Ingl\u00eas Cria\u00e7\u00e3o&nbsp;Resolu\u00e7\u00e3o CEPE n\u00ba 362\/2005 Implanta\u00e7\u00e3o do Curso na UEL&nbsp;06.03.2006 Reconhecimento&nbsp;Decreto Estadual n\u00ba 6290, de 01\/03\/2017 Ano de implanta\u00e7\u00e3o do curr\u00edculo em vigor2019 Grau&nbsp;Licenciado em Letras Ingl\u00eas C\u00f3digo\/Turno&nbsp;106 &#8211; Noturno Perfil do ProfissionalO Curso de Gradua\u00e7\u00e3o em Letras, Modalidade: Licenciatura, Habilita\u00e7\u00e3o: Licenciatura em L\u00edngua Inglesa e Literaturas em L\u00edngua Inglesa busca formar profissionais interculturalmente [&hellip;]<\/p>\n","protected":false},"author":8,"featured_media":0,"parent":0,"menu_order":0,"comment_status":"closed","ping_status":"closed","template":"","meta":{"_acf_changed":false,"_themeisle_gutenberg_block_has_review":false,"footnotes":""},"class_list":["post-7271","page","type-page","status-publish","hentry"],"acf":[],"_links":{"self":[{"href":"https:\/\/sites.uel.br\/prograd\/wp-json\/wp\/v2\/pages\/7271","targetHints":{"allow":["GET"]}}],"collection":[{"href":"https:\/\/sites.uel.br\/prograd\/wp-json\/wp\/v2\/pages"}],"about":[{"href":"https:\/\/sites.uel.br\/prograd\/wp-json\/wp\/v2\/types\/page"}],"author":[{"embeddable":true,"href":"https:\/\/sites.uel.br\/prograd\/wp-json\/wp\/v2\/users\/8"}],"replies":[{"embeddable":true,"href":"https:\/\/sites.uel.br\/prograd\/wp-json\/wp\/v2\/comments?post=7271"}],"version-history":[{"count":6,"href":"https:\/\/sites.uel.br\/prograd\/wp-json\/wp\/v2\/pages\/7271\/revisions"}],"predecessor-version":[{"id":29201,"href":"https:\/\/sites.uel.br\/prograd\/wp-json\/wp\/v2\/pages\/7271\/revisions\/29201"}],"wp:attachment":[{"href":"https:\/\/sites.uel.br\/prograd\/wp-json\/wp\/v2\/media?parent=7271"}],"curies":[{"name":"wp","href":"https:\/\/api.w.org\/{rel}","templated":true}]}}