{"id":7263,"date":"2023-06-06T11:20:24","date_gmt":"2023-06-06T14:20:24","guid":{"rendered":"https:\/\/sites.uel.br\/prograd\/?page_id=7263"},"modified":"2024-05-03T14:26:46","modified_gmt":"2024-05-03T17:26:46","slug":"catalogo-dos-cursos-de-graduacao-2018-letras-frances","status":"publish","type":"page","link":"https:\/\/sites.uel.br\/prograd\/catalogo-dos-cursos-de-graduacao-2018-letras-frances\/","title":{"rendered":"Cat\u00e1logo dos Cursos de Gradua\u00e7\u00e3o (2018)"},"content":{"rendered":"\n<hr class=\"wp-block-separator has-alpha-channel-opacity is-style-wide\"\/>\n\n\n\n<h2 class=\"wp-block-heading\">Letras Franc\u00eas<\/h2>\n\n\n\n<p><strong>Letras Franc\u00eas<\/strong><br>Bacharelado em L\u00edngua e Cultura Francesas<\/p>\n\n\n\n<p><\/p>\n\n\n\n<p><strong>Cria\u00e7\u00e3o<\/strong><br>Resolu\u00e7\u00e3o n.\u00ba 100\/72, de 25.05.72<\/p>\n\n\n\n<p><\/p>\n\n\n\n<p><strong>Cria\u00e7\u00e3o da Habilita\u00e7\u00e3o<\/strong><br>Resolu\u00e7\u00e3o CEPE\/CA n\u00ba 0110\/2009<\/p>\n\n\n\n<p><\/p>\n\n\n\n<p><strong>Implanta\u00e7\u00e3o do Curso na UEL<\/strong><br>11\/01\/2010<\/p>\n\n\n\n<p><\/p>\n\n\n\n<p><strong>Reconhecimento<\/strong><br>Dispon\u00edvel em:\u00a0<a href=\"http:\/\/www.uel.br\/prograd\/reconhecimento\" target=\"_blank\" rel=\"noreferrer noopener\"><a href=\"https:\/\/sites.uel.br\/prograd\/decretos-renovacao-de-cursos\/\">sites.uel.br\/prograd\/decretos-renovacao-de-cursos<\/a><\/a><\/p>\n\n\n\n<p><\/p>\n\n\n\n<p><strong>Grau<\/strong><br>Bacharel em Letras Franc\u00eas, L\u00edngua e Cultura Francesas<\/p>\n\n\n\n<p><\/p>\n\n\n\n<p><strong>C\u00f3digo\/Turno<\/strong><br>110 &#8211; Noturno<\/p>\n\n\n\n<p><\/p>\n\n\n\n<p><strong>Perfil do Profissional<\/strong><br>O concluinte do curso de Bacharelado em L\u00edngua e Cultura Francesas dever\u00e1 ser de um profissional com desenvolvida compet\u00eancia lingu\u00edstica para a comunica\u00e7\u00e3o oral e escrita e para a atividade tradut\u00f3ria; habilidade investigativa de temas correlacionados \u00e0 l\u00edngua, tradu\u00e7\u00e3o, literaturas, culturas e civiliza\u00e7\u00f5es franc\u00f3fonas; conhecimentos em estudos liter\u00e1rios, manifesta\u00e7\u00f5es art\u00edsticas, filos\u00f3ficas, sociais e pol\u00edtico-hist\u00f3ricas de express\u00e3o francesa. Al\u00e9m disso, dever\u00e1 ser preparado para exercer a reflex\u00e3o cr\u00edtico-construtiva sobre culturas e civiliza\u00e7\u00f5es de express\u00e3o francesa para interc\u00e2mbios culturais e cient\u00edficos e a promo\u00e7\u00e3o da expans\u00e3o do franc\u00eas como l\u00edngua estrangeira na sociedade e seu papel nas rela\u00e7\u00f5es interculturais.<\/p>\n\n\n\n<p><\/p>\n\n\n\n<p><strong>Objetivos do Curso<\/strong><br>Promover uma s\u00f3lida forma\u00e7\u00e3o em l\u00edngua e cultura francesas, para que estas sejam seus objetos de trabalho, principalmente na \u00e1rea da linguagem, ou instrumentos complementares para maior desenvoltura em outros campos de atua\u00e7\u00e3o.<\/p>\n\n\n\n<p><\/p>\n\n\n\n<p><strong>Dura\u00e7\u00e3o<\/strong><br>M\u00ednima: 4 anos M\u00e1xima: 8 anos<\/p>\n\n\n\n<p><\/p>\n\n\n\n<p><strong>Sistema<\/strong>&nbsp;<strong>Acad\u00eamico<\/strong><br>Seriado anual<\/p>\n\n\n\n<p><\/p>\n\n\n\n<p><strong>N.\u00ba<\/strong>&nbsp;<strong>de<\/strong>&nbsp;<strong>Estudantes por Turma<\/strong><br>20<\/p>\n\n\n\n<div style=\"height:30px\" aria-hidden=\"true\" class=\"wp-block-spacer\"><\/div>\n\n\n\n<h3 class=\"wp-block-heading\">Saiba Mais Sobre o Curso de Letras Franc\u00eas<\/h3>\n\n\n\n<p><a href=\"https:\/\/sites.uel.br\/prograd\/wp-content\/uploads\/catalogo_cursos\/2018\/organizacao_curricular\/letras_lingua_cultura_francesas.pdf\" target=\"_blank\" rel=\"noreferrer noopener\">Organiza\u00e7\u00e3o Curricular<\/a><\/p>\n\n\n\n<p><a href=\"https:\/\/sites.uel.br\/prograd\/wp-content\/uploads\/catalogo_cursos\/2018\/ementas\/letras_lingua_cultura_francesas.pdf\" target=\"_blank\" rel=\"noreferrer noopener\">Ementas<\/a><\/p>\n\n\n\n<p><a href=\"https:\/\/sites.uel.br\/prograd\/wp-content\/uploads\/catalogo_cursos\/2018\/corpo_docente\/letras_lingua_cultura_francesas.pdf\" target=\"_blank\" rel=\"noreferrer noopener\">Corpo Docente<\/a><\/p>\n\n\n\n<p><a href=\"https:\/\/sites.uel.br\/prograd\/wp-content\/uploads\/catalogo_cursos\/2018\/estrutura_recursos\/clch.pdf\" target=\"_blank\" rel=\"noreferrer noopener\">Estrutura\/Recursos<\/a><\/p>\n","protected":false},"excerpt":{"rendered":"<p>Letras Franc\u00eas Letras Franc\u00easBacharelado em L\u00edngua e Cultura Francesas Cria\u00e7\u00e3oResolu\u00e7\u00e3o n.\u00ba 100\/72, de 25.05.72 Cria\u00e7\u00e3o da Habilita\u00e7\u00e3oResolu\u00e7\u00e3o CEPE\/CA n\u00ba 0110\/2009 Implanta\u00e7\u00e3o do Curso na UEL11\/01\/2010 ReconhecimentoDispon\u00edvel em:\u00a0sites.uel.br\/prograd\/decretos-renovacao-de-cursos GrauBacharel em Letras Franc\u00eas, L\u00edngua e Cultura Francesas C\u00f3digo\/Turno110 &#8211; Noturno Perfil do ProfissionalO concluinte do curso de Bacharelado em L\u00edngua e Cultura Francesas dever\u00e1 ser de um [&hellip;]<\/p>\n","protected":false},"author":8,"featured_media":0,"parent":0,"menu_order":0,"comment_status":"closed","ping_status":"closed","template":"","meta":{"_acf_changed":false,"_themeisle_gutenberg_block_has_review":false,"footnotes":""},"class_list":["post-7263","page","type-page","status-publish","hentry"],"acf":[],"_links":{"self":[{"href":"https:\/\/sites.uel.br\/prograd\/wp-json\/wp\/v2\/pages\/7263","targetHints":{"allow":["GET"]}}],"collection":[{"href":"https:\/\/sites.uel.br\/prograd\/wp-json\/wp\/v2\/pages"}],"about":[{"href":"https:\/\/sites.uel.br\/prograd\/wp-json\/wp\/v2\/types\/page"}],"author":[{"embeddable":true,"href":"https:\/\/sites.uel.br\/prograd\/wp-json\/wp\/v2\/users\/8"}],"replies":[{"embeddable":true,"href":"https:\/\/sites.uel.br\/prograd\/wp-json\/wp\/v2\/comments?post=7263"}],"version-history":[{"count":8,"href":"https:\/\/sites.uel.br\/prograd\/wp-json\/wp\/v2\/pages\/7263\/revisions"}],"predecessor-version":[{"id":29145,"href":"https:\/\/sites.uel.br\/prograd\/wp-json\/wp\/v2\/pages\/7263\/revisions\/29145"}],"wp:attachment":[{"href":"https:\/\/sites.uel.br\/prograd\/wp-json\/wp\/v2\/media?parent=7263"}],"curies":[{"name":"wp","href":"https:\/\/api.w.org\/{rel}","templated":true}]}}