{"id":7254,"date":"2023-06-06T11:19:06","date_gmt":"2023-06-06T14:19:06","guid":{"rendered":"https:\/\/sites.uel.br\/prograd\/?page_id=7254"},"modified":"2024-05-03T14:26:38","modified_gmt":"2024-05-03T17:26:38","slug":"catalogo-dos-cursos-de-graduacao-2018-letras-espanhol","status":"publish","type":"page","link":"https:\/\/sites.uel.br\/prograd\/catalogo-dos-cursos-de-graduacao-2018-letras-espanhol\/","title":{"rendered":"Cat\u00e1logo dos Cursos de Gradua\u00e7\u00e3o (2018)"},"content":{"rendered":"\n<hr class=\"wp-block-separator has-alpha-channel-opacity is-style-wide\"\/>\n\n\n\n<h2 class=\"wp-block-heading\">Letras Espanhol<\/h2>\n\n\n\n<p><strong>Letras Espanhol<\/strong><br><strong>Licenciatura em L\u00edngua Espanhola e Literatura Hisp\u00e2nica<\/strong><\/p>\n\n\n\n<p><\/p>\n\n\n\n<p><strong>Cria\u00e7\u00e3o<\/strong><br>Resolu\u00e7\u00e3o n.\u00ba 100\/72, de 25.05.72<\/p>\n\n\n\n<p><\/p>\n\n\n\n<p><strong>Cria\u00e7\u00e3o da Habilita\u00e7\u00e3o<\/strong><br>Resolu\u00e7\u00e3o CEPE n\u00ba 364\/2005<\/p>\n\n\n\n<p><\/p>\n\n\n\n<p><strong>Implanta\u00e7\u00e3o do Curso na UEL<\/strong><br>10\/01\/2006<\/p>\n\n\n\n<p><\/p>\n\n\n\n<p><strong>Reconhecimento<\/strong><br>Dispon\u00edvel em:\u00a0<a href=\"http:\/\/www.uel.br\/prograd\/reconhecimento\" target=\"_blank\" rel=\"noreferrer noopener\"><a href=\"https:\/\/sites.uel.br\/prograd\/decretos-renovacao-de-cursos\/\">sites.uel.br\/prograd\/decretos-renovacao-de-cursos<\/a><\/a><\/p>\n\n\n\n<p><\/p>\n\n\n\n<p><strong>Grau<\/strong><br>Licenciado em Letras Espanhol, Habilita\u00e7\u00e3o: L\u00edngua Espanhola e Literatura Hisp\u00e2nica<\/p>\n\n\n\n<p><\/p>\n\n\n\n<p><strong>C\u00f3digo\/Turno<\/strong><br>108 \u2013 Noturno; 109 &#8211; Vespertino<\/p>\n\n\n\n<p><\/p>\n\n\n\n<p><strong>Perfil do Profissional<\/strong><br>O Curso de Gradua\u00e7\u00e3o em Letras Espanhol, Licenciatura em L\u00edngua Espanhola e Literatura Hisp\u00e2nica busca formar professores cr\u00edticos e comprometidos com a \u00e9tica, com dom\u00ednio de recursos did\u00e1tico-pedag\u00f3gicos e tecnol\u00f3gicos voltados para pr\u00e1ticas democr\u00e1ticas da educa\u00e7\u00e3o e com habilidades investigativas diante de seu objeto de estudo e de pr\u00e1ticas educacionais.<\/p>\n\n\n\n<p><\/p>\n\n\n\n<p><strong>Objetivos do Curso<\/strong><br>O Curso de Gradua\u00e7\u00e3o em Letras Espanhol, Licenciatura em L\u00edngua Espanhola e Literatura Hisp\u00e2nica tem por objetivo formar professores para atuar nas \u00e1reas de L\u00edngua Espanhola e Literaturas de L\u00edngua Espanhola, no Ensino Fundamental e M\u00e9dio, capazes de aliarem a forma\u00e7\u00e3o te\u00f3rica com a pr\u00e1tica profissional, de forma cr\u00edtica e reflexiva.<\/p>\n\n\n\n<p><\/p>\n\n\n\n<p><strong>Campos de Atua\u00e7\u00e3o<\/strong><br>Institui\u00e7\u00f5es de Ensino Fundamental e M\u00e9dio da rede p\u00fablica e privada; escolas de idiomas.<\/p>\n\n\n\n<p><\/p>\n\n\n\n<p><strong>Dura\u00e7\u00e3o<\/strong><br>M\u00ednima: 4 anos M\u00e1xima: 8 anos<\/p>\n\n\n\n<p><\/p>\n\n\n\n<p><strong>Sistema<\/strong>&nbsp;<strong>Acad\u00eamico<\/strong><br>Seriado anual<\/p>\n\n\n\n<p><\/p>\n\n\n\n<p><strong>N.\u00ba<\/strong>&nbsp;<strong>de<\/strong>&nbsp;<strong>Estudantes por Turma<\/strong><br>Noturno: 20 &#8211; Vespertino: 20<\/p>\n\n\n\n<div style=\"height:30px\" aria-hidden=\"true\" class=\"wp-block-spacer\"><\/div>\n\n\n\n<h3 class=\"wp-block-heading\"><strong>Saiba Mais Sobre o Curso de Letras Espanhol<\/strong><\/h3>\n\n\n\n<p>Organiza\u00e7\u00e3o Curricular<br>(<a href=\"https:\/\/sites.uel.br\/prograd\/wp-content\/uploads\/catalogo_cursos\/2018\/organizacao_curricular\/letras_lingua_espanhola_vespertino.pdf\" target=\"_blank\" rel=\"noreferrer noopener\">Vespertino<\/a>) (<a href=\"https:\/\/sites.uel.br\/prograd\/wp-content\/uploads\/catalogo_cursos\/2018\/organizacao_curricular\/letras_lingua_espanhola_noturno.pdf\" target=\"_blank\" rel=\"noreferrer noopener\">Noturno<\/a>)<\/p>\n\n\n\n<p>Ementas<br>(<a href=\"https:\/\/sites.uel.br\/prograd\/wp-content\/uploads\/catalogo_cursos\/2018\/ementas\/letras_lingua_espanhola_vespertino.pdf\" target=\"_blank\" rel=\"noreferrer noopener\">Vespertino<\/a>) (<a href=\"https:\/\/sites.uel.br\/prograd\/wp-content\/uploads\/catalogo_cursos\/2018\/ementas\/letras_lingua_espanhola_noturno.pdf\" target=\"_blank\" rel=\"noreferrer noopener\">Noturno<\/a>)<\/p>\n\n\n\n<p><a href=\"https:\/\/sites.uel.br\/prograd\/wp-content\/uploads\/catalogo_cursos\/indisponivel.pdf\" target=\"_blank\" rel=\"noreferrer noopener\">Corpo Docente<\/a><\/p>\n\n\n\n<p><a href=\"https:\/\/sites.uel.br\/prograd\/wp-content\/uploads\/catalogo_cursos\/2018\/estrutura_recursos\/clch.pdf\" target=\"_blank\" rel=\"noreferrer noopener\">Estrutura\/Recursos<\/a><\/p>\n","protected":false},"excerpt":{"rendered":"<p>Letras Espanhol Letras EspanholLicenciatura em L\u00edngua Espanhola e Literatura Hisp\u00e2nica Cria\u00e7\u00e3oResolu\u00e7\u00e3o n.\u00ba 100\/72, de 25.05.72 Cria\u00e7\u00e3o da Habilita\u00e7\u00e3oResolu\u00e7\u00e3o CEPE n\u00ba 364\/2005 Implanta\u00e7\u00e3o do Curso na UEL10\/01\/2006 ReconhecimentoDispon\u00edvel em:\u00a0sites.uel.br\/prograd\/decretos-renovacao-de-cursos GrauLicenciado em Letras Espanhol, Habilita\u00e7\u00e3o: L\u00edngua Espanhola e Literatura Hisp\u00e2nica C\u00f3digo\/Turno108 \u2013 Noturno; 109 &#8211; Vespertino Perfil do ProfissionalO Curso de Gradua\u00e7\u00e3o em Letras Espanhol, Licenciatura em [&hellip;]<\/p>\n","protected":false},"author":8,"featured_media":0,"parent":0,"menu_order":0,"comment_status":"closed","ping_status":"closed","template":"","meta":{"_acf_changed":false,"_themeisle_gutenberg_block_has_review":false,"footnotes":""},"class_list":["post-7254","page","type-page","status-publish","hentry"],"acf":[],"_links":{"self":[{"href":"https:\/\/sites.uel.br\/prograd\/wp-json\/wp\/v2\/pages\/7254","targetHints":{"allow":["GET"]}}],"collection":[{"href":"https:\/\/sites.uel.br\/prograd\/wp-json\/wp\/v2\/pages"}],"about":[{"href":"https:\/\/sites.uel.br\/prograd\/wp-json\/wp\/v2\/types\/page"}],"author":[{"embeddable":true,"href":"https:\/\/sites.uel.br\/prograd\/wp-json\/wp\/v2\/users\/8"}],"replies":[{"embeddable":true,"href":"https:\/\/sites.uel.br\/prograd\/wp-json\/wp\/v2\/comments?post=7254"}],"version-history":[{"count":10,"href":"https:\/\/sites.uel.br\/prograd\/wp-json\/wp\/v2\/pages\/7254\/revisions"}],"predecessor-version":[{"id":29144,"href":"https:\/\/sites.uel.br\/prograd\/wp-json\/wp\/v2\/pages\/7254\/revisions\/29144"}],"wp:attachment":[{"href":"https:\/\/sites.uel.br\/prograd\/wp-json\/wp\/v2\/media?parent=7254"}],"curies":[{"name":"wp","href":"https:\/\/api.w.org\/{rel}","templated":true}]}}