{"id":7244,"date":"2023-06-06T11:06:53","date_gmt":"2023-06-06T14:06:53","guid":{"rendered":"https:\/\/sites.uel.br\/prograd\/?page_id=7244"},"modified":"2024-05-03T14:45:14","modified_gmt":"2024-05-03T17:45:14","slug":"catalogo-dos-cursos-de-graduacao-2019-jornalismo","status":"publish","type":"page","link":"https:\/\/sites.uel.br\/prograd\/catalogo-dos-cursos-de-graduacao-2019-jornalismo\/","title":{"rendered":"Cat\u00e1logo dos Cursos de Gradua\u00e7\u00e3o (2019)"},"content":{"rendered":"\n<hr class=\"wp-block-separator has-alpha-channel-opacity is-style-wide\"\/>\n\n\n\n<h2 class=\"wp-block-heading\">Jornalismo<\/h2>\n\n\n\n<p><strong>Cria\u00e7\u00e3o<\/strong>&nbsp;<br>Resolu\u00e7\u00e3o n.\u00ba 202, de 15.12.73<\/p>\n\n\n\n<p><\/p>\n\n\n\n<p><strong>Implanta\u00e7\u00e3o do Curso na UEL<\/strong>&nbsp;<br>01.08.74<\/p>\n\n\n\n<p><\/p>\n\n\n\n<p><strong>Reconhecimento<\/strong>&nbsp;<br>Decreto Estadual n\u00ba 5851, de 03\/01\/2017<\/p>\n\n\n\n<p><\/p>\n\n\n\n<p><strong>Ano de implanta\u00e7\u00e3o do curr\u00edculo em vigor<\/strong><br>2016<\/p>\n\n\n\n<p><\/p>\n\n\n\n<p><strong>Grau<\/strong>&nbsp;<br>Bacharel em Jornalismo<\/p>\n\n\n\n<p><\/p>\n\n\n\n<p><strong>C\u00f3digo\/Turno<\/strong>&nbsp;<br>111 &#8211; Matutino \/ 112 &#8211; Noturno<\/p>\n\n\n\n<p><\/p>\n\n\n\n<p><strong>Perfil do Profissional<\/strong><br>O profissional de Jornalismo deve estar apto a desenvolver as seguintes atividades: Reportagem (para ve\u00edculos impressos e eletr\u00f4nicos), reportagem fotogr\u00e1fica, diagrama\u00e7\u00e3o, reda\u00e7\u00e3o, edi\u00e7\u00e3o (t\u00edtulo, legendas, adequa\u00e7\u00e3o de mat\u00e9ria jornal\u00edstica visando publica\u00e7\u00e3o), coordena\u00e7\u00e3o de equipes de cobertura, produ\u00e7\u00e3o e edi\u00e7\u00e3o de artigos, cr\u00f4nicas e coment\u00e1rios, titula\u00e7\u00e3o, interpreta\u00e7\u00e3o, corre\u00e7\u00e3o e coordena\u00e7\u00e3o de mat\u00e9ria a ser divulgada; entrevista e reportagem; planejamento; organiza\u00e7\u00e3o e dire\u00e7\u00e3o de servi\u00e7os t\u00e9cnicos de jornalismo; revis\u00e3o de originais; organiza\u00e7\u00e3o e conserva\u00e7\u00e3o de arquivo jornal\u00edstico e de pesquisa; diagrama\u00e7\u00e3o; execu\u00e7\u00e3o de pesquisa em comunica\u00e7\u00e3o; ensino da Comunica\u00e7\u00e3o Social\/Jornalismo.<\/p>\n\n\n\n<p><\/p>\n\n\n\n<p><strong>Objetivo do Curso<\/strong><br>Formar profissionais que desenvolvam a comunica\u00e7\u00e3o como pr\u00e1tica social, utilizando-se da reflex\u00e3o te\u00f3rica da criatividade e do esp\u00edrito cr\u00edtico. Aperfei\u00e7oar t\u00e9cnicas de produ\u00e7\u00e3o de mensagens jornal\u00edsticas tratando a linguagem como a\u00e7\u00e3o e a comunica\u00e7\u00e3o como ato social; desenvolver a pesquisa e a reflex\u00e3o sobre a comunica\u00e7\u00e3o e seu impacto na sociedade; explorar os novos usos para a comunica\u00e7\u00e3o na sociedade.<\/p>\n\n\n\n<p><\/p>\n\n\n\n<p><strong>Campos de Atua\u00e7\u00e3o<\/strong><br>O jornalista tem amplo campo de trabalho nos diversos meios e sistemas de comunica\u00e7\u00e3o como: jornal, revista, r\u00e1dio, televis\u00e3o, assessoria de imprensa, Internet, novas tecnologias de comunica\u00e7\u00e3o, consultorias de comunica\u00e7\u00e3o, assessorias pol\u00edticas etc. A profiss\u00e3o \u00e9 regulamentada pelo Decreto n.\u00ba 83.284, de 13\/03\/79.<\/p>\n\n\n\n<p><\/p>\n\n\n\n<p><strong>Sistema<\/strong>&nbsp;<strong>Acad\u00eamico<\/strong>&nbsp;<br>Seriado Anual<\/p>\n\n\n\n<p><\/p>\n\n\n\n<p><strong>N.\u00ba<\/strong>&nbsp;<strong>de<\/strong>&nbsp;<strong>Estudantes por Turma<\/strong>&nbsp;<br>Matutino \u2013 20; Noturno &#8211; 20<\/p>\n\n\n\n<div style=\"height:30px\" aria-hidden=\"true\" class=\"wp-block-spacer\"><\/div>\n\n\n\n<h3 class=\"wp-block-heading\"><strong>Saiba Mais Sobre o Curso de Jornalismo<\/strong><\/h3>\n\n\n\n<p>Organiza\u00e7\u00e3o Curricular<br>(<a href=\"https:\/\/sites.uel.br\/prograd\/wp-content\/uploads\/catalogo_cursos\/2019\/organizacao_curricular\/jornalismo_matutino.pdf\" target=\"_blank\" rel=\"noreferrer noopener\">Matutino<\/a>) (<a href=\"https:\/\/sites.uel.br\/prograd\/wp-content\/uploads\/catalogo_cursos\/2019\/organizacao_curricular\/jornalismo_noturno.pdf\" target=\"_blank\" rel=\"noreferrer noopener\">Noturno<\/a>)<\/p>\n\n\n\n<p>Ementas<br>(<a href=\"https:\/\/sites.uel.br\/prograd\/wp-content\/uploads\/catalogo_cursos\/2019\/ementas\/jornalismo_matutino.pdf\" target=\"_blank\" rel=\"noreferrer noopener\">Matutino<\/a>) (<a href=\"https:\/\/sites.uel.br\/prograd\/wp-content\/uploads\/catalogo_cursos\/2019\/ementas\/jornalismo_noturno.pdf\" target=\"_blank\" rel=\"noreferrer noopener\">Noturno<\/a>)<\/p>\n\n\n\n<p><a href=\"https:\/\/sites.uel.br\/prograd\/wp-content\/uploads\/catalogo_cursos\/2019\/corpo_docente\/jornalismo.pdf\" target=\"_blank\" rel=\"noreferrer noopener\">Corpo Docente<\/a><\/p>\n\n\n\n<p><a href=\"https:\/\/sites.uel.br\/prograd\/wp-content\/uploads\/catalogo_cursos\/2019\/estrutura_recursos\/ceca.pdf\" target=\"_blank\" rel=\"noreferrer noopener\">Estrutura\/Recursos<\/a><\/p>\n","protected":false},"excerpt":{"rendered":"<p>Jornalismo Cria\u00e7\u00e3o&nbsp;Resolu\u00e7\u00e3o n.\u00ba 202, de 15.12.73 Implanta\u00e7\u00e3o do Curso na UEL&nbsp;01.08.74 Reconhecimento&nbsp;Decreto Estadual n\u00ba 5851, de 03\/01\/2017 Ano de implanta\u00e7\u00e3o do curr\u00edculo em vigor2016 Grau&nbsp;Bacharel em Jornalismo C\u00f3digo\/Turno&nbsp;111 &#8211; Matutino \/ 112 &#8211; Noturno Perfil do ProfissionalO profissional de Jornalismo deve estar apto a desenvolver as seguintes atividades: Reportagem (para ve\u00edculos impressos e eletr\u00f4nicos), reportagem [&hellip;]<\/p>\n","protected":false},"author":8,"featured_media":0,"parent":0,"menu_order":0,"comment_status":"closed","ping_status":"closed","template":"","meta":{"_acf_changed":false,"_themeisle_gutenberg_block_has_review":false,"footnotes":""},"class_list":["post-7244","page","type-page","status-publish","hentry"],"acf":[],"_links":{"self":[{"href":"https:\/\/sites.uel.br\/prograd\/wp-json\/wp\/v2\/pages\/7244","targetHints":{"allow":["GET"]}}],"collection":[{"href":"https:\/\/sites.uel.br\/prograd\/wp-json\/wp\/v2\/pages"}],"about":[{"href":"https:\/\/sites.uel.br\/prograd\/wp-json\/wp\/v2\/types\/page"}],"author":[{"embeddable":true,"href":"https:\/\/sites.uel.br\/prograd\/wp-json\/wp\/v2\/users\/8"}],"replies":[{"embeddable":true,"href":"https:\/\/sites.uel.br\/prograd\/wp-json\/wp\/v2\/comments?post=7244"}],"version-history":[{"count":6,"href":"https:\/\/sites.uel.br\/prograd\/wp-json\/wp\/v2\/pages\/7244\/revisions"}],"predecessor-version":[{"id":29198,"href":"https:\/\/sites.uel.br\/prograd\/wp-json\/wp\/v2\/pages\/7244\/revisions\/29198"}],"wp:attachment":[{"href":"https:\/\/sites.uel.br\/prograd\/wp-json\/wp\/v2\/media?parent=7244"}],"curies":[{"name":"wp","href":"https:\/\/api.w.org\/{rel}","templated":true}]}}