{"id":7199,"date":"2023-06-06T10:29:54","date_gmt":"2023-06-06T13:29:54","guid":{"rendered":"https:\/\/sites.uel.br\/prograd\/?page_id=7199"},"modified":"2024-05-03T14:44:14","modified_gmt":"2024-05-03T17:44:14","slug":"catalogo-dos-cursos-de-graduacao-2019-farmacia","status":"publish","type":"page","link":"https:\/\/sites.uel.br\/prograd\/catalogo-dos-cursos-de-graduacao-2019-farmacia\/","title":{"rendered":"Cat\u00e1logo dos Cursos de Gradua\u00e7\u00e3o (2019)"},"content":{"rendered":"\n<hr class=\"wp-block-separator has-alpha-channel-opacity is-style-wide\"\/>\n\n\n\n<h2 class=\"wp-block-heading\">Farm\u00e1cia<\/h2>\n\n\n\n<p><strong>Cria\u00e7\u00e3o<\/strong>&nbsp;<br>Parecer CEE n.\u00ba 90, de 13.09.68<\/p>\n\n\n\n<p><\/p>\n\n\n\n<p><strong>Implanta\u00e7\u00e3o do Curso na UEL<\/strong>&nbsp;<br>15.02.69<\/p>\n\n\n\n<p><\/p>\n\n\n\n<p><strong>Reconhecimento<\/strong>&nbsp;<br>Decreto Estadual n\u00ba 4586, de 13\/07\/2016<\/p>\n\n\n\n<p><\/p>\n\n\n\n<p><strong>Ano de implanta\u00e7\u00e3o do curr\u00edculo em vigor<\/strong><br>2014<\/p>\n\n\n\n<p><\/p>\n\n\n\n<p><strong>Grau<\/strong>&nbsp;<br>Farmac\u00eautico<\/p>\n\n\n\n<p><\/p>\n\n\n\n<p><strong>C\u00f3digo\/Turno<\/strong>&nbsp;<br>13 &#8211; Integral<\/p>\n\n\n\n<p><\/p>\n\n\n\n<p><strong>Perfil do Profissional<\/strong><br>O perfil do egresso do curso de Farm\u00e1cia da UEL segue os preceitos das Diretrizes Curriculares Nacionais do curso de Gradua\u00e7\u00e3o em Farm\u00e1cia (Resolu\u00e7\u00e3o CNE\/CNS 2, de 19 fevereiro de 2002) que estabelece que o egresso ter\u00e1 forma\u00e7\u00e3o generalista, humanista, cr\u00edtica e reflexiva, para atuar em todos os n\u00edveis de aten\u00e7\u00e3o \u00e0 sa\u00fade, com base no rigor cient\u00edfico e intelectual. \u00c9 capacitado ao exerc\u00edcio de atividades referentes aos f\u00e1rmacos e aos medicamentos, \u00e0s an\u00e1lises cl\u00ednicas e toxicol\u00f3gicas e ao controle, produ\u00e7\u00e3o e an\u00e1lise de alimentos e medicamentos, pautado em princ\u00edpios \u00e9ticos e na compreens\u00e3o da realidade social, cultural e econ\u00f4mica do seu meio, dirigindo sua atua\u00e7\u00e3o para a transforma\u00e7\u00e3o da realidade em benef\u00edcio da sociedade.<\/p>\n\n\n\n<p><\/p>\n\n\n\n<p><strong>Objetivo do Curso<\/strong><br>Formar o profissional farmac\u00eautico com conhecimento amplo e integrado nas \u00e1reas do Medicamento, das An\u00e1lises Cl\u00ednicas e Toxicol\u00f3gicas e do Alimento, inserindo-o no contexto social, pol\u00edtico, econ\u00f4mico, tecnol\u00f3gico e cient\u00edfico, e apto a: aplicar de forma integral os conhecimentos, por meio de uma abordagem hol\u00edstica, adequada \u00e0 realidade socioecon\u00f4mica; enfrentar os desafios de um mundo globalizado, onde os avan\u00e7os cient\u00edficos ocorrem rapidamente; promover a integra\u00e7\u00e3o e sedimenta\u00e7\u00e3o dos conte\u00fados por meio da interdisciplinaridade, com a ado\u00e7\u00e3o de metodologias de ensino, onde a teoria e a pr\u00e1tica n\u00e3o sejam dissociadas e possibilitem uma flexibilidade curricular que permita uma vis\u00e3o humanista e n\u00e3o apenas tecnicista; exercer a assist\u00eancia farmac\u00eautica entendendo a organiza\u00e7\u00e3o e gest\u00e3o do sistema de sa\u00fade e desenvolver pr\u00e1ticas multiprofissionais junto aos cursos de gradua\u00e7\u00e3o que atuam no sistema de sa\u00fade; desenvolver a capacidade para as atividades de ensino, pesquisa e extens\u00e3o e participar da realidade profissional por meio de est\u00e1gios e atividades de extens\u00e3o.<\/p>\n\n\n\n<p><\/p>\n\n\n\n<p><strong>Campos de Atua\u00e7\u00e3o<\/strong><br>O egresso do curso de Farm\u00e1cia da UEL poder\u00e1 atuar em v\u00e1rios campos de atua\u00e7\u00e3o relacionados aos f\u00e1rmacos e medicamentos, alimentos e an\u00e1lises cl\u00ednicas. Os principais campos relacionados \u00e0 essas \u00e1reas s\u00e3o: drogaria, farm\u00e1cia de manipula\u00e7\u00e3o de f\u00f3rmulas; farm\u00e1cia hospitalar e cl\u00ednica, farm\u00e1cia homeop\u00e1tica; distribuidoras e ind\u00fastrias de insumos farmac\u00eauticos e medicamentos; laborat\u00f3rios de an\u00e1lises cl\u00ednicas, toxicol\u00f3gicas e de seguran\u00e7a de alimentos; gest\u00e3o de qualidade; \u00f3rg\u00e3os p\u00fablicos e de vigil\u00e2ncia sanit\u00e1ria; sistemas de abastecimento de medicamentos no servi\u00e7o p\u00fablico Federal, Estadual e Municipal; carreiras no ensino superior e institui\u00e7\u00f5es de pesquisa. De acordo com o Conselho Federal de Farm\u00e1cia (CFF) est\u00e3o previstas 135 especialidades para o Farmac\u00eautico, no entanto, algumas delas exigem p\u00f3s-gradua\u00e7\u00e3o. Acesse&nbsp;<a rel=\"noreferrer noopener\" href=\"http:\/\/www.cff.org.br\/\" target=\"_blank\">www.cff.org.br<\/a>&nbsp;para maiores informa\u00e7\u00f5es.<\/p>\n\n\n\n<p><\/p>\n\n\n\n<p><strong>Sistema<\/strong>&nbsp;<strong>Acad\u00eamico<\/strong>&nbsp;<br>Seriado Anual<\/p>\n\n\n\n<p><\/p>\n\n\n\n<p><strong>N.\u00ba<\/strong>&nbsp;<strong>de<\/strong>&nbsp;<strong>Estudantes por Turma<\/strong>&nbsp;<br>60<\/p>\n\n\n\n<div style=\"height:30px\" aria-hidden=\"true\" class=\"wp-block-spacer\"><\/div>\n\n\n\n<h3 class=\"wp-block-heading\"><strong><strong>Saiba Mais Sobre o Curso de<\/strong> Farm\u00e1cia<\/strong><\/h3>\n\n\n\n<p><a href=\"https:\/\/sites.uel.br\/prograd\/wp-content\/uploads\/catalogo_cursos\/2019\/organizacao_curricular\/farmacia.pdf\" target=\"_blank\" rel=\"noreferrer noopener\">Organiza\u00e7\u00e3o Curricular<\/a><\/p>\n\n\n\n<p><a href=\"https:\/\/sites.uel.br\/prograd\/wp-content\/uploads\/catalogo_cursos\/2019\/ementas\/farmacia.pdf\" target=\"_blank\" rel=\"noreferrer noopener\">Ementas<\/a><\/p>\n\n\n\n<p><a href=\"https:\/\/sites.uel.br\/prograd\/wp-content\/uploads\/catalogo_cursos\/2019\/corpo_docente\/farmacia.pdf\" target=\"_blank\" rel=\"noreferrer noopener\">Corpo Docente<\/a><\/p>\n\n\n\n<p><a href=\"https:\/\/sites.uel.br\/prograd\/wp-content\/uploads\/catalogo_cursos\/2019\/estrutura_recursos\/ccs.pdf\" target=\"_blank\" rel=\"noreferrer noopener\">Estrutura\/Recursos<\/a><\/p>\n","protected":false},"excerpt":{"rendered":"<p>Farm\u00e1cia Cria\u00e7\u00e3o&nbsp;Parecer CEE n.\u00ba 90, de 13.09.68 Implanta\u00e7\u00e3o do Curso na UEL&nbsp;15.02.69 Reconhecimento&nbsp;Decreto Estadual n\u00ba 4586, de 13\/07\/2016 Ano de implanta\u00e7\u00e3o do curr\u00edculo em vigor2014 Grau&nbsp;Farmac\u00eautico C\u00f3digo\/Turno&nbsp;13 &#8211; Integral Perfil do ProfissionalO perfil do egresso do curso de Farm\u00e1cia da UEL segue os preceitos das Diretrizes Curriculares Nacionais do curso de Gradua\u00e7\u00e3o em Farm\u00e1cia (Resolu\u00e7\u00e3o [&hellip;]<\/p>\n","protected":false},"author":8,"featured_media":0,"parent":0,"menu_order":0,"comment_status":"closed","ping_status":"closed","template":"","meta":{"_acf_changed":false,"_themeisle_gutenberg_block_has_review":false,"footnotes":""},"class_list":["post-7199","page","type-page","status-publish","hentry"],"acf":[],"_links":{"self":[{"href":"https:\/\/sites.uel.br\/prograd\/wp-json\/wp\/v2\/pages\/7199","targetHints":{"allow":["GET"]}}],"collection":[{"href":"https:\/\/sites.uel.br\/prograd\/wp-json\/wp\/v2\/pages"}],"about":[{"href":"https:\/\/sites.uel.br\/prograd\/wp-json\/wp\/v2\/types\/page"}],"author":[{"embeddable":true,"href":"https:\/\/sites.uel.br\/prograd\/wp-json\/wp\/v2\/users\/8"}],"replies":[{"embeddable":true,"href":"https:\/\/sites.uel.br\/prograd\/wp-json\/wp\/v2\/comments?post=7199"}],"version-history":[{"count":6,"href":"https:\/\/sites.uel.br\/prograd\/wp-json\/wp\/v2\/pages\/7199\/revisions"}],"predecessor-version":[{"id":29190,"href":"https:\/\/sites.uel.br\/prograd\/wp-json\/wp\/v2\/pages\/7199\/revisions\/29190"}],"wp:attachment":[{"href":"https:\/\/sites.uel.br\/prograd\/wp-json\/wp\/v2\/media?parent=7199"}],"curies":[{"name":"wp","href":"https:\/\/api.w.org\/{rel}","templated":true}]}}