{"id":7144,"date":"2023-06-06T10:20:01","date_gmt":"2023-06-06T13:20:01","guid":{"rendered":"https:\/\/sites.uel.br\/prograd\/?page_id=7144"},"modified":"2024-05-03T14:23:50","modified_gmt":"2024-05-03T17:23:50","slug":"catalogo-dos-cursos-de-graduacao-2018-direito","status":"publish","type":"page","link":"https:\/\/sites.uel.br\/prograd\/catalogo-dos-cursos-de-graduacao-2018-direito\/","title":{"rendered":"Cat\u00e1logo dos Cursos de Gradua\u00e7\u00e3o (2018)"},"content":{"rendered":"\n<hr class=\"wp-block-separator has-alpha-channel-opacity is-style-wide\"\/>\n\n\n\n<h2 class=\"wp-block-heading\">Direito<\/h2>\n\n\n\n<p><strong>Cria\u00e7\u00e3o<\/strong><br>Decreto Estadual n.\u00ba 2.781, de 04.06.56<\/p>\n\n\n\n<p><\/p>\n\n\n\n<p><strong>Implanta\u00e7\u00e3o do Curso na UEL<\/strong><br>01.03.58<\/p>\n\n\n\n<p><\/p>\n\n\n\n<p><strong>Reconhecimento<br><\/strong>Dispon\u00edvel em:&nbsp;<a href=\"http:\/\/www.uel.br\/prograd\/reconhecimento\" target=\"_blank\" rel=\"noreferrer noopener\"><\/a><a href=\"https:\/\/sites.uel.br\/prograd\/decretos-renovacao-de-cursos\/\">sites.uel.br\/prograd\/decretos-renovacao-de-cursos<\/a><\/p>\n\n\n\n<p><\/p>\n\n\n\n<p><strong>Grau<\/strong><br>Bacharel em Direito<\/p>\n\n\n\n<p><\/p>\n\n\n\n<p><strong>C\u00f3digo\/Turno<\/strong><br>15 \u2013 Matutino; 08 \u2013 Noturno; 103 \u2013 Vespertino:<\/p>\n\n\n\n<p><\/p>\n\n\n\n<p><strong>Perfil do Profissional<\/strong><br>O Curso visa formar um profissional: com conhecimento s\u00f3lido dos elementos e princ\u00edpios que constituem a experi\u00eancia jur\u00eddica; com instrumental para aplica\u00e7\u00e3o dos conhecimentos te\u00f3ricos \u00e0 realidade pr\u00e1tica; dotado de uma vis\u00e3o l\u00facida e cr\u00edtica, universal e cient\u00edfica, voltada para a realiza\u00e7\u00e3o do Direito; apto para, diante das transforma\u00e7\u00f5es sociais e a realidade nacional, compreender, interpretar e contribuir na cria\u00e7\u00e3o do Direito e na sua justa aplica\u00e7\u00e3o.<\/p>\n\n\n\n<p><\/p>\n\n\n\n<p><strong>Objetivo do Curso<\/strong><br>Formar bachar\u00e9is em Direito voltados para os problemas da comunidade, tendo em vista a realidade nacional e as mudan\u00e7as no mundo, capazes de atuar quer na ci\u00eancia, quer no campo da advocacia, quer no exerc\u00edcio de fun\u00e7\u00f5es p\u00fablicas.<\/p>\n\n\n\n<p><\/p>\n\n\n\n<p><strong>Campos de Atua\u00e7\u00e3o<\/strong><br>Advocacia; exerc\u00edcio de fun\u00e7\u00f5es p\u00fablicas; magistratura; minist\u00e9rio p\u00fablico; carreira policial; magist\u00e9rio jur\u00eddico, diplomacia. A Lei Federal n.\u00ba 8.906, de 04.07.94, disp\u00f5e sobre o Estatuto da Ordem dos Advogados do Brasil.<\/p>\n\n\n\n<p><\/p>\n\n\n\n<p><strong>Sistema<\/strong>&nbsp;<strong>Acad\u00eamico<\/strong><br>Seriado anual<\/p>\n\n\n\n<p><\/p>\n\n\n\n<p><strong>N.\u00ba<\/strong>&nbsp;<strong>de<\/strong>&nbsp;<strong>Estudantes por Turma<\/strong><br>Matutino \u2013 80; Vespertino &#8211; 80; Noturno \u2013 80<\/p>\n\n\n\n<div style=\"height:30px\" aria-hidden=\"true\" class=\"wp-block-spacer\"><\/div>\n\n\n\n<h3 class=\"wp-block-heading\">Saiba Mais Sobre o Curso de Direito<\/h3>\n\n\n\n<p>Organiza\u00e7\u00e3o Curricular<br>(<a href=\"https:\/\/sites.uel.br\/prograd\/wp-content\/uploads\/catalogo_cursos\/2018\/organizacao_curricular\/direito_matutino.pdf\" target=\"_blank\" rel=\"noreferrer noopener\">Matutino<\/a>) (<a href=\"https:\/\/sites.uel.br\/prograd\/wp-content\/uploads\/catalogo_cursos\/2018\/organizacao_curricular\/direito_vespertino.pdf\" target=\"_blank\" rel=\"noreferrer noopener\">Vespertino<\/a>) (<a href=\"https:\/\/sites.uel.br\/prograd\/wp-content\/uploads\/catalogo_cursos\/2018\/organizacao_curricular\/direito_noturno.pdf\" target=\"_blank\" rel=\"noreferrer noopener\">Noturno<\/a>)<\/p>\n\n\n\n<p>Ementas<br>(<a href=\"https:\/\/sites.uel.br\/prograd\/wp-content\/uploads\/catalogo_cursos\/2018\/ementas\/direito_matutino.pdf\" target=\"_blank\" rel=\"noreferrer noopener\">Matutino<\/a>) (<a href=\"https:\/\/sites.uel.br\/prograd\/wp-content\/uploads\/catalogo_cursos\/2018\/ementas\/direito_vespertino.pdf\" target=\"_blank\" rel=\"noreferrer noopener\">Vespertino<\/a>) (<a href=\"https:\/\/sites.uel.br\/prograd\/wp-content\/uploads\/catalogo_cursos\/2018\/ementas\/direito_noturno.pdf\" target=\"_blank\" rel=\"noreferrer noopener\">Noturno<\/a>)<\/p>\n\n\n\n<p><a href=\"https:\/\/sites.uel.br\/prograd\/wp-content\/uploads\/catalogo_cursos\/2018\/corpo_docente\/direito.pdf\" target=\"_blank\" rel=\"noreferrer noopener\">Corpo Docente<\/a><\/p>\n\n\n\n<p><a href=\"https:\/\/sites.uel.br\/prograd\/wp-content\/uploads\/catalogo_cursos\/2018\/estrutura_recursos\/cesa.pdf\" target=\"_blank\" rel=\"noreferrer noopener\">Estrutura\/Recursos<\/a><\/p>\n","protected":false},"excerpt":{"rendered":"<p>Direito Cria\u00e7\u00e3oDecreto Estadual n.\u00ba 2.781, de 04.06.56 Implanta\u00e7\u00e3o do Curso na UEL01.03.58 ReconhecimentoDispon\u00edvel em:&nbsp;sites.uel.br\/prograd\/decretos-renovacao-de-cursos GrauBacharel em Direito C\u00f3digo\/Turno15 \u2013 Matutino; 08 \u2013 Noturno; 103 \u2013 Vespertino: Perfil do ProfissionalO Curso visa formar um profissional: com conhecimento s\u00f3lido dos elementos e princ\u00edpios que constituem a experi\u00eancia jur\u00eddica; com instrumental para aplica\u00e7\u00e3o dos conhecimentos te\u00f3ricos \u00e0 realidade [&hellip;]<\/p>\n","protected":false},"author":8,"featured_media":0,"parent":0,"menu_order":0,"comment_status":"closed","ping_status":"closed","template":"","meta":{"_acf_changed":false,"_themeisle_gutenberg_block_has_review":false,"footnotes":""},"class_list":["post-7144","page","type-page","status-publish","hentry"],"acf":[],"_links":{"self":[{"href":"https:\/\/sites.uel.br\/prograd\/wp-json\/wp\/v2\/pages\/7144","targetHints":{"allow":["GET"]}}],"collection":[{"href":"https:\/\/sites.uel.br\/prograd\/wp-json\/wp\/v2\/pages"}],"about":[{"href":"https:\/\/sites.uel.br\/prograd\/wp-json\/wp\/v2\/types\/page"}],"author":[{"embeddable":true,"href":"https:\/\/sites.uel.br\/prograd\/wp-json\/wp\/v2\/users\/8"}],"replies":[{"embeddable":true,"href":"https:\/\/sites.uel.br\/prograd\/wp-json\/wp\/v2\/comments?post=7144"}],"version-history":[{"count":10,"href":"https:\/\/sites.uel.br\/prograd\/wp-json\/wp\/v2\/pages\/7144\/revisions"}],"predecessor-version":[{"id":29117,"href":"https:\/\/sites.uel.br\/prograd\/wp-json\/wp\/v2\/pages\/7144\/revisions\/29117"}],"wp:attachment":[{"href":"https:\/\/sites.uel.br\/prograd\/wp-json\/wp\/v2\/media?parent=7144"}],"curies":[{"name":"wp","href":"https:\/\/api.w.org\/{rel}","templated":true}]}}