{"id":7135,"date":"2023-06-06T10:03:40","date_gmt":"2023-06-06T13:03:40","guid":{"rendered":"https:\/\/sites.uel.br\/prograd\/?page_id=7135"},"modified":"2024-05-03T14:23:52","modified_gmt":"2024-05-03T17:23:52","slug":"catalogo-dos-cursos-de-graduacao-2018-design-grafico","status":"publish","type":"page","link":"https:\/\/sites.uel.br\/prograd\/catalogo-dos-cursos-de-graduacao-2018-design-grafico\/","title":{"rendered":"Cat\u00e1logo dos Cursos de Gradua\u00e7\u00e3o (2018)"},"content":{"rendered":"\n<hr class=\"wp-block-separator has-alpha-channel-opacity is-style-wide\"\/>\n\n\n\n<h2 class=\"wp-block-heading\">Design Gr\u00e1fico<\/h2>\n\n\n\n<p><strong>Cria\u00e7\u00e3o<\/strong><br>Desenho Industrial: Resolu\u00e7\u00e3o n.\u00ba 3007, de 16.07.96, alterada a denomina\u00e7\u00e3o atrav\u00e9s da Resolu\u00e7\u00e3o CEPE n.\u00ba 98, de 18.08.04.<\/p>\n\n\n\n<p><\/p>\n\n\n\n<p><strong>Implanta\u00e7\u00e3o do Curso na UEL<\/strong><br>24.02.97<\/p>\n\n\n\n<p><\/p>\n\n\n\n<p><strong>Reconhecimento<\/strong><br>Dispon\u00edvel em:&nbsp;<a href=\"http:\/\/www.uel.br\/prograd\/reconhecimento\" target=\"_blank\" rel=\"noreferrer noopener\"><\/a><a href=\"https:\/\/sites.uel.br\/prograd\/decretos-renovacao-de-cursos\/\">sites.uel.br\/prograd\/decretos-renovacao-de-cursos<\/a><\/p>\n\n\n\n<p><\/p>\n\n\n\n<p><strong>Grau<\/strong><br>Bacharel em Design Gr\u00e1fico<\/p>\n\n\n\n<p><\/p>\n\n\n\n<p><strong>C\u00f3digo\/Turno<\/strong><br>88 \u2013 Matutino<\/p>\n\n\n\n<p><\/p>\n\n\n\n<p><strong>Perfil do Profissional<\/strong><br>Deve ser um profissional com forma\u00e7\u00e3o humanista, de n\u00edvel superior, com vis\u00e3o cr\u00edtica e capacidade de utiliza\u00e7\u00e3o de tecnologias, habilitado a desempenhar atividades de car\u00e1ter t\u00e9cnico, cient\u00edfico e criativo, visando a concep\u00e7\u00e3o, desenvolvimento e solu\u00e7\u00e3o de projetos de comunica\u00e7\u00e3o e informa\u00e7\u00e3o visual, agregando valor e diferencial aos produtos e servi\u00e7os desenvolvidos.<\/p>\n\n\n\n<p><\/p>\n\n\n\n<p><strong>Objetivos do Curso<\/strong><br>Oferecer a forma\u00e7\u00e3o em Design Gr\u00e1fico, visando desenvolver a capacidade anal\u00edtica, cr\u00edtica e expressiva, integrada \u00e0 realidade contempor\u00e2nea; embasar e aplicar fundamentos te\u00f3ricos e atividades pr\u00e1ticas para atuar nas fases metodol\u00f3gicas do projeto de produtos gr\u00e1ficos; verificar as necessidades humanas e a sua rela\u00e7\u00e3o com os sistemas produtivos, assim como sua rela\u00e7\u00e3o; propiciar ao discente sua integra\u00e7\u00e3o no sistema socioecon\u00f4mico e cultural da regi\u00e3o; desenvolver a capacidade anal\u00edtica, cr\u00edtica, t\u00e9cnica, criativa e expressiva; aplicar aspectos ergon\u00f4micos, culturais, econ\u00f4micos, sociais, tecnol\u00f3gicos e est\u00e9ticos em projetos gr\u00e1ficos; apontar solu\u00e7\u00f5es visuais para problemas de comunica\u00e7\u00e3o e informa\u00e7\u00e3o; desenvolver a capacidade de an\u00e1lise, reflex\u00e3o e s\u00edntese proveniente das atividades de pesquisa e coordenar, sintetizar e aplicar a metodologia de projeto com caracter\u00edsticas funcionais, pl\u00e1sticas, est\u00e9ticas e simb\u00f3licas, visando a cria\u00e7\u00e3o de produtos gr\u00e1ficos.<\/p>\n\n\n\n<p><\/p>\n\n\n\n<p><strong>Campos de Atua\u00e7\u00e3o<\/strong><br>Atua em segmentos em que as imagens s\u00e3o utilizadas como meio de informa\u00e7\u00e3o e comunica\u00e7\u00e3o, como em ind\u00fastrias, estabelecimentos comerciais, institui\u00e7\u00f5es p\u00fablicas e privadas, escrit\u00f3rios de design, ag\u00eancias de propaganda como diretor de arte, e em setores de marketing. Pode exercer tamb\u00e9m atividades aut\u00f4nomas e acad\u00eamicas. A profiss\u00e3o n\u00e3o est\u00e1 regulamentada.<\/p>\n\n\n\n<p><\/p>\n\n\n\n<p><strong>Sistema<\/strong>&nbsp;<strong>Acad\u00eamico<\/strong><br>Seriado anual<\/p>\n\n\n\n<p><\/p>\n\n\n\n<p><strong>N.\u00ba<\/strong>&nbsp;<strong>de<\/strong>&nbsp;<strong>Estudantes por Turma<\/strong><br>20<\/p>\n\n\n\n<div style=\"height:30px\" aria-hidden=\"true\" class=\"wp-block-spacer\"><\/div>\n\n\n\n<h3 class=\"wp-block-heading\">Saiba Mais Sobre o Curso de Design Gr\u00e1fico<\/h3>\n\n\n\n<p><a href=\"https:\/\/sites.uel.br\/prograd\/wp-content\/uploads\/catalogo_cursos\/2018\/organizacao_curricular\/design_grafico.pdf\" target=\"_blank\" rel=\"noreferrer noopener\">Organiza\u00e7\u00e3o Curricular<\/a><\/p>\n\n\n\n<p><a href=\"https:\/\/sites.uel.br\/prograd\/wp-content\/uploads\/catalogo_cursos\/2018\/ementas\/design_grafico.pdf\" target=\"_blank\" rel=\"noreferrer noopener\">Ementas<\/a><\/p>\n\n\n\n<p><a href=\"https:\/\/sites.uel.br\/prograd\/wp-content\/uploads\/catalogo_cursos\/2018\/corpo_docente\/design_grafico.pdf\" target=\"_blank\" rel=\"noreferrer noopener\">Corpo Docente<\/a><\/p>\n\n\n\n<p><a href=\"https:\/\/sites.uel.br\/prograd\/wp-content\/uploads\/catalogo_cursos\/2018\/estrutura_recursos\/ceca.pdf\" target=\"_blank\" rel=\"noreferrer noopener\">Estrutura\/Recursos<\/a><\/p>\n","protected":false},"excerpt":{"rendered":"<p>Design Gr\u00e1fico Cria\u00e7\u00e3oDesenho Industrial: Resolu\u00e7\u00e3o n.\u00ba 3007, de 16.07.96, alterada a denomina\u00e7\u00e3o atrav\u00e9s da Resolu\u00e7\u00e3o CEPE n.\u00ba 98, de 18.08.04. Implanta\u00e7\u00e3o do Curso na UEL24.02.97 ReconhecimentoDispon\u00edvel em:&nbsp;sites.uel.br\/prograd\/decretos-renovacao-de-cursos GrauBacharel em Design Gr\u00e1fico C\u00f3digo\/Turno88 \u2013 Matutino Perfil do ProfissionalDeve ser um profissional com forma\u00e7\u00e3o humanista, de n\u00edvel superior, com vis\u00e3o cr\u00edtica e capacidade de utiliza\u00e7\u00e3o de tecnologias, [&hellip;]<\/p>\n","protected":false},"author":8,"featured_media":0,"parent":0,"menu_order":0,"comment_status":"closed","ping_status":"closed","template":"","meta":{"_acf_changed":false,"_themeisle_gutenberg_block_has_review":false,"footnotes":""},"class_list":["post-7135","page","type-page","status-publish","hentry"],"acf":[],"_links":{"self":[{"href":"https:\/\/sites.uel.br\/prograd\/wp-json\/wp\/v2\/pages\/7135","targetHints":{"allow":["GET"]}}],"collection":[{"href":"https:\/\/sites.uel.br\/prograd\/wp-json\/wp\/v2\/pages"}],"about":[{"href":"https:\/\/sites.uel.br\/prograd\/wp-json\/wp\/v2\/types\/page"}],"author":[{"embeddable":true,"href":"https:\/\/sites.uel.br\/prograd\/wp-json\/wp\/v2\/users\/8"}],"replies":[{"embeddable":true,"href":"https:\/\/sites.uel.br\/prograd\/wp-json\/wp\/v2\/comments?post=7135"}],"version-history":[{"count":10,"href":"https:\/\/sites.uel.br\/prograd\/wp-json\/wp\/v2\/pages\/7135\/revisions"}],"predecessor-version":[{"id":29118,"href":"https:\/\/sites.uel.br\/prograd\/wp-json\/wp\/v2\/pages\/7135\/revisions\/29118"}],"wp:attachment":[{"href":"https:\/\/sites.uel.br\/prograd\/wp-json\/wp\/v2\/media?parent=7135"}],"curies":[{"name":"wp","href":"https:\/\/api.w.org\/{rel}","templated":true}]}}