{"id":7126,"date":"2023-06-06T10:02:05","date_gmt":"2023-06-06T13:02:05","guid":{"rendered":"https:\/\/sites.uel.br\/prograd\/?page_id=7126"},"modified":"2024-05-03T14:23:54","modified_gmt":"2024-05-03T17:23:54","slug":"catalogo-dos-cursos-de-graduacao-2018-design-de-moda","status":"publish","type":"page","link":"https:\/\/sites.uel.br\/prograd\/catalogo-dos-cursos-de-graduacao-2018-design-de-moda\/","title":{"rendered":"Cat\u00e1logo dos Cursos de Gradua\u00e7\u00e3o (2018)"},"content":{"rendered":"\n<hr class=\"wp-block-separator has-alpha-channel-opacity is-style-wide\"\/>\n\n\n\n<h2 class=\"wp-block-heading\">Design de Moda<\/h2>\n\n\n\n<p><strong>Cria\u00e7\u00e3o<\/strong><br>Estilismo &nbsp;em &nbsp;Moda: &nbsp;Resolu\u00e7\u00e3o &nbsp;da &nbsp;n.\u00ba &nbsp;3006, &nbsp;de &nbsp;16.07.96, &nbsp;alterada &nbsp;a &nbsp;denomina\u00e7\u00e3o &nbsp;atrav\u00e9s da Resolu\u00e7\u00e3o CEPE n.\u00ba 97, de 18.08.04.<\/p>\n\n\n\n<p><\/p>\n\n\n\n<p><strong>Implanta\u00e7\u00e3o do Curso na UEL<\/strong><br>24.02.97<\/p>\n\n\n\n<p><\/p>\n\n\n\n<p><strong>Reconhecimento<\/strong><br>Dispon\u00edvel em:\u00a0<a href=\"http:\/\/www.uel.br\/prograd\/reconhecimento\" target=\"_blank\" rel=\"noreferrer noopener\"><a href=\"https:\/\/sites.uel.br\/prograd\/decretos-renovacao-de-cursos\/\">sites.uel.br\/prograd\/decretos-renovacao-de-cursos<\/a><\/a><\/p>\n\n\n\n<p><\/p>\n\n\n\n<p><strong>Grau<\/strong><br>Bacharel em Design de Moda<\/p>\n\n\n\n<p><\/p>\n\n\n\n<p><strong>C\u00f3digo\/Turno<\/strong><br>89 \u2013 Matutino<\/p>\n\n\n\n<p><\/p>\n\n\n\n<p><strong>Perfil do Profissional<\/strong><br>As compet\u00eancias que se espera do designer de moda formado pela UEL s\u00e3o as seguintes: T\u00e9cnicas: habilidades de utiliza\u00e7\u00e3o de tecnologias, materiais e processos; Cient\u00edficas: utiliza\u00e7\u00e3o do m\u00e9todo cient\u00edfico na pesquisa, envolvendo o levantamento de dados bibliogr\u00e1ficos e de campo, assim como a busca constante pelo desenvolvimento intelectual; Art\u00edsticas: desenvolvimento de conceitua\u00e7\u00e3o e express\u00e3o, linguagem visual e processo criativo; \u00c9ticas e pol\u00edticas: desenvolvimento da cidadania, da adequada postura profissional, do conhecimento dos deveres, direitos e da responsabilidade social e ambiental.<\/p>\n\n\n\n<p><\/p>\n\n\n\n<p><strong>Objetivos do Curso<\/strong><br>Formar designers de moda, integrados \u00e0 realidade contempor\u00e2nea, capazes de projetar objetos e\/ou sistemas de objetos de uso por meio do enfoque interdisciplinar, considerando as caracter\u00edsticas dos usu\u00e1rios e de seu contexto socioecon\u00f4mico e cultural, bem como potencialidades e limita\u00e7\u00f5es econ\u00f4micas e tecnol\u00f3gicas das unidades produtivas; desenvolver a vis\u00e3o integrada do sistema socioecon\u00f4mico e cultural da regi\u00e3o, bem como as exig\u00eancias formativas necess\u00e1rias para atuar nesse sistema, n\u00e3o s\u00f3 para aprimor\u00e1-lo como para transform\u00e1-lo; analisar as necessidades humanas e os sistemas produtivos, estabelecendo a rela\u00e7\u00e3o entre eles a partir de uma abordagem integrada do vestu\u00e1rio; interpretar e aplicar fundamentos te\u00f3ricos para a compreens\u00e3o do contexto hist\u00f3rico, sociocultural, simb\u00f3lico e mercadol\u00f3gico do design de moda; desenvolver a capacidade anal\u00edtica, t\u00e9cnica, cr\u00edtica, criativa e expressiva na \u00e1rea de moda e suas adjacentes; identificar, analisar e aplicar ferramentas metodol\u00f3gicas de projeto; estruturar e exercitar as diversas fases do projeto de produtos de moda, desde a interpreta\u00e7\u00e3o de tend\u00eancias at\u00e9 a execu\u00e7\u00e3o do produto, por meio da aplica\u00e7\u00e3o e metodologia projetual; viabilizar solu\u00e7\u00f5es para problemas de design de moda, equacionando fatores ergon\u00f4micos, est\u00e9ticos, socioculturais, econ\u00f4micos e tecnol\u00f3gicos e desenvolver atitudes que caracterizem uma atua\u00e7\u00e3o profissional \u00e9tica, respeitando os valores de cidadania e responsabilidade social.<\/p>\n\n\n\n<p><\/p>\n\n\n\n<p><strong>Campos de Atua\u00e7\u00e3o<\/strong><br>Confec\u00e7\u00f5es de Moda; Ind\u00fastria de aviamentos e acess\u00f3rios; Empresas de varejo de Moda; Fia\u00e7\u00f5es, tecelagens, malharias, estamparias, empresas de tecidos para decora\u00e7\u00e3o; Empresas de assessoria e consultoria de Moda; Empresas de produ\u00e7\u00e3o art\u00edstica na cria\u00e7\u00e3o de figurinos e produ\u00e7\u00e3o de Moda; Empresas de comunica\u00e7\u00e3o de Moda.<\/p>\n\n\n\n<p><\/p>\n\n\n\n<p><strong>Sistema<\/strong>&nbsp;<strong>Acad\u00eamico<\/strong><br>Seriado anual<\/p>\n\n\n\n<p><\/p>\n\n\n\n<p><strong>N.\u00ba<\/strong>&nbsp;<strong>de<\/strong>&nbsp;<strong>Estudantes por Turma<\/strong><br>30<\/p>\n\n\n\n<div style=\"height:30px\" aria-hidden=\"true\" class=\"wp-block-spacer\"><\/div>\n\n\n\n<h3 class=\"wp-block-heading\"><strong>Saiba Mais Sobre o Curso de Design de Moda<\/strong><\/h3>\n\n\n\n<p><a href=\"https:\/\/sites.uel.br\/prograd\/wp-content\/uploads\/catalogo_cursos\/2018\/organizacao_curricular\/design_moda.pdf\" target=\"_blank\" rel=\"noreferrer noopener\">Organiza\u00e7\u00e3o Curricular<\/a><\/p>\n\n\n\n<p><a href=\"https:\/\/sites.uel.br\/prograd\/wp-content\/uploads\/catalogo_cursos\/2018\/ementas\/design_moda.pdf\" target=\"_blank\" rel=\"noreferrer noopener\">Ementas<\/a><\/p>\n\n\n\n<p><a href=\"https:\/\/sites.uel.br\/prograd\/wp-content\/uploads\/catalogo_cursos\/2018\/corpo_docente\/design_moda.pdf\" target=\"_blank\" rel=\"noreferrer noopener\">Corpo Docente<\/a><\/p>\n\n\n\n<p><a href=\"https:\/\/sites.uel.br\/prograd\/wp-content\/uploads\/catalogo_cursos\/2018\/estrutura_recursos\/ceca.pdf\" target=\"_blank\" rel=\"noreferrer noopener\">Estrutura\/Recursos<\/a><\/p>\n","protected":false},"excerpt":{"rendered":"<p>Design de Moda Cria\u00e7\u00e3oEstilismo &nbsp;em &nbsp;Moda: &nbsp;Resolu\u00e7\u00e3o &nbsp;da &nbsp;n.\u00ba &nbsp;3006, &nbsp;de &nbsp;16.07.96, &nbsp;alterada &nbsp;a &nbsp;denomina\u00e7\u00e3o &nbsp;atrav\u00e9s da Resolu\u00e7\u00e3o CEPE n.\u00ba 97, de 18.08.04. Implanta\u00e7\u00e3o do Curso na UEL24.02.97 ReconhecimentoDispon\u00edvel em:\u00a0sites.uel.br\/prograd\/decretos-renovacao-de-cursos GrauBacharel em Design de Moda C\u00f3digo\/Turno89 \u2013 Matutino Perfil do ProfissionalAs compet\u00eancias que se espera do designer de moda formado pela UEL s\u00e3o as seguintes: [&hellip;]<\/p>\n","protected":false},"author":8,"featured_media":0,"parent":0,"menu_order":0,"comment_status":"closed","ping_status":"closed","template":"","meta":{"_acf_changed":false,"_themeisle_gutenberg_block_has_review":false,"footnotes":""},"class_list":["post-7126","page","type-page","status-publish","hentry"],"acf":[],"_links":{"self":[{"href":"https:\/\/sites.uel.br\/prograd\/wp-json\/wp\/v2\/pages\/7126","targetHints":{"allow":["GET"]}}],"collection":[{"href":"https:\/\/sites.uel.br\/prograd\/wp-json\/wp\/v2\/pages"}],"about":[{"href":"https:\/\/sites.uel.br\/prograd\/wp-json\/wp\/v2\/types\/page"}],"author":[{"embeddable":true,"href":"https:\/\/sites.uel.br\/prograd\/wp-json\/wp\/v2\/users\/8"}],"replies":[{"embeddable":true,"href":"https:\/\/sites.uel.br\/prograd\/wp-json\/wp\/v2\/comments?post=7126"}],"version-history":[{"count":10,"href":"https:\/\/sites.uel.br\/prograd\/wp-json\/wp\/v2\/pages\/7126\/revisions"}],"predecessor-version":[{"id":29119,"href":"https:\/\/sites.uel.br\/prograd\/wp-json\/wp\/v2\/pages\/7126\/revisions\/29119"}],"wp:attachment":[{"href":"https:\/\/sites.uel.br\/prograd\/wp-json\/wp\/v2\/media?parent=7126"}],"curies":[{"name":"wp","href":"https:\/\/api.w.org\/{rel}","templated":true}]}}