{"id":7089,"date":"2023-06-06T09:50:56","date_gmt":"2023-06-06T12:50:56","guid":{"rendered":"https:\/\/sites.uel.br\/prograd\/?page_id=7089"},"modified":"2024-05-03T14:41:53","modified_gmt":"2024-05-03T17:41:53","slug":"catalogo-dos-cursos-de-graduacao-2019-ciencias-economicas","status":"publish","type":"page","link":"https:\/\/sites.uel.br\/prograd\/catalogo-dos-cursos-de-graduacao-2019-ciencias-economicas\/","title":{"rendered":"Cat\u00e1logo dos Cursos de Gradua\u00e7\u00e3o (2019)"},"content":{"rendered":"\n<hr class=\"wp-block-separator has-alpha-channel-opacity is-style-wide\"\/>\n\n\n\n<h2 class=\"wp-block-heading\">Ci\u00eancias Econ\u00f4micas<\/h2>\n\n\n\n<p><strong>Cria\u00e7\u00e3o<\/strong>&nbsp;<br>Lei Estadual 5.308, de 05.05.66<\/p>\n\n\n\n<p><\/p>\n\n\n\n<p><strong>Implanta\u00e7\u00e3o do Curso na UEL<\/strong>&nbsp;<br>01.03.68<\/p>\n\n\n\n<p><\/p>\n\n\n\n<p><strong>Reconhecimento<\/strong>&nbsp;<br>Decreto Estadual n\u00ba 9999, de 11\/06\/2018<\/p>\n\n\n\n<p><\/p>\n\n\n\n<p><strong>Ano de implanta\u00e7\u00e3o do curr\u00edculo em vigor<\/strong><br>2010<\/p>\n\n\n\n<p><\/p>\n\n\n\n<p><strong>Grau<\/strong>&nbsp;<br>Bacharel em Ci\u00eancias Econ\u00f4micas<\/p>\n\n\n\n<p><\/p>\n\n\n\n<p><strong>C\u00f3digo\/Turno<\/strong>&nbsp;<br>16 &#8211; Matutino \/ 09 &#8211; Noturno<\/p>\n\n\n\n<p><\/p>\n\n\n\n<p><strong>Perfil do Profissional<\/strong><br>O economista formado pela UEL dever\u00e1 ter compet\u00eancia e habilidade para: exercer cargos de lideran\u00e7a junto a empresas p\u00fablicas e privadas; atuar com \u00e9tica e responsabilidade em equipes multidisciplinares; ser cr\u00edtico e criativo em rela\u00e7\u00e3o \u00e0s quest\u00f5es econ\u00f4micas, sociais e ambientais; tomar decis\u00f5es e resolver problemas numa realidade diversificada e em constante transforma\u00e7\u00e3o e utilizar o instrumental econ\u00f4mico, te\u00f3rico-hist\u00f3rico-matem\u00e1tico, para an\u00e1lise e solu\u00e7\u00e3o dos problemas da realidade socioecon\u00f4mica.<\/p>\n\n\n\n<p><\/p>\n\n\n\n<p><strong>Objetivo do Curso<\/strong><br>Formar profissionais com capacidade anal\u00edtica, vis\u00e3o cr\u00edtica e, principalmente, compet\u00eancia para adquirir novos conhecimentos, aptos ao exerc\u00edcio profissional em todos os setores do campo econ\u00f4mico. Para tanto, o curso oferecer\u00e1 ao estudante as bases te\u00f3rico-cient\u00edficas necess\u00e1rias \u00e0 sua forma\u00e7\u00e3o, estimulando-o a ter interesse pelo avan\u00e7o da ci\u00eancia, do humanismo e justi\u00e7a social, mantendo sintonia com as exig\u00eancias da sociedade e habilitando-o a desenvolver racioc\u00ednio l\u00f3gico e capacidade de express\u00e3o escrita, oral e interpretativa.<\/p>\n\n\n\n<p><\/p>\n\n\n\n<p><strong>Campos de Atua\u00e7\u00e3o<\/strong><br>S\u00e3o inerentes ao campo profissional do economista as seguintes atividades: planejamento, proje\u00e7\u00e3o, programa\u00e7\u00e3o e an\u00e1lises econ\u00f4mico-financeira de investimentos de qualquer natureza; estudos, an\u00e1lises e pareceres pertinentes \u00e0 quest\u00f5es econ\u00f4micas; per\u00edcias avalia\u00e7\u00f5es e arbitramentos; ensino de Estat\u00edstica, Economia e Finan\u00e7as em cursos t\u00e9cnicos e superior podendo atuar ainda em consultoria e assessoria econ\u00f4mica de empresas e no desenvolvimento e an\u00e1lises do projeto. A profiss\u00e3o \u00e9 regulamentada pela Lei Federal n.\u00ba 1.411 de 13\/08\/51 com nova reda\u00e7\u00e3o dada pela Lei Federal n.\u00ba 6.021, de 13.01.74.<\/p>\n\n\n\n<p><\/p>\n\n\n\n<p><strong>Sistema<\/strong>&nbsp;<strong>Acad\u00eamico<\/strong>&nbsp;<br>Seriado Anual<\/p>\n\n\n\n<p><\/p>\n\n\n\n<p><strong>N.\u00ba<\/strong>&nbsp;<strong>de<\/strong>&nbsp;<strong>Estudantes por Turma<\/strong>&nbsp;<br>Matutino \u2013 40; Noturno &#8211; 80<\/p>\n\n\n\n<div style=\"height:30px\" aria-hidden=\"true\" class=\"wp-block-spacer\"><\/div>\n\n\n\n<h3 class=\"wp-block-heading\"><strong><strong>Saiba Mais Sobre o Curso de<\/strong> Ci\u00eancias Econ\u00f4micas<\/strong><\/h3>\n\n\n\n<p>Organiza\u00e7\u00e3o Curricular<br>(<a href=\"https:\/\/sites.uel.br\/prograd\/wp-content\/uploads\/catalogo_cursos\/2019\/organizacao_curricular\/ciencias_economicas_matutino.pdf\" target=\"_blank\" rel=\"noreferrer noopener\">Matutino<\/a>) (<a href=\"https:\/\/sites.uel.br\/prograd\/wp-content\/uploads\/catalogo_cursos\/2019\/organizacao_curricular\/ciencias_economicas_noturno.pdf\" target=\"_blank\" rel=\"noreferrer noopener\">Noturno<\/a>)<\/p>\n\n\n\n<p>Ementas<br>(<a href=\"https:\/\/sites.uel.br\/prograd\/wp-content\/uploads\/catalogo_cursos\/2019\/ementas\/ciencias_economicas_matutino.pdf\" target=\"_blank\" rel=\"noreferrer noopener\">Matutino<\/a>) (<a href=\"https:\/\/sites.uel.br\/prograd\/wp-content\/uploads\/catalogo_cursos\/2019\/ementas\/ciencias_economicas_noturno.pdf\" target=\"_blank\" rel=\"noreferrer noopener\">Noturno<\/a>)<\/p>\n\n\n\n<p><a href=\"https:\/\/sites.uel.br\/prograd\/wp-content\/uploads\/catalogo_cursos\/2019\/corpo_docente\/ciencias_economicas.pdf\" target=\"_blank\" rel=\"noreferrer noopener\">Corpo Docente<\/a><\/p>\n\n\n\n<p><a href=\"https:\/\/sites.uel.br\/prograd\/wp-content\/uploads\/catalogo_cursos\/2019\/estrutura_recursos\/cesa.pdf\" target=\"_blank\" rel=\"noreferrer noopener\">Estrutura\/Recursos<\/a><\/p>\n","protected":false},"excerpt":{"rendered":"<p>Ci\u00eancias Econ\u00f4micas Cria\u00e7\u00e3o&nbsp;Lei Estadual 5.308, de 05.05.66 Implanta\u00e7\u00e3o do Curso na UEL&nbsp;01.03.68 Reconhecimento&nbsp;Decreto Estadual n\u00ba 9999, de 11\/06\/2018 Ano de implanta\u00e7\u00e3o do curr\u00edculo em vigor2010 Grau&nbsp;Bacharel em Ci\u00eancias Econ\u00f4micas C\u00f3digo\/Turno&nbsp;16 &#8211; Matutino \/ 09 &#8211; Noturno Perfil do ProfissionalO economista formado pela UEL dever\u00e1 ter compet\u00eancia e habilidade para: exercer cargos de lideran\u00e7a junto a [&hellip;]<\/p>\n","protected":false},"author":8,"featured_media":0,"parent":0,"menu_order":0,"comment_status":"closed","ping_status":"closed","template":"","meta":{"_acf_changed":false,"_themeisle_gutenberg_block_has_review":false,"footnotes":""},"class_list":["post-7089","page","type-page","status-publish","hentry"],"acf":[],"_links":{"self":[{"href":"https:\/\/sites.uel.br\/prograd\/wp-json\/wp\/v2\/pages\/7089","targetHints":{"allow":["GET"]}}],"collection":[{"href":"https:\/\/sites.uel.br\/prograd\/wp-json\/wp\/v2\/pages"}],"about":[{"href":"https:\/\/sites.uel.br\/prograd\/wp-json\/wp\/v2\/types\/page"}],"author":[{"embeddable":true,"href":"https:\/\/sites.uel.br\/prograd\/wp-json\/wp\/v2\/users\/8"}],"replies":[{"embeddable":true,"href":"https:\/\/sites.uel.br\/prograd\/wp-json\/wp\/v2\/comments?post=7089"}],"version-history":[{"count":7,"href":"https:\/\/sites.uel.br\/prograd\/wp-json\/wp\/v2\/pages\/7089\/revisions"}],"predecessor-version":[{"id":29178,"href":"https:\/\/sites.uel.br\/prograd\/wp-json\/wp\/v2\/pages\/7089\/revisions\/29178"}],"wp:attachment":[{"href":"https:\/\/sites.uel.br\/prograd\/wp-json\/wp\/v2\/media?parent=7089"}],"curies":[{"name":"wp","href":"https:\/\/api.w.org\/{rel}","templated":true}]}}