{"id":7046,"date":"2023-06-06T09:44:13","date_gmt":"2023-06-06T12:44:13","guid":{"rendered":"https:\/\/sites.uel.br\/prograd\/?page_id=7046"},"modified":"2024-05-03T14:24:03","modified_gmt":"2024-05-03T17:24:03","slug":"catalogo-dos-cursos-de-graduacao-2018-ciencia-da-computacao","status":"publish","type":"page","link":"https:\/\/sites.uel.br\/prograd\/catalogo-dos-cursos-de-graduacao-2018-ciencia-da-computacao\/","title":{"rendered":"Cat\u00e1logo dos Cursos de Gradua\u00e7\u00e3o (2018)"},"content":{"rendered":"\n<hr class=\"wp-block-separator has-alpha-channel-opacity is-style-wide\"\/>\n\n\n\n<h2 class=\"wp-block-heading\">Ci\u00eancia da Computa\u00e7\u00e3o<\/h2>\n\n\n\n<p><strong>Cria\u00e7\u00e3o<\/strong><br>Resolu\u00e7\u00e3o n.\u00ba 1.586, de 26.09.90<\/p>\n\n\n\n<p><\/p>\n\n\n\n<p><strong>Implanta\u00e7\u00e3o do Curso na UEL<\/strong><br>04.03.91<\/p>\n\n\n\n<p><\/p>\n\n\n\n<p><strong>Reconhecimento<\/strong><br>Dispon\u00edvel em:\u00a0<a href=\"http:\/\/www.uel.br\/prograd\/reconhecimento\" target=\"_blank\" rel=\"noreferrer noopener\"><a href=\"https:\/\/sites.uel.br\/prograd\/decretos-renovacao-de-cursos\/\">sites.uel.br\/prograd\/decretos-renovacao-de-cursos<\/a><\/a><\/p>\n\n\n\n<p><\/p>\n\n\n\n<p><strong>Grau<\/strong><br>Bacharel em Ci\u00eancia da Computa\u00e7\u00e3o<\/p>\n\n\n\n<p><\/p>\n\n\n\n<p><strong>C\u00f3digo\/Turno<\/strong><br>56 &#8211; Integral<\/p>\n\n\n\n<p><\/p>\n\n\n\n<p><strong>Perfil do Profissional<\/strong><br>O Bacharel em Ci\u00eancia da Computa\u00e7\u00e3o \u00e9 capaz de solucionar problemas do mundo real, por meio da constru\u00e7\u00e3o de modelos computacionais e de sua implementa\u00e7\u00e3o. As caracter\u00edsticas fundamentais deste profissional s\u00e3o: conhecimento e dom\u00ednio do processo de projeto para construir a solu\u00e7\u00e3o de problemas com base cient\u00edfica; capacidade de aplicar seus conhecimentos de forma independente e inovadora, acompanhando a evolu\u00e7\u00e3o do setor e contribuindo na busca de solu\u00e7\u00f5es nas diferentes \u00e1reas aplicadas; forma\u00e7\u00e3o human\u00edstica permitindo a compreens\u00e3o do mundo e da sociedade, uma forma\u00e7\u00e3o de neg\u00f3cios, permitindo uma vis\u00e3o da din\u00e2mica organizacional e estimulando o trabalho em grupo, desenvolvendo suas habilidades de comunica\u00e7\u00e3o e express\u00e3o.<\/p>\n\n\n\n<p><\/p>\n\n\n\n<p><strong>Objetivo do Curso<\/strong><br>Formar profissionais que tenham capacidade de desenvolver ci\u00eancia e tecnologia da computa\u00e7\u00e3o; usar de forma eficiente os recursos correntes de hardware e software para desenvolver solu\u00e7\u00f5es para qualquer \u00e1rea da atividade humana onde se possa aplicar elementos computacionais; habilitar o egresso a ingressar num programa de p\u00f3s-gradua\u00e7\u00e3o.<\/p>\n\n\n\n<p><\/p>\n\n\n\n<p><strong>Campos de Atua\u00e7\u00e3o<\/strong><br>O Bacharel em Ci\u00eancia da Computa\u00e7\u00e3o est\u00e1 apto a prestar servi\u00e7os junto \u00e0s empresas e institui\u00e7\u00f5es governamentais ou privadas de pequeno ou grande porte, tanto nos setores industriais, comerciais, como atuar em institui\u00e7\u00f5es de ensino e de pesquisa, necessitando, neste caso, a continuidade da forma\u00e7\u00e3o acad\u00eamica atrav\u00e9s de cursos de p\u00f3s-gradua\u00e7\u00e3o. Tamb\u00e9m pode atuar como empreendedor de seu pr\u00f3prio neg\u00f3cio em inform\u00e1tica.<\/p>\n\n\n\n<p><\/p>\n\n\n\n<p><strong>Sistema<\/strong>&nbsp;<strong>Acad\u00eamico<\/strong><br>Seriado anual<\/p>\n\n\n\n<p><\/p>\n\n\n\n<p><strong>N.\u00ba<\/strong>&nbsp;<strong>de<\/strong>&nbsp;<strong>Estudantes por Turma<\/strong><br>40<\/p>\n\n\n\n<div style=\"height:30px\" aria-hidden=\"true\" class=\"wp-block-spacer\"><\/div>\n\n\n\n<h3 class=\"wp-block-heading\"><strong>Saiba Mais Sobre o Curso de Ci\u00eancia da Computa\u00e7\u00e3o<\/strong><\/h3>\n\n\n\n<p><a href=\"https:\/\/sites.uel.br\/prograd\/wp-content\/uploads\/catalogo_cursos\/2018\/organizacao_curricular\/ciencia_computacao.pdf\" target=\"_blank\" rel=\"noreferrer noopener\">Organiza\u00e7\u00e3o Curricular<\/a><\/p>\n\n\n\n<p><a href=\"https:\/\/sites.uel.br\/prograd\/wp-content\/uploads\/catalogo_cursos\/2018\/ementas\/ciencia_computacao.pdf\" target=\"_blank\" rel=\"noreferrer noopener\">Ementas<\/a><\/p>\n\n\n\n<p><a href=\"https:\/\/sites.uel.br\/prograd\/wp-content\/uploads\/catalogo_cursos\/2018\/corpo_docente\/ciencia_computacao.pdf\" target=\"_blank\" rel=\"noreferrer noopener\">Corpo Docente<\/a><\/p>\n\n\n\n<p><a href=\"https:\/\/sites.uel.br\/prograd\/wp-content\/uploads\/catalogo_cursos\/2018\/estrutura_recursos\/cce.pdf\" target=\"_blank\" rel=\"noreferrer noopener\">Estrutura\/Recursos<\/a><\/p>\n","protected":false},"excerpt":{"rendered":"<p>Ci\u00eancia da Computa\u00e7\u00e3o Cria\u00e7\u00e3oResolu\u00e7\u00e3o n.\u00ba 1.586, de 26.09.90 Implanta\u00e7\u00e3o do Curso na UEL04.03.91 ReconhecimentoDispon\u00edvel em:\u00a0sites.uel.br\/prograd\/decretos-renovacao-de-cursos GrauBacharel em Ci\u00eancia da Computa\u00e7\u00e3o C\u00f3digo\/Turno56 &#8211; Integral Perfil do ProfissionalO Bacharel em Ci\u00eancia da Computa\u00e7\u00e3o \u00e9 capaz de solucionar problemas do mundo real, por meio da constru\u00e7\u00e3o de modelos computacionais e de sua implementa\u00e7\u00e3o. As caracter\u00edsticas fundamentais deste profissional [&hellip;]<\/p>\n","protected":false},"author":8,"featured_media":0,"parent":0,"menu_order":0,"comment_status":"closed","ping_status":"closed","template":"","meta":{"_acf_changed":false,"_themeisle_gutenberg_block_has_review":false,"footnotes":""},"class_list":["post-7046","page","type-page","status-publish","hentry"],"acf":[],"_links":{"self":[{"href":"https:\/\/sites.uel.br\/prograd\/wp-json\/wp\/v2\/pages\/7046","targetHints":{"allow":["GET"]}}],"collection":[{"href":"https:\/\/sites.uel.br\/prograd\/wp-json\/wp\/v2\/pages"}],"about":[{"href":"https:\/\/sites.uel.br\/prograd\/wp-json\/wp\/v2\/types\/page"}],"author":[{"embeddable":true,"href":"https:\/\/sites.uel.br\/prograd\/wp-json\/wp\/v2\/users\/8"}],"replies":[{"embeddable":true,"href":"https:\/\/sites.uel.br\/prograd\/wp-json\/wp\/v2\/comments?post=7046"}],"version-history":[{"count":10,"href":"https:\/\/sites.uel.br\/prograd\/wp-json\/wp\/v2\/pages\/7046\/revisions"}],"predecessor-version":[{"id":29124,"href":"https:\/\/sites.uel.br\/prograd\/wp-json\/wp\/v2\/pages\/7046\/revisions\/29124"}],"wp:attachment":[{"href":"https:\/\/sites.uel.br\/prograd\/wp-json\/wp\/v2\/media?parent=7046"}],"curies":[{"name":"wp","href":"https:\/\/api.w.org\/{rel}","templated":true}]}}