{"id":6907,"date":"2023-06-05T16:10:52","date_gmt":"2023-06-05T19:10:52","guid":{"rendered":"https:\/\/sites.uel.br\/prograd\/?page_id=6907"},"modified":"2024-05-03T14:40:38","modified_gmt":"2024-05-03T17:40:38","slug":"catalogo-dos-cursos-de-graduacao-2019-arquivologia","status":"publish","type":"page","link":"https:\/\/sites.uel.br\/prograd\/catalogo-dos-cursos-de-graduacao-2019-arquivologia\/","title":{"rendered":"Cat\u00e1logo dos Cursos de Gradua\u00e7\u00e3o (2019)"},"content":{"rendered":"\n<hr class=\"wp-block-separator has-alpha-channel-opacity is-style-wide\"\/>\n\n\n\n<h2 class=\"wp-block-heading\">Arquivologia<\/h2>\n\n\n\n<p><strong>Cria\u00e7\u00e3o<\/strong>&nbsp;<br>Resolu\u00e7\u00e3o CEPE\/CA n.\u00ba 112, de 08.10.97<\/p>\n\n\n\n<p><\/p>\n\n\n\n<p><strong>Implanta\u00e7\u00e3o do Curso na UEL<\/strong>&nbsp;<br>26.02.98<\/p>\n\n\n\n<p><\/p>\n\n\n\n<p><strong>Reconhecimento<\/strong>&nbsp;<br>Decreto Estadual n\u00ba 7752, de 05\/09\/2017<\/p>\n\n\n\n<p><\/p>\n\n\n\n<p><strong>Ano de implanta\u00e7\u00e3o do curr\u00edculo em vigor<\/strong><br>2018<\/p>\n\n\n\n<p><\/p>\n\n\n\n<p><strong>Grau<\/strong>&nbsp;<br>Bacharel em Arquivologia<\/p>\n\n\n\n<p><\/p>\n\n\n\n<p><strong>C\u00f3digo\/Turno<\/strong>&nbsp;<br>82 &#8211; Noturno<\/p>\n\n\n\n<p><\/p>\n\n\n\n<p><strong>Perfil do Profissional<\/strong><br>O profissional formado no Curso de Arquivologia deve: deter n\u00e3o s\u00f3 a compet\u00eancia t\u00e9cnico-cient\u00edfica que o mundo do trabalho requer, mas tamb\u00e9m a capacita\u00e7\u00e3o para o exerc\u00edcio da cidadania; buscar de forma cont\u00ednua informa\u00e7\u00e3o e conhecimento, pois s\u00e3o tais fatores os mais valiosos recursos estrat\u00e9gicos; manter uma postura investigadora e cr\u00edtica, de modo que este possa assumir as mudan\u00e7as sociais de forma natural. A forma\u00e7\u00e3o do profissional sup\u00f5e o desenvolvimento de habilidades espec\u00edficas, de esp\u00edrito cr\u00edtico, do dom\u00ednio das pr\u00e1ticas essenciais de produ\u00e7\u00e3o e difus\u00e3o do conhecimento na \u00e1rea, observando padr\u00f5es \u00e9ticos de conduta. Tal forma\u00e7\u00e3o oferecer\u00e1 ao profissional, condi\u00e7\u00f5es para suprir demandas relativas ao seu campo de atua\u00e7\u00e3o, e enfrentar com profici\u00eancia e criatividade a realidade de sua pr\u00e1xis.<\/p>\n\n\n\n<p><\/p>\n\n\n\n<p><strong>Objetivo do Curso<\/strong><br>Desenvolver capacidades para aprender a aprender, a ser, a fazer, a viver junto e a conhecer, levando em considera\u00e7\u00e3o a autonomia na forma\u00e7\u00e3o para capacitar os alunos a atuar em um mundo que est\u00e1 em permanente mudan\u00e7a; desenvolver capacidades para pensar, inovar e executar para o futuro, atendendo com compet\u00eancia e criatividade as diferentes demandas de informa\u00e7\u00e3o oriundas da sociedade; propiciar a forma\u00e7\u00e3o de profissionais com vis\u00e3o cient\u00edfica que compreendam a provisoriedade da verdade cient\u00edfica, portanto cr\u00edticos, reflexivos, aut\u00f4nomos, \u00e9ticos e que enfrentem os desafios pr\u00f3prios da \u00e1rea com compet\u00eancia; possibilitar o desenvolvimento da capacidade cr\u00edtica e anal\u00edtica do profissional para atender a demanda atual e exercer os pap\u00e9is a ele destinados em fun\u00e7\u00e3o das mudan\u00e7as que v\u00eam ocorrendo mundialmente, seja pela globaliza\u00e7\u00e3o da sociedade, seja pelos novos paradigmas do mundo moderno; Incentivar o desenvolvimento de atitudes solid\u00e1rias e n\u00e3o apenas competitivas tal como induzido pela ideologia hegem\u00f4nica e possibilitar o reconhecimento da dimens\u00e3o social da profiss\u00e3o, por meio de uma forma\u00e7\u00e3o que capacite o profissional a modificar o meio onde atua, de modo a induzir as desigualdades e compreender a diversidade sociocultural.<\/p>\n\n\n\n<p><\/p>\n\n\n\n<p><strong>Campos de Atua\u00e7\u00e3o<\/strong><br>Institui\u00e7\u00f5es p\u00fablicas e privadas, empresas, cl\u00ednicas m\u00e9dicas, institui\u00e7\u00f5es culturais, universidades e outras institui\u00e7\u00f5es. A profiss\u00e3o \u00e9 regulamentada pela Lei n.\u00ba 6.545, de 1978 e Decreto n.\u00ba 82.590, de 06.11.78.<\/p>\n\n\n\n<p><\/p>\n\n\n\n<p><strong>Sistema<\/strong>&nbsp;<strong>Acad\u00eamico<\/strong>&nbsp;<br>Cr\u00e9dito Anual<\/p>\n\n\n\n<p><\/p>\n\n\n\n<p><strong>N.\u00ba<\/strong>&nbsp;<strong>de<\/strong>&nbsp;<strong>Estudantes por Turma<\/strong>&nbsp;<br>40<\/p>\n\n\n\n<div style=\"height:30px\" aria-hidden=\"true\" class=\"wp-block-spacer\"><\/div>\n\n\n\n<h3 class=\"wp-block-heading\"><strong><strong>Saiba Mais Sobre o Curso de<\/strong> Arquivologia<\/strong><\/h3>\n\n\n\n<p><a href=\"https:\/\/sites.uel.br\/prograd\/wp-content\/uploads\/catalogo_cursos\/2019\/organizacao_curricular\/arquivologia.pdf\" target=\"_blank\" rel=\"noreferrer noopener\">Organiza\u00e7\u00e3o Curricular<\/a><\/p>\n\n\n\n<p><a href=\"https:\/\/sites.uel.br\/prograd\/wp-content\/uploads\/catalogo_cursos\/2019\/ementas\/arquivologia.pdf\" data-type=\"link\" data-id=\"https:\/\/sites.uel.br\/prograd\/wp-content\/uploads\/catalogo_cursos\/2019\/ementas\/arquivologia.pdf\" target=\"_blank\" rel=\"noreferrer noopener\">Ementas<\/a><\/p>\n\n\n\n<p><a href=\"https:\/\/sites.uel.br\/prograd\/wp-content\/uploads\/catalogo_cursos\/2019\/corpo_docente\/arquivologia.pdf\" target=\"_blank\" rel=\"noreferrer noopener\">Corpo Docente<\/a><\/p>\n\n\n\n<p><a href=\"https:\/\/sites.uel.br\/prograd\/wp-content\/uploads\/catalogo_cursos\/2019\/estrutura_recursos\/ceca.pdf\" target=\"_blank\" rel=\"noreferrer noopener\">Estrutura\/Recursos<\/a><\/p>\n","protected":false},"excerpt":{"rendered":"<p>Arquivologia Cria\u00e7\u00e3o&nbsp;Resolu\u00e7\u00e3o CEPE\/CA n.\u00ba 112, de 08.10.97 Implanta\u00e7\u00e3o do Curso na UEL&nbsp;26.02.98 Reconhecimento&nbsp;Decreto Estadual n\u00ba 7752, de 05\/09\/2017 Ano de implanta\u00e7\u00e3o do curr\u00edculo em vigor2018 Grau&nbsp;Bacharel em Arquivologia C\u00f3digo\/Turno&nbsp;82 &#8211; Noturno Perfil do ProfissionalO profissional formado no Curso de Arquivologia deve: deter n\u00e3o s\u00f3 a compet\u00eancia t\u00e9cnico-cient\u00edfica que o mundo do trabalho requer, mas tamb\u00e9m [&hellip;]<\/p>\n","protected":false},"author":8,"featured_media":0,"parent":0,"menu_order":0,"comment_status":"closed","ping_status":"closed","template":"","meta":{"_acf_changed":false,"_themeisle_gutenberg_block_has_review":false,"footnotes":""},"class_list":["post-6907","page","type-page","status-publish","hentry"],"acf":[],"_links":{"self":[{"href":"https:\/\/sites.uel.br\/prograd\/wp-json\/wp\/v2\/pages\/6907","targetHints":{"allow":["GET"]}}],"collection":[{"href":"https:\/\/sites.uel.br\/prograd\/wp-json\/wp\/v2\/pages"}],"about":[{"href":"https:\/\/sites.uel.br\/prograd\/wp-json\/wp\/v2\/types\/page"}],"author":[{"embeddable":true,"href":"https:\/\/sites.uel.br\/prograd\/wp-json\/wp\/v2\/users\/8"}],"replies":[{"embeddable":true,"href":"https:\/\/sites.uel.br\/prograd\/wp-json\/wp\/v2\/comments?post=6907"}],"version-history":[{"count":6,"href":"https:\/\/sites.uel.br\/prograd\/wp-json\/wp\/v2\/pages\/6907\/revisions"}],"predecessor-version":[{"id":29169,"href":"https:\/\/sites.uel.br\/prograd\/wp-json\/wp\/v2\/pages\/6907\/revisions\/29169"}],"wp:attachment":[{"href":"https:\/\/sites.uel.br\/prograd\/wp-json\/wp\/v2\/media?parent=6907"}],"curies":[{"name":"wp","href":"https:\/\/api.w.org\/{rel}","templated":true}]}}