{"id":6861,"date":"2023-06-02T16:22:18","date_gmt":"2023-06-02T19:22:18","guid":{"rendered":"https:\/\/sites.uel.br\/prograd\/?page_id=6861"},"modified":"2024-05-03T14:40:30","modified_gmt":"2024-05-03T17:40:30","slug":"catalogo-dos-cursos-de-graduacao-2019-arquitetura-e-urbanismo","status":"publish","type":"page","link":"https:\/\/sites.uel.br\/prograd\/catalogo-dos-cursos-de-graduacao-2019-arquitetura-e-urbanismo\/","title":{"rendered":"Cat\u00e1logo dos Cursos de Gradua\u00e7\u00e3o (2019)"},"content":{"rendered":"\n<hr class=\"wp-block-separator has-alpha-channel-opacity is-style-wide\"\/>\n\n\n\n<h2 class=\"wp-block-heading\">Arquitetura e Urbanismo<\/h2>\n\n\n\n<p><strong>Cria\u00e7\u00e3o<\/strong><br>Resolu\u00e7\u00e3o n.\u00ba 501, de 21.10.78<\/p>\n\n\n\n<p><\/p>\n\n\n\n<p><strong>Implanta\u00e7\u00e3o do Curso na UEL<\/strong><br>14.08.79<\/p>\n\n\n\n<p><\/p>\n\n\n\n<p><strong>Reconhecimento<\/strong><br>Decreto Estadual n\u00ba 3286, de 08\/01\/2016<\/p>\n\n\n\n<p><\/p>\n\n\n\n<p><strong>Ano de implanta\u00e7\u00e3o do curr\u00edculo em vigor<\/strong><br>2010<\/p>\n\n\n\n<p><\/p>\n\n\n\n<p><strong>Grau<\/strong><br>Arquiteto e Urbanista<\/p>\n\n\n\n<p><\/p>\n\n\n\n<p><strong>C\u00f3digo\/Turno<\/strong><br>53 &#8211; Integral<\/p>\n\n\n\n<p><\/p>\n\n\n\n<p><strong>Perfil do Profissional<\/strong><br>Os Arquitetos e urbanistas s\u00e3o profissionais aptos a compreender e traduzir as necessidades de indiv\u00edduos, grupos sociais e comunidades e, consequentemente, atuar no planejamento, projetos e constru\u00e7\u00e3o de espa\u00e7os urbanos.<\/p>\n\n\n\n<p><\/p>\n\n\n\n<p><strong>Objetivo do Curso<\/strong><br>Desenvolver o arquiteto e urbanista como generalista, apto a resolver contradi\u00e7\u00f5es potenciais entre diferentes requerimentos da arquitetura e urbanismo, respondendo \u00e0s necessidades de abrigo da sociedade e dos indiv\u00edduos, quanto a seus aspectos sociais, culturais, ambientais, \u00e9ticos e est\u00e9ticos.<\/p>\n\n\n\n<p><\/p>\n\n\n\n<p><strong>Campos de Atua\u00e7\u00e3o<\/strong><br>Profissional liberal ou em \u00f3rg\u00e3os de planejamento, em empresas p\u00fablicas e privadas. Profiss\u00e3o regulamentada pela Lei n.\u00ba 5.194, de 24.12.66.<\/p>\n\n\n\n<p><\/p>\n\n\n\n<p><strong>SistemaAcad\u00eamico<\/strong><br>Seriado Anual<\/p>\n\n\n\n<p><\/p>\n\n\n\n<p><strong>N.\u00ba de Estudantes por Turma<\/strong><br>60<\/p>\n\n\n\n<div style=\"height:30px\" aria-hidden=\"true\" class=\"wp-block-spacer\"><\/div>\n\n\n\n<h3 class=\"wp-block-heading\"><strong><strong>Saiba Mais Sobre o Curso de<\/strong> Arquitetura e Urbanismo<\/strong><\/h3>\n\n\n\n<p><a href=\"https:\/\/sites.uel.br\/prograd\/wp-content\/uploads\/catalogo_cursos\/2019\/organizacao_curricular\/arquitetura_urbanismo.pdf\" target=\"_blank\" rel=\"noreferrer noopener\">Organiza\u00e7\u00e3o Curricular<\/a><\/p>\n\n\n\n<p><a href=\"https:\/\/sites.uel.br\/prograd\/wp-content\/uploads\/catalogo_cursos\/2019\/ementas\/arquitetura_urbanismo.pdf\" target=\"_blank\" rel=\"noreferrer noopener\">Ementas<\/a><\/p>\n\n\n\n<p><a href=\"https:\/\/sites.uel.br\/prograd\/wp-content\/uploads\/catalogo_cursos\/2019\/corpo_docente\/arquitetura_urbanismo.pdf\" target=\"_blank\" rel=\"noreferrer noopener\">Corpo Docente<\/a><\/p>\n\n\n\n<p><a href=\"https:\/\/sites.uel.br\/prograd\/wp-content\/uploads\/catalogo_cursos\/2019\/estrutura_recursos\/ctu.pdf\" target=\"_blank\" rel=\"noreferrer noopener\">Estrutura\/Recursos<\/a><\/p>\n","protected":false},"excerpt":{"rendered":"<p>Arquitetura e Urbanismo Cria\u00e7\u00e3oResolu\u00e7\u00e3o n.\u00ba 501, de 21.10.78 Implanta\u00e7\u00e3o do Curso na UEL14.08.79 ReconhecimentoDecreto Estadual n\u00ba 3286, de 08\/01\/2016 Ano de implanta\u00e7\u00e3o do curr\u00edculo em vigor2010 GrauArquiteto e Urbanista C\u00f3digo\/Turno53 &#8211; Integral Perfil do ProfissionalOs Arquitetos e urbanistas s\u00e3o profissionais aptos a compreender e traduzir as necessidades de indiv\u00edduos, grupos sociais e comunidades e, consequentemente, [&hellip;]<\/p>\n","protected":false},"author":8,"featured_media":0,"parent":0,"menu_order":0,"comment_status":"closed","ping_status":"closed","template":"","meta":{"_acf_changed":false,"_themeisle_gutenberg_block_has_review":false,"footnotes":""},"class_list":["post-6861","page","type-page","status-publish","hentry"],"acf":[],"_links":{"self":[{"href":"https:\/\/sites.uel.br\/prograd\/wp-json\/wp\/v2\/pages\/6861","targetHints":{"allow":["GET"]}}],"collection":[{"href":"https:\/\/sites.uel.br\/prograd\/wp-json\/wp\/v2\/pages"}],"about":[{"href":"https:\/\/sites.uel.br\/prograd\/wp-json\/wp\/v2\/types\/page"}],"author":[{"embeddable":true,"href":"https:\/\/sites.uel.br\/prograd\/wp-json\/wp\/v2\/users\/8"}],"replies":[{"embeddable":true,"href":"https:\/\/sites.uel.br\/prograd\/wp-json\/wp\/v2\/comments?post=6861"}],"version-history":[{"count":7,"href":"https:\/\/sites.uel.br\/prograd\/wp-json\/wp\/v2\/pages\/6861\/revisions"}],"predecessor-version":[{"id":29168,"href":"https:\/\/sites.uel.br\/prograd\/wp-json\/wp\/v2\/pages\/6861\/revisions\/29168"}],"wp:attachment":[{"href":"https:\/\/sites.uel.br\/prograd\/wp-json\/wp\/v2\/media?parent=6861"}],"curies":[{"name":"wp","href":"https:\/\/api.w.org\/{rel}","templated":true}]}}