{"id":6744,"date":"2023-06-02T15:35:41","date_gmt":"2023-06-02T18:35:41","guid":{"rendered":"https:\/\/sites.uel.br\/prograd\/?page_id=6744"},"modified":"2024-05-03T14:40:16","modified_gmt":"2024-05-03T17:40:16","slug":"catalogo-dos-cursos-de-graduacao-2019-administracao","status":"publish","type":"page","link":"https:\/\/sites.uel.br\/prograd\/catalogo-dos-cursos-de-graduacao-2019-administracao\/","title":{"rendered":"Cat\u00e1logo dos Cursos de Gradua\u00e7\u00e3o (2019)"},"content":{"rendered":"\n<hr class=\"wp-block-separator has-alpha-channel-opacity is-style-wide\"\/>\n\n\n\n<h2 class=\"wp-block-heading\">Administra\u00e7\u00e3o<\/h2>\n\n\n\n<p><strong>Cria\u00e7\u00e3o<\/strong>&nbsp;<br>Parecer CEE n.\u00ba 91, de 13.09.68<\/p>\n\n\n\n<p><\/p>\n\n\n\n<p><strong>Implanta\u00e7\u00e3o do Curso na UEL<\/strong>&nbsp;<br>01.03.69<\/p>\n\n\n\n<p><\/p>\n\n\n\n<p><strong>Reconhecimento<\/strong>&nbsp;<br>Decreto Estadual n\u00ba 5842, de 03\/01\/2017<\/p>\n\n\n\n<p><\/p>\n\n\n\n<p><strong>Ano de implanta\u00e7\u00e3o do curr\u00edculo em vigor<\/strong><br>2018<\/p>\n\n\n\n<p><\/p>\n\n\n\n<p><strong>Grau<\/strong>&nbsp;<br>Bacharel em Administra\u00e7\u00e3o<\/p>\n\n\n\n<p><\/p>\n\n\n\n<p><strong>C\u00f3digo\/Turno<\/strong>&nbsp;<br>17 &#8211; Matutino \/ 10 &#8211; Noturno<\/p>\n\n\n\n<p><\/p>\n\n\n\n<p><strong>Perfil do Profissional<\/strong><br>O administrador formado pela UEL dever\u00e1 ter compet\u00eancia e habilidade para: reconhecer e definir problemas, equacionar solu\u00e7\u00f5es, pensar estrategicamente, introduzir modifica\u00e7\u00f5es no processo produtivo, atuar preventivamente, transferir e generalizar conhecimentos e exercer, em diferentes graus de complexidade, o processo da tomada de decis\u00e3o; Atuar na profiss\u00e3o com iniciativa, criatividade, determina\u00e7\u00e3o, vontade de aprender, abertura \u00e0s mudan\u00e7as e consci\u00eancia da qualidade e das implica\u00e7\u00f5es \u00e9ticas de sua presen\u00e7a; elaborar, implementar e consolidar projetos em organiza\u00e7\u00f5es realizar consultorias em gest\u00e3o e administra\u00e7\u00e3o, fazer pareceres e per\u00edcias administrativas, gerenciais, organizacionais, estrat\u00e9gicas e operacionais.<\/p>\n\n\n\n<p><\/p>\n\n\n\n<p><strong>Objetivo do Curso<\/strong><br>Formar administradores aptos a atuar nas organiza\u00e7\u00f5es em geral, com forte base em valores como responsabilidade social, justi\u00e7a e \u00e9tica profissional e com forma\u00e7\u00e3o human\u00edstica e t\u00e9cnica que propicie vis\u00e3o global para compreender o meio social, pol\u00edtico, econ\u00f4mico e cultural onde est\u00e1 inserido e a tomar decis\u00f5es em um mundo diversificado e interdependente. Para isso, o curso oferecer\u00e1 ao estudante a oportunidade de desenvolver as seguintes compet\u00eancias e habilidades: express\u00e3o e comunica\u00e7\u00e3o compat\u00edveis com o exerc\u00edcio profissional; reflex\u00e3o e atua\u00e7\u00e3o sobre a esfera da produ\u00e7\u00e3o sob seu controle e gerenciamento; racioc\u00ednio l\u00f3gico, cr\u00edtico e anal\u00edtico para operar com valores e formula\u00e7\u00f5es matem\u00e1ticas presentes nas rela\u00e7\u00f5es formais e causais entre fen\u00f4menos produtivos, administrativos e de controle; reconhecimento, defini\u00e7\u00e3o e modelagem de problemas e equacionamento de solu\u00e7\u00f5es utilizando ferramentas quantitativas; capacidade de transferir conhecimentos da vida e da experi\u00eancia cotidianas para o ambiente de trabalho e do seu campo de atua\u00e7\u00e3o profissional, revelando-se um profissional adapt\u00e1vel em diversos modelos organizacionais e vis\u00e3o integrada da realidade e do contexto social, organizacional e inter-organizacional, complementando a forma\u00e7\u00e3o t\u00e9cnico-profissional com o desenvolvimento para a cidadania respons\u00e1vel.<\/p>\n\n\n\n<p><\/p>\n\n\n\n<p><strong>Campos de Atua\u00e7\u00e3o<\/strong><br>Administra\u00e7\u00e3o p\u00fablica e empresarial. Administra\u00e7\u00e3o hospitalar, rural, bens e servi\u00e7os, etc. Com\u00e9rcio exterior. Sociedade com fins lucrativos ou n\u00e3o. Cooperativas. Marketing. Or\u00e7amento e finan\u00e7as. Produ\u00e7\u00e3o. Recursos humanos. Administra\u00e7\u00e3o de inform\u00e1tica. Programas e projetos de qualquer natureza. A profiss\u00e3o de Administrador \u00e9 regulamentada pela Lei n.\u00ba 4.769, de 09.09.65 e alterada pela Lei n.\u00ba 7.321, de 13.07.85 e pela Lei n.\u00ba 8.873, de 25.04.94.<\/p>\n\n\n\n<p><\/p>\n\n\n\n<p><strong>Sistema<\/strong>&nbsp;<strong>Acad\u00eamico<\/strong>&nbsp;<br>Seriado Semestral<\/p>\n\n\n\n<p><\/p>\n\n\n\n<p><strong>N.\u00ba<\/strong>&nbsp;<strong>de<\/strong>&nbsp;<strong>Estudantes por Turma<\/strong>&nbsp;<br>Matutino \u2013 100; Noturno \u2013 50<\/p>\n\n\n\n<div style=\"height:30px\" aria-hidden=\"true\" class=\"wp-block-spacer\"><\/div>\n\n\n\n<h3 class=\"wp-block-heading\"><strong>Saiba Mais Sobre o Curso de<\/strong> <strong>Administra\u00e7\u00e3o<\/strong><\/h3>\n\n\n\n<p>Organiza\u00e7\u00e3o Curricular<br>(<a href=\"https:\/\/sites.uel.br\/prograd\/wp-content\/uploads\/catalogo_cursos\/2019\/organizacao_curricular\/administracao_matutino.pdf\" target=\"_blank\" rel=\"noreferrer noopener\">Matutino<\/a>) (<a href=\"https:\/\/sites.uel.br\/prograd\/wp-content\/uploads\/catalogo_cursos\/2019\/organizacao_curricular\/administracao_noturno.pdf\" target=\"_blank\" rel=\"noreferrer noopener\">Noturno<\/a>)<\/p>\n\n\n\n<p>Ementas<br>(<a href=\"https:\/\/sites.uel.br\/prograd\/wp-content\/uploads\/catalogo_cursos\/2019\/ementas\/administracao_matutino.pdf\" target=\"_blank\" rel=\"noreferrer noopener\">Matutino<\/a>) (<a href=\"https:\/\/sites.uel.br\/prograd\/wp-content\/uploads\/catalogo_cursos\/2019\/ementas\/administracao_noturno.pdf\" target=\"_blank\" rel=\"noreferrer noopener\">Noturno<\/a>)<\/p>\n\n\n\n<p><a href=\"https:\/\/sites.uel.br\/prograd\/wp-content\/uploads\/catalogo_cursos\/2019\/corpo_docente\/administracao.pdf\" target=\"_blank\" rel=\"noreferrer noopener\">Corpo Docente<\/a><\/p>\n\n\n\n<p><a href=\"https:\/\/sites.uel.br\/prograd\/wp-content\/uploads\/catalogo_cursos\/2019\/estrutura_recursos\/cesa.pdf\" target=\"_blank\" rel=\"noreferrer noopener\">Estrutura\/Recursos<\/a><\/p>\n","protected":false},"excerpt":{"rendered":"<p>Administra\u00e7\u00e3o Cria\u00e7\u00e3o&nbsp;Parecer CEE n.\u00ba 91, de 13.09.68 Implanta\u00e7\u00e3o do Curso na UEL&nbsp;01.03.69 Reconhecimento&nbsp;Decreto Estadual n\u00ba 5842, de 03\/01\/2017 Ano de implanta\u00e7\u00e3o do curr\u00edculo em vigor2018 Grau&nbsp;Bacharel em Administra\u00e7\u00e3o C\u00f3digo\/Turno&nbsp;17 &#8211; Matutino \/ 10 &#8211; Noturno Perfil do ProfissionalO administrador formado pela UEL dever\u00e1 ter compet\u00eancia e habilidade para: reconhecer e definir problemas, equacionar solu\u00e7\u00f5es, pensar [&hellip;]<\/p>\n","protected":false},"author":8,"featured_media":0,"parent":0,"menu_order":0,"comment_status":"closed","ping_status":"closed","template":"","meta":{"_acf_changed":false,"_themeisle_gutenberg_block_has_review":false,"footnotes":""},"class_list":["post-6744","page","type-page","status-publish","hentry"],"acf":[],"_links":{"self":[{"href":"https:\/\/sites.uel.br\/prograd\/wp-json\/wp\/v2\/pages\/6744","targetHints":{"allow":["GET"]}}],"collection":[{"href":"https:\/\/sites.uel.br\/prograd\/wp-json\/wp\/v2\/pages"}],"about":[{"href":"https:\/\/sites.uel.br\/prograd\/wp-json\/wp\/v2\/types\/page"}],"author":[{"embeddable":true,"href":"https:\/\/sites.uel.br\/prograd\/wp-json\/wp\/v2\/users\/8"}],"replies":[{"embeddable":true,"href":"https:\/\/sites.uel.br\/prograd\/wp-json\/wp\/v2\/comments?post=6744"}],"version-history":[{"count":6,"href":"https:\/\/sites.uel.br\/prograd\/wp-json\/wp\/v2\/pages\/6744\/revisions"}],"predecessor-version":[{"id":29165,"href":"https:\/\/sites.uel.br\/prograd\/wp-json\/wp\/v2\/pages\/6744\/revisions\/29165"}],"wp:attachment":[{"href":"https:\/\/sites.uel.br\/prograd\/wp-json\/wp\/v2\/media?parent=6744"}],"curies":[{"name":"wp","href":"https:\/\/api.w.org\/{rel}","templated":true}]}}