{"id":6529,"date":"2023-05-30T15:25:28","date_gmt":"2023-05-30T18:25:28","guid":{"rendered":"https:\/\/sites.uel.br\/prograd\/?page_id=6529"},"modified":"2023-07-11T10:36:32","modified_gmt":"2023-07-11T13:36:32","slug":"catalogo-dos-cursos-de-graduacao-2015-equipe","status":"publish","type":"page","link":"https:\/\/sites.uel.br\/prograd\/catalogo-dos-cursos-de-graduacao-2015-equipe\/","title":{"rendered":"Cat\u00e1logo dos Cursos de Gradua\u00e7\u00e3o (2015)"},"content":{"rendered":"\n<hr class=\"wp-block-separator has-alpha-channel-opacity is-style-wide\"\/>\n\n\n\n<h2 class=\"wp-block-heading\">Equipe<\/h2>\n\n\n\n<p class=\"has-text-align-center\"><\/p>\n\n\n<div class=\"wp-block-image\">\n<figure class=\"aligncenter size-full\"><img loading=\"lazy\" decoding=\"async\" width=\"566\" height=\"813\" src=\"https:\/\/sites.uel.br\/prograd\/wp-content\/uploads\/2023\/06\/capa_catalogo_2015_equipe.jpg\" alt=\"\" class=\"wp-image-6685\" srcset=\"https:\/\/sites.uel.br\/prograd\/wp-content\/uploads\/2023\/06\/capa_catalogo_2015_equipe.jpg 566w, https:\/\/sites.uel.br\/prograd\/wp-content\/uploads\/2023\/06\/capa_catalogo_2015_equipe-209x300.jpg 209w\" sizes=\"auto, (max-width: 566px) 100vw, 566px\" \/><\/figure>\n<\/div>","protected":false},"excerpt":{"rendered":"<p>Equipe<\/p>\n","protected":false},"author":8,"featured_media":0,"parent":0,"menu_order":0,"comment_status":"closed","ping_status":"closed","template":"","meta":{"_acf_changed":false,"_themeisle_gutenberg_block_has_review":false,"footnotes":""},"class_list":["post-6529","page","type-page","status-publish","hentry"],"acf":[],"_links":{"self":[{"href":"https:\/\/sites.uel.br\/prograd\/wp-json\/wp\/v2\/pages\/6529","targetHints":{"allow":["GET"]}}],"collection":[{"href":"https:\/\/sites.uel.br\/prograd\/wp-json\/wp\/v2\/pages"}],"about":[{"href":"https:\/\/sites.uel.br\/prograd\/wp-json\/wp\/v2\/types\/page"}],"author":[{"embeddable":true,"href":"https:\/\/sites.uel.br\/prograd\/wp-json\/wp\/v2\/users\/8"}],"replies":[{"embeddable":true,"href":"https:\/\/sites.uel.br\/prograd\/wp-json\/wp\/v2\/comments?post=6529"}],"version-history":[{"count":4,"href":"https:\/\/sites.uel.br\/prograd\/wp-json\/wp\/v2\/pages\/6529\/revisions"}],"predecessor-version":[{"id":11810,"href":"https:\/\/sites.uel.br\/prograd\/wp-json\/wp\/v2\/pages\/6529\/revisions\/11810"}],"wp:attachment":[{"href":"https:\/\/sites.uel.br\/prograd\/wp-json\/wp\/v2\/media?parent=6529"}],"curies":[{"name":"wp","href":"https:\/\/api.w.org\/{rel}","templated":true}]}}