{"id":6526,"date":"2023-05-30T15:25:35","date_gmt":"2023-05-30T18:25:35","guid":{"rendered":"https:\/\/sites.uel.br\/prograd\/?page_id=6526"},"modified":"2023-07-11T10:36:24","modified_gmt":"2023-07-11T13:36:24","slug":"catalogo-dos-cursos-de-graduacao-2018-equipe","status":"publish","type":"page","link":"https:\/\/sites.uel.br\/prograd\/catalogo-dos-cursos-de-graduacao-2018-equipe\/","title":{"rendered":"Cat\u00e1logo dos Cursos de Gradua\u00e7\u00e3o (2018)"},"content":{"rendered":"\n<hr class=\"wp-block-separator has-alpha-channel-opacity is-style-wide\"\/>\n\n\n\n<h2 class=\"wp-block-heading\">Equipe<\/h2>\n\n\n\n<p class=\"has-text-align-center\">Administra\u00e7\u00e3o<\/p>\n\n\n\n<p class=\"has-text-align-center\"><strong>Prof. Dr. Sergio Carlos de Carvalho<\/strong><br>Reitor<\/p>\n\n\n\n<p class=\"has-text-align-center\"><strong>Prof. Dr. Decio Sabbatini Barbosa<\/strong>&nbsp;<br>Vice-Reitor<\/p>\n\n\n\n<p class=\"has-text-align-center\"><strong>Profa. Dra. Marta Regina Gimenez Favaro<\/strong><br>Pr\u00f3-Reitora de Gradua\u00e7\u00e3o<\/p>\n\n\n\n<p class=\"has-text-align-center\"><strong>Profa. Dra. Ana M\u00e1rcia Fernandes Tucci de Carvalho<\/strong><br>Diretora de Apoio \u00e0 A\u00e7\u00e3o Pedag\u00f3gica<\/p>\n\n\n\n<p class=\"has-text-align-center\"><strong>Profa. Dra. Maria Elisa Wotzasek Cestari<\/strong><br>Diretor de Assuntos Acad\u00eamicos<\/p>\n\n\n\n<p class=\"has-text-align-center\">Divis\u00e3o de Colegiados de Curso e Curr\u00edculos<\/p>\n\n\n\n<p class=\"has-text-align-center\"><strong>Cl\u00e1udio Cavalcante de Oliveira<\/strong><br>Chefe de Divis\u00e3o<\/p>\n\n\n\n<p class=\"has-text-align-center\"><strong>Juc\u00e9lia Vieira Fino<\/strong><br>T\u00e9cnico em Assuntos Universit\u00e1rios<\/p>\n\n\n\n<p class=\"has-text-align-center\">Inform\u00e1tica<\/p>\n\n\n\n<p class=\"has-text-align-center\"><strong>Fabiano Ferrari Ribeiro<\/strong><br>Organiza\u00e7\u00e3o da Informa\u00e7\u00e3o\/WEB<\/p>\n","protected":false},"excerpt":{"rendered":"<p>Equipe Administra\u00e7\u00e3o Prof. Dr. Sergio Carlos de CarvalhoReitor Prof. Dr. Decio Sabbatini Barbosa&nbsp;Vice-Reitor Profa. Dra. Marta Regina Gimenez FavaroPr\u00f3-Reitora de Gradua\u00e7\u00e3o Profa. Dra. Ana M\u00e1rcia Fernandes Tucci de CarvalhoDiretora de Apoio \u00e0 A\u00e7\u00e3o Pedag\u00f3gica Profa. Dra. Maria Elisa Wotzasek CestariDiretor de Assuntos Acad\u00eamicos Divis\u00e3o de Colegiados de Curso e Curr\u00edculos Cl\u00e1udio Cavalcante de OliveiraChefe de [&hellip;]<\/p>\n","protected":false},"author":8,"featured_media":0,"parent":0,"menu_order":0,"comment_status":"closed","ping_status":"closed","template":"","meta":{"_acf_changed":false,"_themeisle_gutenberg_block_has_review":false,"footnotes":""},"class_list":["post-6526","page","type-page","status-publish","hentry"],"acf":[],"_links":{"self":[{"href":"https:\/\/sites.uel.br\/prograd\/wp-json\/wp\/v2\/pages\/6526","targetHints":{"allow":["GET"]}}],"collection":[{"href":"https:\/\/sites.uel.br\/prograd\/wp-json\/wp\/v2\/pages"}],"about":[{"href":"https:\/\/sites.uel.br\/prograd\/wp-json\/wp\/v2\/types\/page"}],"author":[{"embeddable":true,"href":"https:\/\/sites.uel.br\/prograd\/wp-json\/wp\/v2\/users\/8"}],"replies":[{"embeddable":true,"href":"https:\/\/sites.uel.br\/prograd\/wp-json\/wp\/v2\/comments?post=6526"}],"version-history":[{"count":4,"href":"https:\/\/sites.uel.br\/prograd\/wp-json\/wp\/v2\/pages\/6526\/revisions"}],"predecessor-version":[{"id":11807,"href":"https:\/\/sites.uel.br\/prograd\/wp-json\/wp\/v2\/pages\/6526\/revisions\/11807"}],"wp:attachment":[{"href":"https:\/\/sites.uel.br\/prograd\/wp-json\/wp\/v2\/media?parent=6526"}],"curies":[{"name":"wp","href":"https:\/\/api.w.org\/{rel}","templated":true}]}}