{"id":6469,"date":"2023-05-30T15:05:45","date_gmt":"2023-05-30T18:05:45","guid":{"rendered":"https:\/\/sites.uel.br\/prograd\/?page_id=6469"},"modified":"2024-04-05T09:53:59","modified_gmt":"2024-04-05T12:53:59","slug":"catalogo-dos-cursos-de-graduacao-2005-cursos-de-graduacao","status":"publish","type":"page","link":"https:\/\/sites.uel.br\/prograd\/catalogo-dos-cursos-de-graduacao-2005-cursos-de-graduacao\/","title":{"rendered":"Cat\u00e1logo dos Cursos de Gradua\u00e7\u00e3o (2005)"},"content":{"rendered":"\n<hr class=\"wp-block-separator has-alpha-channel-opacity is-style-wide\"\/>\n\n\n\n<h2 class=\"wp-block-heading\">Cursos de Gradua\u00e7\u00e3o<\/h2>\n\n\n\n<p class=\"has-text-align-center\"><a href=\"https:\/\/sites.uel.br\/prograd\/wp-content\/uploads\/catalogo_cursos\/2005\/administracao.pdf\" target=\"_blank\" rel=\"noreferrer noopener\">Administra\u00e7\u00e3o<\/a><\/p>\n\n\n\n<p class=\"has-text-align-center\"><a href=\"https:\/\/sites.uel.br\/prograd\/wp-content\/uploads\/catalogo_cursos\/2005\/agronomia.pdf\" target=\"_blank\" rel=\"noreferrer noopener\">Agronomia<\/a><\/p>\n\n\n\n<p class=\"has-text-align-center\"><a href=\"https:\/\/sites.uel.br\/prograd\/wp-content\/uploads\/catalogo_cursos\/2005\/arquitetura.pdf\" target=\"_blank\" rel=\"noreferrer noopener\">Arquitetura e Urbanismo<\/a><\/p>\n\n\n\n<p class=\"has-text-align-center\"><a href=\"https:\/\/sites.uel.br\/prograd\/wp-content\/uploads\/catalogo_cursos\/2005\/arquivologia.pdf\" target=\"_blank\" rel=\"noreferrer noopener\">Arquivologia<\/a><\/p>\n\n\n\n<p class=\"has-text-align-center\"><a href=\"https:\/\/sites.uel.br\/prograd\/wp-content\/uploads\/catalogo_cursos\/2005\/artes_cenicas.pdf\" target=\"_blank\" rel=\"noreferrer noopener\">Artes C\u00eanicas<\/a><\/p>\n\n\n\n<p class=\"has-text-align-center\"><a href=\"https:\/\/sites.uel.br\/prograd\/wp-content\/uploads\/catalogo_cursos\/2005\/biblioteconomia.pdf\" target=\"_blank\" rel=\"noreferrer noopener\">Biblioteconomia<\/a><\/p>\n\n\n\n<p class=\"has-text-align-center\"><a href=\"https:\/\/sites.uel.br\/prograd\/wp-content\/uploads\/catalogo_cursos\/2005\/biomedicina.pdf\" target=\"_blank\" rel=\"noreferrer noopener\">Biomedicina<\/a><\/p>\n\n\n\n<p class=\"has-text-align-center\"><a href=\"https:\/\/sites.uel.br\/prograd\/wp-content\/uploads\/catalogo_cursos\/2005\/computacao.pdf\" target=\"_blank\" rel=\"noreferrer noopener\">Ci\u00eancia da Computa\u00e7\u00e3o<\/a><\/p>\n\n\n\n<p class=\"has-text-align-center\"><a href=\"https:\/\/sites.uel.br\/prograd\/wp-content\/uploads\/catalogo_cursos\/2005\/ciencia_esporte.pdf\" target=\"_blank\" rel=\"noreferrer noopener\">Ci\u00eancia do Esporte<\/a><\/p>\n\n\n\n<p class=\"has-text-align-center\"><a href=\"https:\/\/sites.uel.br\/prograd\/wp-content\/uploads\/catalogo_cursos\/2005\/ciencias_biologicas_bacharelado.pdf\" target=\"_blank\" rel=\"noreferrer noopener\">Ci\u00eancias Biol\u00f3gicas &#8211; Bacharelado<\/a><\/p>\n\n\n\n<p class=\"has-text-align-center\"><a href=\"https:\/\/sites.uel.br\/prograd\/wp-content\/uploads\/catalogo_cursos\/2005\/ciencias_biologicas_licenciatura.pdf\" target=\"_blank\" rel=\"noreferrer noopener\">Ci\u00eancias Biol\u00f3gicas &#8211; Licenciatura<\/a><\/p>\n\n\n\n<p class=\"has-text-align-center\"><a href=\"https:\/\/sites.uel.br\/prograd\/wp-content\/uploads\/catalogo_cursos\/2005\/ciencias_contabeis.pdf\" target=\"_blank\" rel=\"noreferrer noopener\">Ci\u00eancias Cont\u00e1beis<\/a><\/p>\n\n\n\n<p class=\"has-text-align-center\"><a href=\"https:\/\/sites.uel.br\/prograd\/wp-content\/uploads\/catalogo_cursos\/2005\/ciencias_economicas.pdf\" target=\"_blank\" rel=\"noreferrer noopener\">Ci\u00eancias Econ\u00f4micas<\/a><\/p>\n\n\n\n<p class=\"has-text-align-center\"><a href=\"https:\/\/sites.uel.br\/prograd\/wp-content\/uploads\/catalogo_cursos\/2005\/ciencias_sociais_bacharelado.pdf\" target=\"_blank\" rel=\"noreferrer noopener\">Ci\u00eancias Sociais &#8211; Bacharelado<\/a><\/p>\n\n\n\n<p class=\"has-text-align-center\"><a href=\"https:\/\/sites.uel.br\/prograd\/wp-content\/uploads\/catalogo_cursos\/2005\/ciencias_sociais_licenciatura.pdf\" target=\"_blank\" rel=\"noreferrer noopener\">Ci\u00eancias Sociais &#8211; Licenciatura<\/a><\/p>\n\n\n\n<p class=\"has-text-align-center\"><a href=\"https:\/\/sites.uel.br\/prograd\/wp-content\/uploads\/catalogo_cursos\/2005\/comunicacao_social_jornalismo.pdf\" target=\"_blank\" rel=\"noreferrer noopener\">Comunica\u00e7\u00e3o Social &#8211; Jornalismo<\/a><\/p>\n\n\n\n<p class=\"has-text-align-center\"><a href=\"https:\/\/sites.uel.br\/prograd\/wp-content\/uploads\/catalogo_cursos\/2005\/comunicacao_social_relacoes_publicas.pdf\" target=\"_blank\" rel=\"noreferrer noopener\">Comunica\u00e7\u00e3o Social &#8211; Rela\u00e7\u00f5es P\u00fablicas<\/a><\/p>\n\n\n\n<p class=\"has-text-align-center\"><a href=\"https:\/\/sites.uel.br\/prograd\/wp-content\/uploads\/catalogo_cursos\/2005\/design_moda.pdf\" target=\"_blank\" rel=\"noreferrer noopener\">Design de Moda<\/a><\/p>\n\n\n\n<p class=\"has-text-align-center\"><a href=\"https:\/\/sites.uel.br\/prograd\/wp-content\/uploads\/catalogo_cursos\/2005\/design_grafico.pdf\" target=\"_blank\" rel=\"noreferrer noopener\">Design Gr\u00e1fico<\/a><\/p>\n\n\n\n<p class=\"has-text-align-center\"><a href=\"https:\/\/sites.uel.br\/prograd\/wp-content\/uploads\/catalogo_cursos\/2005\/direito.pdf\" target=\"_blank\" rel=\"noreferrer noopener\">Direito<\/a><\/p>\n\n\n\n<p class=\"has-text-align-center\"><a href=\"https:\/\/sites.uel.br\/prograd\/wp-content\/uploads\/catalogo_cursos\/2005\/educacao_artistica.pdf\" target=\"_blank\" rel=\"noreferrer noopener\">Educa\u00e7\u00e3o Art\u00edstica &#8211; Licenciatura em Arte Visual<\/a><\/p>\n\n\n\n<p class=\"has-text-align-center\"><a href=\"https:\/\/sites.uel.br\/prograd\/wp-content\/uploads\/catalogo_cursos\/2005\/educacao_fisica_bacharelado.pdf\" target=\"_blank\" rel=\"noreferrer noopener\">Educa\u00e7\u00e3o F\u00edsica &#8211; Bacharelado<\/a><\/p>\n\n\n\n<p class=\"has-text-align-center\"><a href=\"https:\/\/sites.uel.br\/prograd\/wp-content\/uploads\/catalogo_cursos\/2005\/educacao_fisica_bacharelado.pdf\" target=\"_blank\" rel=\"noreferrer noopener\">Educa\u00e7\u00e3o F\u00edsica &#8211; Licenciatura<\/a><\/p>\n\n\n\n<p class=\"has-text-align-center\"><a href=\"https:\/\/sites.uel.br\/prograd\/wp-content\/uploads\/catalogo_cursos\/2005\/enfermagem.pdf\" target=\"_blank\" rel=\"noreferrer noopener\">Enfermagem<\/a><\/p>\n\n\n\n<p class=\"has-text-align-center\"><a href=\"https:\/\/sites.uel.br\/prograd\/wp-content\/uploads\/catalogo_cursos\/2005\/engenharia_civil.pdf\" target=\"_blank\" rel=\"noreferrer noopener\">Engenharia Civil<\/a><\/p>\n\n\n\n<p class=\"has-text-align-center\"><a href=\"https:\/\/sites.uel.br\/prograd\/wp-content\/uploads\/catalogo_cursos\/2005\/engenharia_eletrica.pdf\" target=\"_blank\" rel=\"noreferrer noopener\">Engenharia El\u00e9trica<\/a><\/p>\n\n\n\n<p class=\"has-text-align-center\"><a href=\"https:\/\/sites.uel.br\/prograd\/wp-content\/uploads\/catalogo_cursos\/2005\/farmacia.pdf\" target=\"_blank\" rel=\"noreferrer noopener\">Farm\u00e1cia<\/a><\/p>\n\n\n\n<p class=\"has-text-align-center\"><a href=\"https:\/\/sites.uel.br\/prograd\/wp-content\/uploads\/catalogo_cursos\/2005\/filosofia.pdf\" target=\"_blank\" rel=\"noreferrer noopener\">Filosofia &#8211; Licenciatura<\/a><\/p>\n\n\n\n<p class=\"has-text-align-center\"><a href=\"https:\/\/sites.uel.br\/prograd\/wp-content\/uploads\/catalogo_cursos\/2005\/fisica_bacharelado.pdf\" target=\"_blank\" rel=\"noreferrer noopener\">F\u00edsica &#8211; Bacharelado<\/a><\/p>\n\n\n\n<p class=\"has-text-align-center\"><a href=\"https:\/\/sites.uel.br\/prograd\/wp-content\/uploads\/catalogo_cursos\/2005\/fisica_licenciatura.pdf\" target=\"_blank\" rel=\"noreferrer noopener\">F\u00edsica &#8211; Licenciatura<\/a><\/p>\n\n\n\n<p class=\"has-text-align-center\"><a href=\"https:\/\/sites.uel.br\/prograd\/wp-content\/uploads\/catalogo_cursos\/2005\/fisioterapia.pdf\" target=\"_blank\" rel=\"noreferrer noopener\">Fisioterapia<\/a><\/p>\n\n\n\n<p class=\"has-text-align-center\"><a href=\"https:\/\/sites.uel.br\/prograd\/wp-content\/uploads\/catalogo_cursos\/2005\/geografia_bacharelado.pdf\" target=\"_blank\" rel=\"noreferrer noopener\">Geografia &#8211; Bacharelado<\/a><\/p>\n\n\n\n<p class=\"has-text-align-center\"><a href=\"https:\/\/sites.uel.br\/prograd\/wp-content\/uploads\/catalogo_cursos\/2005\/geografia_licenciatura.pdf\" target=\"_blank\" rel=\"noreferrer noopener\">Geografia &#8211; Licenciatura<\/a><\/p>\n\n\n\n<p class=\"has-text-align-center\"><a href=\"https:\/\/sites.uel.br\/prograd\/wp-content\/uploads\/catalogo_cursos\/2005\/historia.pdf\" target=\"_blank\" rel=\"noreferrer noopener\">Hist\u00f3ria<\/a><\/p>\n\n\n\n<p class=\"has-text-align-center\"><a href=\"https:\/\/sites.uel.br\/prograd\/wp-content\/uploads\/catalogo_cursos\/2005\/letras_estrangeiras_modernas.pdf\" target=\"_blank\" rel=\"noreferrer noopener\">Letras &#8211; Portugu\u00eas e L\u00edngua Estrangeira Moderna com as Respectivas Literaturas<\/a><\/p>\n\n\n\n<p class=\"has-text-align-center\"><a href=\"https:\/\/sites.uel.br\/prograd\/wp-content\/uploads\/catalogo_cursos\/2005\/letras_portugues.pdf\" target=\"_blank\" rel=\"noreferrer noopener\">Letras &#8211; Portugu\u00eas e Literaturas de L\u00edngua Portuguesa<\/a><\/p>\n\n\n\n<p class=\"has-text-align-center\"><a href=\"https:\/\/sites.uel.br\/prograd\/wp-content\/uploads\/catalogo_cursos\/2005\/matematica_bacharelado.pdf\" target=\"_blank\" rel=\"noreferrer noopener\">Matem\u00e1tica &#8211; Bacharelado<\/a><\/p>\n\n\n\n<p class=\"has-text-align-center\"><a href=\"https:\/\/sites.uel.br\/prograd\/wp-content\/uploads\/catalogo_cursos\/2005\/matematica_licenciatura.pdf\" target=\"_blank\" rel=\"noreferrer noopener\">Matem\u00e1tica &#8211; Licenciatura<\/a><\/p>\n\n\n\n<p class=\"has-text-align-center\"><a href=\"https:\/\/sites.uel.br\/prograd\/wp-content\/uploads\/catalogo_cursos\/2005\/medicina.pdf\" target=\"_blank\" rel=\"noreferrer noopener\">Medicina<\/a><\/p>\n\n\n\n<p class=\"has-text-align-center\"><a href=\"https:\/\/sites.uel.br\/prograd\/wp-content\/uploads\/catalogo_cursos\/2005\/medicina_veterinaria.pdf\" target=\"_blank\" rel=\"noreferrer noopener\">Medicina Veterin\u00e1ria<\/a><\/p>\n\n\n\n<p class=\"has-text-align-center\"><a rel=\"noreferrer noopener\" href=\"https:\/\/sites.uel.br\/prograd\/wp-content\/uploads\/catalogo_cursos\/2005\/musica.pdf\" target=\"_blank\">M\u00fasica<\/a><\/p>\n\n\n\n<p class=\"has-text-align-center\"><a href=\"https:\/\/sites.uel.br\/prograd\/wp-content\/uploads\/catalogo_cursos\/2005\/odontologia.pdf\" target=\"_blank\" rel=\"noreferrer noopener\">Odontologia<\/a><\/p>\n\n\n\n<p class=\"has-text-align-center\"><a href=\"https:\/\/sites.uel.br\/prograd\/wp-content\/uploads\/catalogo_cursos\/2005\/pedagogia_educacao_infantil.pdf\" target=\"_blank\" rel=\"noreferrer noopener\">Pedagogia &#8211; Magist\u00e9rio das Mat\u00e9rias Pedag\u00f3gicas do Ensino M\u00e9dio e Magist\u00e9rio para as S\u00e9ries Iniciais do Ensino Fundamental e Magist\u00e9rio para a Educa\u00e7\u00e3o Infantil<\/a><\/p>\n\n\n\n<p class=\"has-text-align-center\"><a href=\"https:\/\/sites.uel.br\/prograd\/wp-content\/uploads\/catalogo_cursos\/2005\/pedagogia_orientacao_supervisao.pdf\" target=\"_blank\" rel=\"noreferrer noopener\">Pedagogia &#8211; Magist\u00e9rio das Mat\u00e9rias Pedag\u00f3gicas do Ensino M\u00e9dio e Magist\u00e9rio<br>para as S\u00e9ries Iniciais do Ensino Fundamental e Orienta\u00e7\u00e3o e Supervis\u00e3o Escolar<\/a><\/p>\n\n\n\n<p class=\"has-text-align-center\"><a href=\"https:\/\/sites.uel.br\/prograd\/wp-content\/uploads\/catalogo_cursos\/2005\/psicologia_bacharelado.pdf\" target=\"_blank\" rel=\"noreferrer noopener\">Psicologia &#8211; Bacharelado<\/a><\/p>\n\n\n\n<p class=\"has-text-align-center\"><a href=\"https:\/\/sites.uel.br\/prograd\/wp-content\/uploads\/catalogo_cursos\/2005\/psicologia_licenciatura.pdf\" target=\"_blank\" rel=\"noreferrer noopener\">Psicologia &#8211; Licenciatura<\/a><\/p>\n\n\n\n<p class=\"has-text-align-center\"><a href=\"https:\/\/sites.uel.br\/prograd\/wp-content\/uploads\/catalogo_cursos\/2005\/psicologia_formacao_psicologo.pdf\" target=\"_blank\" rel=\"noreferrer noopener\">Psicologia &#8211; Forma\u00e7\u00e3o de Psic\u00f3logo<\/a><\/p>\n\n\n\n<p class=\"has-text-align-center\"><a href=\"https:\/\/sites.uel.br\/prograd\/wp-content\/uploads\/catalogo_cursos\/2005\/quimica_bacharelado.pdf\" target=\"_blank\" rel=\"noreferrer noopener\">Qu\u00edmica &#8211; Bacharelado<\/a><\/p>\n\n\n\n<p class=\"has-text-align-center\"><a href=\"https:\/\/sites.uel.br\/prograd\/wp-content\/uploads\/catalogo_cursos\/2005\/quimica_bacharelado_tecnologica.pdf\" target=\"_blank\" rel=\"noreferrer noopener\">Qu\u00edmica &#8211; Bacharelado &#8211; Op\u00e7\u00e3o em Qu\u00edmica Tecnol\u00f3gica<\/a><\/p>\n\n\n\n<p class=\"has-text-align-center\"><a href=\"https:\/\/sites.uel.br\/prograd\/wp-content\/uploads\/catalogo_cursos\/2005\/quimica_licenciatura.pdf\" target=\"_blank\" rel=\"noreferrer noopener\">Qu\u00edmica &#8211; Licenciatura<\/a><\/p>\n\n\n\n<p class=\"has-text-align-center\"><a href=\"https:\/\/sites.uel.br\/prograd\/wp-content\/uploads\/catalogo_cursos\/2005\/secretariado_executivo.pdf\" target=\"_blank\" rel=\"noreferrer noopener\">Secretariado Executivo<\/a><\/p>\n\n\n\n<p class=\"has-text-align-center\"><a href=\"https:\/\/sites.uel.br\/prograd\/wp-content\/uploads\/catalogo_cursos\/2005\/servico_social.pdf\" target=\"_blank\" rel=\"noreferrer noopener\">Servi\u00e7o Social<\/a><\/p>\n\n\n\n<p class=\"has-text-align-center\"><a href=\"https:\/\/sites.uel.br\/prograd\/wp-content\/uploads\/catalogo_cursos\/2005\/zootecnia.pdf\" target=\"_blank\" rel=\"noreferrer noopener\">Zootecnia<\/a><\/p>\n\n","protected":false},"excerpt":{"rendered":"<p>Cursos de Gradua\u00e7\u00e3o Administra\u00e7\u00e3o Agronomia Arquitetura e Urbanismo Arquivologia Artes C\u00eanicas Biblioteconomia Biomedicina Ci\u00eancia da Computa\u00e7\u00e3o Ci\u00eancia do Esporte Ci\u00eancias Biol\u00f3gicas &#8211; Bacharelado Ci\u00eancias Biol\u00f3gicas &#8211; Licenciatura Ci\u00eancias Cont\u00e1beis Ci\u00eancias Econ\u00f4micas Ci\u00eancias Sociais &#8211; Bacharelado Ci\u00eancias Sociais &#8211; Licenciatura Comunica\u00e7\u00e3o Social &#8211; Jornalismo Comunica\u00e7\u00e3o Social &#8211; Rela\u00e7\u00f5es P\u00fablicas Design de Moda Design Gr\u00e1fico Direito Educa\u00e7\u00e3o [&hellip;]<\/p>\n","protected":false},"author":8,"featured_media":0,"parent":0,"menu_order":0,"comment_status":"closed","ping_status":"closed","template":"","meta":{"_acf_changed":false,"_themeisle_gutenberg_block_has_review":false,"footnotes":""},"class_list":["post-6469","page","type-page","status-publish","hentry"],"acf":[],"_links":{"self":[{"href":"https:\/\/sites.uel.br\/prograd\/wp-json\/wp\/v2\/pages\/6469","targetHints":{"allow":["GET"]}}],"collection":[{"href":"https:\/\/sites.uel.br\/prograd\/wp-json\/wp\/v2\/pages"}],"about":[{"href":"https:\/\/sites.uel.br\/prograd\/wp-json\/wp\/v2\/types\/page"}],"author":[{"embeddable":true,"href":"https:\/\/sites.uel.br\/prograd\/wp-json\/wp\/v2\/users\/8"}],"replies":[{"embeddable":true,"href":"https:\/\/sites.uel.br\/prograd\/wp-json\/wp\/v2\/comments?post=6469"}],"version-history":[{"count":26,"href":"https:\/\/sites.uel.br\/prograd\/wp-json\/wp\/v2\/pages\/6469\/revisions"}],"predecessor-version":[{"id":26584,"href":"https:\/\/sites.uel.br\/prograd\/wp-json\/wp\/v2\/pages\/6469\/revisions\/26584"}],"wp:attachment":[{"href":"https:\/\/sites.uel.br\/prograd\/wp-json\/wp\/v2\/media?parent=6469"}],"curies":[{"name":"wp","href":"https:\/\/api.w.org\/{rel}","templated":true}]}}