{"id":6467,"date":"2023-05-30T15:08:17","date_gmt":"2023-05-30T18:08:17","guid":{"rendered":"https:\/\/sites.uel.br\/prograd\/?page_id=6467"},"modified":"2024-04-05T09:40:27","modified_gmt":"2024-04-05T12:40:27","slug":"catalogo-dos-cursos-de-graduacao-2007-cursos-de-graduacao","status":"publish","type":"page","link":"https:\/\/sites.uel.br\/prograd\/catalogo-dos-cursos-de-graduacao-2007-cursos-de-graduacao\/","title":{"rendered":"Cat\u00e1logo dos Cursos de Gradua\u00e7\u00e3o (2007)"},"content":{"rendered":"\n<hr class=\"wp-block-separator has-alpha-channel-opacity is-style-wide\"\/>\n\n\n\n<h2 class=\"wp-block-heading\">Cursos de Gradua\u00e7\u00e3o<\/h2>\n\n\n\n<p class=\"has-text-align-center\"><a href=\"https:\/\/sites.uel.br\/prograd\/wp-content\/uploads\/catalogo_cursos\/2007\/administracao.pdf\" target=\"_blank\" rel=\"noreferrer noopener\">Administra\u00e7\u00e3o<\/a><\/p>\n\n\n\n<p class=\"has-text-align-center\"><a href=\"https:\/\/sites.uel.br\/prograd\/wp-content\/uploads\/catalogo_cursos\/2007\/agronomia.pdf\" target=\"_blank\" rel=\"noreferrer noopener\">Agronomia<\/a><\/p>\n\n\n\n<p class=\"has-text-align-center\"><a href=\"https:\/\/sites.uel.br\/prograd\/wp-content\/uploads\/catalogo_cursos\/2007\/arquitetura_urbanismo.pdf\" target=\"_blank\" rel=\"noreferrer noopener\">Arquitetura e Urbanismo<\/a><\/p>\n\n\n\n<p class=\"has-text-align-center\"><a href=\"https:\/\/sites.uel.br\/prograd\/wp-content\/uploads\/catalogo_cursos\/2007\/arquivologia.pdf\" target=\"_blank\" rel=\"noreferrer noopener\">Arquivologia<\/a><\/p>\n\n\n\n<p class=\"has-text-align-center\"><a rel=\"noreferrer noopener\" href=\"https:\/\/sites.uel.br\/prograd\/wp-content\/uploads\/catalogo_cursos\/2007\/artes_cenicas.pdf\" target=\"_blank\">Artes C\u00eanicas<\/a><\/p>\n\n\n\n<p class=\"has-text-align-center\"><a href=\"https:\/\/sites.uel.br\/prograd\/wp-content\/uploads\/catalogo_cursos\/2007\/biblioteconomia.pdf\" target=\"_blank\" rel=\"noreferrer noopener\">Biblioteconomia<\/a><\/p>\n\n\n\n<p class=\"has-text-align-center\"><a href=\"https:\/\/sites.uel.br\/prograd\/wp-content\/uploads\/catalogo_cursos\/2007\/biomedicina.pdf\" target=\"_blank\" rel=\"noreferrer noopener\">Biomedicina<\/a><\/p>\n\n\n\n<p class=\"has-text-align-center\"><a href=\"https:\/\/sites.uel.br\/prograd\/wp-content\/uploads\/catalogo_cursos\/2007\/computacao.pdf\" target=\"_blank\" rel=\"noreferrer noopener\">Ci\u00eancia da Computa\u00e7\u00e3o<\/a><\/p>\n\n\n\n<p class=\"has-text-align-center\"><a rel=\"noreferrer noopener\" href=\"https:\/\/sites.uel.br\/prograd\/wp-content\/uploads\/catalogo_cursos\/2007\/ciencias_biologicas.pdf\" target=\"_blank\">Ci\u00eancias Biol\u00f3gicas &#8211; Bacharelado e Licenciatura<\/a><\/p>\n\n\n\n<p class=\"has-text-align-center\"><a href=\"https:\/\/sites.uel.br\/prograd\/wp-content\/uploads\/catalogo_cursos\/2007\/ciencias_contabeis.pdf\" target=\"_blank\" rel=\"noreferrer noopener\">Ci\u00eancias Cont\u00e1beis<\/a><\/p>\n\n\n\n<p class=\"has-text-align-center\"><a href=\"https:\/\/sites.uel.br\/prograd\/wp-content\/uploads\/catalogo_cursos\/2007\/ciencias_economicas.pdf\" target=\"_blank\" rel=\"noreferrer noopener\">Ci\u00eancias Econ\u00f4micas<\/a><\/p>\n\n\n\n<p class=\"has-text-align-center\"><a rel=\"noreferrer noopener\" href=\"https:\/\/sites.uel.br\/prograd\/wp-content\/uploads\/catalogo_cursos\/2007\/ciencias_sociais.pdf\" target=\"_blank\">Ci\u00eancias Sociais &#8211; Bacharelado e Licenciatura<\/a><\/p>\n\n\n\n<p class=\"has-text-align-center\"><a rel=\"noreferrer noopener\" href=\"https:\/\/sites.uel.br\/prograd\/wp-content\/uploads\/catalogo_cursos\/2007\/comunicacao_social_jornalismo.pdf\" target=\"_blank\">Comunica\u00e7\u00e3o Social &#8211; Jornalismo<\/a><\/p>\n\n\n\n<p class=\"has-text-align-center\"><a rel=\"noreferrer noopener\" href=\"https:\/\/sites.uel.br\/prograd\/wp-content\/uploads\/catalogo_cursos\/2007\/comunicacao_social_relacoes_publicas.pdf\" target=\"_blank\">Comunica\u00e7\u00e3o Social &#8211; Rela\u00e7\u00f5es P\u00fablicas<\/a><\/p>\n\n\n\n<p class=\"has-text-align-center\"><a href=\"https:\/\/sites.uel.br\/prograd\/wp-content\/uploads\/catalogo_cursos\/2007\/design_moda.pdf\" target=\"_blank\" rel=\"noreferrer noopener\">Design de Moda<\/a><\/p>\n\n\n\n<p class=\"has-text-align-center\"><a href=\"https:\/\/sites.uel.br\/prograd\/wp-content\/uploads\/catalogo_cursos\/2007\/design_grafico.pdf\" target=\"_blank\" rel=\"noreferrer noopener\">Design Gr\u00e1fico<\/a><\/p>\n\n\n\n<p class=\"has-text-align-center\"><a href=\"https:\/\/sites.uel.br\/prograd\/wp-content\/uploads\/catalogo_cursos\/2007\/direito.pdf\" target=\"_blank\" rel=\"noreferrer noopener\">Direito<\/a><\/p>\n\n\n\n<p class=\"has-text-align-center\"><a href=\"https:\/\/sites.uel.br\/prograd\/wp-content\/uploads\/catalogo_cursos\/2007\/educacao_artistica.pdf\" target=\"_blank\" rel=\"noreferrer noopener\">Educa\u00e7\u00e3o Art\u00edstica<\/a><\/p>\n\n\n\n<p class=\"has-text-align-center\"><a rel=\"noreferrer noopener\" href=\"https:\/\/sites.uel.br\/prograd\/wp-content\/uploads\/catalogo_cursos\/2007\/educacao_fisica.pdf\" target=\"_blank\">Educa\u00e7\u00e3o F\u00edsica &#8211; Bacharelado e Licenciatura<\/a><\/p>\n\n\n\n<p class=\"has-text-align-center\"><a href=\"https:\/\/sites.uel.br\/prograd\/wp-content\/uploads\/catalogo_cursos\/2007\/enfermagem.pdf\" target=\"_blank\" rel=\"noreferrer noopener\">Enfermagem<\/a><\/p>\n\n\n\n<p class=\"has-text-align-center\"><a rel=\"noreferrer noopener\" href=\"https:\/\/sites.uel.br\/prograd\/wp-content\/uploads\/catalogo_cursos\/2007\/engenharia_civil.pdf\" target=\"_blank\">Engenharia Civil<\/a><\/p>\n\n\n\n<p class=\"has-text-align-center\"><a rel=\"noreferrer noopener\" href=\"https:\/\/sites.uel.br\/prograd\/wp-content\/uploads\/catalogo_cursos\/2007\/engenharia_eletrica.pdf\" target=\"_blank\">Engenharia El\u00e9trica<\/a><\/p>\n\n\n\n<p class=\"has-text-align-center\"><a href=\"https:\/\/sites.uel.br\/prograd\/wp-content\/uploads\/catalogo_cursos\/2007\/esporte.pdf\" target=\"_blank\" rel=\"noreferrer noopener\">Esporte<\/a><\/p>\n\n\n\n<p class=\"has-text-align-center\"><a href=\"https:\/\/sites.uel.br\/prograd\/wp-content\/uploads\/catalogo_cursos\/2007\/farmacia.pdf\" target=\"_blank\" rel=\"noreferrer noopener\">Farm\u00e1cia<\/a><\/p>\n\n\n\n<p class=\"has-text-align-center\"><a href=\"https:\/\/sites.uel.br\/prograd\/wp-content\/uploads\/catalogo_cursos\/2007\/filosofia.pdf\" target=\"_blank\" rel=\"noreferrer noopener\">Filosofia<\/a><\/p>\n\n\n\n<p class=\"has-text-align-center\"><a rel=\"noreferrer noopener\" href=\"https:\/\/sites.uel.br\/prograd\/wp-content\/uploads\/catalogo_cursos\/2007\/fisica.pdf\" target=\"_blank\">F\u00edsica &#8211; Bacharelado e Licenciatura<\/a><\/p>\n\n\n\n<p class=\"has-text-align-center\"><a href=\"https:\/\/sites.uel.br\/prograd\/wp-content\/uploads\/catalogo_cursos\/2007\/fisioterapia.pdf\" target=\"_blank\" rel=\"noreferrer noopener\">Fisioterapia<\/a><\/p>\n\n\n\n<p class=\"has-text-align-center\"><a rel=\"noreferrer noopener\" href=\"https:\/\/sites.uel.br\/prograd\/wp-content\/uploads\/catalogo_cursos\/2007\/geografia.pdf\" target=\"_blank\">Geografia &#8211; Bacharelado e Licenciatura<\/a><\/p>\n\n\n\n<p class=\"has-text-align-center\"><a rel=\"noreferrer noopener\" href=\"https:\/\/sites.uel.br\/prograd\/wp-content\/uploads\/catalogo_cursos\/2007\/historia.pdf\" target=\"_blank\">Hist\u00f3ria<\/a><\/p>\n\n\n\n<p class=\"has-text-align-center\"><a href=\"https:\/\/sites.uel.br\/prograd\/wp-content\/uploads\/catalogo_cursos\/2007\/letras.pdf\" target=\"_blank\" rel=\"noreferrer noopener\">Letras<\/a><\/p>\n\n\n\n<p class=\"has-text-align-center\"><a rel=\"noreferrer noopener\" href=\"https:\/\/sites.uel.br\/prograd\/wp-content\/uploads\/catalogo_cursos\/2007\/matematica.pdf\" target=\"_blank\">Matem\u00e1tica &#8211; Bacharelado e Licenciatura<\/a><\/p>\n\n\n\n<p class=\"has-text-align-center\"><a href=\"https:\/\/sites.uel.br\/prograd\/wp-content\/uploads\/catalogo_cursos\/2007\/medicina.pdf\" target=\"_blank\" rel=\"noreferrer noopener\">Medicina<\/a><\/p>\n\n\n\n<p class=\"has-text-align-center\"><a href=\"https:\/\/sites.uel.br\/prograd\/wp-content\/uploads\/catalogo_cursos\/2007\/medicina_veterinaria.pdf\" target=\"_blank\" rel=\"noreferrer noopener\">Medicina Veterin\u00e1ria<\/a><\/p>\n\n\n\n<p class=\"has-text-align-center\"><a rel=\"noreferrer noopener\" href=\"https:\/\/sites.uel.br\/prograd\/wp-content\/uploads\/catalogo_cursos\/2007\/musica.pdf\" target=\"_blank\">M\u00fasica<\/a><\/p>\n\n\n\n<p class=\"has-text-align-center\"><a href=\"https:\/\/sites.uel.br\/prograd\/wp-content\/uploads\/catalogo_cursos\/2007\/odontologia.pdf\" target=\"_blank\" rel=\"noreferrer noopener\">Odontologia<\/a><\/p>\n\n\n\n<p class=\"has-text-align-center\"><a href=\"https:\/\/sites.uel.br\/prograd\/wp-content\/uploads\/catalogo_cursos\/2007\/pedagogia.pdf\" target=\"_blank\" rel=\"noreferrer noopener\">Pedagogia<\/a><\/p>\n\n\n\n<p class=\"has-text-align-center\"><a href=\"https:\/\/sites.uel.br\/prograd\/wp-content\/uploads\/catalogo_cursos\/2007\/psicologia.pdf\" target=\"_blank\" rel=\"noreferrer noopener\">Psicologia<\/a><\/p>\n\n\n\n<p class=\"has-text-align-center\"><a rel=\"noreferrer noopener\" href=\"https:\/\/sites.uel.br\/prograd\/wp-content\/uploads\/catalogo_cursos\/2007\/quimica.pdf\" target=\"_blank\">Qu\u00edmica &#8211; Bacharelado e Licenciatura<\/a><\/p>\n\n\n\n<p class=\"has-text-align-center\"><a href=\"https:\/\/sites.uel.br\/prograd\/wp-content\/uploads\/catalogo_cursos\/2007\/secretariado_executivo.pdf\" target=\"_blank\" rel=\"noreferrer noopener\">Secretariado Executivo<\/a><\/p>\n\n\n\n<p class=\"has-text-align-center\"><a href=\"https:\/\/sites.uel.br\/prograd\/wp-content\/uploads\/catalogo_cursos\/2007\/servico_social.pdf\" target=\"_blank\" rel=\"noreferrer noopener\">Servi\u00e7o Social<\/a><\/p>\n\n\n\n<p class=\"has-text-align-center\"><a href=\"https:\/\/sites.uel.br\/prograd\/wp-content\/uploads\/catalogo_cursos\/2007\/zootecnia.pdf\" target=\"_blank\" rel=\"noreferrer noopener\">Zootecnia<\/a><\/p>\n\n","protected":false},"excerpt":{"rendered":"<p>Cursos de Gradua\u00e7\u00e3o Administra\u00e7\u00e3o Agronomia Arquitetura e Urbanismo Arquivologia Artes C\u00eanicas Biblioteconomia Biomedicina Ci\u00eancia da Computa\u00e7\u00e3o Ci\u00eancias Biol\u00f3gicas &#8211; Bacharelado e Licenciatura Ci\u00eancias Cont\u00e1beis Ci\u00eancias Econ\u00f4micas Ci\u00eancias Sociais &#8211; Bacharelado e Licenciatura Comunica\u00e7\u00e3o Social &#8211; Jornalismo Comunica\u00e7\u00e3o Social &#8211; Rela\u00e7\u00f5es P\u00fablicas Design de Moda Design Gr\u00e1fico Direito Educa\u00e7\u00e3o Art\u00edstica Educa\u00e7\u00e3o F\u00edsica &#8211; Bacharelado e Licenciatura [&hellip;]<\/p>\n","protected":false},"author":8,"featured_media":0,"parent":0,"menu_order":0,"comment_status":"closed","ping_status":"closed","template":"","meta":{"_acf_changed":false,"_themeisle_gutenberg_block_has_review":false,"footnotes":""},"class_list":["post-6467","page","type-page","status-publish","hentry"],"acf":[],"_links":{"self":[{"href":"https:\/\/sites.uel.br\/prograd\/wp-json\/wp\/v2\/pages\/6467","targetHints":{"allow":["GET"]}}],"collection":[{"href":"https:\/\/sites.uel.br\/prograd\/wp-json\/wp\/v2\/pages"}],"about":[{"href":"https:\/\/sites.uel.br\/prograd\/wp-json\/wp\/v2\/types\/page"}],"author":[{"embeddable":true,"href":"https:\/\/sites.uel.br\/prograd\/wp-json\/wp\/v2\/users\/8"}],"replies":[{"embeddable":true,"href":"https:\/\/sites.uel.br\/prograd\/wp-json\/wp\/v2\/comments?post=6467"}],"version-history":[{"count":24,"href":"https:\/\/sites.uel.br\/prograd\/wp-json\/wp\/v2\/pages\/6467\/revisions"}],"predecessor-version":[{"id":26579,"href":"https:\/\/sites.uel.br\/prograd\/wp-json\/wp\/v2\/pages\/6467\/revisions\/26579"}],"wp:attachment":[{"href":"https:\/\/sites.uel.br\/prograd\/wp-json\/wp\/v2\/media?parent=6467"}],"curies":[{"name":"wp","href":"https:\/\/api.w.org\/{rel}","templated":true}]}}