{"id":6456,"date":"2023-05-30T15:08:46","date_gmt":"2023-05-30T18:08:46","guid":{"rendered":"https:\/\/sites.uel.br\/prograd\/?page_id=6456"},"modified":"2023-07-11T10:39:10","modified_gmt":"2023-07-11T13:39:10","slug":"catalogo-dos-cursos-de-graduacao-2018-cursos-de-graduacao","status":"publish","type":"page","link":"https:\/\/sites.uel.br\/prograd\/catalogo-dos-cursos-de-graduacao-2018-cursos-de-graduacao\/","title":{"rendered":"Cat\u00e1logo dos Cursos de Gradua\u00e7\u00e3o (2018)"},"content":{"rendered":"\n<hr class=\"wp-block-separator has-alpha-channel-opacity is-style-wide\"\/>\n\n\n\n<h2 class=\"wp-block-heading\">Cursos de Gradua\u00e7\u00e3o<\/h2>\n\n\n\n<p class=\"has-text-align-center\"><a href=\"https:\/\/sites.uel.br\/prograd\/catalogo-dos-cursos-de-graduacao-2018-administracao\/\">Administra\u00e7\u00e3o<\/a><\/p>\n\n\n\n<p class=\"has-text-align-center\"><a href=\"https:\/\/sites.uel.br\/prograd\/catalogo-dos-cursos-de-graduacao-2018-agronomia\/\">Agronomia<\/a><\/p>\n\n\n\n<p class=\"has-text-align-center\"><a href=\"https:\/\/sites.uel.br\/prograd\/catalogo-dos-cursos-de-graduacao-2018-arquitetura-e-urbanismo\/\">Arquitetura e Urbanismo<\/a><\/p>\n\n\n\n<p class=\"has-text-align-center\"><a href=\"https:\/\/sites.uel.br\/prograd\/catalogo-dos-cursos-de-graduacao-2018-arquivologia\/\">Arquivologia<\/a><\/p>\n\n\n\n<p class=\"has-text-align-center\"><a href=\"https:\/\/sites.uel.br\/prograd\/catalogo-dos-cursos-de-graduacao-2018-artes-cenicas\/\">Artes C\u00eanicas<\/a><\/p>\n\n\n\n<p class=\"has-text-align-center\"><a href=\"https:\/\/sites.uel.br\/prograd\/catalogo-dos-cursos-de-graduacao-2018-artes-visuais\/\">Artes Visuais<\/a><\/p>\n\n\n\n<p class=\"has-text-align-center\"><a href=\"https:\/\/sites.uel.br\/prograd\/catalogo-dos-cursos-de-graduacao-2018-biblioteconomia\/\">Biblioteconomia<\/a><\/p>\n\n\n\n<p class=\"has-text-align-center\"><a href=\"https:\/\/sites.uel.br\/prograd\/catalogo-dos-cursos-de-graduacao-2018-biomedicina\/\">Biomedicina<\/a><\/p>\n\n\n\n<p class=\"has-text-align-center\"><a href=\"https:\/\/sites.uel.br\/prograd\/catalogo-dos-cursos-de-graduacao-2018-ciencia-da-computacao\/\">Ci\u00eancia da Computa\u00e7\u00e3o<\/a><\/p>\n\n\n\n<p class=\"has-text-align-center\"><a href=\"https:\/\/sites.uel.br\/prograd\/catalogo-dos-cursos-de-graduacao-2018-ciencias-biologicas-bacharelado-e-licenciatura\/\">Ci\u00eancias Biol\u00f3gicas &#8211; Bacharelado e Licenciatura<\/a><\/p>\n\n\n\n<p class=\"has-text-align-center\"><a href=\"https:\/\/sites.uel.br\/prograd\/catalogo-dos-cursos-de-graduacao-2018-ciencias-contabeis\/\">Ci\u00eancias Cont\u00e1beis<\/a><\/p>\n\n\n\n<p class=\"has-text-align-center\"><a href=\"https:\/\/sites.uel.br\/prograd\/catalogo-dos-cursos-de-graduacao-2018-ciencias-economicas\/\">Ci\u00eancias Econ\u00f4micas<\/a><\/p>\n\n\n\n<p class=\"has-text-align-center\"><a href=\"https:\/\/sites.uel.br\/prograd\/catalogo-dos-cursos-de-graduacao-2018-ciencias-sociais-bacharelado-e-licenciatura\/\">Ci\u00eancias Sociais &#8211; Bacharelado e Licenciatura<\/a><\/p>\n\n\n\n<p class=\"has-text-align-center\"><a href=\"https:\/\/sites.uel.br\/prograd\/catalogo-dos-cursos-de-graduacao-2018-design-de-moda\/\">Design de Moda<\/a><\/p>\n\n\n\n<p class=\"has-text-align-center\"><a href=\"https:\/\/sites.uel.br\/prograd\/catalogo-dos-cursos-de-graduacao-2018-design-grafico\/\">Design Gr\u00e1fico<\/a><\/p>\n\n\n\n<p class=\"has-text-align-center\"><a href=\"https:\/\/sites.uel.br\/prograd\/catalogo-dos-cursos-de-graduacao-2018-direito\/\">Direito<\/a><\/p>\n\n\n\n<p class=\"has-text-align-center\"><a href=\"https:\/\/sites.uel.br\/prograd\/catalogo-dos-cursos-de-graduacao-2018-educacao-fisica-bacharelado\/\">Educa\u00e7\u00e3o F\u00edsica \u2013 Bacharelado<\/a><\/p>\n\n\n\n<p class=\"has-text-align-center\"><a href=\"https:\/\/sites.uel.br\/prograd\/catalogo-dos-cursos-de-graduacao-2018-educacao-fisica-licenciatura\/\">Educa\u00e7\u00e3o F\u00edsica \u2013 Licenciatura<\/a><\/p>\n\n\n\n<p class=\"has-text-align-center\"><a href=\"https:\/\/sites.uel.br\/prograd\/catalogo-dos-cursos-de-graduacao-2018-enfermagem\/\">Enfermagem<\/a><\/p>\n\n\n\n<p class=\"has-text-align-center\"><a href=\"https:\/\/sites.uel.br\/prograd\/catalogo-dos-cursos-de-graduacao-2018-engenharia-civil\/\">Engenharia Civil<\/a><\/p>\n\n\n\n<p class=\"has-text-align-center\"><a href=\"https:\/\/sites.uel.br\/prograd\/catalogo-dos-cursos-de-graduacao-2018-engenharia-eletrica\/\">Engenharia El\u00e9trica<\/a><\/p>\n\n\n\n<p class=\"has-text-align-center\"><a href=\"https:\/\/sites.uel.br\/prograd\/catalogo-dos-cursos-de-graduacao-2018-farmacia\/\">Farm\u00e1cia<\/a><\/p>\n\n\n\n<p class=\"has-text-align-center\"><a href=\"https:\/\/sites.uel.br\/prograd\/catalogo-dos-cursos-de-graduacao-2018-filosofia\/\">Filosofia<\/a><\/p>\n\n\n\n<p class=\"has-text-align-center\"><a href=\"https:\/\/sites.uel.br\/prograd\/catalogo-dos-cursos-de-graduacao-2018-fisica-bacharelado\/\">F\u00edsica &#8211; Bacharelado<\/a><\/p>\n\n\n\n<p class=\"has-text-align-center\"><a href=\"https:\/\/sites.uel.br\/prograd\/catalogo-dos-cursos-de-graduacao-2018-fisica-licenciatura\/\">F\u00edsica &#8211; Licenciatura<\/a><\/p>\n\n\n\n<p class=\"has-text-align-center\"><a href=\"https:\/\/sites.uel.br\/prograd\/catalogo-dos-cursos-de-graduacao-2018-fisioterapia\/\">Fisioterapia<\/a><\/p>\n\n\n\n<p class=\"has-text-align-center\"><a href=\"https:\/\/sites.uel.br\/prograd\/catalogo-dos-cursos-de-graduacao-2018-geografia-bacharelado-e-licenciatura\/\">Geografia &#8211; Bacharelado e Licenciatura<\/a><\/p>\n\n\n\n<p class=\"has-text-align-center\"><a href=\"https:\/\/sites.uel.br\/prograd\/catalogo-dos-cursos-de-graduacao-2018-historia\/\">Hist\u00f3ria<\/a><\/p>\n\n\n\n<p class=\"has-text-align-center\"><a href=\"https:\/\/sites.uel.br\/prograd\/catalogo-dos-cursos-de-graduacao-2018-jornalismo\/\">Jornalismo<\/a><\/p>\n\n\n\n<p class=\"has-text-align-center\"><a href=\"https:\/\/sites.uel.br\/prograd\/catalogo-dos-cursos-de-graduacao-2018-letras-espanhol\/\">Letras Espanhol<\/a><\/p>\n\n\n\n<p class=\"has-text-align-center\"><a href=\"https:\/\/sites.uel.br\/prograd\/catalogo-dos-cursos-de-graduacao-2018-letras-frances\/\">Letras Franc\u00eas<\/a><\/p>\n\n\n\n<p class=\"has-text-align-center\"><a href=\"https:\/\/sites.uel.br\/prograd\/catalogo-dos-cursos-de-graduacao-2018-letras-ingles\/\">Letras Ingl\u00eas<\/a><\/p>\n\n\n\n<p class=\"has-text-align-center\"><a href=\"https:\/\/sites.uel.br\/prograd\/catalogo-dos-cursos-de-graduacao-2018-letras-portugues\/\">Letras Portugu\u00eas<\/a><\/p>\n\n\n\n<p class=\"has-text-align-center\"><a href=\"https:\/\/sites.uel.br\/prograd\/catalogo-dos-cursos-de-graduacao-2018-matematica-bacharelado\/\">Matem\u00e1tica &#8211; Bacharelado<\/a><\/p>\n\n\n\n<p class=\"has-text-align-center\"><a href=\"https:\/\/sites.uel.br\/prograd\/catalogo-dos-cursos-de-graduacao-2018-matematica-bacharelado-em-matematica-empresarial\/\">Matem\u00e1tica &#8211; Bacharelado em Matem\u00e1tica Empresarial<\/a><\/p>\n\n\n\n<p class=\"has-text-align-center\"><a href=\"https:\/\/sites.uel.br\/prograd\/catalogo-dos-cursos-de-graduacao-2018-matematica-licenciatura\/\">Matem\u00e1tica &#8211; Licenciatura<\/a><\/p>\n\n\n\n<p class=\"has-text-align-center\"><a href=\"https:\/\/sites.uel.br\/prograd\/catalogo-dos-cursos-de-graduacao-2018-medicina\/\">Medicina<\/a><\/p>\n\n\n\n<p class=\"has-text-align-center\"><a href=\"https:\/\/sites.uel.br\/prograd\/catalogo-dos-cursos-de-graduacao-2018-medicina-veterinaria\/\">Medicina Veterin\u00e1ria<\/a><\/p>\n\n\n\n<p class=\"has-text-align-center\"><a href=\"https:\/\/sites.uel.br\/prograd\/catalogo-dos-cursos-de-graduacao-2018-musica\/\">M\u00fasica<\/a><\/p>\n\n\n\n<p class=\"has-text-align-center\"><a href=\"https:\/\/sites.uel.br\/prograd\/catalogo-dos-cursos-de-graduacao-2018-odontologia\/\">Odontologia<\/a><\/p>\n\n\n\n<p class=\"has-text-align-center\"><a href=\"https:\/\/sites.uel.br\/prograd\/catalogo-dos-cursos-de-graduacao-2018-pedagogia\/\">Pedagogia<\/a><\/p>\n\n\n\n<p class=\"has-text-align-center\"><a href=\"https:\/\/sites.uel.br\/prograd\/catalogo-dos-cursos-de-graduacao-2018-psicologia\/\">Psicologia<\/a><\/p>\n\n\n\n<p class=\"has-text-align-center\"><a href=\"https:\/\/sites.uel.br\/prograd\/catalogo-dos-cursos-de-graduacao-2018-quimica-bacharelado\/\">Qu\u00edmica &#8211; Bacharelado<\/a><\/p>\n\n\n\n<p class=\"has-text-align-center\"><a href=\"https:\/\/sites.uel.br\/prograd\/catalogo-dos-cursos-de-graduacao-2018-quimica-licenciatura\/\">Qu\u00edmica &#8211; Licenciatura<\/a><\/p>\n\n\n\n<p class=\"has-text-align-center\"><a href=\"https:\/\/sites.uel.br\/prograd\/catalogo-dos-cursos-de-graduacao-2018-relacoes-publicas\/\">Rela\u00e7\u00f5es P\u00fablicas<\/a><\/p>\n\n\n\n<p class=\"has-text-align-center\"><a href=\"https:\/\/sites.uel.br\/prograd\/catalogo-dos-cursos-de-graduacao-2018-secretariado-executivo\/\">Secretariado Executivo<\/a><\/p>\n\n\n\n<p class=\"has-text-align-center\"><a href=\"https:\/\/sites.uel.br\/prograd\/catalogo-dos-cursos-de-graduacao-2018-servico-social\/\">Servi\u00e7o Social<\/a><\/p>\n\n\n\n<p class=\"has-text-align-center\"><a href=\"https:\/\/sites.uel.br\/prograd\/catalogo-dos-cursos-de-graduacao-2018-zootecnia\/\">Zootecnia<\/a><\/p>\n\n\n\n<p><\/p>\n","protected":false},"excerpt":{"rendered":"<p>Cursos de Gradua\u00e7\u00e3o Administra\u00e7\u00e3o Agronomia Arquitetura e Urbanismo Arquivologia Artes C\u00eanicas Artes Visuais Biblioteconomia Biomedicina Ci\u00eancia da Computa\u00e7\u00e3o Ci\u00eancias Biol\u00f3gicas &#8211; Bacharelado e Licenciatura Ci\u00eancias Cont\u00e1beis Ci\u00eancias Econ\u00f4micas Ci\u00eancias Sociais &#8211; Bacharelado e Licenciatura Design de Moda Design Gr\u00e1fico Direito Educa\u00e7\u00e3o F\u00edsica \u2013 Bacharelado Educa\u00e7\u00e3o F\u00edsica \u2013 Licenciatura Enfermagem Engenharia Civil Engenharia El\u00e9trica Farm\u00e1cia Filosofia [&hellip;]<\/p>\n","protected":false},"author":8,"featured_media":0,"parent":0,"menu_order":0,"comment_status":"closed","ping_status":"closed","template":"","meta":{"_acf_changed":false,"_themeisle_gutenberg_block_has_review":false,"footnotes":""},"class_list":["post-6456","page","type-page","status-publish","hentry"],"acf":[],"_links":{"self":[{"href":"https:\/\/sites.uel.br\/prograd\/wp-json\/wp\/v2\/pages\/6456","targetHints":{"allow":["GET"]}}],"collection":[{"href":"https:\/\/sites.uel.br\/prograd\/wp-json\/wp\/v2\/pages"}],"about":[{"href":"https:\/\/sites.uel.br\/prograd\/wp-json\/wp\/v2\/types\/page"}],"author":[{"embeddable":true,"href":"https:\/\/sites.uel.br\/prograd\/wp-json\/wp\/v2\/users\/8"}],"replies":[{"embeddable":true,"href":"https:\/\/sites.uel.br\/prograd\/wp-json\/wp\/v2\/comments?post=6456"}],"version-history":[{"count":19,"href":"https:\/\/sites.uel.br\/prograd\/wp-json\/wp\/v2\/pages\/6456\/revisions"}],"predecessor-version":[{"id":11818,"href":"https:\/\/sites.uel.br\/prograd\/wp-json\/wp\/v2\/pages\/6456\/revisions\/11818"}],"wp:attachment":[{"href":"https:\/\/sites.uel.br\/prograd\/wp-json\/wp\/v2\/media?parent=6456"}],"curies":[{"name":"wp","href":"https:\/\/api.w.org\/{rel}","templated":true}]}}