{"id":6292,"date":"2023-05-29T16:09:04","date_gmt":"2023-05-29T19:09:04","guid":{"rendered":"https:\/\/sites.uel.br\/prograd\/?page_id=6292"},"modified":"2023-05-31T15:50:15","modified_gmt":"2023-05-31T18:50:15","slug":"catalogo-dos-cursos-de-graduacao-2011-capa","status":"publish","type":"page","link":"https:\/\/sites.uel.br\/prograd\/catalogo-dos-cursos-de-graduacao-2011-capa\/","title":{"rendered":"Cat\u00e1logo dos Cursos de Gradua\u00e7\u00e3o (2011)"},"content":{"rendered":"\n<hr class=\"wp-block-separator has-alpha-channel-opacity is-style-wide\"\/>\n\n\n\n<p><\/p>\n\n\n<div class=\"wp-block-image\">\n<figure class=\"aligncenter size-full\"><a href=\"https:\/\/sites.uel.br\/prograd\/catalogo-dos-cursos-de-graduacao-2011-entrada\/\"><img loading=\"lazy\" decoding=\"async\" width=\"566\" height=\"813\" src=\"https:\/\/sites.uel.br\/prograd\/wp-content\/uploads\/2023\/05\/capa_catalogo_cursos_2011.jpg\" alt=\"\" class=\"wp-image-6648\" srcset=\"https:\/\/sites.uel.br\/prograd\/wp-content\/uploads\/2023\/05\/capa_catalogo_cursos_2011.jpg 566w, https:\/\/sites.uel.br\/prograd\/wp-content\/uploads\/2023\/05\/capa_catalogo_cursos_2011-209x300.jpg 209w\" sizes=\"auto, (max-width: 566px) 100vw, 566px\" \/><\/a><\/figure>\n<\/div>","protected":false},"excerpt":{"rendered":"","protected":false},"author":8,"featured_media":0,"parent":0,"menu_order":0,"comment_status":"closed","ping_status":"closed","template":"","meta":{"_acf_changed":false,"_themeisle_gutenberg_block_has_review":false,"footnotes":""},"class_list":["post-6292","page","type-page","status-publish","hentry"],"acf":[],"_links":{"self":[{"href":"https:\/\/sites.uel.br\/prograd\/wp-json\/wp\/v2\/pages\/6292","targetHints":{"allow":["GET"]}}],"collection":[{"href":"https:\/\/sites.uel.br\/prograd\/wp-json\/wp\/v2\/pages"}],"about":[{"href":"https:\/\/sites.uel.br\/prograd\/wp-json\/wp\/v2\/types\/page"}],"author":[{"embeddable":true,"href":"https:\/\/sites.uel.br\/prograd\/wp-json\/wp\/v2\/users\/8"}],"replies":[{"embeddable":true,"href":"https:\/\/sites.uel.br\/prograd\/wp-json\/wp\/v2\/comments?post=6292"}],"version-history":[{"count":5,"href":"https:\/\/sites.uel.br\/prograd\/wp-json\/wp\/v2\/pages\/6292\/revisions"}],"predecessor-version":[{"id":6662,"href":"https:\/\/sites.uel.br\/prograd\/wp-json\/wp\/v2\/pages\/6292\/revisions\/6662"}],"wp:attachment":[{"href":"https:\/\/sites.uel.br\/prograd\/wp-json\/wp\/v2\/media?parent=6292"}],"curies":[{"name":"wp","href":"https:\/\/api.w.org\/{rel}","templated":true}]}}