{"id":6283,"date":"2023-05-29T16:09:25","date_gmt":"2023-05-29T19:09:25","guid":{"rendered":"https:\/\/sites.uel.br\/prograd\/?page_id=6283"},"modified":"2023-05-30T16:07:09","modified_gmt":"2023-05-30T19:07:09","slug":"catalogo-dos-cursos-de-graduacao-2019-capa","status":"publish","type":"page","link":"https:\/\/sites.uel.br\/prograd\/catalogo-dos-cursos-de-graduacao-2019-capa\/","title":{"rendered":"Cat\u00e1logo dos Cursos de Gradua\u00e7\u00e3o (2019)"},"content":{"rendered":"\n<hr class=\"wp-block-separator has-alpha-channel-opacity is-style-wide\"\/>\n\n\n\n<p><\/p>\n\n\n<div class=\"wp-block-image\">\n<figure class=\"aligncenter size-large\"><a href=\"https:\/\/sites.uel.br\/prograd\/catalogo-dos-cursos-de-graduacao-2019-entrada\/\"><img loading=\"lazy\" decoding=\"async\" width=\"724\" height=\"1024\" src=\"https:\/\/sites.uel.br\/prograd\/wp-content\/uploads\/2023\/05\/capa_catalogo_cursos_2019-724x1024.png\" alt=\"\" class=\"wp-image-6622\" srcset=\"https:\/\/sites.uel.br\/prograd\/wp-content\/uploads\/2023\/05\/capa_catalogo_cursos_2019-724x1024.png 724w, https:\/\/sites.uel.br\/prograd\/wp-content\/uploads\/2023\/05\/capa_catalogo_cursos_2019-212x300.png 212w, https:\/\/sites.uel.br\/prograd\/wp-content\/uploads\/2023\/05\/capa_catalogo_cursos_2019-768x1086.png 768w, https:\/\/sites.uel.br\/prograd\/wp-content\/uploads\/2023\/05\/capa_catalogo_cursos_2019-1086x1536.png 1086w, https:\/\/sites.uel.br\/prograd\/wp-content\/uploads\/2023\/05\/capa_catalogo_cursos_2019-1448x2048.png 1448w, https:\/\/sites.uel.br\/prograd\/wp-content\/uploads\/2023\/05\/capa_catalogo_cursos_2019.png 1654w\" sizes=\"auto, (max-width: 724px) 100vw, 724px\" \/><\/a><\/figure>\n<\/div>","protected":false},"excerpt":{"rendered":"","protected":false},"author":8,"featured_media":0,"parent":0,"menu_order":0,"comment_status":"closed","ping_status":"closed","template":"","meta":{"_acf_changed":false,"_themeisle_gutenberg_block_has_review":false,"footnotes":""},"class_list":["post-6283","page","type-page","status-publish","hentry"],"acf":[],"_links":{"self":[{"href":"https:\/\/sites.uel.br\/prograd\/wp-json\/wp\/v2\/pages\/6283","targetHints":{"allow":["GET"]}}],"collection":[{"href":"https:\/\/sites.uel.br\/prograd\/wp-json\/wp\/v2\/pages"}],"about":[{"href":"https:\/\/sites.uel.br\/prograd\/wp-json\/wp\/v2\/types\/page"}],"author":[{"embeddable":true,"href":"https:\/\/sites.uel.br\/prograd\/wp-json\/wp\/v2\/users\/8"}],"replies":[{"embeddable":true,"href":"https:\/\/sites.uel.br\/prograd\/wp-json\/wp\/v2\/comments?post=6283"}],"version-history":[{"count":5,"href":"https:\/\/sites.uel.br\/prograd\/wp-json\/wp\/v2\/pages\/6283\/revisions"}],"predecessor-version":[{"id":6626,"href":"https:\/\/sites.uel.br\/prograd\/wp-json\/wp\/v2\/pages\/6283\/revisions\/6626"}],"wp:attachment":[{"href":"https:\/\/sites.uel.br\/prograd\/wp-json\/wp\/v2\/media?parent=6283"}],"curies":[{"name":"wp","href":"https:\/\/api.w.org\/{rel}","templated":true}]}}