{"id":6265,"date":"2023-05-29T15:47:18","date_gmt":"2023-05-29T18:47:18","guid":{"rendered":"https:\/\/sites.uel.br\/prograd\/?page_id=6265"},"modified":"2025-12-12T15:04:02","modified_gmt":"2025-12-12T18:04:02","slug":"catalogo-dos-cursos-de-graduacao-indice","status":"publish","type":"page","link":"https:\/\/sites.uel.br\/prograd\/graduacao\/catalogo-dos-cursos-de-graduacao-indice\/","title":{"rendered":"Cat\u00e1logo dos Cursos de Gradua\u00e7\u00e3o (\u00cdndice)"},"content":{"rendered":"\n<hr class=\"wp-block-separator has-alpha-channel-opacity is-style-wide\"\/>\n\n\n\n<p><a href=\"https:\/\/sites.uel.br\/prograd\/graduacao\/catalogo-dos-cursos-de-graduacao\/\">Cat\u00e1logo dos Cursos de Gradua\u00e7\u00e3o (2025)<\/a><\/p>\n\n\n\n<p><a href=\"https:\/\/sites.uel.br\/prograd\/catalogo-dos-cursos-de-graduacao-2024-cursos-de-graduacao\/\">Cat\u00e1logo dos Cursos de Gradua\u00e7\u00e3o (2024)<\/a><\/p>\n\n\n\n<p><a href=\"https:\/\/sites.uel.br\/prograd\/catalogo-dos-cursos-de-graduacao-2023-cursos-de-graduacao\/\">Cat\u00e1logo dos Cursos de Gradua\u00e7\u00e3o (2023)<\/a><\/p>\n\n\n\n<p><a href=\"https:\/\/sites.uel.br\/prograd\/catalogo-dos-cursos-de-graduacao-2022-cursos-de-graduacao\/\">Cat\u00e1logo dos Cursos de Gradua\u00e7\u00e3o (2022)<\/a><\/p>\n\n\n\n<p><a href=\"https:\/\/sites.uel.br\/prograd\/catalogo-dos-cursos-de-graduacao-2021-capa\/\">Cat\u00e1logo dos Cursos de Gradua\u00e7\u00e3o (2021)<\/a><\/p>\n\n\n\n<p><a href=\"https:\/\/sites.uel.br\/prograd\/catalogo-dos-cursos-de-graduacao-2020-capa\/\">Cat\u00e1logo dos Cursos de Gradua\u00e7\u00e3o (2020)<\/a><\/p>\n\n\n\n<p><a href=\"https:\/\/sites.uel.br\/prograd\/catalogo-dos-cursos-de-graduacao-2019-capa\/\">Cat\u00e1logo dos Cursos de Gradua\u00e7\u00e3o (2019)<\/a><\/p>\n\n\n\n<p><a href=\"https:\/\/sites.uel.br\/prograd\/catalogo-dos-cursos-de-graduacao-2018-capa\/\">Cat\u00e1logo dos Cursos de Gradua\u00e7\u00e3o (2018)<\/a><\/p>\n\n\n\n<p><a href=\"https:\/\/sites.uel.br\/prograd\/catalogo-dos-cursos-de-graduacao-2017-capa\/\">Cat\u00e1logo dos Cursos de Gradua\u00e7\u00e3o (2017)<\/a><\/p>\n\n\n\n<p><a href=\"https:\/\/sites.uel.br\/prograd\/catalogo-dos-cursos-de-graduacao-2016-capa\/\">Cat\u00e1logo dos Cursos de Gradua\u00e7\u00e3o (2016)<\/a><\/p>\n\n\n\n<p><a href=\"https:\/\/sites.uel.br\/prograd\/catalogo-dos-cursos-de-graduacao-2015-capa\/\">Cat\u00e1logo dos Cursos de Gradua\u00e7\u00e3o (2015)<\/a><\/p>\n\n\n\n<p><a href=\"https:\/\/sites.uel.br\/prograd\/catalogo-dos-cursos-de-graduacao-2014-capa\/\">Cat\u00e1logo dos Cursos de Gradua\u00e7\u00e3o (2014)<\/a><\/p>\n\n\n\n<p><a href=\"https:\/\/sites.uel.br\/prograd\/catalogo-dos-cursos-de-graduacao-2013-capa\/\">Cat\u00e1logo dos Cursos de Gradua\u00e7\u00e3o (2013)<\/a><\/p>\n\n\n\n<p><a href=\"https:\/\/sites.uel.br\/prograd\/catalogo-dos-cursos-de-graduacao-2012-capa\/\">Cat\u00e1logo dos Cursos de Gradua\u00e7\u00e3o (2012)<\/a><\/p>\n\n\n\n<p><a href=\"https:\/\/sites.uel.br\/prograd\/catalogo-dos-cursos-de-graduacao-2011-capa\/\">Cat\u00e1logo dos Cursos de Gradua\u00e7\u00e3o (2011)<\/a><\/p>\n\n\n\n<p><a href=\"https:\/\/sites.uel.br\/prograd\/catalogo-dos-cursos-de-graduacao-2010-capa\/\">Cat\u00e1logo dos Cursos de Gradua\u00e7\u00e3o (2010)<\/a><\/p>\n\n\n\n<p><a href=\"https:\/\/sites.uel.br\/prograd\/catalogo-dos-cursos-de-graduacao-2009-capa\/\">Cat\u00e1logo dos Cursos de Gradua\u00e7\u00e3o (2009)<\/a><\/p>\n\n\n\n<p><a href=\"https:\/\/sites.uel.br\/prograd\/catalogo-dos-cursos-de-graduacao-2008-entrada\/\">Cat\u00e1logo dos Cursos de Gradua\u00e7\u00e3o (2008)<\/a><\/p>\n\n\n\n<p><a href=\"https:\/\/sites.uel.br\/prograd\/catalogo-dos-cursos-de-graduacao-2007-entrada\/\">Cat\u00e1logo dos Cursos de Gradua\u00e7\u00e3o (2007)<\/a><\/p>\n\n\n\n<p><a href=\"https:\/\/sites.uel.br\/prograd\/catalogo-dos-cursos-de-graduacao-2006-entrada\/\">Cat\u00e1logo dos Cursos de Gradua\u00e7\u00e3o (2006)<\/a><\/p>\n\n\n\n<p><a href=\"https:\/\/sites.uel.br\/prograd\/catalogo-dos-cursos-de-graduacao-2005-entrada\/\">Cat\u00e1logo dos Cursos de Gradua\u00e7\u00e3o (2005)<\/a><\/p>\n","protected":false},"excerpt":{"rendered":"<p>Cat\u00e1logo dos Cursos de Gradua\u00e7\u00e3o (2025) Cat\u00e1logo dos Cursos de Gradua\u00e7\u00e3o (2024) Cat\u00e1logo dos Cursos de Gradua\u00e7\u00e3o (2023) Cat\u00e1logo dos Cursos de Gradua\u00e7\u00e3o (2022) Cat\u00e1logo dos Cursos de Gradua\u00e7\u00e3o (2021) Cat\u00e1logo dos Cursos de Gradua\u00e7\u00e3o (2020) Cat\u00e1logo dos Cursos de Gradua\u00e7\u00e3o (2019) Cat\u00e1logo dos Cursos de Gradua\u00e7\u00e3o (2018) Cat\u00e1logo dos Cursos de Gradua\u00e7\u00e3o (2017) Cat\u00e1logo [&hellip;]<\/p>\n","protected":false},"author":8,"featured_media":0,"parent":12,"menu_order":0,"comment_status":"closed","ping_status":"closed","template":"","meta":{"_acf_changed":false,"_themeisle_gutenberg_block_has_review":false,"footnotes":""},"class_list":["post-6265","page","type-page","status-publish","hentry"],"acf":[],"_links":{"self":[{"href":"https:\/\/sites.uel.br\/prograd\/wp-json\/wp\/v2\/pages\/6265","targetHints":{"allow":["GET"]}}],"collection":[{"href":"https:\/\/sites.uel.br\/prograd\/wp-json\/wp\/v2\/pages"}],"about":[{"href":"https:\/\/sites.uel.br\/prograd\/wp-json\/wp\/v2\/types\/page"}],"author":[{"embeddable":true,"href":"https:\/\/sites.uel.br\/prograd\/wp-json\/wp\/v2\/users\/8"}],"replies":[{"embeddable":true,"href":"https:\/\/sites.uel.br\/prograd\/wp-json\/wp\/v2\/comments?post=6265"}],"version-history":[{"count":20,"href":"https:\/\/sites.uel.br\/prograd\/wp-json\/wp\/v2\/pages\/6265\/revisions"}],"predecessor-version":[{"id":36457,"href":"https:\/\/sites.uel.br\/prograd\/wp-json\/wp\/v2\/pages\/6265\/revisions\/36457"}],"up":[{"embeddable":true,"href":"https:\/\/sites.uel.br\/prograd\/wp-json\/wp\/v2\/pages\/12"}],"wp:attachment":[{"href":"https:\/\/sites.uel.br\/prograd\/wp-json\/wp\/v2\/media?parent=6265"}],"curies":[{"name":"wp","href":"https:\/\/api.w.org\/{rel}","templated":true}]}}