{"id":6200,"date":"2023-05-29T15:28:31","date_gmt":"2023-05-29T18:28:31","guid":{"rendered":"https:\/\/sites.uel.br\/prograd\/?page_id=6200"},"modified":"2024-04-03T14:41:10","modified_gmt":"2024-04-03T17:41:10","slug":"catalogo-dos-cursos-de-graduacao-2013-entrada","status":"publish","type":"page","link":"https:\/\/sites.uel.br\/prograd\/catalogo-dos-cursos-de-graduacao-2013-entrada\/","title":{"rendered":"Cat\u00e1logo dos Cursos de Gradua\u00e7\u00e3o (2013)"},"content":{"rendered":"\n<hr class=\"wp-block-separator has-alpha-channel-opacity is-style-wide\"\/>\n\n\n\n<p class=\"has-text-align-center\"><\/p>\n\n\n<div class=\"wp-block-image\">\n<figure class=\"aligncenter size-full\"><a href=\"https:\/\/sites.uel.br\/prograd\/wp-content\/uploads\/catalogo_cursos\/2013\/documentos\/apresentacao.pdf\" target=\"_blank\" rel=\"noreferrer noopener\"><img loading=\"lazy\" decoding=\"async\" width=\"251\" height=\"49\" src=\"https:\/\/sites.uel.br\/prograd\/wp-content\/uploads\/2023\/05\/b_catalogo_cursos_apresentacao.jpg\" alt=\"\" class=\"wp-image-5778\"\/><\/a><\/figure>\n<\/div>\n\n<div class=\"wp-block-image\">\n<figure class=\"aligncenter size-full\"><a href=\"https:\/\/sites.uel.br\/prograd\/catalogo-dos-cursos-de-graduacao-2013-cursos-de-graduacao\/\"><img loading=\"lazy\" decoding=\"async\" width=\"368\" height=\"49\" src=\"https:\/\/sites.uel.br\/prograd\/wp-content\/uploads\/2023\/05\/b_catalogo_cursos_cursos_graduacao.jpg\" alt=\"\" class=\"wp-image-5779\" srcset=\"https:\/\/sites.uel.br\/prograd\/wp-content\/uploads\/2023\/05\/b_catalogo_cursos_cursos_graduacao.jpg 368w, https:\/\/sites.uel.br\/prograd\/wp-content\/uploads\/2023\/05\/b_catalogo_cursos_cursos_graduacao-300x40.jpg 300w\" sizes=\"auto, (max-width: 368px) 100vw, 368px\" \/><\/a><\/figure>\n<\/div>\n\n<div class=\"wp-block-image\">\n<figure class=\"aligncenter size-full\"><a href=\"https:\/\/sites.uel.br\/prograd\/catalogo-dos-cursos-de-graduacao-2013-equipe\/\"><img loading=\"lazy\" decoding=\"async\" width=\"130\" height=\"49\" src=\"https:\/\/sites.uel.br\/prograd\/wp-content\/uploads\/2023\/05\/b_catalogo_cursos_equipe.jpg\" alt=\"\" class=\"wp-image-5780\"\/><\/a><\/figure>\n<\/div>","protected":false},"excerpt":{"rendered":"","protected":false},"author":8,"featured_media":0,"parent":0,"menu_order":0,"comment_status":"closed","ping_status":"closed","template":"","meta":{"_acf_changed":false,"_themeisle_gutenberg_block_has_review":false,"footnotes":""},"class_list":["post-6200","page","type-page","status-publish","hentry"],"acf":[],"_links":{"self":[{"href":"https:\/\/sites.uel.br\/prograd\/wp-json\/wp\/v2\/pages\/6200","targetHints":{"allow":["GET"]}}],"collection":[{"href":"https:\/\/sites.uel.br\/prograd\/wp-json\/wp\/v2\/pages"}],"about":[{"href":"https:\/\/sites.uel.br\/prograd\/wp-json\/wp\/v2\/types\/page"}],"author":[{"embeddable":true,"href":"https:\/\/sites.uel.br\/prograd\/wp-json\/wp\/v2\/users\/8"}],"replies":[{"embeddable":true,"href":"https:\/\/sites.uel.br\/prograd\/wp-json\/wp\/v2\/comments?post=6200"}],"version-history":[{"count":7,"href":"https:\/\/sites.uel.br\/prograd\/wp-json\/wp\/v2\/pages\/6200\/revisions"}],"predecessor-version":[{"id":26246,"href":"https:\/\/sites.uel.br\/prograd\/wp-json\/wp\/v2\/pages\/6200\/revisions\/26246"}],"wp:attachment":[{"href":"https:\/\/sites.uel.br\/prograd\/wp-json\/wp\/v2\/media?parent=6200"}],"curies":[{"name":"wp","href":"https:\/\/api.w.org\/{rel}","templated":true}]}}