{"id":6075,"date":"2023-05-26T15:45:52","date_gmt":"2023-05-26T18:45:52","guid":{"rendered":"https:\/\/sites.uel.br\/prograd\/?page_id=6075"},"modified":"2024-08-08T14:06:09","modified_gmt":"2024-08-08T17:06:09","slug":"estagios-e-intercambios-curricular-obrigatorio-uel-ciente-orientacao-estagio-obrigatorio-pml","status":"publish","type":"page","link":"https:\/\/sites.uel.br\/prograd\/estagios-e-intercambios-curricular-obrigatorio-uel-ciente-orientacao-estagio-obrigatorio-pml\/","title":{"rendered":"Est\u00e1gios e Interc\u00e2mbios"},"content":{"rendered":"\n<hr class=\"wp-block-separator has-alpha-channel-opacity is-style-wide\"\/>\n\n\n\n<h2 class=\"wp-block-heading\">Curricular Obrigat\u00f3rio &#8211; UEL<\/h2>\n\n\n\n<h3 class=\"wp-block-heading\"><strong>ESCOLAS DO MUNIC\u00cdPIO DE LONDRINA<\/strong><\/h3>\n\n\n\n<div style=\"height:20px\" aria-hidden=\"true\" class=\"wp-block-spacer\"><\/div>\n\n\n\n<p class=\"has-text-align-center\"><strong>Divis\u00e3o Central de Est\u00e1gios e Interc\u00e2mbios<\/strong><\/p>\n\n\n\n<p class=\"has-text-align-center\"><a href=\"mailto:estagios@uel.br\"><strong>estagios@uel.br<\/strong><\/a><\/p>\n\n\n\n<p class=\"has-text-align-center\"><strong>43 3371 4900<\/strong><\/p>\n\n\n\n<p class=\"has-text-align-center\"><strong>Orienta\u00e7\u00f5es para a realiza\u00e7\u00e3o do Est\u00e1gio Curricular Obrigat\u00f3rio &#8211; Escolas do Munic\u00edpio de Londrina<\/strong><\/p>\n\n\n\n<div style=\"height:20px\" aria-hidden=\"true\" class=\"wp-block-spacer\"><\/div>\n\n\n\n<p>1. <strong><u>ESTUDANTE:<\/u><\/strong> Verificar com o professor da disciplina de est\u00e1gio o campo de est\u00e1gio e a indica\u00e7\u00e3o da escola (quando for o caso) para o desenvolvimento do est\u00e1gio;<\/p>\n\n\n\n<p>2. <strong><u>DOCENTE:<\/u><\/strong> Entrar em contato com a unidade concedente (escola) para abertura do campo de est\u00e1gio e verificar a possibilidade do est\u00e1gio;<\/p>\n\n\n\n<p>3. <strong><u>ESTUDANTE:<\/u><\/strong> Conversar com o professor supervisor sobre o campo escolhido e verificar sobre o protocolo de documentos a ser enviado \u00e0 <strong><u>Prefeitura Municipal de Londrina (escolas).<\/u><\/strong><\/p>\n\n\n\n<p>4. <strong><u>ESTUDANTE:<\/u><\/strong> &nbsp;Preencher os seguintes formul\u00e1rios: (ao preencher os formul\u00e1rios suprimir toda a parte vermelha e preencher)<\/p>\n\n\n\n<p><p style=\"padding-left:30px;\">a) carta de apresenta\u00e7\u00e3o (uma via);<\/p><\/p>\n\n\n\n<p><p style=\"padding-left:30px;\">b) requerimento do est\u00e1gio (uma via): para a Prefeitura h\u00e1 a necessidade de colocar foto ou imagem;<\/p><\/p>\n\n\n\n<p><p style=\"padding-left:30px;\">c) Plano de est\u00e1gios (uma via)<span style=\"font-size: 1.2rem;\">;<\/span><\/p><\/p>\n\n\n\n<p><p style=\"padding-left:30px;\">d)Termos de Compromisso (uma via): Importante preencher o item 15 do termo. Exemplo: 15. O presente Termo est\u00e1 vinculado ao Conv\u00eanio celebrado em 13\/05\/2023, entre o MUNIC\u00cdPIO e a institui\u00e7\u00e3o de ensino acima citada.&nbsp;<\/p><\/p>\n\n\n\n<p>5. <strong><u>ESTUDANTE:<\/u><\/strong> Com a pasta montada, com todos os documentos acima descritos, entre em contato com o Professor da Disciplina de est\u00e1gio para tratar dos encaminhamentos junto ao protocolo da Prefeitura.<\/p>\n\n\n\n<p>6. <strong><u>ESTUDANTE:<\/u><\/strong> Ap\u00f3s assinaturas da concedente do est\u00e1gio (professor orientador da escola, Dire\u00e7\u00e3o ou Coordena\u00e7\u00e3o da Escola) e do docente supervisor (UEL), salvar os documentos em formato PDF. Enviar o arquivo ao Docente Supervisor da <strong>disciplina de est\u00e1gios, que far\u00e1 o encaminhamento via e-protocolo \u00e0 Prograd (Divis\u00e3o Central de Est\u00e1gios e Interc\u00e2mbios) no m\u00ednimo com 20 dias antes da data de in\u00edcio do est\u00e1gio, conforme TUTORIAL descritivo no link: &lt;<a href=\"https:\/\/sites.uel.br\/prograd\/wp-content\/uploads\/dcei\/obrigatorio\/orientacoes_e-protocolo_estagio_obrigatorio.pdf\" target=\"_blank\" rel=\"noreferrer noopener\">https:\/\/sites.uel.br\/prograd\/wp-content\/uploads\/dcei\/obrigatorio\/orientacoes_e-protocolo_estagio_obrigatorio.pdf<\/a>&gt;<\/strong><\/p>\n\n\n\n<p>7. Ap\u00f3s assinado pela PROGRAD, os documentos devem ser encaminhados pelos SEI EXTERNO da Prefeitura.&nbsp;Esse procedimento pode ser feito pelo professor supervisor ou pelo estudante. Antes de abrir esse processo a pessoa deve se cadastrar no SEI EXTERNO e aguardar a confirma\u00e7\u00e3o. A Secretaria de Educa\u00e7\u00e3o n\u00e3o recebe os processos de forma f\u00edsica, somente pelo sistema. Os documentos devem ser digitalizados sem dobras, rasuras, ou com partes de objetos alheios ao documento, para que tenham validade jur\u00eddica. Caso contr\u00e1rio, n\u00e3o ser\u00e3o aprovados.<\/p>\n\n\n\n<div style=\"height:20px\" aria-hidden=\"true\" class=\"wp-block-spacer\"><\/div>\n\n\n\n<p class=\"has-text-align-center\"><strong><a href=\"https:\/\/sites.uel.br\/prograd\/estagios-e-intercambios-curricular-obrigatorio-uel-pml\/\">PROSSEGUIR EM EST\u00c1GIO CURRICULAR OBRIGAT\u00d3RIO &#8211; PML<\/a><\/strong><\/p>\n","protected":false},"excerpt":{"rendered":"<p>Curricular Obrigat\u00f3rio &#8211; UEL ESCOLAS DO MUNIC\u00cdPIO DE LONDRINA Divis\u00e3o Central de Est\u00e1gios e Interc\u00e2mbios estagios@uel.br 43 3371 4900 Orienta\u00e7\u00f5es para a realiza\u00e7\u00e3o do Est\u00e1gio Curricular Obrigat\u00f3rio &#8211; Escolas do Munic\u00edpio de Londrina 1. ESTUDANTE: Verificar com o professor da disciplina de est\u00e1gio o campo de est\u00e1gio e a indica\u00e7\u00e3o da escola (quando for o [&hellip;]<\/p>\n","protected":false},"author":8,"featured_media":0,"parent":0,"menu_order":0,"comment_status":"closed","ping_status":"closed","template":"","meta":{"_acf_changed":false,"_themeisle_gutenberg_block_has_review":false,"footnotes":""},"class_list":["post-6075","page","type-page","status-publish","hentry"],"acf":[],"_links":{"self":[{"href":"https:\/\/sites.uel.br\/prograd\/wp-json\/wp\/v2\/pages\/6075","targetHints":{"allow":["GET"]}}],"collection":[{"href":"https:\/\/sites.uel.br\/prograd\/wp-json\/wp\/v2\/pages"}],"about":[{"href":"https:\/\/sites.uel.br\/prograd\/wp-json\/wp\/v2\/types\/page"}],"author":[{"embeddable":true,"href":"https:\/\/sites.uel.br\/prograd\/wp-json\/wp\/v2\/users\/8"}],"replies":[{"embeddable":true,"href":"https:\/\/sites.uel.br\/prograd\/wp-json\/wp\/v2\/comments?post=6075"}],"version-history":[{"count":30,"href":"https:\/\/sites.uel.br\/prograd\/wp-json\/wp\/v2\/pages\/6075\/revisions"}],"predecessor-version":[{"id":31791,"href":"https:\/\/sites.uel.br\/prograd\/wp-json\/wp\/v2\/pages\/6075\/revisions\/31791"}],"wp:attachment":[{"href":"https:\/\/sites.uel.br\/prograd\/wp-json\/wp\/v2\/media?parent=6075"}],"curies":[{"name":"wp","href":"https:\/\/api.w.org\/{rel}","templated":true}]}}