{"id":6067,"date":"2023-05-26T15:37:35","date_gmt":"2023-05-26T18:37:35","guid":{"rendered":"https:\/\/sites.uel.br\/prograd\/?page_id=6067"},"modified":"2024-04-17T13:59:10","modified_gmt":"2024-04-17T16:59:10","slug":"estagios-e-intercambios-estagio-curricular-nao-obrigatorio-aviso","status":"publish","type":"page","link":"https:\/\/sites.uel.br\/prograd\/estagios-e-intercambios-estagio-curricular-nao-obrigatorio-aviso\/","title":{"rendered":"Est\u00e1gios e Interc\u00e2mbios"},"content":{"rendered":"\n<hr class=\"wp-block-separator has-alpha-channel-opacity is-style-wide\"\/>\n\n\n\n<h3 class=\"wp-block-heading\"><strong><strong>Curricular N\u00e3o Obrigat\u00f3rio \u2013 UEL \u2013 Formul\u00e1rios<\/strong><\/strong><\/h3>\n\n\n\n<div style=\"height:20px\" aria-hidden=\"true\" class=\"wp-block-spacer\"><\/div>\n\n\n\n<p>\u00c9&nbsp;<strong>obrigat\u00f3rio<\/strong>&nbsp;o preenchimento do VALOR DA BOLSA no termo de compromisso de EST\u00c1GIO CURRICULAR N\u00c3O OBRIGAT\u00d3RIO.<\/p>\n\n\n\n<p><a href=\"https:\/\/sites.uel.br\/prograd\/wp-content\/uploads\/formularios\/estagios\/curricular_nao_obrigatorio\/modelo_termo_nao_obrigatorio.doc\" target=\"_blank\" rel=\"noreferrer noopener\"><strong>Clique aqui<\/strong><\/a>\u00a0para fazer o download do documento<\/p>\n","protected":false},"excerpt":{"rendered":"<p>Curricular N\u00e3o Obrigat\u00f3rio \u2013 UEL \u2013 Formul\u00e1rios \u00c9&nbsp;obrigat\u00f3rio&nbsp;o preenchimento do VALOR DA BOLSA no termo de compromisso de EST\u00c1GIO CURRICULAR N\u00c3O OBRIGAT\u00d3RIO. Clique aqui\u00a0para fazer o download do documento<\/p>\n","protected":false},"author":8,"featured_media":0,"parent":0,"menu_order":0,"comment_status":"closed","ping_status":"closed","template":"","meta":{"_acf_changed":false,"_themeisle_gutenberg_block_has_review":false,"footnotes":""},"class_list":["post-6067","page","type-page","status-publish","hentry"],"acf":[],"_links":{"self":[{"href":"https:\/\/sites.uel.br\/prograd\/wp-json\/wp\/v2\/pages\/6067","targetHints":{"allow":["GET"]}}],"collection":[{"href":"https:\/\/sites.uel.br\/prograd\/wp-json\/wp\/v2\/pages"}],"about":[{"href":"https:\/\/sites.uel.br\/prograd\/wp-json\/wp\/v2\/types\/page"}],"author":[{"embeddable":true,"href":"https:\/\/sites.uel.br\/prograd\/wp-json\/wp\/v2\/users\/8"}],"replies":[{"embeddable":true,"href":"https:\/\/sites.uel.br\/prograd\/wp-json\/wp\/v2\/comments?post=6067"}],"version-history":[{"count":7,"href":"https:\/\/sites.uel.br\/prograd\/wp-json\/wp\/v2\/pages\/6067\/revisions"}],"predecessor-version":[{"id":28178,"href":"https:\/\/sites.uel.br\/prograd\/wp-json\/wp\/v2\/pages\/6067\/revisions\/28178"}],"wp:attachment":[{"href":"https:\/\/sites.uel.br\/prograd\/wp-json\/wp\/v2\/media?parent=6067"}],"curies":[{"name":"wp","href":"https:\/\/api.w.org\/{rel}","templated":true}]}}