{"id":6066,"date":"2023-05-26T15:39:29","date_gmt":"2023-05-26T18:39:29","guid":{"rendered":"https:\/\/sites.uel.br\/prograd\/?page_id=6066"},"modified":"2024-04-17T14:00:36","modified_gmt":"2024-04-17T17:00:36","slug":"estagios-e-intercambios-estagio-curricular-nao-obrigatorio-aviso-relatorio-de-estagio","status":"publish","type":"page","link":"https:\/\/sites.uel.br\/prograd\/estagios-e-intercambios-estagio-curricular-nao-obrigatorio-aviso-relatorio-de-estagio\/","title":{"rendered":"Est\u00e1gios e Interc\u00e2mbios"},"content":{"rendered":"\n<hr class=\"wp-block-separator has-alpha-channel-opacity is-style-wide\"\/>\n\n\n\n<h3 class=\"wp-block-heading\"><strong>Curricular N\u00e3o Obrigat\u00f3rio \u2013 UEL \u2013 Formul\u00e1rios<\/strong><\/h3>\n\n\n\n<div style=\"height:20px\" aria-hidden=\"true\" class=\"wp-block-spacer\"><\/div>\n\n\n\n<p>O QUE \u00c9 O RELAT\u00d3RIO DE ATIVIDADES?<br>(\u00a7 1\u00ba do Art. 3\u00b0 da Lei \u00b0 11.788\/2008)<\/p>\n\n\n\n<p>&#8211;&nbsp; O&nbsp; est\u00e1gio, como ato educativo escolar supervisionado, dever\u00e1 ter acompanhamento efetivo pelo professor da institui\u00e7\u00e3o de ensino e por orientador da parte concedente, comprovado por vistos nos relat\u00f3rios de atividades que dever\u00e3o ser exigidos dos estudantes, em prazo n\u00e3o superior a 6 (seis) meses.<br><br>&#8211;&nbsp; A aus\u00eancia do Relat\u00f3rio de Atividades inviabilizar\u00e1 o aproveitamento do est\u00e1gio, mesmo que o estudante venha a entregar o Relat\u00f3rio Final.<\/p>\n\n\n\n<p>(Art. 41 \u00a7 3\u00b0 da Resolu\u00e7\u00e3o CEPE n\u00b0 0166\/2008)<\/p>\n\n\n\n<p><a href=\"https:\/\/sites.uel.br\/prograd\/wp-content\/uploads\/formularios\/estagios\/curricular_nao_obrigatorio\/modelo_relatorio_atividades.doc\" target=\"_blank\" rel=\"noreferrer noopener\"><strong>Clique aqui<\/strong><\/a>\u00a0para fazer o download do documento<\/p>\n","protected":false},"excerpt":{"rendered":"<p>Curricular N\u00e3o Obrigat\u00f3rio \u2013 UEL \u2013 Formul\u00e1rios O QUE \u00c9 O RELAT\u00d3RIO DE ATIVIDADES?(\u00a7 1\u00ba do Art. 3\u00b0 da Lei \u00b0 11.788\/2008) &#8211;&nbsp; O&nbsp; est\u00e1gio, como ato educativo escolar supervisionado, dever\u00e1 ter acompanhamento efetivo pelo professor da institui\u00e7\u00e3o de ensino e por orientador da parte concedente, comprovado por vistos nos relat\u00f3rios de atividades que dever\u00e3o [&hellip;]<\/p>\n","protected":false},"author":8,"featured_media":0,"parent":0,"menu_order":0,"comment_status":"closed","ping_status":"closed","template":"","meta":{"_acf_changed":false,"_themeisle_gutenberg_block_has_review":false,"footnotes":""},"class_list":["post-6066","page","type-page","status-publish","hentry"],"acf":[],"_links":{"self":[{"href":"https:\/\/sites.uel.br\/prograd\/wp-json\/wp\/v2\/pages\/6066","targetHints":{"allow":["GET"]}}],"collection":[{"href":"https:\/\/sites.uel.br\/prograd\/wp-json\/wp\/v2\/pages"}],"about":[{"href":"https:\/\/sites.uel.br\/prograd\/wp-json\/wp\/v2\/types\/page"}],"author":[{"embeddable":true,"href":"https:\/\/sites.uel.br\/prograd\/wp-json\/wp\/v2\/users\/8"}],"replies":[{"embeddable":true,"href":"https:\/\/sites.uel.br\/prograd\/wp-json\/wp\/v2\/comments?post=6066"}],"version-history":[{"count":7,"href":"https:\/\/sites.uel.br\/prograd\/wp-json\/wp\/v2\/pages\/6066\/revisions"}],"predecessor-version":[{"id":28179,"href":"https:\/\/sites.uel.br\/prograd\/wp-json\/wp\/v2\/pages\/6066\/revisions\/28179"}],"wp:attachment":[{"href":"https:\/\/sites.uel.br\/prograd\/wp-json\/wp\/v2\/media?parent=6066"}],"curies":[{"name":"wp","href":"https:\/\/api.w.org\/{rel}","templated":true}]}}