{"id":5115,"date":"2023-05-09T10:28:58","date_gmt":"2023-05-09T13:28:58","guid":{"rendered":"https:\/\/sites.uel.br\/prograd\/?page_id=5115"},"modified":"2024-09-18T14:28:28","modified_gmt":"2024-09-18T17:28:28","slug":"catalogo-dos-cursos-de-graduacao-2022-secretariado-executivo","status":"publish","type":"page","link":"https:\/\/sites.uel.br\/prograd\/catalogo-dos-cursos-de-graduacao-2022-secretariado-executivo\/","title":{"rendered":"Cat\u00e1logo dos Cursos de Gradua\u00e7\u00e3o (2022)"},"content":{"rendered":"\n<hr class=\"wp-block-separator has-alpha-channel-opacity is-style-wide\"\/>\n\n\n\n<h2 class=\"wp-block-heading\">Secretariado Executivo<\/h2>\n\n\n\n<p><strong>Cria\u00e7\u00e3o<\/strong><br>Resolu\u00e7\u00e3o n.\u00ba 2.385, de 11.08.93<\/p>\n\n\n\n<p><\/p>\n\n\n\n<p><strong>Grau<\/strong><br>Secret\u00e1rio Executivo&nbsp;<\/p>\n\n\n\n<p><\/p>\n\n\n\n<p><strong>Turno<\/strong><br>Noturno<\/p>\n\n\n\n<p><\/p>\n\n\n\n<p><strong>Perfil do Profissional<\/strong><br>O secret\u00e1rio executivo formado pela UEL dever\u00e1 ter o seguinte perfil: assessor executivo, atuando como agente executor e multiplicador de delibera\u00e7\u00f5es e processos decis\u00f3rios; gestor das fun\u00e7\u00f5es gerenciais; intra-empreendedor, buscando ideias inovadoras para as organiza\u00e7\u00f5es; consultor, atendendo e resolvendo as demandas dos clientes internos e externos; agente de mudan\u00e7as, promovendo as altera\u00e7\u00f5es culturais, pol\u00edticas e sociais necess\u00e1rias nas organiza\u00e7\u00f5es e na reformula\u00e7\u00e3o e moderniza\u00e7\u00e3o do papel profissional do pr\u00f3prio secret\u00e1rio executivo.<\/p>\n\n\n\n<p><\/p>\n\n\n\n<p><strong>Objetivo do Curso<\/strong><br>O secret\u00e1rio executivo formado pela UEL dever\u00e1 ter o seguinte perfil: assessor executivo, atuando como agente executor e multiplicador de delibera\u00e7\u00f5es e processos decis\u00f3rios; gestor das fun\u00e7\u00f5es gerenciais; intra-empreendedor, buscando ideias inovadoras para as organiza\u00e7\u00f5es; consultor, atendendo e resolvendo as demandas dos clientes internos e externos; agente de mudan\u00e7as, promovendo as altera\u00e7\u00f5es culturais, pol\u00edticas e sociais necess\u00e1rias nas organiza\u00e7\u00f5es e na reformula\u00e7\u00e3o e moderniza\u00e7\u00e3o do papel profissional do pr\u00f3prio secret\u00e1rio executivo.<\/p>\n\n\n\n<p><\/p>\n\n\n\n<p><strong>Campos de Atua\u00e7\u00e3o<\/strong><br>\u00d3rg\u00e3os p\u00fablicos e privados, Secretarias e todos os \u00f3rg\u00e3os e administra\u00e7\u00f5es p\u00fablicas e privadas. Sociedades com ou sem fins lucrativos. Empresas em geral. A profiss\u00e3o \u00e9 regulamentada pela Lei n.\u00ba 7.377\/85 e 9.261\/95.<\/p>\n\n\n\n<p><\/p>\n\n\n\n<p><strong>Sistema&nbsp;Acad\u00eamico<\/strong><br>Seriado anual&nbsp;<\/p>\n\n\n\n<p><\/p>\n\n\n\n<p><strong>Dura\u00e7\u00e3o M\u00ednima e M\u00e1xima<\/strong><br>4\/8 anos<\/p>\n\n\n\n<p><\/p>\n\n\n\n<p><strong>Turno\/vagas<\/strong><br>Noturno &#8211; 40<\/p>\n\n\n\n<div style=\"height:30px\" aria-hidden=\"true\" class=\"wp-block-spacer\"><\/div>\n\n\n\n<h3 class=\"wp-block-heading\"><strong>Saiba Mais Sobre o Curso de Secretariado Executivo<\/strong><\/h3>\n\n\n\n<p><a rel=\"noreferrer noopener\" href=\"https:\/\/sites.uel.br\/prograd\/wp-content\/uploads\/catalogo_cursos\/2022\/organizacao_curricular\/secretariado_executivo.pdf\" target=\"_blank\">Organiza\u00e7\u00e3o Curricular<\/a><\/p>\n\n\n\n<p><a rel=\"noreferrer noopener\" href=\"https:\/\/sites.uel.br\/prograd\/wp-content\/uploads\/catalogo_cursos\/2022\/ementas\/secretariado_executivo.pdf\" target=\"_blank\">Ementas<\/a><\/p>\n\n\n\n<p><a rel=\"noreferrer noopener\" href=\"https:\/\/sites.uel.br\/prograd\/wp-content\/uploads\/catalogo_cursos\/2022\/corpo_docente\/secretariado_executivo.pdf\" target=\"_blank\">Corpo Docente<\/a><\/p>\n\n\n\n<p><a rel=\"noreferrer noopener\" href=\"https:\/\/sites.uel.br\/prograd\/wp-content\/uploads\/catalogo_cursos\/2022\/estrutura_recursos\/estrutura_recursos.pdf\" target=\"_blank\">Estrutura\/Recursos<\/a><\/p>\n","protected":false},"excerpt":{"rendered":"<p>Secretariado Executivo Cria\u00e7\u00e3oResolu\u00e7\u00e3o n.\u00ba 2.385, de 11.08.93 GrauSecret\u00e1rio Executivo&nbsp; TurnoNoturno Perfil do ProfissionalO secret\u00e1rio executivo formado pela UEL dever\u00e1 ter o seguinte perfil: assessor executivo, atuando como agente executor e multiplicador de delibera\u00e7\u00f5es e processos decis\u00f3rios; gestor das fun\u00e7\u00f5es gerenciais; intra-empreendedor, buscando ideias inovadoras para as organiza\u00e7\u00f5es; consultor, atendendo e resolvendo as demandas dos clientes [&hellip;]<\/p>\n","protected":false},"author":8,"featured_media":0,"parent":0,"menu_order":0,"comment_status":"closed","ping_status":"closed","template":"","meta":{"_acf_changed":false,"_themeisle_gutenberg_block_has_review":false,"footnotes":""},"class_list":["post-5115","page","type-page","status-publish","hentry"],"acf":[],"_links":{"self":[{"href":"https:\/\/sites.uel.br\/prograd\/wp-json\/wp\/v2\/pages\/5115","targetHints":{"allow":["GET"]}}],"collection":[{"href":"https:\/\/sites.uel.br\/prograd\/wp-json\/wp\/v2\/pages"}],"about":[{"href":"https:\/\/sites.uel.br\/prograd\/wp-json\/wp\/v2\/types\/page"}],"author":[{"embeddable":true,"href":"https:\/\/sites.uel.br\/prograd\/wp-json\/wp\/v2\/users\/8"}],"replies":[{"embeddable":true,"href":"https:\/\/sites.uel.br\/prograd\/wp-json\/wp\/v2\/comments?post=5115"}],"version-history":[{"count":15,"href":"https:\/\/sites.uel.br\/prograd\/wp-json\/wp\/v2\/pages\/5115\/revisions"}],"predecessor-version":[{"id":28860,"href":"https:\/\/sites.uel.br\/prograd\/wp-json\/wp\/v2\/pages\/5115\/revisions\/28860"}],"wp:attachment":[{"href":"https:\/\/sites.uel.br\/prograd\/wp-json\/wp\/v2\/media?parent=5115"}],"curies":[{"name":"wp","href":"https:\/\/api.w.org\/{rel}","templated":true}]}}