{"id":5107,"date":"2023-05-09T10:26:15","date_gmt":"2023-05-09T13:26:15","guid":{"rendered":"https:\/\/sites.uel.br\/prograd\/?page_id=5107"},"modified":"2024-09-18T14:42:50","modified_gmt":"2024-09-18T17:42:50","slug":"catalogo-dos-cursos-de-graduacao-2022-nutricao","status":"publish","type":"page","link":"https:\/\/sites.uel.br\/prograd\/catalogo-dos-cursos-de-graduacao-2022-nutricao\/","title":{"rendered":"Cat\u00e1logo dos Cursos de Gradua\u00e7\u00e3o (2022)"},"content":{"rendered":"\n<hr class=\"wp-block-separator has-alpha-channel-opacity is-style-wide\"\/>\n\n\n\n<h2 class=\"wp-block-heading\">Nutri\u00e7\u00e3o<\/h2>\n\n\n\n<p><strong>Cria\u00e7\u00e3o<\/strong><br>Resolu\u00e7\u00e3o CEPE\/CA n\u00ba 65\/2010<\/p>\n\n\n\n<p><\/p>\n\n\n\n<p><strong>Grau<\/strong><br>Bacharel em Nutri\u00e7\u00e3o&nbsp;<\/p>\n\n\n\n<p><\/p>\n\n\n\n<p><strong>Turno<\/strong><br>Integral<\/p>\n\n\n\n<p><\/p>\n\n\n\n<p><strong>Perfil do Profissional<br><\/strong>Nutricionista, com forma\u00e7\u00e3o generalista, humanista e cr\u00edtica. Capacitado a atuar, visando \u00e0 seguran\u00e7a alimentar e \u00e0 aten\u00e7\u00e3o diet\u00e9tica, em todas as \u00e1reas do conhecimento em que a alimenta\u00e7\u00e3o e a nutri\u00e7\u00e3o se apresentem fundamentais para a promo\u00e7\u00e3o, manuten\u00e7\u00e3o e recupera\u00e7\u00e3o da sa\u00fade e para a preven\u00e7\u00e3o de doen\u00e7as de indiv\u00edduos ou grupos populacionais, contribuindo para melhora da qualidade de vida, pautado em princ\u00edpios \u00e9ticos, com reflex\u00e3o sobre a realidade econ\u00f4mica, pol\u00edtica, social e cultural.<\/p>\n\n\n\n<p><strong>Objetivo do Curso<br><\/strong>Formar profissional nutricionista generalista, com vis\u00e3o hol\u00edstica, junto \u00e0 realidade socioecon\u00f4mica e pol\u00edtica da sociedade, com atitudes \u00e9ticas, inovadoras e cr\u00edtica voltada para o trabalho em equipe multiprofissional, desenvolvendo o esp\u00edrito de lideran\u00e7a e vis\u00e3o administrativa. E possibilitar a articula\u00e7\u00e3o entre a teoria e a pr\u00e1tica, de modo a permitir ao estudante lidar com os conte\u00fados desenvolvidos, compreend\u00ea-los e dissemin\u00e1-los, desenvolvendo a criatividade, o racioc\u00ednio cient\u00edfico, o pensamento cr\u00edtico, como tamb\u00e9m habilidades, atitudes e valores.<\/p>\n\n\n\n<p><\/p>\n\n\n\n<p><strong>Campos de Atua\u00e7\u00e3o<br><\/strong>Englobar\u00e1 diferentes n\u00edveis de setores p\u00fablicos e privados que s\u00e3o: sa\u00fade, educa\u00e7\u00e3o, social, ind\u00fastria, com\u00e9rcio, agricultura, onde desenvolve basicamente atividades t\u00e9cnico-administrativas e de gest\u00e3o, educativas e de pesquisas. Suas fun\u00e7\u00f5es podem ser desenvolvidas em Hospitais, Banco de Leite, Cl\u00ednicas, Consult\u00f3rios, Ambulat\u00f3rios, Spas, Academias, Clubes, Restaurantes comerciais e de empresas, Ind\u00fastrias de Alimentos, Laborat\u00f3rios de An\u00e1lises e Pesquisas, Centros e Unidades B\u00e1sicas de Sa\u00fade, Centros de Educa\u00e7\u00e3o Infantil, Centro de idosos, Escolas de Ensino Fundamental e M\u00e9dio, Merenda Escolar, Banco de Alimentos, Universidade, Empresas de Servi\u00e7o, Marketing, Consultoria e Assessoria em n\u00edvel governamental em Programas de Alimenta\u00e7\u00e3o e Nutri\u00e7\u00e3o e Vigil\u00e2ncia Sanit\u00e1ria, entre outros atuando no planejamento, coordena\u00e7\u00e3o e avalia\u00e7\u00e3o\u201d.<\/p>\n\n\n\n<p><\/p>\n\n\n\n<p><strong>Sistema&nbsp;Acad\u00eamico<\/strong><br>Seriado anual&nbsp;<\/p>\n\n\n\n<p><\/p>\n\n\n\n<p><strong>Dura\u00e7\u00e3o M\u00ednima e M\u00e1xima<\/strong><br>4\/8 anos<\/p>\n\n\n\n<p><\/p>\n\n\n\n<p><strong>Turno\/vagas<\/strong><br>Integral &#8211; 40<\/p>\n\n\n\n<div style=\"height:30px\" aria-hidden=\"true\" class=\"wp-block-spacer\"><\/div>\n\n\n\n<h3 class=\"wp-block-heading\"><strong><strong>Saiba Mais Sobre o Curso de<\/strong> Nutri\u00e7\u00e3o<\/strong><\/h3>\n\n\n\n<p><a rel=\"noreferrer noopener\" href=\"https:\/\/sites.uel.br\/prograd\/wp-content\/uploads\/catalogo_cursos\/2022\/organizacao_curricular\/nutricao.pdf\" target=\"_blank\">Organiza\u00e7\u00e3o Curricular<\/a><\/p>\n\n\n\n<p><a rel=\"noreferrer noopener\" href=\"https:\/\/sites.uel.br\/prograd\/wp-content\/uploads\/catalogo_cursos\/2022\/ementas\/nutricao.pdf\" target=\"_blank\">Ementas<\/a><\/p>\n\n\n\n<p><a rel=\"noreferrer noopener\" href=\"https:\/\/sites.uel.br\/prograd\/wp-content\/uploads\/catalogo_cursos\/2022\/corpo_docente\/nutricao.pdf\" target=\"_blank\">Corpo Docente<\/a><\/p>\n\n\n\n<p><a rel=\"noreferrer noopener\" href=\"https:\/\/sites.uel.br\/prograd\/wp-content\/uploads\/catalogo_cursos\/2022\/estrutura_recursos\/estrutura_recursos.pdf\" target=\"_blank\">Estrutura\/Recursos<\/a><\/p>\n","protected":false},"excerpt":{"rendered":"<p>Nutri\u00e7\u00e3o Cria\u00e7\u00e3oResolu\u00e7\u00e3o CEPE\/CA n\u00ba 65\/2010 GrauBacharel em Nutri\u00e7\u00e3o&nbsp; TurnoIntegral Perfil do ProfissionalNutricionista, com forma\u00e7\u00e3o generalista, humanista e cr\u00edtica. Capacitado a atuar, visando \u00e0 seguran\u00e7a alimentar e \u00e0 aten\u00e7\u00e3o diet\u00e9tica, em todas as \u00e1reas do conhecimento em que a alimenta\u00e7\u00e3o e a nutri\u00e7\u00e3o se apresentem fundamentais para a promo\u00e7\u00e3o, manuten\u00e7\u00e3o e recupera\u00e7\u00e3o da sa\u00fade e para [&hellip;]<\/p>\n","protected":false},"author":8,"featured_media":0,"parent":0,"menu_order":0,"comment_status":"closed","ping_status":"closed","template":"","meta":{"_acf_changed":false,"_themeisle_gutenberg_block_has_review":false,"footnotes":""},"class_list":["post-5107","page","type-page","status-publish","hentry"],"acf":[],"_links":{"self":[{"href":"https:\/\/sites.uel.br\/prograd\/wp-json\/wp\/v2\/pages\/5107","targetHints":{"allow":["GET"]}}],"collection":[{"href":"https:\/\/sites.uel.br\/prograd\/wp-json\/wp\/v2\/pages"}],"about":[{"href":"https:\/\/sites.uel.br\/prograd\/wp-json\/wp\/v2\/types\/page"}],"author":[{"embeddable":true,"href":"https:\/\/sites.uel.br\/prograd\/wp-json\/wp\/v2\/users\/8"}],"replies":[{"embeddable":true,"href":"https:\/\/sites.uel.br\/prograd\/wp-json\/wp\/v2\/comments?post=5107"}],"version-history":[{"count":14,"href":"https:\/\/sites.uel.br\/prograd\/wp-json\/wp\/v2\/pages\/5107\/revisions"}],"predecessor-version":[{"id":28852,"href":"https:\/\/sites.uel.br\/prograd\/wp-json\/wp\/v2\/pages\/5107\/revisions\/28852"}],"wp:attachment":[{"href":"https:\/\/sites.uel.br\/prograd\/wp-json\/wp\/v2\/media?parent=5107"}],"curies":[{"name":"wp","href":"https:\/\/api.w.org\/{rel}","templated":true}]}}