{"id":5106,"date":"2023-05-09T10:26:05","date_gmt":"2023-05-09T13:26:05","guid":{"rendered":"https:\/\/sites.uel.br\/prograd\/?page_id=5106"},"modified":"2024-09-18T14:42:54","modified_gmt":"2024-09-18T17:42:54","slug":"catalogo-dos-cursos-de-graduacao-2022-musica","status":"publish","type":"page","link":"https:\/\/sites.uel.br\/prograd\/catalogo-dos-cursos-de-graduacao-2022-musica\/","title":{"rendered":"Cat\u00e1logo dos Cursos de Gradua\u00e7\u00e3o (2022)"},"content":{"rendered":"\n<hr class=\"wp-block-separator has-alpha-channel-opacity is-style-wide\"\/>\n\n\n\n<h2 class=\"wp-block-heading\">M\u00fasica<\/h2>\n\n\n\n<p><strong>Cria\u00e7\u00e3o<\/strong><br>Resolu\u00e7\u00e3o n.\u00ba 2024, de 24.06.92<\/p>\n\n\n\n<p><\/p>\n\n\n\n<p><strong>Grau<\/strong><br>Licenciado em M\u00fasica&nbsp;<\/p>\n\n\n\n<p><\/p>\n\n\n\n<p><strong>Turno<\/strong><br>Vespertino<\/p>\n\n\n\n<p><\/p>\n\n\n\n<p><strong>Perfil do Profissional<\/strong><br>Pretende-se no Curso de M\u00fasica formar um m\u00fasico\/educador: conhecedor da bagagem hist\u00f3rica do pensamento musical nas \u00e1reas de Educa\u00e7\u00e3o, Performance, Linguagem e Estrutura\u00e7\u00e3o, Musicologia e Cria\u00e7\u00e3o Musical; Possuidor de consci\u00eancia cr\u00edtica, pol\u00edtica e social; atendo \u00e0s transforma\u00e7\u00f5es culturais, atuando com flexibilidade na perspectiva de modifica\u00e7\u00e3o da realidade; capaz de atuar como educador musical em diferentes contextos socioculturais da realidade brasileira.<\/p>\n\n\n\n<p><\/p>\n\n\n\n<p><strong>Objetivo do Curso<\/strong><br>Proporcionar uma forma\u00e7\u00e3o inicial ampla baseada nas compet\u00eancias musicais, pedag\u00f3gicas e s\u00f3cio-pol\u00edticas que permitam a inser\u00e7\u00e3o dos alunos num processo continuado de forma\u00e7\u00e3o profissional; instigar o pensamento reflexivo a partir de experi\u00eancias vivenciadas e sua rela\u00e7\u00e3o com as teorias propostas; possibilitar experi\u00eancias que permitam a compreens\u00e3o e o manejo dos materiais musicais visando \u00e0 an\u00e1lise e cria\u00e7\u00e3o musical; possibilitar experi\u00eancias que permitam o crescimento das habilidades\/compet\u00eancias de performance musical; possibilitar experi\u00eancias que permitam a constru\u00e7\u00e3o das habilidades\/compet\u00eancias pedag\u00f3gicas de educador musical; instigar a forma\u00e7\u00e3o de uma postura cr\u00edtica em rela\u00e7\u00e3o aos fatos pol\u00edtico-sociais, buscando uma atua\u00e7\u00e3o transformadora da realidade.<\/p>\n\n\n\n<p><\/p>\n\n\n\n<p><strong>Campos de Atua\u00e7\u00e3o<\/strong><br>Escolas de ensino fundamental e m\u00e9dio, conservat\u00f3rios de m\u00fasica, escolas livres de m\u00fasica, orquestras, corais, r\u00e1dio, ag\u00eancias de publicidade, est\u00fadios de grava\u00e7\u00e3o, conjuntos musicais, grupos de m\u00fasica de c\u00e2mara, etc.<\/p>\n\n\n\n<p><\/p>\n\n\n\n<p><strong>Sistema&nbsp;Acad\u00eamico<\/strong><br>Cr\u00e9dito anual&nbsp;<\/p>\n\n\n\n<p><\/p>\n\n\n\n<p><strong>Dura\u00e7\u00e3o M\u00ednima e M\u00e1xima<\/strong><br>5\/10 anos<\/p>\n\n\n\n<p><\/p>\n\n\n\n<p><strong>Turno\/vagas<\/strong><br>Vespertino &#8211; 20<\/p>\n\n\n\n<div style=\"height:30px\" aria-hidden=\"true\" class=\"wp-block-spacer\"><\/div>\n\n\n\n<h3 class=\"wp-block-heading\"><strong><strong>Saiba Mais Sobre o Curso de<\/strong> M\u00fasica<\/strong><\/h3>\n\n\n\n<p><a href=\"https:\/\/sites.uel.br\/prograd\/wp-content\/uploads\/catalogo_cursos\/2022\/organizacao_curricular\/musica.pdf\" target=\"_blank\" rel=\"noreferrer noopener\">Organiza\u00e7\u00e3o Curricular<\/a><\/p>\n\n\n\n<p><a rel=\"noreferrer noopener\" href=\"https:\/\/sites.uel.br\/prograd\/wp-content\/uploads\/catalogo_cursos\/2022\/ementas\/musica.pdf\" target=\"_blank\">Ementas<\/a><\/p>\n\n\n\n<p><a rel=\"noreferrer noopener\" href=\"https:\/\/sites.uel.br\/prograd\/wp-content\/uploads\/catalogo_cursos\/2022\/corpo_docente\/musica.pdf\" target=\"_blank\">Corpo Docente<\/a><\/p>\n\n\n\n<p><a rel=\"noreferrer noopener\" href=\"https:\/\/sites.uel.br\/prograd\/wp-content\/uploads\/catalogo_cursos\/2022\/estrutura_recursos\/estrutura_recursos.pdf\" target=\"_blank\">Estrutura\/Recursos<\/a><\/p>\n","protected":false},"excerpt":{"rendered":"<p>M\u00fasica Cria\u00e7\u00e3oResolu\u00e7\u00e3o n.\u00ba 2024, de 24.06.92 GrauLicenciado em M\u00fasica&nbsp; TurnoVespertino Perfil do ProfissionalPretende-se no Curso de M\u00fasica formar um m\u00fasico\/educador: conhecedor da bagagem hist\u00f3rica do pensamento musical nas \u00e1reas de Educa\u00e7\u00e3o, Performance, Linguagem e Estrutura\u00e7\u00e3o, Musicologia e Cria\u00e7\u00e3o Musical; Possuidor de consci\u00eancia cr\u00edtica, pol\u00edtica e social; atendo \u00e0s transforma\u00e7\u00f5es culturais, atuando com flexibilidade na perspectiva [&hellip;]<\/p>\n","protected":false},"author":8,"featured_media":0,"parent":0,"menu_order":0,"comment_status":"closed","ping_status":"closed","template":"","meta":{"_acf_changed":false,"_themeisle_gutenberg_block_has_review":false,"footnotes":""},"class_list":["post-5106","page","type-page","status-publish","hentry"],"acf":[],"_links":{"self":[{"href":"https:\/\/sites.uel.br\/prograd\/wp-json\/wp\/v2\/pages\/5106","targetHints":{"allow":["GET"]}}],"collection":[{"href":"https:\/\/sites.uel.br\/prograd\/wp-json\/wp\/v2\/pages"}],"about":[{"href":"https:\/\/sites.uel.br\/prograd\/wp-json\/wp\/v2\/types\/page"}],"author":[{"embeddable":true,"href":"https:\/\/sites.uel.br\/prograd\/wp-json\/wp\/v2\/users\/8"}],"replies":[{"embeddable":true,"href":"https:\/\/sites.uel.br\/prograd\/wp-json\/wp\/v2\/comments?post=5106"}],"version-history":[{"count":16,"href":"https:\/\/sites.uel.br\/prograd\/wp-json\/wp\/v2\/pages\/5106\/revisions"}],"predecessor-version":[{"id":30306,"href":"https:\/\/sites.uel.br\/prograd\/wp-json\/wp\/v2\/pages\/5106\/revisions\/30306"}],"wp:attachment":[{"href":"https:\/\/sites.uel.br\/prograd\/wp-json\/wp\/v2\/media?parent=5106"}],"curies":[{"name":"wp","href":"https:\/\/api.w.org\/{rel}","templated":true}]}}