{"id":5099,"date":"2023-05-09T09:15:08","date_gmt":"2023-05-09T12:15:08","guid":{"rendered":"https:\/\/sites.uel.br\/prograd\/?page_id=5099"},"modified":"2024-09-18T14:37:48","modified_gmt":"2024-09-18T17:37:48","slug":"catalogo-dos-cursos-de-graduacao-2022-letras-ingles","status":"publish","type":"page","link":"https:\/\/sites.uel.br\/prograd\/catalogo-dos-cursos-de-graduacao-2022-letras-ingles\/","title":{"rendered":"Cat\u00e1logo dos Cursos de Gradua\u00e7\u00e3o (2022)"},"content":{"rendered":"\n<hr class=\"wp-block-separator has-alpha-channel-opacity is-style-wide\"\/>\n\n\n\n<h2 class=\"wp-block-heading\">Letras Ingl\u00eas<\/h2>\n\n\n\n<p><strong>Cria\u00e7\u00e3o<\/strong><br>Resolu\u00e7\u00e3o CEPE n\u00ba 362\/2005<\/p>\n\n\n\n<p><\/p>\n\n\n\n<p><strong>Grau<\/strong><br>Licenciado em Letras Ingl\u00eas&nbsp;<\/p>\n\n\n\n<p><\/p>\n\n\n\n<p><strong>Turno<\/strong><br>Noturno<\/p>\n\n\n\n<p><\/p>\n\n\n\n<p><strong>Perfil do Profissional<\/strong><br>O Curso de Gradua\u00e7\u00e3o em Letras, Modalidade: Licenciatura, Habilita\u00e7\u00e3o: Licenciatura em L\u00edngua Inglesa e Literaturas em L\u00edngua Inglesa busca formar profissionais interculturalmente competentes e eticamente respons\u00e1veis, capazes de lidar, de forma cr\u00edtica, com as linguagens, especialmente a verbal, nos contextos oral e escrito, e conscientes de sua inser\u00e7\u00e3o na sociedade e das rela\u00e7\u00f5es com o outro.<\/p>\n\n\n\n<p><\/p>\n\n\n\n<p><strong>Objetivo do Curso<\/strong><br>O Curso de Gradua\u00e7\u00e3o em Letras, Licenciatura, L\u00edngua Inglesa e Literaturas em L\u00edngua Inglesa tem por objetivo formar professores para atuar nas \u00e1reas de L\u00edngua Inglesa e Literaturas de L\u00edngua Inglesa, no Ensino Fundamental e M\u00e9dio, capazes de aliarem a forma\u00e7\u00e3o te\u00f3rica com a pr\u00e1tica profissional, de forma cr\u00edtica e reflexiva.<\/p>\n\n\n\n<p><\/p>\n\n\n\n<p><strong>Campos de Atua\u00e7\u00e3o<\/strong><br>Institui\u00e7\u00f5es de Ensino Fundamental e M\u00e9dio da rede p\u00fablica e privada; escolas de idiomas.<\/p>\n\n\n\n<p><\/p>\n\n\n\n<p><strong>Sistema&nbsp;Acad\u00eamico<\/strong><br>Seriado anual&nbsp;<\/p>\n\n\n\n<p><\/p>\n\n\n\n<p><strong>Dura\u00e7\u00e3o M\u00ednima e M\u00e1xima<\/strong><br>4\/8 anos<\/p>\n\n\n\n<p><\/p>\n\n\n\n<p><strong>Turno\/vagas<\/strong><br>Noturno \u2013 40<\/p>\n\n\n\n<div style=\"height:30px\" aria-hidden=\"true\" class=\"wp-block-spacer\"><\/div>\n\n\n\n<h3 class=\"wp-block-heading\"><strong>Saiba Mais Sobre o Curso de Letras Ingl\u00eas<\/strong><\/h3>\n\n\n\n<p><a rel=\"noreferrer noopener\" href=\"https:\/\/sites.uel.br\/prograd\/wp-content\/uploads\/catalogo_cursos\/2022\/organizacao_curricular\/letras_lingua_inglesa_noturno.pdf\" target=\"_blank\">Organiza\u00e7\u00e3o Curricular<\/a><\/p>\n\n\n\n<p><a rel=\"noreferrer noopener\" href=\"https:\/\/sites.uel.br\/prograd\/wp-content\/uploads\/catalogo_cursos\/2022\/ementas\/letras_lingua_inglesa_noturno.pdf\" target=\"_blank\">Ementas<\/a><\/p>\n\n\n\n<p><a rel=\"noreferrer noopener\" href=\"https:\/\/sites.uel.br\/prograd\/wp-content\/uploads\/catalogo_cursos\/2022\/corpo_docente\/letras_lingua_inglesa.pdf\" target=\"_blank\">Corpo Docente<\/a><\/p>\n\n\n\n<p><a rel=\"noreferrer noopener\" href=\"https:\/\/sites.uel.br\/prograd\/wp-content\/uploads\/catalogo_cursos\/2022\/estrutura_recursos\/estrutura_recursos.pdf\" target=\"_blank\">Estrutura\/Recursos<\/a><\/p>\n","protected":false},"excerpt":{"rendered":"<p>Letras Ingl\u00eas Cria\u00e7\u00e3oResolu\u00e7\u00e3o CEPE n\u00ba 362\/2005 GrauLicenciado em Letras Ingl\u00eas&nbsp; TurnoNoturno Perfil do ProfissionalO Curso de Gradua\u00e7\u00e3o em Letras, Modalidade: Licenciatura, Habilita\u00e7\u00e3o: Licenciatura em L\u00edngua Inglesa e Literaturas em L\u00edngua Inglesa busca formar profissionais interculturalmente competentes e eticamente respons\u00e1veis, capazes de lidar, de forma cr\u00edtica, com as linguagens, especialmente a verbal, nos contextos oral e [&hellip;]<\/p>\n","protected":false},"author":8,"featured_media":0,"parent":0,"menu_order":0,"comment_status":"closed","ping_status":"closed","template":"","meta":{"_acf_changed":false,"_themeisle_gutenberg_block_has_review":false,"footnotes":""},"class_list":["post-5099","page","type-page","status-publish","hentry"],"acf":[],"_links":{"self":[{"href":"https:\/\/sites.uel.br\/prograd\/wp-json\/wp\/v2\/pages\/5099","targetHints":{"allow":["GET"]}}],"collection":[{"href":"https:\/\/sites.uel.br\/prograd\/wp-json\/wp\/v2\/pages"}],"about":[{"href":"https:\/\/sites.uel.br\/prograd\/wp-json\/wp\/v2\/types\/page"}],"author":[{"embeddable":true,"href":"https:\/\/sites.uel.br\/prograd\/wp-json\/wp\/v2\/users\/8"}],"replies":[{"embeddable":true,"href":"https:\/\/sites.uel.br\/prograd\/wp-json\/wp\/v2\/comments?post=5099"}],"version-history":[{"count":15,"href":"https:\/\/sites.uel.br\/prograd\/wp-json\/wp\/v2\/pages\/5099\/revisions"}],"predecessor-version":[{"id":28845,"href":"https:\/\/sites.uel.br\/prograd\/wp-json\/wp\/v2\/pages\/5099\/revisions\/28845"}],"wp:attachment":[{"href":"https:\/\/sites.uel.br\/prograd\/wp-json\/wp\/v2\/media?parent=5099"}],"curies":[{"name":"wp","href":"https:\/\/api.w.org\/{rel}","templated":true}]}}