{"id":5098,"date":"2023-05-09T09:15:01","date_gmt":"2023-05-09T12:15:01","guid":{"rendered":"https:\/\/sites.uel.br\/prograd\/?page_id=5098"},"modified":"2024-09-18T14:37:52","modified_gmt":"2024-09-18T17:37:52","slug":"catalogo-dos-cursos-de-graduacao-2022-letras-frances","status":"publish","type":"page","link":"https:\/\/sites.uel.br\/prograd\/catalogo-dos-cursos-de-graduacao-2022-letras-frances\/","title":{"rendered":"Cat\u00e1logo dos Cursos de Gradua\u00e7\u00e3o (2022)"},"content":{"rendered":"\n<hr class=\"wp-block-separator has-alpha-channel-opacity is-style-wide\"\/>\n\n\n\n<h2 class=\"wp-block-heading\">Letras Franc\u00eas<\/h2>\n\n\n\n<p><strong>Cria\u00e7\u00e3o<\/strong><br>Resolu\u00e7\u00e3o CEPE\/CA n\u00ba 0110\/09<\/p>\n\n\n\n<p><\/p>\n\n\n\n<p><strong>Grau<\/strong><br>Bacharel em Letras Franc\u00eas&nbsp;<\/p>\n\n\n\n<p><\/p>\n\n\n\n<p><strong>Turno<\/strong><br>Noturno<\/p>\n\n\n\n<p><\/p>\n\n\n\n<p><strong>Perfil do Profissional<\/strong><br>O concluinte do curso de Bacharelado em L\u00edngua e Cultura Francesas dever\u00e1 ser um profissional com desenvolvida compet\u00eancia lingu\u00edstica para a comunica\u00e7\u00e3o oral e escrita e para a atividade tradut\u00f3ria; com habilidade investigativa de temas correlacionados \u00e0 l\u00edngua, tradu\u00e7\u00e3o, literaturas, culturas e civiliza\u00e7\u00f5es franc\u00f3fonas; com conhecimentos em estudos liter\u00e1rios, manifesta\u00e7\u00f5es art\u00edsticas, filos\u00f3ficas, sociais e pol\u00edtico-hist\u00f3ricas de express\u00e3o francesa. Al\u00e9m disso, dever\u00e1 ser preparado para exercer a reflex\u00e3o cr\u00edtico-construtiva sobre culturas e civiliza\u00e7\u00f5es de express\u00e3o francesa para interc\u00e2mbios culturais e cient\u00edficos e a promo\u00e7\u00e3o da expans\u00e3o do franc\u00eas como l\u00edngua estrangeira na sociedade e seu papel nas rela\u00e7\u00f5es interculturais.<\/p>\n\n\n\n<p><\/p>\n\n\n\n<p><strong>Objetivo do Curso<\/strong><br>Promover uma s\u00f3lida forma\u00e7\u00e3o em l\u00edngua e cultura francesas, para que estes sejam seus objetos de trabalho, principalmente na \u00e1rea da linguagem, ou instrumentos complementares para maior desenvoltura em outros campos de atua\u00e7\u00e3o.<\/p>\n\n\n\n<p><\/p>\n\n\n\n<p><strong>Campos de Atua\u00e7\u00e3o<\/strong><br>O egresso do Bacharelado em L\u00edngua e Cultura Francesas tem compet\u00eancia para atuar nas \u00e1reas de editora\u00e7\u00e3o, tradu\u00e7\u00e3o e interpreta\u00e7\u00e3o, pesquisa nas \u00e1reas de Letras, bem como para ingressar na p\u00f3s-gradua\u00e7\u00e3o lato e stricto sensu.<\/p>\n\n\n\n<p><\/p>\n\n\n\n<p><strong>Sistema&nbsp;Acad\u00eamico<\/strong><br>Seriado anual&nbsp;<\/p>\n\n\n\n<p><\/p>\n\n\n\n<p><strong>Dura\u00e7\u00e3o M\u00ednima e M\u00e1xima<\/strong><br>4\/8 anos<\/p>\n\n\n\n<p><\/p>\n\n\n\n<p><strong>Turno\/vagas<\/strong><br>Noturno &#8211; 20<\/p>\n\n\n\n<div style=\"height:30px\" aria-hidden=\"true\" class=\"wp-block-spacer\"><\/div>\n\n\n\n<h3 class=\"wp-block-heading\"><strong>Saiba Mais Sobre o Curso de Letras Franc\u00eas<\/strong><\/h3>\n\n\n\n<p><a rel=\"noreferrer noopener\" href=\"https:\/\/sites.uel.br\/prograd\/wp-content\/uploads\/catalogo_cursos\/2022\/organizacao_curricular\/letras_lingua_cultura_francesas.pdf\" target=\"_blank\">Organiza\u00e7\u00e3o Curricular<\/a><\/p>\n\n\n\n<p><a rel=\"noreferrer noopener\" href=\"https:\/\/sites.uel.br\/prograd\/wp-content\/uploads\/catalogo_cursos\/2022\/ementas\/letras_lingua_cultura_francesas.pdf\" target=\"_blank\">Ementas<\/a><\/p>\n\n\n\n<p><a rel=\"noreferrer noopener\" href=\"https:\/\/sites.uel.br\/prograd\/wp-content\/uploads\/catalogo_cursos\/2022\/corpo_docente\/letras_lingua_cultura_francesas.pdf\" target=\"_blank\">Corpo Docente<\/a><\/p>\n\n\n\n<p><a rel=\"noreferrer noopener\" href=\"https:\/\/sites.uel.br\/prograd\/wp-content\/uploads\/catalogo_cursos\/2022\/estrutura_recursos\/estrutura_recursos.pdf\" target=\"_blank\">Estrutura\/Recursos<\/a><\/p>\n","protected":false},"excerpt":{"rendered":"<p>Letras Franc\u00eas Cria\u00e7\u00e3oResolu\u00e7\u00e3o CEPE\/CA n\u00ba 0110\/09 GrauBacharel em Letras Franc\u00eas&nbsp; TurnoNoturno Perfil do ProfissionalO concluinte do curso de Bacharelado em L\u00edngua e Cultura Francesas dever\u00e1 ser um profissional com desenvolvida compet\u00eancia lingu\u00edstica para a comunica\u00e7\u00e3o oral e escrita e para a atividade tradut\u00f3ria; com habilidade investigativa de temas correlacionados \u00e0 l\u00edngua, tradu\u00e7\u00e3o, literaturas, culturas e [&hellip;]<\/p>\n","protected":false},"author":8,"featured_media":0,"parent":0,"menu_order":0,"comment_status":"closed","ping_status":"closed","template":"","meta":{"_acf_changed":false,"_themeisle_gutenberg_block_has_review":false,"footnotes":""},"class_list":["post-5098","page","type-page","status-publish","hentry"],"acf":[],"_links":{"self":[{"href":"https:\/\/sites.uel.br\/prograd\/wp-json\/wp\/v2\/pages\/5098","targetHints":{"allow":["GET"]}}],"collection":[{"href":"https:\/\/sites.uel.br\/prograd\/wp-json\/wp\/v2\/pages"}],"about":[{"href":"https:\/\/sites.uel.br\/prograd\/wp-json\/wp\/v2\/types\/page"}],"author":[{"embeddable":true,"href":"https:\/\/sites.uel.br\/prograd\/wp-json\/wp\/v2\/users\/8"}],"replies":[{"embeddable":true,"href":"https:\/\/sites.uel.br\/prograd\/wp-json\/wp\/v2\/comments?post=5098"}],"version-history":[{"count":15,"href":"https:\/\/sites.uel.br\/prograd\/wp-json\/wp\/v2\/pages\/5098\/revisions"}],"predecessor-version":[{"id":28844,"href":"https:\/\/sites.uel.br\/prograd\/wp-json\/wp\/v2\/pages\/5098\/revisions\/28844"}],"wp:attachment":[{"href":"https:\/\/sites.uel.br\/prograd\/wp-json\/wp\/v2\/media?parent=5098"}],"curies":[{"name":"wp","href":"https:\/\/api.w.org\/{rel}","templated":true}]}}