{"id":5090,"date":"2023-05-09T09:13:58","date_gmt":"2023-05-09T12:13:58","guid":{"rendered":"https:\/\/sites.uel.br\/prograd\/?page_id=5090"},"modified":"2024-09-18T14:38:25","modified_gmt":"2024-09-18T17:38:25","slug":"catalogo-dos-cursos-de-graduacao-2022-fisica-bacharelado","status":"publish","type":"page","link":"https:\/\/sites.uel.br\/prograd\/catalogo-dos-cursos-de-graduacao-2022-fisica-bacharelado\/","title":{"rendered":"Cat\u00e1logo dos Cursos de Gradua\u00e7\u00e3o (2022)"},"content":{"rendered":"\n<hr class=\"wp-block-separator has-alpha-channel-opacity is-style-wide\"\/>\n\n\n\n<h2 class=\"wp-block-heading\">F\u00edsica \u2013 Bacharelado<\/h2>\n\n\n\n<p><strong>Cria\u00e7\u00e3o<\/strong><br>Resolu\u00e7\u00e3o n.\u00ba 166, de 14.07.73<\/p>\n\n\n\n<p><\/p>\n\n\n\n<p><strong>Grau<\/strong><br>Bacharel em F\u00edsica&nbsp;<\/p>\n\n\n\n<p><\/p>\n\n\n\n<p><strong>Turno<\/strong><br>Integral<\/p>\n\n\n\n<p><\/p>\n\n\n\n<p><strong>Perfil do Profissional<\/strong><br>O formando dever\u00e1 apresentar: s\u00f3lidos conhecimentos b\u00e1sicos, com forma\u00e7\u00e3o te\u00f3rica, dominando instrumentos conceituais, operativos e modelos paradigm\u00e1ticos; capacidade de abstra\u00e7\u00e3o e de modelagem de fen\u00f4menos; boa experi\u00eancia laboratorial, capacidade de planejar e realizar experimentos e medi\u00e7\u00f5es e utilizar recursos de inform\u00e1tica; capacidade de aplicar conhecimentos em pesquisa b\u00e1sica ou aplicada; conhecimento da import\u00e2ncia da F\u00edsica para o desenvolvimento de \u00e1reas afins e da relev\u00e2ncia de trabalhos interdisciplinares; capacidade de transmitir e divulgar os princ\u00edpios da Ci\u00eancia, bem como expressar-se com clareza, precis\u00e3o e objetividade; compreens\u00e3o do papel do educador como professor do ensino superior e na divulga\u00e7\u00e3o cient\u00edfica; vis\u00e3o abrangente da fun\u00e7\u00e3o da ci\u00eancia como elemento b\u00e1sico de desenvolvimento do Pa\u00eds; \u00e9tica na atua\u00e7\u00e3o profissional e consequente responsabilidade social; compreens\u00e3o da Ci\u00eancia como processo hist\u00f3rico, desenvolvido em diferentes contextos sociopol\u00edticos.<\/p>\n\n\n\n<p><\/p>\n\n\n\n<p><strong>Objetivo do Curso<\/strong><br>O Bacharel em F\u00edsica atuar\u00e1 na pesquisa pura e aplicada, nos institutos de pesquisa, nas ind\u00fastrias e nas universidades, e estar\u00e1 apto a ingressar nos cursos de p\u00f3s-gradua\u00e7\u00e3o em F\u00edsica e \u00e1reas afins, gra\u00e7as \u00e0s seguintes habilidades que dever\u00e1 adquirir: utiliza\u00e7\u00e3o de linguagem espec\u00edfica na express\u00e3o de conceitos f\u00edsicos e na descri\u00e7\u00e3o de trabalhos cient\u00edficos; interpreta\u00e7\u00e3o e representa\u00e7\u00e3o de atividades f\u00edsicas em gr\u00e1ficos; compreens\u00e3o do m\u00e9todo emp\u00edrico, com a avalia\u00e7\u00e3o da qualidade dos dados e a formula\u00e7\u00e3o de modelos, identificando seus dom\u00ednios de validade; identifica\u00e7\u00e3o e proposi\u00e7\u00e3o da resolu\u00e7\u00e3o de problemas; reconhecimento das rela\u00e7\u00f5es de desenvolvimento da F\u00edsica com outras \u00e1reas do saber, tecnologia e inst\u00e2ncias sociais; transmiss\u00e3o de conhecimentos, expressando-se de forma clara e consistente na divulga\u00e7\u00e3o dos resultados cient\u00edficos; planejamento e desenvolvimento de diferentes experi\u00eancias did\u00e1ticas em F\u00edsica; aplica\u00e7\u00e3o de conhecimentos t\u00e9cnicos b\u00e1sicos, tais como os de eletr\u00f4nica, v\u00e1cuo, baixa temperatura, \u00f3ptica e computa\u00e7\u00e3o; realiza\u00e7\u00e3o de pesquisas bibliogr\u00e1ficas em livros, peri\u00f3dicos e bancos de dados nacionais e internacionais; realiza\u00e7\u00e3o de estimativas num\u00e9ricas de fen\u00f4menos f\u00edsicos a partir dos seus primeiros princ\u00edpios.<\/p>\n\n\n\n<p><\/p>\n\n\n\n<p><strong>Campos de Atua\u00e7\u00e3o<\/strong><br>Atua em ind\u00fastrias, em empresas do setor p\u00fablico e privado e em \u00f3rg\u00e3os governamentais e universidades.<\/p>\n\n\n\n<p><\/p>\n\n\n\n<p><strong>Sistema&nbsp;Acad\u00eamico<\/strong><br>Cr\u00e9dito anual&nbsp;<\/p>\n\n\n\n<p><\/p>\n\n\n\n<p><strong>Dura\u00e7\u00e3o M\u00ednima e M\u00e1xima<\/strong><br>4\/8 anos<\/p>\n\n\n\n<p><\/p>\n\n\n\n<p><strong>Turno\/vagas<\/strong><br>Integral &#8211; 30<\/p>\n\n\n\n<div style=\"height:30px\" aria-hidden=\"true\" class=\"wp-block-spacer\"><\/div>\n\n\n\n<h3 class=\"wp-block-heading\"><strong>Saiba Mais Sobre o Curso de F\u00edsica \u2013 Bacharelado<\/strong><\/h3>\n\n\n\n<p><a rel=\"noreferrer noopener\" href=\"https:\/\/sites.uel.br\/prograd\/wp-content\/uploads\/catalogo_cursos\/2022\/organizacao_curricular\/fisica_bacharelado.pdf\" target=\"_blank\">Organiza\u00e7\u00e3o Curricular<\/a><\/p>\n\n\n\n<p><a rel=\"noreferrer noopener\" href=\"https:\/\/sites.uel.br\/prograd\/wp-content\/uploads\/catalogo_cursos\/2022\/ementas\/fisica_bacharelado.pdf\" target=\"_blank\">Ementas<\/a><\/p>\n\n\n\n<p><a rel=\"noreferrer noopener\" href=\"https:\/\/sites.uel.br\/prograd\/wp-content\/uploads\/catalogo_cursos\/2022\/corpo_docente\/fisica_bacharelado.pdf\" target=\"_blank\">Corpo Docente<\/a><\/p>\n\n\n\n<p><a rel=\"noreferrer noopener\" href=\"https:\/\/sites.uel.br\/prograd\/wp-content\/uploads\/catalogo_cursos\/2022\/estrutura_recursos\/estrutura_recursos.pdf\" target=\"_blank\">Estrutura\/Recursos<\/a><\/p>\n","protected":false},"excerpt":{"rendered":"<p>F\u00edsica \u2013 Bacharelado Cria\u00e7\u00e3oResolu\u00e7\u00e3o n.\u00ba 166, de 14.07.73 GrauBacharel em F\u00edsica&nbsp; TurnoIntegral Perfil do ProfissionalO formando dever\u00e1 apresentar: s\u00f3lidos conhecimentos b\u00e1sicos, com forma\u00e7\u00e3o te\u00f3rica, dominando instrumentos conceituais, operativos e modelos paradigm\u00e1ticos; capacidade de abstra\u00e7\u00e3o e de modelagem de fen\u00f4menos; boa experi\u00eancia laboratorial, capacidade de planejar e realizar experimentos e medi\u00e7\u00f5es e utilizar recursos de inform\u00e1tica; [&hellip;]<\/p>\n","protected":false},"author":8,"featured_media":0,"parent":0,"menu_order":0,"comment_status":"closed","ping_status":"closed","template":"","meta":{"_acf_changed":false,"_themeisle_gutenberg_block_has_review":false,"footnotes":""},"class_list":["post-5090","page","type-page","status-publish","hentry"],"acf":[],"_links":{"self":[{"href":"https:\/\/sites.uel.br\/prograd\/wp-json\/wp\/v2\/pages\/5090","targetHints":{"allow":["GET"]}}],"collection":[{"href":"https:\/\/sites.uel.br\/prograd\/wp-json\/wp\/v2\/pages"}],"about":[{"href":"https:\/\/sites.uel.br\/prograd\/wp-json\/wp\/v2\/types\/page"}],"author":[{"embeddable":true,"href":"https:\/\/sites.uel.br\/prograd\/wp-json\/wp\/v2\/users\/8"}],"replies":[{"embeddable":true,"href":"https:\/\/sites.uel.br\/prograd\/wp-json\/wp\/v2\/comments?post=5090"}],"version-history":[{"count":15,"href":"https:\/\/sites.uel.br\/prograd\/wp-json\/wp\/v2\/pages\/5090\/revisions"}],"predecessor-version":[{"id":28835,"href":"https:\/\/sites.uel.br\/prograd\/wp-json\/wp\/v2\/pages\/5090\/revisions\/28835"}],"wp:attachment":[{"href":"https:\/\/sites.uel.br\/prograd\/wp-json\/wp\/v2\/media?parent=5090"}],"curies":[{"name":"wp","href":"https:\/\/api.w.org\/{rel}","templated":true}]}}