{"id":5084,"date":"2023-05-09T09:13:13","date_gmt":"2023-05-09T12:13:13","guid":{"rendered":"https:\/\/sites.uel.br\/prograd\/?page_id=5084"},"modified":"2024-09-18T14:38:48","modified_gmt":"2024-09-18T17:38:48","slug":"catalogo-dos-cursos-de-graduacao-2022-educacao-fisica-licenciatura","status":"publish","type":"page","link":"https:\/\/sites.uel.br\/prograd\/catalogo-dos-cursos-de-graduacao-2022-educacao-fisica-licenciatura\/","title":{"rendered":"Cat\u00e1logo dos Cursos de Gradua\u00e7\u00e3o (2022)"},"content":{"rendered":"\n<hr class=\"wp-block-separator has-alpha-channel-opacity is-style-wide\"\/>\n\n\n\n<h2 class=\"wp-block-heading\">Educa\u00e7\u00e3o F\u00edsica \u2013 Licenciatura<\/h2>\n\n\n\n<p><strong>Cria\u00e7\u00e3o<\/strong><br>Resolu\u00e7\u00e3o n.\u00ba 53, de 26.10.71<\/p>\n\n\n\n<p><\/p>\n\n\n\n<p><strong>Grau<\/strong><br>Licenciado em Educa\u00e7\u00e3o F\u00edsica&nbsp;<\/p>\n\n\n\n<p><\/p>\n\n\n\n<p><strong>Turno<\/strong><br>Matutino\/noturno&nbsp;<\/p>\n\n\n\n<p><\/p>\n\n\n\n<p><strong>Perfil do Profissional<\/strong><br>O Curso de Educa\u00e7\u00e3o F\u00edsica da UEL &#8211; Habilita\u00e7\u00e3o Licenciatura pretende formar o profissional que ir\u00e1 atuar com a Educa\u00e7\u00e3o F\u00edsica nos n\u00edveis e modalidades de educa\u00e7\u00e3o e ensino, caracterizando-se como espa\u00e7o prop\u00edcio \u00e0 compreens\u00e3o das a\u00e7\u00f5es referentes ao aprender a pensar e fazer, com base numa vis\u00e3o abrangente da realidade.<\/p>\n\n\n\n<p><\/p>\n\n\n\n<p><strong>Objetivo do Curso<\/strong><br>O projeto pedag\u00f3gico do curso de Educa\u00e7\u00e3o F\u00edsica &#8211; Licenciatura est\u00e1 pautado em princ\u00edpios de indissociabilidade entre o ensino, a pesquisa e a extens\u00e3o, de interdisciplinaridade e de reflex\u00e3o cr\u00edtica, por meio da reflex\u00e3o dial\u00e9tica teoria, pr\u00e1tica, tendo na sua pr\u00e1tica pedag\u00f3gica cotidiana o desenvolvimento da pesquisa como a\u00e7\u00e3o orientada para a apropria\u00e7\u00e3o e produ\u00e7\u00e3o dos conhecimentos te\u00f3ricos, cient\u00edficos e t\u00e9cnico-pr\u00e1ticos e sua transposi\u00e7\u00e3o pedag\u00f3gica, e tem como objetivos: promover a forma\u00e7\u00e3o de profissionais para a atua\u00e7\u00e3o no processo ensino-aprendizagem da Educa\u00e7\u00e3o F\u00edsica em todos os n\u00edveis e modalidades de ensino, bem como para o desenvolvimento de estudos e pesquisas em educa\u00e7\u00e3o sobre a tem\u00e1tica da \u00e1rea; qualificar os graduandos a identificar o saber pr\u00f3prio do campo de conhecimento de que trata a Educa\u00e7\u00e3o F\u00edsica no conjunto dos saberes relativos ao movimento culturalmente constru\u00eddo; qualificar os graduandos a reconhecerem que a constru\u00e7\u00e3o das pr\u00e1ticas sociais de que trata a Educa\u00e7\u00e3o F\u00edsica acontece na din\u00e2mica s\u00f3cio-hist\u00f3rica, de modo que aprendam a atuar na realidade como ela \u00e9, problematizando suas estruturas e produzindo alternativas de transforma\u00e7\u00f5es e qualificar os graduandos \u00e0 apropria\u00e7\u00e3o e \u00e0 produ\u00e7\u00e3o de conhecimentos necess\u00e1rios \u00e0 a\u00e7\u00e3o docente nos diferentes n\u00edveis e modalidades de educa\u00e7\u00e3o e ensino.<\/p>\n\n\n\n<p><\/p>\n\n\n\n<p><strong>Campos de Atua\u00e7\u00e3o<\/strong><br>Os locais de inser\u00e7\u00e3o profissional do Curso Educa\u00e7\u00e3o F\u00edsica \u2013 Licenciatura s\u00e3o escolas ou Institui\u00e7\u00f5es que ofere\u00e7am: Educa\u00e7\u00e3o Infantil, Ensino Fundamental; Ensino M\u00e9dio; Educa\u00e7\u00e3o de Jovens e Adultos e atendimento educacional para Portadores de Necessidades Especiais. A profiss\u00e3o est\u00e1 regulamentada pela Lei n.\u00ba 9.696, de 01.09.98.<\/p>\n\n\n\n<p><\/p>\n\n\n\n<p><strong>Sistema&nbsp;Acad\u00eamico<\/strong><br>Seriado anual&nbsp;<\/p>\n\n\n\n<p><\/p>\n\n\n\n<p><strong>Dura\u00e7\u00e3o M\u00ednima e M\u00e1xima<\/strong><br>4\/8 anos<\/p>\n\n\n\n<p><\/p>\n\n\n\n<p><strong>Turno\/vagas<\/strong><br>Matutino &#8211; 30\/noturno &#8211; 30<\/p>\n\n\n\n<div style=\"height:30px\" aria-hidden=\"true\" class=\"wp-block-spacer\"><\/div>\n\n\n\n<h3 class=\"wp-block-heading\"><strong>Saiba Mais Sobre o Curso de Educa\u00e7\u00e3o F\u00edsica \u2013 Licenciatura<\/strong><\/h3>\n\n\n\n<p>Organiza\u00e7\u00e3o Curricular<br>(<a rel=\"noreferrer noopener\" href=\"https:\/\/sites.uel.br\/prograd\/wp-content\/uploads\/catalogo_cursos\/2022\/organizacao_curricular\/educacao_fisica_licenciatura_matutino.pdf\" target=\"_blank\">Matutino<\/a>) (<a rel=\"noreferrer noopener\" href=\"https:\/\/sites.uel.br\/prograd\/wp-content\/uploads\/catalogo_cursos\/2022\/organizacao_curricular\/educacao_fisica_licenciatura_noturno.pdf\" target=\"_blank\">Noturno<\/a>)<\/p>\n\n\n\n<p>Ementas<br>(<a rel=\"noreferrer noopener\" href=\"https:\/\/sites.uel.br\/prograd\/wp-content\/uploads\/catalogo_cursos\/2022\/ementas\/educacao_fisica_licenciatura_matutino.pdf\" target=\"_blank\">Matutino<\/a>) (<a rel=\"noreferrer noopener\" href=\"https:\/\/sites.uel.br\/prograd\/wp-content\/uploads\/catalogo_cursos\/2022\/ementas\/educacao_fisica_licenciatura_noturno.pdf\" target=\"_blank\">Noturno<\/a>)<\/p>\n\n\n\n<p><a rel=\"noreferrer noopener\" href=\"https:\/\/sites.uel.br\/prograd\/wp-content\/uploads\/catalogo_cursos\/2022\/corpo_docente\/educacao_fisica_licenciatura.pdf\" target=\"_blank\">Corpo Docente<\/a><\/p>\n\n\n\n<p><a rel=\"noreferrer noopener\" href=\"https:\/\/sites.uel.br\/prograd\/wp-content\/uploads\/catalogo_cursos\/2022\/estrutura_recursos\/estrutura_recursos.pdf\" target=\"_blank\">Estrutura\/Recursos<\/a><\/p>\n","protected":false},"excerpt":{"rendered":"<p>Educa\u00e7\u00e3o F\u00edsica \u2013 Licenciatura Cria\u00e7\u00e3oResolu\u00e7\u00e3o n.\u00ba 53, de 26.10.71 GrauLicenciado em Educa\u00e7\u00e3o F\u00edsica&nbsp; TurnoMatutino\/noturno&nbsp; Perfil do ProfissionalO Curso de Educa\u00e7\u00e3o F\u00edsica da UEL &#8211; Habilita\u00e7\u00e3o Licenciatura pretende formar o profissional que ir\u00e1 atuar com a Educa\u00e7\u00e3o F\u00edsica nos n\u00edveis e modalidades de educa\u00e7\u00e3o e ensino, caracterizando-se como espa\u00e7o prop\u00edcio \u00e0 compreens\u00e3o das a\u00e7\u00f5es referentes ao [&hellip;]<\/p>\n","protected":false},"author":8,"featured_media":0,"parent":0,"menu_order":0,"comment_status":"closed","ping_status":"closed","template":"","meta":{"_acf_changed":false,"_themeisle_gutenberg_block_has_review":false,"footnotes":""},"class_list":["post-5084","page","type-page","status-publish","hentry"],"acf":[],"_links":{"self":[{"href":"https:\/\/sites.uel.br\/prograd\/wp-json\/wp\/v2\/pages\/5084","targetHints":{"allow":["GET"]}}],"collection":[{"href":"https:\/\/sites.uel.br\/prograd\/wp-json\/wp\/v2\/pages"}],"about":[{"href":"https:\/\/sites.uel.br\/prograd\/wp-json\/wp\/v2\/types\/page"}],"author":[{"embeddable":true,"href":"https:\/\/sites.uel.br\/prograd\/wp-json\/wp\/v2\/users\/8"}],"replies":[{"embeddable":true,"href":"https:\/\/sites.uel.br\/prograd\/wp-json\/wp\/v2\/comments?post=5084"}],"version-history":[{"count":15,"href":"https:\/\/sites.uel.br\/prograd\/wp-json\/wp\/v2\/pages\/5084\/revisions"}],"predecessor-version":[{"id":28829,"href":"https:\/\/sites.uel.br\/prograd\/wp-json\/wp\/v2\/pages\/5084\/revisions\/28829"}],"wp:attachment":[{"href":"https:\/\/sites.uel.br\/prograd\/wp-json\/wp\/v2\/media?parent=5084"}],"curies":[{"name":"wp","href":"https:\/\/api.w.org\/{rel}","templated":true}]}}