{"id":5083,"date":"2023-05-09T09:13:06","date_gmt":"2023-05-09T12:13:06","guid":{"rendered":"https:\/\/sites.uel.br\/prograd\/?page_id=5083"},"modified":"2024-09-18T14:38:51","modified_gmt":"2024-09-18T17:38:51","slug":"catalogo-dos-cursos-de-graduacao-2022-educacao-fisica-bacharelado","status":"publish","type":"page","link":"https:\/\/sites.uel.br\/prograd\/catalogo-dos-cursos-de-graduacao-2022-educacao-fisica-bacharelado\/","title":{"rendered":"Cat\u00e1logo dos Cursos de Gradua\u00e7\u00e3o (2022)"},"content":{"rendered":"\n<hr class=\"wp-block-separator has-alpha-channel-opacity is-style-wide\"\/>\n\n\n\n<h2 class=\"wp-block-heading\">Educa\u00e7\u00e3o F\u00edsica \u2013 Bacharelado<\/h2>\n\n\n\n<p><strong>Cria\u00e7\u00e3o<\/strong><br>Resolu\u00e7\u00e3o CEPE n.\u00ba 96, de 12.08.04<\/p>\n\n\n\n<p><\/p>\n\n\n\n<p><strong>Grau<\/strong><br>Bacharel em Educa\u00e7\u00e3o F\u00edsica&nbsp;<\/p>\n\n\n\n<p><\/p>\n\n\n\n<p><strong>Turno<\/strong><br>Matutino\/noturno<\/p>\n\n\n\n<p><\/p>\n\n\n\n<p><strong>Perfil do Profissional<\/strong><br>O egresso do Curso de Educa\u00e7\u00e3o F\u00edsica &#8211; Bacharelado dever\u00e1 dispor das seguintes habilidades: dom\u00ednio de conceitos, procedimentos e atitudes espec\u00edficos da Educa\u00e7\u00e3o F\u00edsica e de ci\u00eancias afins, orientados por valores sociais, morais, \u00e9ticos e est\u00e9ticos pr\u00f3prios de uma sociedade plural e democr\u00e1tica; pesquisa, conhecimento, compreens\u00e3o, an\u00e1lise e avalia\u00e7\u00e3o da realidade social para nela intervir acad\u00eamica e profissionalmente, por meio de manifesta\u00e7\u00f5es e express\u00f5es do movimento humano, com foco nas diferentes formas e modalidades do exerc\u00edcio f\u00edsico, na gin\u00e1stica, nos jogos motores, nas atividades r\u00edtmicas e nas artes; interven\u00e7\u00e3o de forma deliberada, adequada e eticamente balizada nos campos da preven\u00e7\u00e3o de problemas de sa\u00fade, promo\u00e7\u00e3o e prote\u00e7\u00e3o da sa\u00fade, da forma\u00e7\u00e3o cultural, da educa\u00e7\u00e3o motora e da gest\u00e3o de empreendimentos relacionados \u00e0s atividades f\u00edsicas; coordena\u00e7\u00e3o e participa\u00e7\u00e3o de equipes multiprofissionais de discuss\u00e3o e operacionaliza\u00e7\u00e3o de pol\u00edticas p\u00fablicas e institucionais em Educa\u00e7\u00e3o F\u00edsica; diagn\u00f3stico dos interesses e necessidades das pessoas e grupos, de modo a planejar, prescrever, ensinar, orientar e avaliar projetos e programas de atividades f\u00edsicas; conhecimento, dom\u00ednio e avalia\u00e7\u00e3o dos efeitos da aplica\u00e7\u00e3o de diferentes t\u00e9cnicas, instrumentos e metodologias para a interven\u00e7\u00e3o em Educa\u00e7\u00e3o F\u00edsica nos cantos da sa\u00fade, da forma\u00e7\u00e3o cultural, da educa\u00e7\u00e3o motora, etc; acompanhamento das transforma\u00e7\u00f5es acad\u00eamico-cient\u00edficas da Educa\u00e7\u00e3o F\u00edsica e \u00e1reas afins mediante a an\u00e1lise cr\u00edtica da literatura especializada e utiliza\u00e7\u00e3o de recursos da tecnologia da informa\u00e7\u00e3o e da comunica\u00e7\u00e3o para interagir com as fontes de produ\u00e7\u00e3o e difus\u00e3o de conhecimentos espec\u00edficos da Educa\u00e7\u00e3o F\u00edsica e \u00e1reas afins.<\/p>\n\n\n\n<p><\/p>\n\n\n\n<p><strong>Objetivo do Curso<\/strong><br>Qualificar o bacharel em Educa\u00e7\u00e3o F\u00edsica a prestar servi\u00e7os relacionados ao estudo, planejamento, execu\u00e7\u00e3o e avalia\u00e7\u00e3o de programas de Educa\u00e7\u00e3o F\u00edsica ou atividade f\u00edsica. Planejar interven\u00e7\u00f5es individualizadas e\/ou para grupos populacionais por meio de programas sistematizados, bem como desenvolver e gerenciar estudos e produ\u00e7\u00e3o de equipamentos e m\u00e9todos relacionados com sua pr\u00e1tica profissional. Gerenciar empreendimentos, eventos e servi\u00e7os de Educa\u00e7\u00e3o F\u00edsica. Promover e disseminar pesquisas e conhecimentos relacionados \u00e0s diferentes dimens\u00f5es da motricidade humana, promovendo a reflex\u00e3o sobre suas implica\u00e7\u00f5es para o ser humano. Incentivar a forma\u00e7\u00e3o acad\u00eamica e profissional continuada.<\/p>\n\n\n\n<p><\/p>\n\n\n\n<p><strong>Campos de Atua\u00e7\u00e3o<\/strong><br>Atua\u00e7\u00e3o profissional pode se dar em locais como academias; programas de Atividade F\u00edsica para crian\u00e7as, adolescentes, adultos e idosos; programas de Atividade F\u00edsica para grupos especiais (gestantes, diab\u00e9ticos, cardiopatas, etc.); aplica\u00e7\u00e3o de exerc\u00edcios compensat\u00f3rios para funcion\u00e1rios da ind\u00fastria e do com\u00e9rcio; secretarias e \u00f3rg\u00e3os p\u00fablicos; hot\u00e9is, condom\u00ednios e acampamentos ou hospitais e SUS (Sistema \u00danico de Sa\u00fade).<\/p>\n\n\n\n<p><\/p>\n\n\n\n<p><strong>Sistema&nbsp;Acad\u00eamico<\/strong><br>Seriado anual&nbsp;<\/p>\n\n\n\n<p><\/p>\n\n\n\n<p><strong>Dura\u00e7\u00e3o M\u00ednima e M\u00e1xima<\/strong><br>4\/8 anos<\/p>\n\n\n\n<p><\/p>\n\n\n\n<p><strong>Turno\/vagas<\/strong><br>Matutino &#8211; 90\/noturno &#8211; 90<\/p>\n\n\n\n<div style=\"height:30px\" aria-hidden=\"true\" class=\"wp-block-spacer\"><\/div>\n\n\n\n<h3 class=\"wp-block-heading\"><strong>Saiba Mais Sobre o Curso de Educa\u00e7\u00e3o F\u00edsica \u2013 Bacharelado<\/strong><\/h3>\n\n\n\n<p>Organiza\u00e7\u00e3o Curricular<br>(<a rel=\"noreferrer noopener\" href=\"https:\/\/sites.uel.br\/prograd\/wp-content\/uploads\/catalogo_cursos\/2022\/organizacao_curricular\/educacao_fisica_bacharelado_matutino.pdf\" target=\"_blank\">Matutino<\/a>) (<a rel=\"noreferrer noopener\" href=\"https:\/\/sites.uel.br\/prograd\/wp-content\/uploads\/catalogo_cursos\/2022\/organizacao_curricular\/educacao_fisica_bacharelado_noturno.pdf\" target=\"_blank\">Noturno<\/a>)<\/p>\n\n\n\n<p>Ementas<br>(<a rel=\"noreferrer noopener\" href=\"https:\/\/sites.uel.br\/prograd\/wp-content\/uploads\/catalogo_cursos\/2022\/ementas\/educacao_fisica_bacharelado_matutino.pdf\" target=\"_blank\">Matutino<\/a>) (<a rel=\"noreferrer noopener\" href=\"https:\/\/sites.uel.br\/prograd\/wp-content\/uploads\/catalogo_cursos\/2022\/ementas\/educacao_fisica_bacharelado_noturno.pdf\" target=\"_blank\">Noturno<\/a>)<\/p>\n\n\n\n<p><a rel=\"noreferrer noopener\" href=\"https:\/\/sites.uel.br\/prograd\/wp-content\/uploads\/catalogo_cursos\/2022\/corpo_docente\/educacao_fisica_bacharelado.pdf\" target=\"_blank\">Corpo Docente<\/a><\/p>\n\n\n\n<p><a rel=\"noreferrer noopener\" href=\"https:\/\/sites.uel.br\/prograd\/wp-content\/uploads\/catalogo_cursos\/2022\/estrutura_recursos\/estrutura_recursos.pdf\" target=\"_blank\">Estrutura\/Recursos<\/a><\/p>\n","protected":false},"excerpt":{"rendered":"<p>Educa\u00e7\u00e3o F\u00edsica \u2013 Bacharelado Cria\u00e7\u00e3oResolu\u00e7\u00e3o CEPE n.\u00ba 96, de 12.08.04 GrauBacharel em Educa\u00e7\u00e3o F\u00edsica&nbsp; TurnoMatutino\/noturno Perfil do ProfissionalO egresso do Curso de Educa\u00e7\u00e3o F\u00edsica &#8211; Bacharelado dever\u00e1 dispor das seguintes habilidades: dom\u00ednio de conceitos, procedimentos e atitudes espec\u00edficos da Educa\u00e7\u00e3o F\u00edsica e de ci\u00eancias afins, orientados por valores sociais, morais, \u00e9ticos e est\u00e9ticos pr\u00f3prios de [&hellip;]<\/p>\n","protected":false},"author":8,"featured_media":0,"parent":0,"menu_order":0,"comment_status":"closed","ping_status":"closed","template":"","meta":{"_acf_changed":false,"_themeisle_gutenberg_block_has_review":false,"footnotes":""},"class_list":["post-5083","page","type-page","status-publish","hentry"],"acf":[],"_links":{"self":[{"href":"https:\/\/sites.uel.br\/prograd\/wp-json\/wp\/v2\/pages\/5083","targetHints":{"allow":["GET"]}}],"collection":[{"href":"https:\/\/sites.uel.br\/prograd\/wp-json\/wp\/v2\/pages"}],"about":[{"href":"https:\/\/sites.uel.br\/prograd\/wp-json\/wp\/v2\/types\/page"}],"author":[{"embeddable":true,"href":"https:\/\/sites.uel.br\/prograd\/wp-json\/wp\/v2\/users\/8"}],"replies":[{"embeddable":true,"href":"https:\/\/sites.uel.br\/prograd\/wp-json\/wp\/v2\/comments?post=5083"}],"version-history":[{"count":15,"href":"https:\/\/sites.uel.br\/prograd\/wp-json\/wp\/v2\/pages\/5083\/revisions"}],"predecessor-version":[{"id":28828,"href":"https:\/\/sites.uel.br\/prograd\/wp-json\/wp\/v2\/pages\/5083\/revisions\/28828"}],"wp:attachment":[{"href":"https:\/\/sites.uel.br\/prograd\/wp-json\/wp\/v2\/media?parent=5083"}],"curies":[{"name":"wp","href":"https:\/\/api.w.org\/{rel}","templated":true}]}}