{"id":5080,"date":"2023-05-09T09:12:43","date_gmt":"2023-05-09T12:12:43","guid":{"rendered":"https:\/\/sites.uel.br\/prograd\/?page_id=5080"},"modified":"2024-09-18T14:38:58","modified_gmt":"2024-09-18T17:38:58","slug":"catalogo-dos-cursos-de-graduacao-2022-design-grafico","status":"publish","type":"page","link":"https:\/\/sites.uel.br\/prograd\/catalogo-dos-cursos-de-graduacao-2022-design-grafico\/","title":{"rendered":"Cat\u00e1logo dos Cursos de Gradua\u00e7\u00e3o (2022)"},"content":{"rendered":"\n<hr class=\"wp-block-separator has-alpha-channel-opacity is-style-wide\"\/>\n\n\n\n<h2 class=\"wp-block-heading\">Design Gr\u00e1fico<\/h2>\n\n\n\n<p><strong>Cria\u00e7\u00e3o<\/strong><br>Desenho Industrial: RESOLU\u00c7\u00c3O n.\u00ba 3007, de 16.07.96, alterada a denomina\u00e7\u00e3o por meio da Resolu\u00e7\u00e3o CEPE n.\u00ba 98, de 18.08.04.<\/p>\n\n\n\n<p><\/p>\n\n\n\n<p><strong>Grau<\/strong><br>Bacharel em Design Gr\u00e1fico&nbsp;<\/p>\n\n\n\n<p><\/p>\n\n\n\n<p><strong>Turno<\/strong><br>Matutino<\/p>\n\n\n\n<p><\/p>\n\n\n\n<p><strong>Perfil do Profissional<\/strong><br>A forma\u00e7\u00e3o \u00e9 generalista, humanista, com vis\u00e3o cr\u00edtica e sist\u00eamica, com capacidade de utiliza\u00e7\u00e3o de tecnologias e \u00e9 habilitado a desenvolver atividades de car\u00e1ter t\u00e9cnico, cient\u00edfico e criativo, visando a concep\u00e7\u00e3o, desenvolvimento e solu\u00e7\u00e3o de projetos de comunica\u00e7\u00e3o e informa\u00e7\u00e3o visual, agregando valor, diferencial e inova\u00e7\u00e3o a produtos e servi\u00e7os gr\u00e1ficos, impressos, digitais e outros suportes diversos.<\/p>\n\n\n\n<p><\/p>\n\n\n\n<p><strong>Objetivo do Curso<\/strong><br>Formar profissionais em Design Gr\u00e1fico visando desenvolver a capacidade projetual anal\u00edtica, cr\u00edtica e expressiva, integrada \u00e0 realidade contempor\u00e2nea. Especificamente visa: aplicar fundamentos te\u00f3ricos e atividades pr\u00e1ticas para atuar nas fases metodol\u00f3gicas do projeto de produtos gr\u00e1ficos; determinar as necessidades humanas e dos sistemas produtivos, assim como sua rela\u00e7\u00e3o; propiciar ao discente sua integra\u00e7\u00e3o no sistema socioecon\u00f4mico e cultural da regi\u00e3o; sensibilizar o discente para as quest\u00f5es ambientais e sociais, tornando-o mais participativo e atuante para estas quest\u00f5es, levando em considera\u00e7\u00e3o estes fatores em seus projetos; desenvolver a capacidade anal\u00edtica, cr\u00edtica, t\u00e9cnica, criativa e expressiva; interpretar a realidade contempor\u00e2nea; aplicar \u00e0 pr\u00e1tica projetual aspectos ergon\u00f4micos, culturais, econ\u00f4micos, sociais, tecnol\u00f3gicos e est\u00e9ticos; apontar solu\u00e7\u00f5es de comunica\u00e7\u00e3o visual para problemas e oportunidades de comunica\u00e7\u00e3o e informa\u00e7\u00e3o; desenvolver a capacidade de an\u00e1lise, reflex\u00e3o e s\u00edntese proveniente das atividades de pesquisa; coordenar, sintetizar e aplicar a metodologia de projeto com caracter\u00edsticas pr\u00e1ticas, est\u00e9ticas e simb\u00f3licas, visando a cria\u00e7\u00e3o de produtos tang\u00edveis e digitais.<\/p>\n\n\n\n<p><\/p>\n\n\n\n<p><strong>Campos de Atua\u00e7\u00e3o<\/strong><br>Atua em diferentes segmentos mercadol\u00f3gicos e da sociedade em que planeja, configura e sistematiza informa\u00e7\u00f5es. As imagens s\u00e3o utilizadas como meio de informa\u00e7\u00e3o e comunica\u00e7\u00e3o, como em ind\u00fastrias, estabelecimentos comerciais, institui\u00e7\u00f5es p\u00fablicas e privadas, escrit\u00f3rios de design, ag\u00eancias de comunica\u00e7\u00e3o, propaganda e marketing, e em setores de comunica\u00e7\u00e3o. Pode exercer tamb\u00e9m atividades aut\u00f4nomas e acad\u00eamicas. A profiss\u00e3o n\u00e3o est\u00e1 regulamentada.<\/p>\n\n\n\n<p><\/p>\n\n\n\n<p><strong>Sistema&nbsp;Acad\u00eamico<\/strong><br>Seriado anual&nbsp;<\/p>\n\n\n\n<p><\/p>\n\n\n\n<p><strong>Dura\u00e7\u00e3o M\u00ednima e M\u00e1xima<\/strong><br>4\/8 anos<\/p>\n\n\n\n<p><\/p>\n\n\n\n<p><strong>Turno\/vagas<\/strong><br>Matutino &#8211; 20<\/p>\n\n\n\n<div style=\"height:30px\" aria-hidden=\"true\" class=\"wp-block-spacer\"><\/div>\n\n\n\n<h3 class=\"wp-block-heading\"><strong>Saiba Mais Sobre o Curso de Design Gr\u00e1fico<\/strong><\/h3>\n\n\n\n<p><a rel=\"noreferrer noopener\" href=\"https:\/\/sites.uel.br\/prograd\/wp-content\/uploads\/catalogo_cursos\/2022\/organizacao_curricular\/design_grafico.pdf\" target=\"_blank\">Organiza\u00e7\u00e3o Curricular<\/a><\/p>\n\n\n\n<p><a rel=\"noreferrer noopener\" href=\"https:\/\/sites.uel.br\/prograd\/wp-content\/uploads\/catalogo_cursos\/2022\/ementas\/design_grafico.pdf\" target=\"_blank\">Ementas<\/a><\/p>\n\n\n\n<p><a rel=\"noreferrer noopener\" href=\"https:\/\/sites.uel.br\/prograd\/wp-content\/uploads\/catalogo_cursos\/2022\/corpo_docente\/design_grafico.pdf\" target=\"_blank\">Corpo Docente<\/a><\/p>\n\n\n\n<p><a rel=\"noreferrer noopener\" href=\"https:\/\/sites.uel.br\/prograd\/wp-content\/uploads\/catalogo_cursos\/2022\/estrutura_recursos\/estrutura_recursos.pdf\" target=\"_blank\">Estrutura\/Recursos<\/a><\/p>\n","protected":false},"excerpt":{"rendered":"<p>Design Gr\u00e1fico Cria\u00e7\u00e3oDesenho Industrial: RESOLU\u00c7\u00c3O n.\u00ba 3007, de 16.07.96, alterada a denomina\u00e7\u00e3o por meio da Resolu\u00e7\u00e3o CEPE n.\u00ba 98, de 18.08.04. GrauBacharel em Design Gr\u00e1fico&nbsp; TurnoMatutino Perfil do ProfissionalA forma\u00e7\u00e3o \u00e9 generalista, humanista, com vis\u00e3o cr\u00edtica e sist\u00eamica, com capacidade de utiliza\u00e7\u00e3o de tecnologias e \u00e9 habilitado a desenvolver atividades de car\u00e1ter t\u00e9cnico, cient\u00edfico e [&hellip;]<\/p>\n","protected":false},"author":8,"featured_media":0,"parent":0,"menu_order":0,"comment_status":"closed","ping_status":"closed","template":"","meta":{"_acf_changed":false,"_themeisle_gutenberg_block_has_review":false,"footnotes":""},"class_list":["post-5080","page","type-page","status-publish","hentry"],"acf":[],"_links":{"self":[{"href":"https:\/\/sites.uel.br\/prograd\/wp-json\/wp\/v2\/pages\/5080","targetHints":{"allow":["GET"]}}],"collection":[{"href":"https:\/\/sites.uel.br\/prograd\/wp-json\/wp\/v2\/pages"}],"about":[{"href":"https:\/\/sites.uel.br\/prograd\/wp-json\/wp\/v2\/types\/page"}],"author":[{"embeddable":true,"href":"https:\/\/sites.uel.br\/prograd\/wp-json\/wp\/v2\/users\/8"}],"replies":[{"embeddable":true,"href":"https:\/\/sites.uel.br\/prograd\/wp-json\/wp\/v2\/comments?post=5080"}],"version-history":[{"count":15,"href":"https:\/\/sites.uel.br\/prograd\/wp-json\/wp\/v2\/pages\/5080\/revisions"}],"predecessor-version":[{"id":28826,"href":"https:\/\/sites.uel.br\/prograd\/wp-json\/wp\/v2\/pages\/5080\/revisions\/28826"}],"wp:attachment":[{"href":"https:\/\/sites.uel.br\/prograd\/wp-json\/wp\/v2\/media?parent=5080"}],"curies":[{"name":"wp","href":"https:\/\/api.w.org\/{rel}","templated":true}]}}