{"id":5076,"date":"2023-05-09T09:12:09","date_gmt":"2023-05-09T12:12:09","guid":{"rendered":"https:\/\/sites.uel.br\/prograd\/?page_id=5076"},"modified":"2024-09-18T14:39:52","modified_gmt":"2024-09-18T17:39:52","slug":"catalogo-dos-cursos-de-graduacao-2022-ciencias-sociais-bacharelado","status":"publish","type":"page","link":"https:\/\/sites.uel.br\/prograd\/catalogo-dos-cursos-de-graduacao-2022-ciencias-sociais-bacharelado\/","title":{"rendered":"Cat\u00e1logo dos Cursos de Gradua\u00e7\u00e3o (2022)"},"content":{"rendered":"\n<hr class=\"wp-block-separator has-alpha-channel-opacity is-style-wide\"\/>\n\n\n\n<h2 class=\"wp-block-heading\">Ci\u00eancias Sociais \u2013 Bacharelado<\/h2>\n\n\n\n<p><strong>Cria\u00e7\u00e3o<\/strong><br>Resolu\u00e7\u00e3o n.\u00ba 100, de 25.05.72<\/p>\n\n\n\n<p><\/p>\n\n\n\n<p><strong>Grau<\/strong><br>Bacharel em Ci\u00eancias Sociais&nbsp;<\/p>\n\n\n\n<p><\/p>\n\n\n\n<p><strong>Turno<\/strong><br>Matutino<\/p>\n\n\n\n<p><\/p>\n\n\n\n<p><strong>Perfil do Profissional<\/strong><br>Prop\u00f5e-se a forma\u00e7\u00e3o de um profissional (auto)reflexivo e comprometido, \u00e9tica e socialmente, com a busca do conhecimento cient\u00edfico e o enfrentamento dos desafios do mundo contempor\u00e2neo. O Curso de Bacharelado em Ci\u00eancias Sociais contribui com a forma\u00e7\u00e3o de profissionais com as seguintes caracter\u00edsticas: autonomia, capacidade anal\u00edtica e cr\u00edtica na an\u00e1lise dos fen\u00f4menos sociais; comprometimento com o enfrentamento das diversas formas de discrimina\u00e7\u00e3o e desigualdade; aten\u00e7\u00e3o \u00e0s rela\u00e7\u00f5es de alteridade e de poder presentes nas culturas, institui\u00e7\u00f5es e sociabilidades de diferentes classes e grupos sociais; criatividade e inova\u00e7\u00e3o nas pesquisas acad\u00eamicas e aplicadas; responsabilidade no atendimento das demandas da sociedade, articulando conhecimentos e saberes distintos.<\/p>\n\n\n\n<p><\/p>\n\n\n\n<p><strong>Objetivo do Curso<\/strong><br>Oferecer s\u00f3lida forma\u00e7\u00e3o te\u00f3rico-metodol\u00f3gica que, voltada para a pesquisa e para o exerc\u00edcio profissional, seja capaz de conduzir o aluno a uma reflex\u00e3o cr\u00edtica sobre a sociedade e, ao mesmo tempo, esteja aliada ao comprometimento com as quest\u00f5es sociais, culturais e pol\u00edticas. Integrar o ensino, a pesquisa e extens\u00e3o como momentos de um mesmo processo de constru\u00e7\u00e3o do conhecimento; propiciar ao aluno uma forma\u00e7\u00e3o integrada das \u00e1reas e sub\u00e1reas das Ci\u00eancias Sociais; garantir, na forma\u00e7\u00e3o do estudante, o compromisso \u00e9tico e social com a sua pr\u00e1tica profissional.<\/p>\n\n\n\n<p><\/p>\n\n\n\n<p><strong>Campos de Atua\u00e7\u00e3o<\/strong><br>Empresas p\u00fablicas e privadas, institui\u00e7\u00f5es de pesquisa e, ap\u00f3s cursar p\u00f3s-gradua\u00e7\u00e3o, o exerc\u00edcio da doc\u00eancia no ensino superior. A profiss\u00e3o est\u00e1 regulamentada pela Lei n.\u00ba 6.888, de 10.02.80 e Decreto n.\u00ba 89.531, de 05.04.84.<\/p>\n\n\n\n<p><\/p>\n\n\n\n<p><strong>Sistema&nbsp;Acad\u00eamico<\/strong><br>Cr\u00e9dito semestral&nbsp;<\/p>\n\n\n\n<p><\/p>\n\n\n\n<p><strong>Dura\u00e7\u00e3o M\u00ednima e M\u00e1xima<\/strong><br>4\/8 anos<\/p>\n\n\n\n<p><\/p>\n\n\n\n<p><strong>Turno\/vagas<\/strong><br>Matutino &#8211; 40<\/p>\n\n\n\n<div style=\"height:30px\" aria-hidden=\"true\" class=\"wp-block-spacer\"><\/div>\n\n\n\n<h3 class=\"wp-block-heading\"><strong>Saiba Mais Sobre o Curso de Ci\u00eancias Sociais \u2013 Bacharelado<\/strong><\/h3>\n\n\n\n<p><a rel=\"noreferrer noopener\" href=\"https:\/\/sites.uel.br\/prograd\/wp-content\/uploads\/catalogo_cursos\/2022\/organizacao_curricular\/ciencias_sociais_bacharelado_matutino.pdf\" target=\"_blank\">Organiza\u00e7\u00e3o Curricular<\/a><\/p>\n\n\n\n<p><a rel=\"noreferrer noopener\" href=\"https:\/\/sites.uel.br\/prograd\/wp-content\/uploads\/catalogo_cursos\/2022\/ementas\/ciencias_sociais_bacharelado_matutino.pdf\" target=\"_blank\">Ementas<\/a><\/p>\n\n\n\n<p><a rel=\"noreferrer noopener\" href=\"https:\/\/sites.uel.br\/prograd\/wp-content\/uploads\/catalogo_cursos\/2022\/corpo_docente\/ciencias_sociais.pdf\" target=\"_blank\">Corpo Docente<\/a><\/p>\n\n\n\n<p><a rel=\"noreferrer noopener\" href=\"https:\/\/sites.uel.br\/prograd\/wp-content\/uploads\/catalogo_cursos\/2022\/estrutura_recursos\/estrutura_recursos.pdf\" target=\"_blank\">Estrutura\/Recursos<\/a><\/p>\n","protected":false},"excerpt":{"rendered":"<p>Ci\u00eancias Sociais \u2013 Bacharelado Cria\u00e7\u00e3oResolu\u00e7\u00e3o n.\u00ba 100, de 25.05.72 GrauBacharel em Ci\u00eancias Sociais&nbsp; TurnoMatutino Perfil do ProfissionalProp\u00f5e-se a forma\u00e7\u00e3o de um profissional (auto)reflexivo e comprometido, \u00e9tica e socialmente, com a busca do conhecimento cient\u00edfico e o enfrentamento dos desafios do mundo contempor\u00e2neo. O Curso de Bacharelado em Ci\u00eancias Sociais contribui com a forma\u00e7\u00e3o de profissionais [&hellip;]<\/p>\n","protected":false},"author":8,"featured_media":0,"parent":0,"menu_order":0,"comment_status":"closed","ping_status":"closed","template":"","meta":{"_acf_changed":false,"_themeisle_gutenberg_block_has_review":false,"footnotes":""},"class_list":["post-5076","page","type-page","status-publish","hentry"],"acf":[],"_links":{"self":[{"href":"https:\/\/sites.uel.br\/prograd\/wp-json\/wp\/v2\/pages\/5076","targetHints":{"allow":["GET"]}}],"collection":[{"href":"https:\/\/sites.uel.br\/prograd\/wp-json\/wp\/v2\/pages"}],"about":[{"href":"https:\/\/sites.uel.br\/prograd\/wp-json\/wp\/v2\/types\/page"}],"author":[{"embeddable":true,"href":"https:\/\/sites.uel.br\/prograd\/wp-json\/wp\/v2\/users\/8"}],"replies":[{"embeddable":true,"href":"https:\/\/sites.uel.br\/prograd\/wp-json\/wp\/v2\/comments?post=5076"}],"version-history":[{"count":15,"href":"https:\/\/sites.uel.br\/prograd\/wp-json\/wp\/v2\/pages\/5076\/revisions"}],"predecessor-version":[{"id":28823,"href":"https:\/\/sites.uel.br\/prograd\/wp-json\/wp\/v2\/pages\/5076\/revisions\/28823"}],"wp:attachment":[{"href":"https:\/\/sites.uel.br\/prograd\/wp-json\/wp\/v2\/media?parent=5076"}],"curies":[{"name":"wp","href":"https:\/\/api.w.org\/{rel}","templated":true}]}}