{"id":4998,"date":"2023-05-08T10:23:07","date_gmt":"2023-05-08T13:23:07","guid":{"rendered":"https:\/\/sites.uel.br\/prograd\/?page_id=4998"},"modified":"2024-02-07T11:51:09","modified_gmt":"2024-02-07T14:51:09","slug":"projetos-pedagogicos-letras-bacharelado-estudos-literarios-e-estudos-da-linguagem","status":"publish","type":"page","link":"https:\/\/sites.uel.br\/prograd\/graduacao\/projetos-pedagogicos\/projetos-pedagogicos-letras-bacharelado-estudos-literarios-e-estudos-da-linguagem\/","title":{"rendered":"Projetos Pedag\u00f3gicos"},"content":{"rendered":"\n<hr class=\"wp-block-separator has-alpha-channel-opacity is-style-wide\"\/>\n\n\n\n<h2 class=\"wp-block-heading\">Letras Bacharelado &#8211; Estudos Liter\u00e1rios e Estudos da Linguagem<\/h2>\n\n\n\n<p><a href=\"https:\/\/sites.uel.br\/prograd\/wp-content\/uploads\/documentos\/deliberacoes\/2014\/deliberacao_23_14.pdf\" target=\"_blank\" rel=\"noreferrer noopener\"><strong>Delibera\u00e7\u00e3o da C\u00e2mara de Gradua\u00e7\u00e3o n\u00ba 23\/2014<\/strong><\/a><br>Altera a composi\u00e7\u00e3o do Colegiado do Curso de Letras Portugu\u00eas &#8211; Modalidade: Licenciatura &#8211; Habilita\u00e7\u00e3o: L\u00edngua Portuguesa e Respectivas Literaturas; Modalidade Bacharelado &#8211; Habilita\u00e7\u00e3o: Estudos Liter\u00e1rios<\/p>\n\n\n\n<p><a href=\"https:\/\/sites.uel.br\/prograd\/wp-content\/uploads\/documentos\/deliberacoes\/2014\/deliberacao_22_14.pdf\" target=\"_blank\" rel=\"noreferrer noopener\"><strong>Delibera\u00e7\u00e3o da C\u00e2mara de Gradua\u00e7\u00e3o n\u00ba 22\/2014<\/strong><\/a><br>Estabelece adequa\u00e7\u00f5es curriculares no curso de Gradua\u00e7\u00e3o em Letras Portugu\u00eas &#8211; Modalidade: Bacharelado &#8211; Habilita\u00e7\u00e3o em Estudos Liter\u00e1rios; Modalidade: Licenciatura &#8211; Habilita\u00e7\u00e3o em L\u00edngua Portuguesa e Respectivas Literaturas, curr\u00edculos 2014<\/p>\n\n\n\n<p><a href=\"https:\/\/sites.uel.br\/prograd\/wp-content\/uploads\/documentos\/resolucoes\/2013\/resolucao_49_13.pdf\" target=\"_blank\" rel=\"noreferrer noopener\"><strong>Resolu\u00e7\u00e3o CEPE n\u00ba 049\/2013<\/strong><\/a><br>Altera a denomina\u00e7\u00e3o do Curso de Letras &#8211; modalidade: Licenciatura &#8211; habilita\u00e7\u00e3o L\u00edngua Inglesa e Literaturas em L\u00edngua Inglesa; Letras &#8211; modalidade: Licenciatura &#8211; habilita\u00e7\u00e3o: L\u00edngua Espanhola e Literatura Hisp\u00e2nica; Letras &#8211; modalidade: Bacharelado &#8211; habilita\u00e7\u00e3o: L\u00edngua e Cultura Francesas; Letras &#8211; Modalidade: Licenciatura &#8211; Habilita\u00e7\u00e3o: L\u00edngua Portuguesa e Respectivas Literaturas e Letras &#8211; Modalidade: Bacharelado &#8211; Habilita\u00e7\u00e3o: Estudos Liter\u00e1rios, a vigorar a partir do ano letivo de 2014<\/p>\n\n\n\n<p><a href=\"https:\/\/sites.uel.br\/prograd\/wp-content\/uploads\/documentos\/deliberacoes\/2013\/deliberacao_05_13.pdf\" target=\"_blank\" rel=\"noreferrer noopener\"><strong>Delibera\u00e7\u00e3o da C\u00e2mara de Gradua\u00e7\u00e3o n\u00ba 05\/2013<\/strong><\/a><br>Altera a reda\u00e7\u00e3o do \u00a7 1\u00ba, do Artigo 11, da Resolu\u00e7\u00e3o CEPE\/CA n\u00ba 0275\/2009, que estabelece crit\u00e9rios de acesso \u00e0 Habilita\u00e7\u00e3o Bacharelado em Estudos Liter\u00e1rios do Curso de Letras, a vigorar a partir do ano letivo de 2014<\/p>\n\n\n\n<p><a href=\"https:\/\/sites.uel.br\/prograd\/wp-content\/uploads\/documentos\/resolucoes\/2009\/resolucao_275_09.pdf\" target=\"_blank\" rel=\"noreferrer noopener\"><strong>Resolu\u00e7\u00e3o CEPE\/CA n\u00ba 0275\/2009<\/strong><\/a><br>Reformula o Projeto Pedag\u00f3gico do Curso de Letras &#8211; Modalidade: Bacharelado &#8211; Habilita\u00e7\u00e3o: Estudos Liter\u00e1rios, a ser implantado a partir do ano letivo de 2010<\/p>\n\n\n\n<p><a href=\"https:\/\/sites.uel.br\/prograd\/wp-content\/uploads\/documentos\/deliberacoes\/2008\/deliberacao_42_08.pdf\" target=\"_blank\" rel=\"noreferrer noopener\"><strong>Delibera\u00e7\u00e3o da C\u00e2mara de Gradua\u00e7\u00e3o n\u00ba 42\/2008<\/strong><\/a><br>Altera a forma de oferta da disciplina 6LET021 &#8211; Pol\u00edticas de Pesquisa e Cultura no Brasil, no curso de gradua\u00e7\u00e3o em Letras, Modalidade: Bacharelado, Habilita\u00e7\u00f5es: Estudos da Linguagem e Estudos Liter\u00e1rios<\/p>\n\n\n\n<p><a href=\"https:\/\/sites.uel.br\/prograd\/wp-content\/uploads\/documentos\/deliberacoes\/2007\/deliberacao_71_07.pdf\" target=\"_blank\" rel=\"noreferrer noopener\"><strong>Delibera\u00e7\u00e3o da C\u00e2mara de Gradua\u00e7\u00e3o n\u00ba 071\/2007<\/strong><\/a><br>Estabelece adequa\u00e7\u00f5es curriculares para o Curso de Gradua\u00e7\u00e3o em Letras Modalidade: Licenciatura \u2013 Habilita\u00e7\u00e3o: L\u00edngua Portuguesa e Respectivas Literaturas e Modalidade: Bacharelado \u2013 Habilita\u00e7\u00f5es: Estudos da Linguagem e Estudos Liter\u00e1rios a vigorar para os estudantes ingressantes no curso a partir do ano letivo de 2008<\/p>\n\n\n\n<p><a href=\"https:\/\/sites.uel.br\/prograd\/wp-content\/uploads\/documentos\/resolucoes\/2006\/resolucao_125_06.pdf\" target=\"_blank\" rel=\"noreferrer noopener\"><strong>Resolu\u00e7\u00e3o CEPE n\u00ba 125\/2006<\/strong><\/a><br>Estabelece adequa\u00e7\u00f5es curriculares para o curso de Letras &#8211; Habilita\u00e7\u00f5es: Licenciatura em L\u00edngua Portuguesa e Respectivas Literaturas, Bacharelado em Estudos da Linguagem e Bacharelado em Estudos Liter\u00e1rios, a serem implantadas a partir do ano Letivo de 2007<\/p>\n\n\n\n<p><a href=\"https:\/\/sites.uel.br\/prograd\/wp-content\/uploads\/documentos\/resolucoes\/2005\/resolucao_367_05.pdf\" target=\"_blank\" rel=\"noreferrer noopener\"><strong>Resolu\u00e7\u00e3o CEPE n\u00ba 367\/2005<\/strong><\/a><br>Estabelece o curr\u00edculo pleno do curso de Letras-Habilita\u00e7\u00e3o: Bacharelado em Estudos Liter\u00e1rios, a ser implantado a partir do ano letivo de 2006<\/p>\n\n\n\n<p><a href=\"https:\/\/sites.uel.br\/prograd\/wp-content\/uploads\/documentos\/resolucoes\/2005\/resolucao_366_05.pdf\" target=\"_blank\" rel=\"noreferrer noopener\"><strong>Resolu\u00e7\u00e3o CEPE n\u00ba 366\/2005<\/strong><\/a><br>Estabelece o curr\u00edculo pleno do curso de Letras &#8211; Habilita\u00e7\u00e3o: Bacharelado em Estudos da Linguagem, a ser implantado a partir do ano letivo de 2006<\/p>\n\n\n\n<hr class=\"wp-block-separator has-text-color has-cinza-color has-css-opacity has-cinza-background-color has-background is-style-wide\"\/>\n\n\n\n<p><strong>Veja tamb\u00e9m:<\/strong><\/p>\n\n\n\n<p><a href=\"https:\/\/sites.uel.br\/prograd\/graduacao\/catalogo-dos-cursos-de-graduacao-indice\/\">Cat\u00e1logo dos Curso de Gradua\u00e7\u00e3o (Organiza\u00e7\u00e3o Curricular, Ementas, Corpo Docente<\/a>)<\/p>\n\n\n\n<p><a href=\"https:\/\/sites.uel.br\/prograd\/regulamentos-tcc-e-estagio\/\">Regulamentos TCC e Est\u00e1gios<\/a><\/p>\n","protected":false},"excerpt":{"rendered":"<p>Letras Bacharelado &#8211; Estudos Liter\u00e1rios e Estudos da Linguagem Delibera\u00e7\u00e3o da C\u00e2mara de Gradua\u00e7\u00e3o n\u00ba 23\/2014Altera a composi\u00e7\u00e3o do Colegiado do Curso de Letras Portugu\u00eas &#8211; Modalidade: Licenciatura &#8211; Habilita\u00e7\u00e3o: L\u00edngua Portuguesa e Respectivas Literaturas; Modalidade Bacharelado &#8211; Habilita\u00e7\u00e3o: Estudos Liter\u00e1rios Delibera\u00e7\u00e3o da C\u00e2mara de Gradua\u00e7\u00e3o n\u00ba 22\/2014Estabelece adequa\u00e7\u00f5es curriculares no curso de Gradua\u00e7\u00e3o em [&hellip;]<\/p>\n","protected":false},"author":8,"featured_media":0,"parent":174,"menu_order":0,"comment_status":"closed","ping_status":"closed","template":"","meta":{"_acf_changed":false,"_themeisle_gutenberg_block_has_review":false,"footnotes":""},"class_list":["post-4998","page","type-page","status-publish","hentry"],"acf":[],"_links":{"self":[{"href":"https:\/\/sites.uel.br\/prograd\/wp-json\/wp\/v2\/pages\/4998","targetHints":{"allow":["GET"]}}],"collection":[{"href":"https:\/\/sites.uel.br\/prograd\/wp-json\/wp\/v2\/pages"}],"about":[{"href":"https:\/\/sites.uel.br\/prograd\/wp-json\/wp\/v2\/types\/page"}],"author":[{"embeddable":true,"href":"https:\/\/sites.uel.br\/prograd\/wp-json\/wp\/v2\/users\/8"}],"replies":[{"embeddable":true,"href":"https:\/\/sites.uel.br\/prograd\/wp-json\/wp\/v2\/comments?post=4998"}],"version-history":[{"count":10,"href":"https:\/\/sites.uel.br\/prograd\/wp-json\/wp\/v2\/pages\/4998\/revisions"}],"predecessor-version":[{"id":21137,"href":"https:\/\/sites.uel.br\/prograd\/wp-json\/wp\/v2\/pages\/4998\/revisions\/21137"}],"up":[{"embeddable":true,"href":"https:\/\/sites.uel.br\/prograd\/wp-json\/wp\/v2\/pages\/174"}],"wp:attachment":[{"href":"https:\/\/sites.uel.br\/prograd\/wp-json\/wp\/v2\/media?parent=4998"}],"curies":[{"name":"wp","href":"https:\/\/api.w.org\/{rel}","templated":true}]}}