{"id":4997,"date":"2023-05-08T10:23:05","date_gmt":"2023-05-08T13:23:05","guid":{"rendered":"https:\/\/sites.uel.br\/prograd\/?page_id=4997"},"modified":"2024-02-07T11:47:27","modified_gmt":"2024-02-07T14:47:27","slug":"projetos-pedagogicos-esporte","status":"publish","type":"page","link":"https:\/\/sites.uel.br\/prograd\/graduacao\/projetos-pedagogicos\/projetos-pedagogicos-esporte\/","title":{"rendered":"Projetos Pedag\u00f3gicos"},"content":{"rendered":"\n<hr class=\"wp-block-separator has-alpha-channel-opacity is-style-wide\"\/>\n\n\n\n<h2 class=\"wp-block-heading\">Esporte<\/h2>\n\n\n\n<p><a href=\"https:\/\/sites.uel.br\/prograd\/wp-content\/uploads\/documentos\/deliberacoes\/2015\/deliberacao_12_15.pdf\" target=\"_blank\" rel=\"noreferrer noopener\"><strong>Delibera\u00e7\u00e3o da C\u00e2mara de Gradua\u00e7\u00e3o n\u00ba 12\/2015<\/strong><\/a><br>Altera o nome e a ementa das atividades acad\u00eamicas 6DES161 Detec\u00e7\u00e3o, Sele\u00e7\u00e3o e Promo\u00e7\u00e3o de Talento Esportivo, 6DES162 Dimens\u00f5es Profissionais do Esporte, 6DES163 Esporte de Aventura, 6DES164 Esporte para Popula\u00e7\u00f5es Especiais, 6DES166 M\u00e9todos de Ensino-Aprendizagem dos Esportes, 6DES167 Planejamento e Dire\u00e7\u00e3o de Equipes e Esporte, 6DES168 Treinamento Esportivo II, 6DES169 Gest\u00e3o Esportiva, 6TCC908 Trabalho de Conclus\u00e3o de Curso e 6EST921 Est\u00e1gio Supervisionado em Esporte II, do curso de Gradua\u00e7\u00e3o em Esporte, curr\u00edculo 2012<\/p>\n\n\n\n<p><a href=\"https:\/\/sites.uel.br\/prograd\/wp-content\/uploads\/documentos\/deliberacoes\/2014\/deliberacao_29_14.pdf\" target=\"_blank\" rel=\"noreferrer noopener\"><strong>Delibera\u00e7\u00e3o da C\u00e2mara de Gradua\u00e7\u00e3o n\u00ba 29\/2014<\/strong><\/a><br>Estabelece adequa\u00e7\u00f5es curriculares no Curso de Gradua\u00e7\u00e3o em Esporte, curr\u00edculo 2012<\/p>\n\n\n\n<p><a href=\"https:\/\/sites.uel.br\/prograd\/wp-content\/uploads\/documentos\/deliberacoes\/2013\/deliberacao_24_13.pdf\" target=\"_blank\" rel=\"noreferrer noopener\"><strong>Delibera\u00e7\u00e3o da C\u00e2mara de Gradua\u00e7\u00e3o n\u00ba 24\/2013<\/strong><\/a><br>Estabelece adequa\u00e7\u00f5es curriculares no curso de Gradua\u00e7\u00e3o em Esporte, curr\u00edculo 2012<\/p>\n\n\n\n<p><a href=\"https:\/\/sites.uel.br\/prograd\/wp-content\/uploads\/documentos\/resolucoes\/2011\/resolucao_165_11.pdf\" target=\"_blank\" rel=\"noreferrer noopener\"><strong>Resolu\u00e7\u00e3o CEPE\/CA n\u00ba 165\/2011<\/strong><\/a><br>Reformula o Projeto Pedag\u00f3gico do Curso de Gradua\u00e7\u00e3o em Esporte, a ser implantado a partir do ano letivo de 2012<\/p>\n\n\n\n<p><a href=\"https:\/\/sites.uel.br\/prograd\/wp-content\/uploads\/documentos\/deliberacoes\/2009\/deliberacao_31_09.pdf\" target=\"_blank\" rel=\"noreferrer noopener\"><strong>Delibera\u00e7\u00e3o da C\u00e2mara de Gradua\u00e7\u00e3o n\u00ba 31\/2009<\/strong><\/a><br>Estabelece adequa\u00e7\u00f5es no Curso de Esporte, a vigorar a partir do ano letivo de 2010<\/p>\n\n\n\n<p><a href=\"https:\/\/sites.uel.br\/prograd\/wp-content\/uploads\/documentos\/resolucoes\/2009\/resolucao_62_09.pdf\" target=\"_blank\" rel=\"noreferrer noopener\"><strong>Resolu\u00e7\u00e3o CEPE\/CA n\u00ba 0062\/2009<\/strong><\/a><br>Altera de 30(trinta) para 60(sessenta) o n\u00famero de vagas do curso de Esporte para o Processo Seletivo Concurso Vestibular, a partir do ano letivo de 2010<\/p>\n\n\n\n<p><a href=\"https:\/\/sites.uel.br\/prograd\/wp-content\/uploads\/documentos\/deliberacoes\/2007\/deliberacao_57_07.pdf\" target=\"_blank\" rel=\"noreferrer noopener\"><strong>Delibera\u00e7\u00e3o da C\u00e2mara de Gradua\u00e7\u00e3o n\u00ba 057\/2007<\/strong><\/a><br>Altera a distribui\u00e7\u00e3o da carga hor\u00e1ria da disciplina 6HIT008 Histologia C, locada na 2\u00aa s\u00e9rie do Curso de Gradua\u00e7\u00e3o em Esporte, a vigorar a partir do ano letivo de 2008<\/p>\n\n\n\n<p><a href=\"https:\/\/sites.uel.br\/prograd\/wp-content\/uploads\/documentos\/resolucoes\/2006\/resolucao_194_06.pdf\" target=\"_blank\" rel=\"noreferrer noopener\"><strong>Resolu\u00e7\u00e3o CEPE n\u00ba 194\/2006<\/strong><\/a><br>Estabelece o Projeto Pedag\u00f3gico do Curso de Esporte, a ser implantado a partir do ano letivo de 2007<\/p>\n\n\n\n<hr class=\"wp-block-separator has-text-color has-cinza-color has-css-opacity has-cinza-background-color has-background is-style-wide\"\/>\n\n\n\n<p><strong>Veja tamb\u00e9m:<\/strong><\/p>\n\n\n\n<p><a href=\"https:\/\/sites.uel.br\/prograd\/graduacao\/catalogo-dos-cursos-de-graduacao-indice\/\">Cat\u00e1logo dos Curso de Gradua\u00e7\u00e3o (Organiza\u00e7\u00e3o Curricular, Ementas, Corpo Docente<\/a>)<\/p>\n\n\n\n<p><a href=\"https:\/\/sites.uel.br\/prograd\/regulamentos-tcc-e-estagio\/\">Regulamentos TCC e Est\u00e1gios<\/a><\/p>\n","protected":false},"excerpt":{"rendered":"<p>Esporte Delibera\u00e7\u00e3o da C\u00e2mara de Gradua\u00e7\u00e3o n\u00ba 12\/2015Altera o nome e a ementa das atividades acad\u00eamicas 6DES161 Detec\u00e7\u00e3o, Sele\u00e7\u00e3o e Promo\u00e7\u00e3o de Talento Esportivo, 6DES162 Dimens\u00f5es Profissionais do Esporte, 6DES163 Esporte de Aventura, 6DES164 Esporte para Popula\u00e7\u00f5es Especiais, 6DES166 M\u00e9todos de Ensino-Aprendizagem dos Esportes, 6DES167 Planejamento e Dire\u00e7\u00e3o de Equipes e Esporte, 6DES168 Treinamento Esportivo [&hellip;]<\/p>\n","protected":false},"author":8,"featured_media":0,"parent":174,"menu_order":0,"comment_status":"closed","ping_status":"closed","template":"","meta":{"_acf_changed":false,"_themeisle_gutenberg_block_has_review":false,"footnotes":""},"class_list":["post-4997","page","type-page","status-publish","hentry"],"acf":[],"_links":{"self":[{"href":"https:\/\/sites.uel.br\/prograd\/wp-json\/wp\/v2\/pages\/4997","targetHints":{"allow":["GET"]}}],"collection":[{"href":"https:\/\/sites.uel.br\/prograd\/wp-json\/wp\/v2\/pages"}],"about":[{"href":"https:\/\/sites.uel.br\/prograd\/wp-json\/wp\/v2\/types\/page"}],"author":[{"embeddable":true,"href":"https:\/\/sites.uel.br\/prograd\/wp-json\/wp\/v2\/users\/8"}],"replies":[{"embeddable":true,"href":"https:\/\/sites.uel.br\/prograd\/wp-json\/wp\/v2\/comments?post=4997"}],"version-history":[{"count":10,"href":"https:\/\/sites.uel.br\/prograd\/wp-json\/wp\/v2\/pages\/4997\/revisions"}],"predecessor-version":[{"id":21133,"href":"https:\/\/sites.uel.br\/prograd\/wp-json\/wp\/v2\/pages\/4997\/revisions\/21133"}],"up":[{"embeddable":true,"href":"https:\/\/sites.uel.br\/prograd\/wp-json\/wp\/v2\/pages\/174"}],"wp:attachment":[{"href":"https:\/\/sites.uel.br\/prograd\/wp-json\/wp\/v2\/media?parent=4997"}],"curies":[{"name":"wp","href":"https:\/\/api.w.org\/{rel}","templated":true}]}}