{"id":4996,"date":"2023-05-08T10:23:04","date_gmt":"2023-05-08T13:23:04","guid":{"rendered":"https:\/\/sites.uel.br\/prograd\/?page_id=4996"},"modified":"2024-02-08T11:48:33","modified_gmt":"2024-02-08T14:48:33","slug":"projetos-pedagogicos-comunicacao-social-relacoes-publicas","status":"publish","type":"page","link":"https:\/\/sites.uel.br\/prograd\/graduacao\/projetos-pedagogicos\/projetos-pedagogicos-comunicacao-social-relacoes-publicas\/","title":{"rendered":"Projetos Pedag\u00f3gicos"},"content":{"rendered":"\n<hr class=\"wp-block-separator has-alpha-channel-opacity is-style-wide\"\/>\n\n\n\n<h2 class=\"wp-block-heading\">Comunica\u00e7\u00e3o Social &#8211; Rela\u00e7\u00f5es P\u00fablicas<\/h2>\n\n\n\n<p><a href=\"https:\/\/sites.uel.br\/prograd\/wp-content\/uploads\/documentos\/resolucoes\/2014\/resolucao_13_14.pdf\" target=\"_blank\" rel=\"noreferrer noopener\"><strong>Resolu\u00e7\u00e3o CEPE n\u00ba 013\/2014<\/strong><\/a><br>Altera o nome do Curso de Gradua\u00e7\u00e3o em Comunica\u00e7\u00e3o Social &#8211; Habilita\u00e7\u00e3o: Rela\u00e7\u00f5es P\u00fablicas, a vigorar a partir do ano letivo de 2015<\/p>\n\n\n\n<p><a href=\"https:\/\/sites.uel.br\/prograd\/wp-content\/uploads\/documentos\/deliberacoes\/2013\/deliberacao_43_13.pdf\" target=\"_blank\" rel=\"noreferrer noopener\"><strong>Delibera\u00e7\u00e3o da C\u00e2mara de Gradua\u00e7\u00e3o n\u00ba 43\/2013<\/strong><\/a><br>Alteram-se os artigos 9\u00ba e 10\u00ba da Delibera\u00e7\u00e3o C\u00e2mara de Gradua\u00e7\u00e3o n\u00ba 015\/2013, do Curso de Comunica\u00e7\u00e3o Social &#8211; Habilita\u00e7\u00e3o: Rela\u00e7\u00f5es P\u00fablicas<\/p>\n\n\n\n<p><a href=\"https:\/\/sites.uel.br\/prograd\/wp-content\/uploads\/documentos\/deliberacoes\/2013\/deliberacao_21_13.pdf\" target=\"_blank\" rel=\"noreferrer noopener\"><strong>Delibera\u00e7\u00e3o da C\u00e2mara de Gradua\u00e7\u00e3o n\u00ba 21\/2013<\/strong><\/a><br>Oferta atividades acad\u00eamicas do Curso de Comunica\u00e7\u00e3o Social &#8211; Habilita\u00e7\u00e3o: Rela\u00e7\u00f5es P\u00fablicas, curr\u00edculos 2010 e 2014, com o uso da Tecnologia de Informa\u00e7\u00e3o e Comunica\u00e7\u00e3o &#8211; TIC<\/p>\n\n\n\n<p><a href=\"https:\/\/sites.uel.br\/prograd\/wp-content\/uploads\/documentos\/deliberacoes\/2013\/deliberacao_15_13.pdf\" target=\"_blank\" rel=\"noreferrer noopener\"><strong>Delibera\u00e7\u00e3o da C\u00e2mara de Gradua\u00e7\u00e3o n\u00ba 15\/2013<\/strong><\/a><br>Estabelece adequa\u00e7\u00f5es curriculares no curso de Comunica\u00e7\u00e3o Social &#8211; Habilita\u00e7\u00e3o: Rela\u00e7\u00f5es P\u00fablicas, curr\u00edculo 2010, a vigorar a partir do ano letivo de 2014<\/p>\n\n\n\n<p><a href=\"https:\/\/sites.uel.br\/prograd\/wp-content\/uploads\/documentos\/resolucoes\/2009\/resolucao_258_09.pdf\" target=\"_blank\" rel=\"noreferrer noopener\"><strong>Resolu\u00e7\u00e3o CEPE n\u00ba 0258\/2009<\/strong><\/a><br>Reformula o Projeto Pedag\u00f3gico do Curso de Comunica\u00e7\u00e3o Social &#8211; Habilita\u00e7\u00e3o: Rela\u00e7\u00f5es P\u00fablicas, a ser implantado a partir do ano letivo de 2010<\/p>\n\n\n\n<p><a href=\"https:\/\/sites.uel.br\/prograd\/wp-content\/uploads\/documentos\/resolucoes\/2005\/resolucao_19_05.pdf\" target=\"_blank\" rel=\"noreferrer noopener\"><strong>Resolu\u00e7\u00e3o CEPE n\u00ba 19\/2005<\/strong><\/a><br>Estabelece adequa\u00e7\u00f5es curriculares para o curso de Comunica\u00e7\u00e3o Social &#8211; Habilita\u00e7\u00f5es: Jornalismo e Rela\u00e7\u00f5es P\u00fablicas a serem implantadas a partir do ano letivo de 2005<\/p>\n\n\n\n<hr class=\"wp-block-separator has-text-color has-cinza-color has-css-opacity has-cinza-background-color has-background is-style-wide\"\/>\n\n\n\n<p><strong>Veja tamb\u00e9m:<\/strong><\/p>\n\n\n\n<p><a href=\"https:\/\/sites.uel.br\/prograd\/graduacao\/catalogo-dos-cursos-de-graduacao-indice\/\">Cat\u00e1logo dos Curso de Gradua\u00e7\u00e3o (Organiza\u00e7\u00e3o Curricular, Ementas, Corpo Docente<\/a>)<\/p>\n\n\n\n<p><a href=\"https:\/\/sites.uel.br\/prograd\/regulamentos-tcc-e-estagio\/\">Regulamentos TCC e Est\u00e1gios<\/a><\/p>\n","protected":false},"excerpt":{"rendered":"<p>Comunica\u00e7\u00e3o Social &#8211; Rela\u00e7\u00f5es P\u00fablicas Resolu\u00e7\u00e3o CEPE n\u00ba 013\/2014Altera o nome do Curso de Gradua\u00e7\u00e3o em Comunica\u00e7\u00e3o Social &#8211; Habilita\u00e7\u00e3o: Rela\u00e7\u00f5es P\u00fablicas, a vigorar a partir do ano letivo de 2015 Delibera\u00e7\u00e3o da C\u00e2mara de Gradua\u00e7\u00e3o n\u00ba 43\/2013Alteram-se os artigos 9\u00ba e 10\u00ba da Delibera\u00e7\u00e3o C\u00e2mara de Gradua\u00e7\u00e3o n\u00ba 015\/2013, do Curso de Comunica\u00e7\u00e3o Social [&hellip;]<\/p>\n","protected":false},"author":8,"featured_media":0,"parent":174,"menu_order":0,"comment_status":"closed","ping_status":"closed","template":"","meta":{"_acf_changed":false,"_themeisle_gutenberg_block_has_review":false,"footnotes":""},"class_list":["post-4996","page","type-page","status-publish","hentry"],"acf":[],"_links":{"self":[{"href":"https:\/\/sites.uel.br\/prograd\/wp-json\/wp\/v2\/pages\/4996","targetHints":{"allow":["GET"]}}],"collection":[{"href":"https:\/\/sites.uel.br\/prograd\/wp-json\/wp\/v2\/pages"}],"about":[{"href":"https:\/\/sites.uel.br\/prograd\/wp-json\/wp\/v2\/types\/page"}],"author":[{"embeddable":true,"href":"https:\/\/sites.uel.br\/prograd\/wp-json\/wp\/v2\/users\/8"}],"replies":[{"embeddable":true,"href":"https:\/\/sites.uel.br\/prograd\/wp-json\/wp\/v2\/comments?post=4996"}],"version-history":[{"count":10,"href":"https:\/\/sites.uel.br\/prograd\/wp-json\/wp\/v2\/pages\/4996\/revisions"}],"predecessor-version":[{"id":24955,"href":"https:\/\/sites.uel.br\/prograd\/wp-json\/wp\/v2\/pages\/4996\/revisions\/24955"}],"up":[{"embeddable":true,"href":"https:\/\/sites.uel.br\/prograd\/wp-json\/wp\/v2\/pages\/174"}],"wp:attachment":[{"href":"https:\/\/sites.uel.br\/prograd\/wp-json\/wp\/v2\/media?parent=4996"}],"curies":[{"name":"wp","href":"https:\/\/api.w.org\/{rel}","templated":true}]}}