{"id":4995,"date":"2023-05-08T10:23:02","date_gmt":"2023-05-08T13:23:02","guid":{"rendered":"https:\/\/sites.uel.br\/prograd\/?page_id=4995"},"modified":"2024-02-07T11:37:02","modified_gmt":"2024-02-07T14:37:02","slug":"projetos-pedagogicos-comunicacao-social-jornalismo","status":"publish","type":"page","link":"https:\/\/sites.uel.br\/prograd\/graduacao\/projetos-pedagogicos\/projetos-pedagogicos-comunicacao-social-jornalismo\/","title":{"rendered":"Projetos Pedag\u00f3gicos"},"content":{"rendered":"\n<hr class=\"wp-block-separator has-alpha-channel-opacity is-style-wide\"\/>\n\n\n\n<h2 class=\"wp-block-heading\">Comunica\u00e7\u00e3o Social &#8211; Jornalismo<\/h2>\n\n\n\n<p><a href=\"https:\/\/sites.uel.br\/prograd\/wp-content\/uploads\/documentos\/resolucoes\/2014\/resolucao_14_14.pdf\" target=\"_blank\" rel=\"noreferrer noopener\"><strong>Resolu\u00e7\u00e3o CEPE n\u00ba 014\/2014<\/strong><\/a><br>Altera o nome do Curso de Gradua\u00e7\u00e3o em Comunica\u00e7\u00e3o Social &#8211; Habilita\u00e7\u00e3o: Jornalismo, a vigorar partir do ano letivo de 2015<\/p>\n\n\n\n<p><a href=\"https:\/\/sites.uel.br\/prograd\/wp-content\/uploads\/documentos\/resolucoes\/2009\/resolucao_267_09.pdf\" target=\"_blank\" rel=\"noreferrer noopener\"><strong>Resolu\u00e7\u00e3o CEPE\/CA n\u00ba 0267\/2009<\/strong><\/a><br>Reformula o Curso de Comunica\u00e7\u00e3o Social &#8211; Habilita\u00e7\u00e3o: Jornalismo, a vigorar a partir do ano letivo de 2010<\/p>\n\n\n\n<p><a href=\"https:\/\/sites.uel.br\/prograd\/wp-content\/uploads\/documentos\/deliberacoes\/2007\/deliberacao_85_07.pdf\" target=\"_blank\" rel=\"noreferrer noopener\"><strong>Delibera\u00e7\u00e3o da C\u00e2mara de Gradua\u00e7\u00e3o n\u00ba 085\/2007<\/strong><\/a><br>Estabelece adequa\u00e7\u00f5es curriculares para o Curso de Gradua\u00e7\u00e3o em Comunica\u00e7\u00e3o Social &#8211; Habilita\u00e7\u00e3o: Jornalismo, a serem implantadas a partir do ano letivo de 2008<\/p>\n\n\n\n<p><a href=\"https:\/\/sites.uel.br\/prograd\/wp-content\/uploads\/documentos\/resolucoes\/2005\/resolucao_19_05.pdf\" target=\"_blank\" rel=\"noreferrer noopener\"><strong>Resolu\u00e7\u00e3o CEPE n\u00ba 19\/2005<\/strong><\/a><br>Estabelece adequa\u00e7\u00f5es curriculares para o curso de Comunica\u00e7\u00e3o Social &#8211; Habilita\u00e7\u00f5es: Jornalismo e Rela\u00e7\u00f5es P\u00fablicas a serem implantadas a partir do ano letivo de 2005<\/p>\n\n\n\n<hr class=\"wp-block-separator has-text-color has-cinza-color has-css-opacity has-cinza-background-color has-background is-style-wide\"\/>\n\n\n\n<p><strong>Veja tamb\u00e9m:<\/strong><\/p>\n\n\n\n<p><a href=\"https:\/\/sites.uel.br\/prograd\/graduacao\/catalogo-dos-cursos-de-graduacao-indice\/\">Cat\u00e1logo dos Curso de Gradua\u00e7\u00e3o (Organiza\u00e7\u00e3o Curricular, Ementas, Corpo Docente<\/a>)<\/p>\n\n\n\n<p><a href=\"https:\/\/sites.uel.br\/prograd\/regulamentos-tcc-e-estagio\/\">Regulamentos TCC e Est\u00e1gios<\/a><\/p>\n","protected":false},"excerpt":{"rendered":"<p>Comunica\u00e7\u00e3o Social &#8211; Jornalismo Resolu\u00e7\u00e3o CEPE n\u00ba 014\/2014Altera o nome do Curso de Gradua\u00e7\u00e3o em Comunica\u00e7\u00e3o Social &#8211; Habilita\u00e7\u00e3o: Jornalismo, a vigorar partir do ano letivo de 2015 Resolu\u00e7\u00e3o CEPE\/CA n\u00ba 0267\/2009Reformula o Curso de Comunica\u00e7\u00e3o Social &#8211; Habilita\u00e7\u00e3o: Jornalismo, a vigorar a partir do ano letivo de 2010 Delibera\u00e7\u00e3o da C\u00e2mara de Gradua\u00e7\u00e3o n\u00ba [&hellip;]<\/p>\n","protected":false},"author":8,"featured_media":0,"parent":174,"menu_order":0,"comment_status":"closed","ping_status":"closed","template":"","meta":{"_acf_changed":false,"_themeisle_gutenberg_block_has_review":false,"footnotes":""},"class_list":["post-4995","page","type-page","status-publish","hentry"],"acf":[],"_links":{"self":[{"href":"https:\/\/sites.uel.br\/prograd\/wp-json\/wp\/v2\/pages\/4995","targetHints":{"allow":["GET"]}}],"collection":[{"href":"https:\/\/sites.uel.br\/prograd\/wp-json\/wp\/v2\/pages"}],"about":[{"href":"https:\/\/sites.uel.br\/prograd\/wp-json\/wp\/v2\/types\/page"}],"author":[{"embeddable":true,"href":"https:\/\/sites.uel.br\/prograd\/wp-json\/wp\/v2\/users\/8"}],"replies":[{"embeddable":true,"href":"https:\/\/sites.uel.br\/prograd\/wp-json\/wp\/v2\/comments?post=4995"}],"version-history":[{"count":9,"href":"https:\/\/sites.uel.br\/prograd\/wp-json\/wp\/v2\/pages\/4995\/revisions"}],"predecessor-version":[{"id":21127,"href":"https:\/\/sites.uel.br\/prograd\/wp-json\/wp\/v2\/pages\/4995\/revisions\/21127"}],"up":[{"embeddable":true,"href":"https:\/\/sites.uel.br\/prograd\/wp-json\/wp\/v2\/pages\/174"}],"wp:attachment":[{"href":"https:\/\/sites.uel.br\/prograd\/wp-json\/wp\/v2\/media?parent=4995"}],"curies":[{"name":"wp","href":"https:\/\/api.w.org\/{rel}","templated":true}]}}